{"id":3547,"date":"2017-12-18T18:33:58","date_gmt":"2017-12-18T18:33:58","guid":{"rendered":"http:\/\/biblian.is\/gudbrandsbiblia\/daniel-1-kafli\/"},"modified":"2017-12-18T18:33:58","modified_gmt":"2017-12-18T18:33:58","slug":"daniel-1-kafli","status":"publish","type":"page","link":"https:\/\/biblian.is\/gudbrandsbiblia\/daniel-1-kafli\/","title":{"rendered":"Dan\u00edel 1. kafli"},"content":{"rendered":"<p>Prophetinn Dan\u00edel<\/p>\n<p>I.<\/p>\n<p>\u00c1 \u00feri\u00f0ja \u00e1ri r\u00edkis J\u00f3ak\u00edm konungs J\u00fada kom Nab\u00fagodonosor konungur af Bab\u00fdlon fyrir Jer\u00fasalem og settist um hana. <span class=\"athugasemd\" title=\"iiii. Reg. Xxiii. \/ ii. Para. xxxi.\">[<\/span> Og Drottinn gaf J\u00f3ak\u00edm konunginn J\u00fada honum \u00ed vald og nokkur kerin burt \u00far Gu\u00f0s h\u00fasi, \u00feau e\u00f0 hann l\u00e9t burt flytja \u00ed landi\u00f0 S\u00ednear \u00ed s\u00edns gu\u00f0s h\u00fas og lag\u00f0i \u00feau s\u00f6mu kerin \u00ed f\u00e9hirslur s\u00edns gu\u00f0s.<\/p>\n<p>Og konungurinn sag\u00f0i til Aspenas s\u00edns dr\u00f3ttseta a\u00f0 hann skyldi \u00fatvelja af sonum \u00cdsraels \u00feau ungmenni sem v\u00e6ri af k\u00f3nglegu slekti og \u00e6ttg\u00f6fug, \u00feau sem engin l\u00fdti hef\u00f0i heldur \u00feau sem v\u00e6ri mannborleg, skyns\u00f6m, hyggin, kl\u00f3k og skilningsfull, sem h\u00e6fileg v\u00e6ri til a\u00f0 \u00fej\u00f3na \u00ed konungsins gar\u00f0i og til a\u00f0 l\u00e6ra kaldeiska skrift og tungum\u00e1l. Sl\u00edkum tileinka\u00f0i konungurinn hva\u00f0 \u00feeim daglega gefa skyldi af sj\u00e1lfs hans f\u00e6\u00f0slu og \u00fat af \u00fev\u00ed v\u00edninu sem hann drakk sj\u00e1lfur af a\u00f0 \u00feau so um \u00ferj\u00fa \u00e1r uppf\u00f3stru\u00f0 m\u00e6ttu s\u00ed\u00f0an \u00fear eftir \u00e1 \u00fej\u00f3na fyrir konunginum. Me\u00f0al hverra voru \u00feeir Dan\u00edel, Hananja, M\u00edsael og Asarja af sonum J\u00fada. Og dr\u00f3ttsetinn gaf \u00feeim n\u00f6fn og nefndi Dan\u00edel Baltasar en Hananiam Sadrak en M\u00edsael M\u00edsak og Asarja Abed-Neg\u00f3.<\/p>\n<p>En Dan\u00edel t\u00f3k s\u00e9r fyrir \u00ed s\u00ednu hjarta a\u00f0 saurga sig ekki me\u00f0 konungsins f\u00e6\u00f0u og me\u00f0ur \u00fev\u00ed v\u00edninu sem hann sj\u00e1lfur af drakk og ba\u00f0 dr\u00f3ttsetann a\u00f0 hann \u00feyrfti ei a\u00f0 saurga sig. Og Gu\u00f0 gaf Dan\u00edeli \u00fea\u00f0 a\u00f0 dr\u00f3ttsetinn var\u00f0 honum n\u00e1\u00f0igur og l\u00edknsamur. S\u00e1 sami sag\u00f0i til hans: &#8222;Eg hr\u00e6ddust minn herra konunginn hver e\u00f0 y\u00f0ur hefur tileinka\u00f0 mat og drykk n\u00e6r e\u00f0 hann s\u00e6i \u00fea\u00f0 a\u00f0 y\u00f0rar \u00e1sj\u00f3nir yr\u00f0i megri en \u00feeirra annarra \u00e6skumanna y\u00f0vara jafnaldra, \u00fe\u00e1 gj\u00f6r\u00f0u \u00fe\u00e9r mig l\u00edflausan vi\u00f0 konunginn.&#8220;<\/p>\n<p>\u00de\u00e1 sag\u00f0i Dan\u00edel til Melsar \u00feeim e\u00f0 dr\u00f3ttsetinn haf\u00f0i b\u00edfala\u00f0 \u00fe\u00e1 Dan\u00edel, Hananja, M\u00edsael og Asarj: &#8222;Freista \u00fe\u00fa \u00feess vi\u00f0 \u00fe\u00edna \u00fe\u00e9nara um t\u00edu daga og l\u00e1t gefa oss af aldini a\u00f0 eta og vatn a\u00f0 drekka og sko\u00f0a \u00fe\u00e1 vor yfirlit, og so \u00feeirra \u00e6skumanna sem \u00fat af k\u00f3ngsins f\u00e6\u00f0slu neyta og eftir \u00fev\u00ed sem \u00fe\u00e1 s\u00fdnist \u00fe\u00e9r \u00fear eftir \u00fe\u00e1 gj\u00f6r \u00fe\u00fa vi\u00f0ur \u00fe\u00edna \u00fej\u00f3nustumenn.&#8220; Og hann hl\u00fdddi \u00feeim \u00ed \u00feessu og freista\u00f0i \u00feess vi\u00f0ur \u00fe\u00e1 \u00ed t\u00edu daga. Og a\u00f0 li\u00f0num t\u00edu d\u00f6gum voru \u00feeir v\u00e6nni og betri \u00e1lits heldur en allir a\u00f0rir \u00e6skumenn \u00feeir e\u00f0 \u00e1tu \u00fat af k\u00f3ngsins f\u00e6\u00f0slu. \u00de\u00e1 burt t\u00f3k Melsar \u00feeirra tileinka\u00f0an mat og drykk og gaf \u00feeim aldini a\u00f0 eta. En Gu\u00f0 \u00feessara fj\u00f6gurra gaf \u00feeim skynsemi og skilning \u00ed allsh\u00e1ttu\u00f0um <span class=\"athugasemd\" title=\"a \/ Ritningar) \/ \u00fea\u00f0 er, \u00ed\u00fer\u00f3ttir l\u00e6r\u00f0u \u00feeir sem skrifa\u00f0ur voru hj\u00e1 Caldeis\">[<\/span> ritningum og v\u00edsd\u00f3mi en Dan\u00edel gaf hann skilning \u00e1 \u00f6llum vitrunum og draumum.<\/p>\n<p>Og \u00fe\u00e1 er s\u00e1 t\u00edmi var umli\u00f0inn sem konungurinn haf\u00f0i tileinka\u00f0, a\u00f0 \u00feeir skyldu innleiddir ver\u00f0a, \u00fe\u00e1 innleiddi dr\u00f3ttsetinn \u00fe\u00e1 fyrir Nabogodonosor. Og konungurinn tala\u00f0i vi\u00f0 \u00fe\u00e1 og \u00fear fannst enginn \u00e1 me\u00f0al allra sem l\u00edkir v\u00e6ri Dan\u00edel, Hananja, M\u00edsael og Asarja og \u00feeir ur\u00f0u konungsins \u00fe\u00e9narar. Og konungurinn fann \u00fe\u00e1 \u00ed \u00f6llum greinum sem hann \u00fe\u00e1 a\u00f0 spur\u00f0i t\u00edu hlutunum v\u00edsari og skilningsmeiri en alla a\u00f0ra stj\u00f6rnumeistara og v\u00edsindamenn \u00ed gj\u00f6rv\u00f6llu hans r\u00edki. Og Dan\u00edel hann lif\u00f0i allt til hins fyrsta \u00e1rsins Cyrus k\u00f3ngs. <span class=\"athugasemd\" title=\"N\u00edut\u00edir \u00e1r\">[<\/span><\/p>\n","protected":false},"excerpt":{"rendered":"<p>Prophetinn Dan\u00edel I. \u00c1 \u00feri\u00f0ja \u00e1ri r\u00edkis J\u00f3ak\u00edm konungs J\u00fada kom Nab\u00fagodonosor konungur af Bab\u00fdlon fyrir Jer\u00fasalem og settist um hana. [ Og Drottinn gaf J\u00f3ak\u00edm konunginn J\u00fada honum \u00ed vald og nokkur kerin burt \u00far Gu\u00f0s h\u00fasi, \u00feau e\u00f0 hann l\u00e9t burt flytja \u00ed landi\u00f0 S\u00ednear \u00ed s\u00edns gu\u00f0s h\u00fas og lag\u00f0i \u00feau s\u00f6mu kerin \u00ed f\u00e9hirslur s\u00edns gu\u00f0s. Og konungurinn sag\u00f0i til Aspenas s\u00edns dr\u00f3ttseta a\u00f0 hann skyldi \u00fatvelja af sonum \u00cdsraels \u00feau ungmenni sem v\u00e6ri af k\u00f3nglegu slekti og \u00e6ttg\u00f6fug, \u00feau sem engin l\u00fdti hef\u00f0i heldur \u00feau sem v\u00e6ri mannborleg, skyns\u00f6m, hyggin, kl\u00f3k og skilningsfull, sem h\u00e6fileg <a href=\"https:\/\/biblian.is\/gudbrandsbiblia\/daniel-1-kafli\/\"> [&#8230;]<\/a><\/p>\n","protected":false},"author":1,"featured_media":0,"parent":0,"menu_order":0,"comment_status":"open","ping_status":"open","template":"bibliukaflar.php","meta":{"footnotes":""},"class_list":["post-3547","page","type-page","status-publish","hentry"],"_links":{"self":[{"href":"https:\/\/biblian.is\/gudbrandsbiblia\/wp-json\/wp\/v2\/pages\/3547","targetHints":{"allow":["GET"]}}],"collection":[{"href":"https:\/\/biblian.is\/gudbrandsbiblia\/wp-json\/wp\/v2\/pages"}],"about":[{"href":"https:\/\/biblian.is\/gudbrandsbiblia\/wp-json\/wp\/v2\/types\/page"}],"author":[{"embeddable":true,"href":"https:\/\/biblian.is\/gudbrandsbiblia\/wp-json\/wp\/v2\/users\/1"}],"replies":[{"embeddable":true,"href":"https:\/\/biblian.is\/gudbrandsbiblia\/wp-json\/wp\/v2\/comments?post=3547"}],"version-history":[{"count":0,"href":"https:\/\/biblian.is\/gudbrandsbiblia\/wp-json\/wp\/v2\/pages\/3547\/revisions"}],"wp:attachment":[{"href":"https:\/\/biblian.is\/gudbrandsbiblia\/wp-json\/wp\/v2\/media?parent=3547"}],"curies":[{"name":"wp","href":"https:\/\/api.w.org\/{rel}","templated":true}]}}