{"id":3545,"date":"2017-12-18T18:33:58","date_gmt":"2017-12-18T18:33:58","guid":{"rendered":"http:\/\/biblian.is\/gudbrandsbiblia\/esekiel-47-kafli\/"},"modified":"2017-12-18T18:33:58","modified_gmt":"2017-12-18T18:33:58","slug":"esekiel-47-kafli","status":"publish","type":"page","link":"https:\/\/biblian.is\/gudbrandsbiblia\/esekiel-47-kafli\/","title":{"rendered":"Esek\u00edel 47. kafli"},"content":{"rendered":"<p>XLVII.<\/p>\n<p>Og hann leiddi mig inn aftur a\u00f0 dyrunum musterisins og sj\u00e1 \u00fe\u00fa, a\u00f0 \u00fear flaut eitt vatn \u00fat undan \u00fer\u00f6skuldinum musterisins m\u00f3t austrinu. \u00dev\u00ed a\u00f0 dyrnar musterisins horf\u00f0u og einnin \u00e1 m\u00f3ti austrinu. Og vatni\u00f0 rann \u00e1 \u00fe\u00e1 h\u00e6gri hli\u00f0ina hj\u00e1 musterinu, h\u00e6gra megin hj\u00e1 altarinu \u00ed m\u00f3t su\u00f0rinu. Og hann leiddi mig \u00fat af portinu m\u00f3t nor\u00f0rinu \u00ed fr\u00e1 \u00fev\u00ed y\u00f0sta portinu m\u00f3t austrinu og sj\u00e1 \u00fe\u00fa, a\u00f0 \u00fear spratt \u00fat vatn af hinn h\u00e6gri hli\u00f0inni.<\/p>\n<p>Og ma\u00f0urinn gekk \u00fat m\u00f3t austrinu og haf\u00f0i einn m\u00e6listreng \u00ed hendinni. Og hann m\u00e6lti \u00fe\u00fasund \u00e1lnir og leiddi mig \u00ed vatni\u00f0 \u00feanga\u00f0 til a\u00f0 \u00fea\u00f0 t\u00f3k m\u00e9r \u00ed \u00f6kkla. Og hann m\u00e6lti enn einu sinni \u00fe\u00fasund \u00e1lnir og leiddi mig \u00ed vatni\u00f0 \u00feanga\u00f0 til a\u00f0 \u00fea\u00f0 t\u00f3k m\u00e9r \u00ed hn\u00e9. Hann m\u00e6lti enn einu sinni \u00fe\u00fasund \u00e1lnir og l\u00e9t mig va\u00f0a \u00feanga\u00f0 til a\u00f0 \u00fea\u00f0 t\u00f3k m\u00e9r enn \u00ed mitt l\u00e6r. \u00de\u00e1 m\u00e6lti hann enn \u00fe\u00fasund \u00e1lnir og \u00fe\u00e1 var\u00f0 \u00fea\u00f0 so dj\u00fapt a\u00f0 eg grynnta ekki \u00fev\u00ed a\u00f0 vatni\u00f0 var so dj\u00fapt a\u00f0 \u00fear m\u00e1tti synda yfir um og eg kunni eigi a\u00f0 n\u00e1 til grunnsins. Og hann sag\u00f0i til m\u00edn: \u00de\u00fa mannsins son, \u00feetta hefur \u00fe\u00fa n\u00fa s\u00e9\u00f0.<\/p>\n<p>Og hann leiddi mig aftur um sama veg til lands og sj\u00e1 \u00fe\u00fa, a\u00f0 \u00fear st\u00f3\u00f0u n\u00e6rsta m\u00f6rg tr\u00e9 hj\u00e1 str\u00f6ndinni beggjamegin. Og hann sag\u00f0i til m\u00edn: \u00dea\u00f0 vatni\u00f0 sem rennur \u00fat h\u00e9\u00f0an m\u00f3ti austrinu \u00fea\u00f0 skal rinna \u00ed gegnum \u00fea\u00f0 sl\u00e9ttlendi\u00f0 \u00fat \u00ed sj\u00e1varhafi\u00f0 og \u00ed fr\u00e1 \u00fev\u00ed eina sj\u00e1varhafinu \u00ed \u00fea\u00f0 anna\u00f0. Og n\u00e6r e\u00f0 \u00fea\u00f0 kemur \u00fat \u00ed hafi\u00f0 \u00fe\u00e1 skal \u00fea\u00f0 sama vatn vera heilsusamlegt, j\u00e1 allt \u00fea\u00f0 sem \u00fear lifir \u00fat \u00ed og hr\u00e6rir sig, \u00feanga\u00f0 sem er \u00feessir vatsstraumarnir \u00feeir koma \u00fea\u00f0 skal lifa og skal hafa mj\u00f6g marga fiska og allir skulu \u00feeir lifa og heilsusamlegir ver\u00f0a hvar e\u00f0 \u00feessi vatsstraumur hann kemur.<\/p>\n<p>Og fiskararnir skulu standa vi\u00f0 \u00feann hinn sama \u00ed fr\u00e1 Engedd\u00ed og inn til En Eggla\u00edm \u00fe\u00e1 skulu \u00feeir \u00fatbrei\u00f0a fiskinetin. \u00dev\u00ed a\u00f0 \u00fear skulu vera mj\u00f6g margir fiskar l\u00edka sem \u00ed \u00fev\u00ed hinu mikla sj\u00e1varhafinu. En s\u00edkin og pyttirnir \u00feeir munu ekki heiln\u00e6mir vera heldur saltir.<\/p>\n<p>Og hj\u00e1 str\u00f6ndinni vi\u00f0 sama vatsfall beggjamegin skulu vaxa allra handa frj\u00f3samleg aldintr\u00e9 og \u00feeirra laufbl\u00f6\u00f0 skulu ekki visna og \u00feeirra aldin skulu ekki rotna og hvern m\u00e1na\u00f0 skulu \u00feau bera n\u00fdjan \u00e1v\u00f6xt \u00fev\u00ed a\u00f0 \u00feeirra vatn rennur \u00fat af helgid\u00f3minum. \u00deeirra \u00e1v\u00f6xtur skal duga til matar og \u00feeirra laufbl\u00f6\u00f0 til l\u00e6kninga.<\/p>\n<p>So segir Drottinn Drottinn: \u00deessi eru \u00feau landamerkin eftir hverjum \u00fe\u00e9r skulu\u00f0 \u00fatskipta landinu \u00e1 millum \u00feeirra t\u00f3lf kynkv\u00edsla \u00cdsraels \u00fev\u00ed a\u00f0 tv\u00f6 hlutskiptin heyra J\u00f3sef \u00e6ttlegg til og \u00fe\u00e9r skulu\u00f0 skipta \u00fev\u00ed jafnt \u00fat eins sem \u00f6\u00f0rum \u00fev\u00ed a\u00f0 eg hefi upphafi\u00f0 m\u00edna h\u00f6nd so \u00fea\u00f0 eg vil gefa y\u00f0ar forfe\u00f0rum og so y\u00f0ur landi\u00f0 til arfleif\u00f0ar.<\/p>\n<p>\u00deessi eru n\u00fa endim\u00f6rkin landsins m\u00f3ti nor\u00f0rinu: \u00cd fr\u00e1 \u00fev\u00ed mikla sj\u00e1varhafinu, \u00ed fr\u00e1 Hetl\u00f3n inn til Sedat sem er Hemat, Ber\u00f3ta, Sibra\u00edm sem n\u00e1l\u00e6gir sig vi\u00f0 Damasco og Hemat og Haser T\u00edk\u00f3n sem liggur vi\u00f0 Haveran. \u00dea\u00f0 skulu vera landamerkin fr\u00e1 hafinu inn til Haser En\u00f3n og Damascus og Hemat skal vera landsendinn m\u00f3ti nor\u00f0rinu.<\/p>\n<p>En landamerkin m\u00f3t austrinu skulu \u00fe\u00e9r m\u00e6la millum Haveran og Damasco og millum G\u00edlea\u00f0 og millum landsins \u00cdsraels hj\u00e1 J\u00f3rdan inn til sj\u00e1varhafsins m\u00f3ti austrinu. \u00dea\u00f0 skulu vera landamerkin m\u00f3ti austrinu.<\/p>\n<p>En landamerkin m\u00f3ti su\u00f0rinu eru \u00ed fr\u00e1 Tamar inn til \u00der\u00e6tuvatsins \u00ed Kades og m\u00f3ti \u00fev\u00ed vatsfallinu til hins mikla hafsins. \u00dea\u00f0 skulu vera landamerkin m\u00f3ti su\u00f0rinu.<\/p>\n<p>Og landamerkin m\u00f3ti vestrinu eru \u00ed fr\u00e1 \u00fev\u00ed Hinu mikla hafinu beinlei\u00f0is inn til Hemat. \u00dea\u00f0 skulu vera landamerkin m\u00f3ti vestrinu.<\/p>\n<p>So skulu \u00fe\u00e9r n\u00fa \u00fatskipta landinu \u00e1 me\u00f0al \u00feeirra kynkvislanna \u00cdsraels. Og n\u00e6r e\u00f0 \u00fe\u00e9r kasti\u00f0 \u00fev\u00ed hlutfallinu til a\u00f0 \u00fatskipta landinu \u00e1 me\u00f0al y\u00f0ar so skulu \u00fe\u00e9r halda \u00fe\u00e1 hinu framandi sem \u00fe\u00e1 b\u00faa hj\u00e1 y\u00f0ur og ala \u00fear b\u00f6rn hj\u00e1 y\u00f0ur l\u00edka sem \u00fe\u00e1 innbyggjarana landsins \u00e1 me\u00f0al \u00cdsraelssona. Og \u00feeir skulu einnin hafa s\u00edna hlutdeild \u00ed landinu, hver sem einn \u00e1 me\u00f0al \u00feess slektisins sem hann b\u00fdr hj\u00e1, segir Drottinn.<\/p>\n","protected":false},"excerpt":{"rendered":"<p>XLVII. Og hann leiddi mig inn aftur a\u00f0 dyrunum musterisins og sj\u00e1 \u00fe\u00fa, a\u00f0 \u00fear flaut eitt vatn \u00fat undan \u00fer\u00f6skuldinum musterisins m\u00f3t austrinu. \u00dev\u00ed a\u00f0 dyrnar musterisins horf\u00f0u og einnin \u00e1 m\u00f3ti austrinu. Og vatni\u00f0 rann \u00e1 \u00fe\u00e1 h\u00e6gri hli\u00f0ina hj\u00e1 musterinu, h\u00e6gra megin hj\u00e1 altarinu \u00ed m\u00f3t su\u00f0rinu. Og hann leiddi mig \u00fat af portinu m\u00f3t nor\u00f0rinu \u00ed fr\u00e1 \u00fev\u00ed y\u00f0sta portinu m\u00f3t austrinu og sj\u00e1 \u00fe\u00fa, a\u00f0 \u00fear spratt \u00fat vatn af hinn h\u00e6gri hli\u00f0inni. Og ma\u00f0urinn gekk \u00fat m\u00f3t austrinu og haf\u00f0i einn m\u00e6listreng \u00ed hendinni. Og hann m\u00e6lti \u00fe\u00fasund \u00e1lnir og leiddi mig \u00ed vatni\u00f0 <a href=\"https:\/\/biblian.is\/gudbrandsbiblia\/esekiel-47-kafli\/\"> [&#8230;]<\/a><\/p>\n","protected":false},"author":1,"featured_media":0,"parent":0,"menu_order":0,"comment_status":"open","ping_status":"open","template":"bibliukaflar.php","meta":{"footnotes":""},"class_list":["post-3545","page","type-page","status-publish","hentry"],"_links":{"self":[{"href":"https:\/\/biblian.is\/gudbrandsbiblia\/wp-json\/wp\/v2\/pages\/3545","targetHints":{"allow":["GET"]}}],"collection":[{"href":"https:\/\/biblian.is\/gudbrandsbiblia\/wp-json\/wp\/v2\/pages"}],"about":[{"href":"https:\/\/biblian.is\/gudbrandsbiblia\/wp-json\/wp\/v2\/types\/page"}],"author":[{"embeddable":true,"href":"https:\/\/biblian.is\/gudbrandsbiblia\/wp-json\/wp\/v2\/users\/1"}],"replies":[{"embeddable":true,"href":"https:\/\/biblian.is\/gudbrandsbiblia\/wp-json\/wp\/v2\/comments?post=3545"}],"version-history":[{"count":0,"href":"https:\/\/biblian.is\/gudbrandsbiblia\/wp-json\/wp\/v2\/pages\/3545\/revisions"}],"wp:attachment":[{"href":"https:\/\/biblian.is\/gudbrandsbiblia\/wp-json\/wp\/v2\/media?parent=3545"}],"curies":[{"name":"wp","href":"https:\/\/api.w.org\/{rel}","templated":true}]}}