{"id":3540,"date":"2017-12-18T18:33:58","date_gmt":"2017-12-18T18:33:58","guid":{"rendered":"http:\/\/biblian.is\/gudbrandsbiblia\/esekiel-42-kafli\/"},"modified":"2017-12-18T18:33:58","modified_gmt":"2017-12-18T18:33:58","slug":"esekiel-42-kafli","status":"publish","type":"page","link":"https:\/\/biblian.is\/gudbrandsbiblia\/esekiel-42-kafli\/","title":{"rendered":"Esek\u00edel 42. kafli"},"content":{"rendered":"<p>XLII.<\/p>\n<p>Og hann leiddi mig \u00fat til hinna y\u00f0stu fordyranna m\u00f3t nor\u00f0inu, \u00e1 milli \u00feeirra herbergjanna sem voru gegnt byggingunni, \u00feeirri sem st\u00f3\u00f0 vi\u00f0 musteri\u00f0 og l\u00e1 nor\u00f0an til vi\u00f0 musteri\u00f0, hver fl\u00f6tur e\u00f0 var hundra\u00f0 \u00e1lna langur \u00ed fr\u00e1 \u00fev\u00ed portinu m\u00f3t nor\u00f0rinu og f\u00edmmt\u00edgu \u00e1lna brei\u00f0ur. \u00dear voru tuttugu \u00e1lnir \u00ed m\u00f3t \u00feeim innstu fordyrunum og \u00ed m\u00f3t steing\u00f3lfinu \u00ed \u00feeim y\u00f0stu fordyrunum voru \u00ferj\u00e1t\u00edgu \u00e1lnir, fr\u00e1 \u00fev\u00ed einu horninu til hins annars. Og \u00fear var einn fl\u00f6tur innan til fyrir herberginu, t\u00edu \u00e1lna brei\u00f0ur fyrir herbergisdyrunum. \u00deetta l\u00e1 allt til samans m\u00f3t nor\u00f0rinu.<\/p>\n<p>Og ofan yfir \u00feessum herbergjunum voru \u00f6nnur mj\u00f3rri herbergi. \u00dev\u00ed a\u00f0 r\u00fami\u00f0 \u00e1 hinu ne\u00f0sta og \u00e1 \u00fev\u00ed herberginu sem \u00ed mi\u00f0i\u00f0 st\u00f3\u00f0 var ekki st\u00f3rt. \u00dev\u00ed \u00fea\u00f0 voru \u00ferj\u00fa herbergi a\u00f0 h\u00e6\u00f0 og h\u00f6f\u00f0u \u00fe\u00f3 \u00f6ngva st\u00f3lpa l\u00edka so sem \u00feeir st\u00f3lparnir e\u00f0 fordyrin h\u00f6f\u00f0u heldur voru \u00feau sett hvert ofan \u00e1 anna\u00f0.<\/p>\n<p>Og \u00fea\u00f0 y\u00f0sta fordyri\u00f0, utan um \u00fea\u00f0 var hla\u00f0i\u00f0 me\u00f0 einum m\u00far hj\u00e1 hverjum a\u00f0 st\u00f3\u00f0u herbergin. Hann var fimmt\u00edgu \u00e1lna langur. Og herbergin st\u00f3\u00f0u hvert eftir \u00f6\u00f0ru, fimmt\u00edgu \u00e1lna a\u00f0 lengd hj\u00e1 \u00fev\u00ed ysta fordyrinu. En r\u00fami\u00f0 frammi fyrir musterinu var hundra\u00f0 \u00e1lna langt. <\/p>\n<p>Og ni\u00f0ri fyrir herbergjunum var einn fl\u00f6tur m\u00f3ti austrinu \u00e1 hvern \u00fea\u00f0 gengi\u00f0 var af \u00fev\u00ed y\u00f0sta fordyrinu.<\/p>\n<p>Og \u00fear voru einnin herbergi upp vi\u00f0 m\u00farinn m\u00f3t austrinu. \u00dear var og einn fl\u00f6tur frammi fyrir \u00feeim l\u00edka so sem fyrir hinum \u00f6\u00f0rum herbergjunum m\u00f3t nor\u00f0rinu. Og allir hlutir voru l\u00edka me\u00f0 lengd og breidd og \u00f6llu \u00fev\u00ed e\u00f0 \u00fear var \u00e1 l\u00edka svo sem ofan \u00e1 hinum \u00f6\u00f0rum.<\/p>\n<p>Og m\u00f3t su\u00f0rinu voru einnin l\u00edka \u00fev\u00edl\u00edk herbergi me\u00f0ur s\u00ednum dyraumb\u00fana\u00f0i og fyrir \u00feeim fl\u00f6tnum voru dyrnar m\u00f3t su\u00f0rinu til hverra a\u00f0 gengi\u00f0 var fr\u00e1 \u00feeim m\u00farnum sem liggur m\u00f3t austrinu.<\/p>\n<p>Og hann sag\u00f0i til m\u00edn: \u00deau herbergin m\u00f3ti nor\u00f0rinu og herbergin m\u00f3ti su\u00f0rinu og gegnt musterinu \u00feau heyra til helgid\u00f3minum \u00ed hverjum prestarnir matar neyta n\u00e6r e\u00f0 \u00feeir offra Drottni \u00fea\u00f0 hi\u00f0 allra heilagasta offri\u00f0. Og \u00fear skulu \u00feeir innleggja \u00fe\u00e6r hinu allra heil\u00f6gustu f\u00f3rnirnar sem eru mataroffrin, syndaoffrin og sakaroffrin \u00fea\u00f0 \u00fear er einn heilagur sta\u00f0ur.<\/p>\n<p>Og n\u00e6r e\u00f0 prestarnir ganga \u00feanga\u00f0 inn \u00fe\u00e1 skulu \u00feeir ekki ganga \u00fat aftur af helgid\u00f3minum \u00ed \u00fe\u00e6r y\u00f0stu fordyrnar heldur skulu \u00feeir \u00fear frammi fyrir leggja af s\u00e9r s\u00edn kl\u00e6\u00f0i \u00ed hverju \u00feeir hafa \u00fej\u00f3na\u00f0 \u00ed \u00feau samu herbergin. \u00dev\u00ed a\u00f0 \u00feeir eru heilagir. Og s\u00ed\u00f0an skulu \u00feeir f\u00e6ra sig aftur \u00ed \u00feau \u00f6nnur s\u00edn kl\u00e6\u00f0i og ganga so \u00fat \u00e1 me\u00f0al f\u00f3lksins.<\/p>\n<p>Og \u00fe\u00e1 e\u00f0 hann haf\u00f0i m\u00e6lt musteri\u00f0 allt saman innan til leiddi hann mig \u00fat a\u00f0 portinu m\u00f3t austrinu og m\u00e6lti fr\u00b4a\u00fev\u00ed hinu sama alla vegana um kring. M\u00f3t austrinu m\u00e6lti hann fimm hundru\u00f0 m\u00e6listengur \u00e1 lengd og hann stika\u00f0i so einnin m\u00f3t nor\u00f0rinu, fimm hundru\u00f0 m\u00e6listengur a\u00f0 lengd, og l\u00edka so m\u00f3t su\u00f0rinu, fimm hundru\u00f0 m\u00e6listendur a\u00f0 lengd, og \u00fe\u00e1 e\u00f0 hann kom m\u00f3t vestrinu \u00fe\u00e1 stika\u00f0i hann einnin fimm hundru\u00f0 m\u00e6listengur r\u00e9tt um kring, hvar me\u00f0 \u00fea\u00f0 hi\u00f0 heilaga skyldi fr\u00e1skili\u00f0 vera fr\u00e1 \u00fev\u00ed hinu \u00f3heilaga.<\/p>\n","protected":false},"excerpt":{"rendered":"<p>XLII. Og hann leiddi mig \u00fat til hinna y\u00f0stu fordyranna m\u00f3t nor\u00f0inu, \u00e1 milli \u00feeirra herbergjanna sem voru gegnt byggingunni, \u00feeirri sem st\u00f3\u00f0 vi\u00f0 musteri\u00f0 og l\u00e1 nor\u00f0an til vi\u00f0 musteri\u00f0, hver fl\u00f6tur e\u00f0 var hundra\u00f0 \u00e1lna langur \u00ed fr\u00e1 \u00fev\u00ed portinu m\u00f3t nor\u00f0rinu og f\u00edmmt\u00edgu \u00e1lna brei\u00f0ur. \u00dear voru tuttugu \u00e1lnir \u00ed m\u00f3t \u00feeim innstu fordyrunum og \u00ed m\u00f3t steing\u00f3lfinu \u00ed \u00feeim y\u00f0stu fordyrunum voru \u00ferj\u00e1t\u00edgu \u00e1lnir, fr\u00e1 \u00fev\u00ed einu horninu til hins annars. Og \u00fear var einn fl\u00f6tur innan til fyrir herberginu, t\u00edu \u00e1lna brei\u00f0ur fyrir herbergisdyrunum. \u00deetta l\u00e1 allt til samans m\u00f3t nor\u00f0rinu. Og ofan yfir \u00feessum <a href=\"https:\/\/biblian.is\/gudbrandsbiblia\/esekiel-42-kafli\/\"> [&#8230;]<\/a><\/p>\n","protected":false},"author":1,"featured_media":0,"parent":0,"menu_order":0,"comment_status":"open","ping_status":"open","template":"bibliukaflar.php","meta":{"footnotes":""},"class_list":["post-3540","page","type-page","status-publish","hentry"],"_links":{"self":[{"href":"https:\/\/biblian.is\/gudbrandsbiblia\/wp-json\/wp\/v2\/pages\/3540","targetHints":{"allow":["GET"]}}],"collection":[{"href":"https:\/\/biblian.is\/gudbrandsbiblia\/wp-json\/wp\/v2\/pages"}],"about":[{"href":"https:\/\/biblian.is\/gudbrandsbiblia\/wp-json\/wp\/v2\/types\/page"}],"author":[{"embeddable":true,"href":"https:\/\/biblian.is\/gudbrandsbiblia\/wp-json\/wp\/v2\/users\/1"}],"replies":[{"embeddable":true,"href":"https:\/\/biblian.is\/gudbrandsbiblia\/wp-json\/wp\/v2\/comments?post=3540"}],"version-history":[{"count":0,"href":"https:\/\/biblian.is\/gudbrandsbiblia\/wp-json\/wp\/v2\/pages\/3540\/revisions"}],"wp:attachment":[{"href":"https:\/\/biblian.is\/gudbrandsbiblia\/wp-json\/wp\/v2\/media?parent=3540"}],"curies":[{"name":"wp","href":"https:\/\/api.w.org\/{rel}","templated":true}]}}