{"id":3539,"date":"2017-12-18T18:33:58","date_gmt":"2017-12-18T18:33:58","guid":{"rendered":"http:\/\/biblian.is\/gudbrandsbiblia\/esekiel-41-kafli\/"},"modified":"2017-12-18T18:33:58","modified_gmt":"2017-12-18T18:33:58","slug":"esekiel-41-kafli","status":"publish","type":"page","link":"https:\/\/biblian.is\/gudbrandsbiblia\/esekiel-41-kafli\/","title":{"rendered":"Esek\u00edel 41. kafli"},"content":{"rendered":"<p>XLI.<\/p>\n<p>Og hann leiddi mig inn \u00ed musteri\u00f0 og m\u00e6lti \u00fatbrotin hj\u00e1 veggjunum. \u00deau voru sex \u00e1lna brei\u00f0 \u00e1 hvora hli\u00f0, so v\u00ed\u00f0 sem h\u00fasi\u00f0 var. Og portin voru t\u00edu \u00e1lna brei\u00f0 en veggirnir \u00e1 hvora hli\u00f0 hj\u00e1 portinu var hvor fyrir sig fimm \u00e1lna brei\u00f0ur. Og hann m\u00e6lti r\u00fami\u00f0 \u00ed musterinu, \u00fea\u00f0 var fj\u00f6rut\u00edgi \u00e1lna a\u00f0 lengdinni og tuttugu \u00e1lna a\u00f0 breiddinni.<\/p>\n<p>Og hann gekk \u00feanga\u00f0 inn og m\u00e6lti dyrnar, tv\u00e6r \u00e1lnir, og dyrnar voru sex \u00e1lnir og breiddin dyranna sj\u00f6 \u00e1lnir. Og hann stika\u00f0i tuttugu \u00e1lnir \u00e1 lengdina og tuttgu \u00e1lnir \u00e1 breiddina hj\u00e1 musterinu. Og hann sag\u00f0i til m\u00edn: \u00deetta er \u00fea\u00f0 hi\u00f0 allra heilagasta. Og hann m\u00e6lti vegginn \u00e1 h\u00fasinu, sex \u00e1lna \u00e1 h\u00e6\u00f0. \u00dear voru svalir alla vegana utan um kring, \u00fatskiptar \u00ed herbergi sem voru fj\u00f6gra \u00e1lna v\u00ed\u00f0 \u00e1 alla vegu. Og \u00feau s\u00f6mu herbergi voru \u00ferett\u00e1n og tuttugu hvorumegin eitt hj\u00e1 \u00f6\u00f0ru og \u00fear st\u00f3\u00f0u st\u00f3lpar ne\u00f0an undir upp vi\u00f0 veggina \u00e1 h\u00fasinu alla vegana um kring sem \u00feau b\u00e1ru.<\/p>\n<p>Og yfir \u00feessum voru enn fleiri loftsvalir allt um kring og svalirnar voru ofan til v\u00ed\u00f0ari og menn gengu fr\u00e1 hinni ne\u00f0stu og til hinnar sem \u00ed mi\u00f0i\u00f0 var og fr\u00e1 \u00feeirri \u00ed mi\u00f0i\u00f0 var til hinnar h\u00e6\u00f0stu og hver ein st\u00f3\u00f0 sex \u00e1lna yfir annarri. Og v\u00edddin \u00e1 \u00feeirri hinni efstu lofsv\u00f6lunni var fimm \u00e1lnir og st\u00f3lparnir b\u00e1ru svalirnar upp a\u00f0 h\u00fasinu og \u00fear voru tuttugu \u00e1lnir \u00ed fr\u00e1 \u00f6\u00f0rum veggnum til eins annars \u00ed h\u00fasinu.<\/p>\n<p>Og \u00fear voru tv\u00e6r dyr upp a\u00f0 vindsteininum, a\u00f0rar \u00e1 m\u00f3t nor\u00f0rinu en a\u00f0rar \u00e1 m\u00f3ti su\u00f0rinu, og vindsteinnin var fimm \u00e1lna v\u00ed\u00f0ur. Og m\u00farinn m\u00f3t vestrinu var fimmt\u00e1n og sext\u00edgi \u00e1lna v\u00ed\u00f0ur, n\u00edut\u00edgu \u00e1lna langur.<\/p>\n<p>Og hann m\u00e6lti lengdina h\u00fassins. \u00dea\u00f0 haf\u00f0i hundra\u00f0 \u00e1lna utar \u00ed gegnum me\u00f0 m\u00farnum og \u00fev\u00ed e\u00f0 \u00fear var hj\u00e1 og v\u00edddin frammi fyrir \u00e1 h\u00fasinu m\u00f3t austrinu me\u00f0 \u00fev\u00ed sem \u00fear studdi a\u00f0 var og hundra\u00f0 \u00e1lna.<\/p>\n<p>Og hann m\u00e6lti lengdina \u00e1 byggingunni me\u00f0 \u00f6llu \u00fev\u00ed sem \u00fear studdi a\u00f0, fr\u00e1 einu horninu til annars, \u00fea\u00f0 var hundra\u00f0 \u00e1lnir \u00e1 hvora s\u00ed\u00f0iu me\u00f0 \u00fev\u00ed hinu innra musterinu og lofth\u00fasinu og fordyrunum, me\u00f0 \u00feeim dyrunum, vindaugum, hyrningunum og \u00feeim \u00ferimur loftsv\u00f6lunum og \u00fev\u00ed stann\u00feilinu alla vegana utan um kring.<\/p>\n<p>Hann m\u00e6lti og einnin hversu h\u00e1tt \u00fea\u00f0 var fr\u00e1 j\u00f6r\u00f0unni upp a\u00f0 vindaugunum og hversu brei\u00f0 \u00fea\u00f0 vindaugun skyldu vera. Og hann m\u00e6lti fr\u00e1 portinu inn til hins allra heilagasta b\u00e6\u00f0i innan og utan allt um kring.<\/p>\n<p>Og \u00fear voru ker\u00fab\u00edm \u00fatgrafnir \u00e1 h\u00fasinu r\u00e9tt um kring, fr\u00e1 ne\u00f0anver\u00f0u og a\u00f0 efstu g\u00e1ttinni \u00e1 dyrunum og \u00e1 veggjunum, og \u00fear voru \u00fatskorin p\u00e1lmvi\u00f0arlauf, sm\u00ed\u00f0u\u00f0 undir ker\u00fab\u00edm. Og hver \u00feeirra haf\u00f0i tv\u00f6 h\u00f6fu\u00f0, \u00f6\u00f0rumegin so sem mannsh\u00f6fu\u00f0 en hinumegin so sem eitt le\u00f3nsh\u00f6fu\u00f0.<\/p>\n<p>Og dyrnar \u00e1 musterinu voru ferkanta\u00f0ar og allir hlutir voru lystilegir til samans settir hver vi\u00f0 annan.<\/p>\n<p>Og \u00fea\u00f0 tr\u00e9altari\u00f0 var \u00feriggja \u00e1lna h\u00e1tt og tveggja \u00e1lna a\u00f0 lengd og breidd og allir langveggirnir og hyrningarnar voru af tr\u00e9. Og hann sag\u00f0i til m\u00edn: \u00deetta er \u00fea\u00f0 bor\u00f0i\u00f0 sem standa skal fyrir Drottni.<\/p>\n<p>Og dyrnar b\u00e6\u00f0i \u00e1 musterinu og hj\u00e1 \u00fev\u00ed hinu allra heilagasta haf\u00f0i tvo hur\u00f0arv\u00e6ngi sem menn l\u00e1ta upp og aftur. Og \u00fear voru einnin ker\u00fab\u00edm og \u00fatskorin p\u00e1lmvi\u00f0arlauf \u00e1, l\u00edka sem \u00e1 veggjunum. Og \u00fear voru sterkar stengur fyrir gegnt lofth\u00fasinu og \u00fear voru \u00e1 mj\u00f3 vindaugu og m\u00f6rg \u00fatskorin p\u00e1lmvi\u00f0arlauf allt um kring \u00e1 lofth\u00fasinu og \u00e1 veggjunum.<\/p>\n","protected":false},"excerpt":{"rendered":"<p>XLI. Og hann leiddi mig inn \u00ed musteri\u00f0 og m\u00e6lti \u00fatbrotin hj\u00e1 veggjunum. \u00deau voru sex \u00e1lna brei\u00f0 \u00e1 hvora hli\u00f0, so v\u00ed\u00f0 sem h\u00fasi\u00f0 var. Og portin voru t\u00edu \u00e1lna brei\u00f0 en veggirnir \u00e1 hvora hli\u00f0 hj\u00e1 portinu var hvor fyrir sig fimm \u00e1lna brei\u00f0ur. Og hann m\u00e6lti r\u00fami\u00f0 \u00ed musterinu, \u00fea\u00f0 var fj\u00f6rut\u00edgi \u00e1lna a\u00f0 lengdinni og tuttugu \u00e1lna a\u00f0 breiddinni. Og hann gekk \u00feanga\u00f0 inn og m\u00e6lti dyrnar, tv\u00e6r \u00e1lnir, og dyrnar voru sex \u00e1lnir og breiddin dyranna sj\u00f6 \u00e1lnir. Og hann stika\u00f0i tuttugu \u00e1lnir \u00e1 lengdina og tuttgu \u00e1lnir \u00e1 breiddina hj\u00e1 musterinu. Og hann sag\u00f0i <a href=\"https:\/\/biblian.is\/gudbrandsbiblia\/esekiel-41-kafli\/\"> [&#8230;]<\/a><\/p>\n","protected":false},"author":1,"featured_media":0,"parent":0,"menu_order":0,"comment_status":"open","ping_status":"open","template":"bibliukaflar.php","meta":{"footnotes":""},"class_list":["post-3539","page","type-page","status-publish","hentry"],"_links":{"self":[{"href":"https:\/\/biblian.is\/gudbrandsbiblia\/wp-json\/wp\/v2\/pages\/3539","targetHints":{"allow":["GET"]}}],"collection":[{"href":"https:\/\/biblian.is\/gudbrandsbiblia\/wp-json\/wp\/v2\/pages"}],"about":[{"href":"https:\/\/biblian.is\/gudbrandsbiblia\/wp-json\/wp\/v2\/types\/page"}],"author":[{"embeddable":true,"href":"https:\/\/biblian.is\/gudbrandsbiblia\/wp-json\/wp\/v2\/users\/1"}],"replies":[{"embeddable":true,"href":"https:\/\/biblian.is\/gudbrandsbiblia\/wp-json\/wp\/v2\/comments?post=3539"}],"version-history":[{"count":0,"href":"https:\/\/biblian.is\/gudbrandsbiblia\/wp-json\/wp\/v2\/pages\/3539\/revisions"}],"wp:attachment":[{"href":"https:\/\/biblian.is\/gudbrandsbiblia\/wp-json\/wp\/v2\/media?parent=3539"}],"curies":[{"name":"wp","href":"https:\/\/api.w.org\/{rel}","templated":true}]}}