{"id":3537,"date":"2017-12-18T18:33:58","date_gmt":"2017-12-18T18:33:58","guid":{"rendered":"http:\/\/biblian.is\/gudbrandsbiblia\/esekiel-39-kafli\/"},"modified":"2017-12-18T18:33:58","modified_gmt":"2017-12-18T18:33:58","slug":"esekiel-39-kafli","status":"publish","type":"page","link":"https:\/\/biblian.is\/gudbrandsbiblia\/esekiel-39-kafli\/","title":{"rendered":"Esek\u00edel 39. kafli"},"content":{"rendered":"<p>XXXIX.<\/p>\n<p>Og \u00fe\u00fa mannsins son, sp\u00e1\u00f0u m\u00f3ti G\u00f3g og seg\u00f0u: <span class=\"athugasemd\" title=\"G\u00f3g\">[<\/span> So segir Drottinn Drottinn: Sj\u00e1 \u00fe\u00fa, eg vil til vi\u00f0 \u00feig, G\u00f3g, \u00fe\u00fa sem ert hinn \u00e6\u00f0sti h\u00f6f\u00f0ingi \u00ed Mesek og T\u00fabal. Sj\u00e1 \u00fe\u00fa, eg vil um kring sn\u00faa \u00fe\u00e9r og lokka og eg vil \u00fatflytja \u00feig \u00ed fr\u00e1 \u00feeim endim\u00f6rkunum m\u00f3t nor\u00f0rinu og l\u00e1ta \u00feig koma upp \u00e1 \u00cdsraelsfj\u00f6ll. Og eg vil sl\u00e1 bogann \u00far \u00feinni vinstri hendi og \u00ed burt fleygja skeytunum af \u00feinni h\u00e6gri hendi. \u00de\u00fa skalt \u00e1 \u00cdsraelsfj\u00f6llum ni\u00f0ur vi\u00f0 velli lag\u00f0ur ver\u00f0a, \u00fe\u00fa me\u00f0 \u00f6llu \u00fe\u00ednu herli\u00f0i og me\u00f0 \u00fe\u00ednu f\u00f3lki sem er me\u00f0 \u00fe\u00e9r. Og eg vil gefa \u00feig fuglunum hva\u00f0an sem \u00feeir koma flj\u00fagandi og \u00feeim d\u00fdrunum \u00e1 m\u00f6rkinni til a\u00f0 uppsvelgja \u00feig. \u00de\u00fa skalt vi\u00f0 velli ni\u00f0ur lag\u00f0ur liggja \u00fev\u00ed a\u00f0 eg, Drottinn Drottinn, hefi sagt \u00feetta.<\/p>\n<p>Og eg vil \u00fatausa eldi yfir Mag\u00f3g og yfir \u00fe\u00e1 sem ugglausir b\u00faa \u00ed eyjunum og \u00feeir skulu formerkja a\u00f0 eg er Drottinn. \u00dev\u00ed a\u00f0 eg vil kunnigt gj\u00f6ra mitt hi\u00f0 heilaga nafn \u00e1 me\u00f0al m\u00edns f\u00f3lks \u00cdsraels og eg vil ekki lengur l\u00e1ta mitt hi\u00f0 heilaga nafn vanvirt vera heldur skulu hinir hei\u00f0nu formerkja a\u00f0 eg s\u00e9 s\u00e1 Hinn heilagi \u00ed \u00cdsrael. Sj\u00e1 \u00fe\u00fa, \u00feetta er \u00feegar komi\u00f0 og ske\u00f0, segir Drottinn Drottinn, \u00feetta er s\u00e1 dagurinn um hvern eg hefi tala\u00f0.<\/p>\n<p>Og \u00feeir innnbyggjararnir \u00ed st\u00f6\u00f0unum \u00cdsraels skulu ganga \u00fat og kynda eld og brenna upp vopnin, skj\u00f6lduna, buklarana, bogana, \u00f6rvarnar, str\u00ed\u00f0shamrana og \u00feau l\u00f6ngu spj\u00f3tin og \u00ed sj\u00f6 \u00e1r skulu \u00feeir \u00fear af hafa n\u00f3gan eldivi\u00f0 so a\u00f0 \u00feeir skulu ekki \u00feurfa a\u00f0 s\u00e6kja s\u00e9r vi\u00f0inn \u00e1 merkurnar e\u00f0ur h\u00f6ggva hann \u00ed sk\u00f3gunum heldur skulu \u00feeir kynda eldana me\u00f0 vopnunum. Og \u00feeir skulu r\u00e6na \u00fe\u00e1 af hverjum \u00feeir voru r\u00e6ntir og taka af \u00feeim sem \u00ed fr\u00e1 \u00feeim h\u00f6f\u00f0u teki\u00f0, segir Drottinn Drottinn.<\/p>\n<p>Og \u00fea\u00f0 skal ske \u00e1 \u00feeim t\u00edma \u00fe\u00e1 vil eg gefa G\u00f3g einn legsta\u00f0 \u00ed \u00cdsrael sem er s\u00e1 dalurinn \u00fear gengi\u00f0 er til sj\u00e1varins m\u00f3t austrinu svo a\u00f0 \u00feeir sem \u00fear ganga fram skulu <span class=\"athugasemd\" title=\"a \/ For\u00f0ast) \/ \u00dea\u00f0 er, byrgja fyrir vitin vegna \u00f3lyktar\">[<\/span> for\u00f0ast \u00feann sta\u00f0inn, \u00fear fyrir a\u00f0 \u00feeir hafa \u00fear jar\u00f0a\u00f0 G\u00f3g me\u00f0 s\u00ednum mannfj\u00f6lda og \u00fea\u00f0 skal \u00fev\u00ed kallast <span class=\"athugasemd\" title=\"b \/ G\u00f3gsm\u00fagadalur) \/ \u00fev\u00ed a\u00f0 allur m\u00fagur og mannfj\u00f6ldi G\u00f3gs liggur \u00fear grafinn\">[<\/span> G\u00f3gsm\u00fagadalur. En \u00cdsraels h\u00fas skal jar\u00f0a \u00fe\u00e1 um sj\u00f6 m\u00e1na\u00f0i svo a\u00f0 landi\u00f0 megi hreinsa\u00f0 ver\u00f0a. J\u00e1 allt f\u00f3lki\u00f0 \u00ed landinu skal n\u00f3g hafa a\u00f0 gj\u00f6ra a\u00f0 jar\u00f0a \u00fe\u00e1 og \u00feeir munu nafnfr\u00e6gir ver\u00f0a fyrir \u00fea\u00f0 a\u00f0 eg augl\u00fdsti \u00e1 \u00feeim degi m\u00edna d\u00fdr\u00f0, segir Drottinn Drottinn.<\/p>\n<p>Og \u00feeir munu kj\u00f3sa \u00fear menn til sem me\u00f0 jafna\u00f0i skulu fara um kring \u00ed landinu og \u00feeir sem grafa hina dau\u00f0u me\u00f0ur \u00feeim til a\u00f0 jar\u00f0a \u00fe\u00e1 sem eftir eru or\u00f0nir \u00ed landinu svo a\u00f0 \u00fea\u00f0 ver\u00f0i hreinsa\u00f0 aftur, eftir sj\u00f6 m\u00e1na\u00f0i skulu \u00feeir rannsaka. Og \u00feeir hinir sem fara um kring \u00ed landinu og f\u00e1i \u00feeir a\u00f0 sj\u00e1 \u00ed nokkrum sta\u00f0 eitthvert mannsbein \u00fe\u00e1 munu \u00feeir setja \u00fear eitt merki upp hj\u00e1 \u00feanga\u00f0 til a\u00f0 \u00feeir sem jar\u00f0a hina dau\u00f0u grafa \u00fea\u00f0 einnin \u00ed G\u00f3gsm\u00fagadal. S\u00ed\u00f0an skal s\u00e1 sta\u00f0ur kallast <span class=\"athugasemd\" title=\"c \/ Ham\u00f3na) \/ \u00dea\u00f0 er, Margir e\u00f0ur Mannfj\u00f6ldi\">[<\/span> Ham\u00f3na. \u00deannin munu \u00feeir hreinsa landi\u00f0.<\/p>\n<p>N\u00fa \u00fe\u00fa mannsins son, so segir Drottinn Drottinn: Seg \u00fe\u00fa \u00f6llum fuglunum hva\u00f0an sem \u00feeir flj\u00faga og \u00f6llum d\u00fdrunum \u00e1 m\u00f6rkinni: Safni\u00f0 y\u00f0ur til samans og komi\u00f0 hinga\u00f0! Renni\u00f0 alla vegana a\u00f0 og komi\u00f0 til samans, til m\u00edns sl\u00e1trunaroffurs sem eg sl\u00e1tra y\u00f0ur, eitt miki\u00f0 sl\u00e1trunaroffur \u00e1 \u00cdsraelsfj\u00f6llum, og eti\u00f0 kj\u00f6ti\u00f0 og drekki\u00f0 bl\u00f3\u00f0i\u00f0! \u00de\u00e9r skulu\u00f0 eta kj\u00f6ti\u00f0 hinna \u00f6flugu og \u00fe\u00e9r skulu\u00f0 drekka bl\u00f3\u00f0i\u00f0 h\u00f6f\u00f0ingjanna \u00e1 j\u00f6r\u00f0unni, hr\u00fatanna, lambanna og hafranna, uxanna, sem allir saman eru feitir og vel aldir. Og \u00fe\u00e9r skulu\u00f0 eta \u00fea\u00f0 hi\u00f0 feita so a\u00f0 \u00fe\u00e9r skulu\u00f0 saddir ver\u00f0a og drekka bl\u00f3\u00f0i\u00f0 so a\u00f0 \u00fe\u00e9r skulu\u00f0 ver\u00f0a drukknir af \u00fev\u00ed sl\u00e1trunar\u00f6ffrinu sem eg sl\u00e1tra y\u00f0ur. Metti\u00f0 y\u00f0ur n\u00fa vi\u00f0 mitt bor\u00f0 af hestum og r\u00ed\u00f0andi m\u00f6nnum, af \u00feeim \u00f6flugu og allsh\u00e1ttu\u00f0u str\u00ed\u00f0sf\u00f3lki, segir Drottinn Drottinn.<\/p>\n<p>Og eg vil koma minni d\u00fdr\u00f0 \u00e1 me\u00f0al hei\u00f0inna \u00fej\u00f3\u00f0a so a\u00f0 allir hei\u00f0ingjarnir skulu sj\u00e1 minn d\u00f3m sem eg hefi l\u00e1ti\u00f0 ganga og m\u00edna h\u00f6nd sem eg hefi lagt \u00e1 \u00fe\u00e1, og so einnin skal \u00cdsraels h\u00fas formerkja a\u00f0 eg er Drottinn \u00feeirra Gu\u00f0 \u00ed fr\u00e1 \u00feeim degi og \u00e6 s\u00ed\u00f0an framlei\u00f0is. Og hei\u00f0ingjarnir skulu formerkja hvernin \u00fea\u00f0 \u00cdsraels h\u00fas er \u00ed burt flutt fyrir sinna illgj\u00f6r\u00f0a sakir og \u00fea\u00f0 e\u00f0 \u00feeir hafa syndgast \u00e1 m\u00f3ti m\u00e9r. \u00dear fyri hefi eg byrgt mitt auglit fyrir \u00feeim og hefi gefi\u00f0 \u00fe\u00e1 \u00ed hendur sinna m\u00f3tst\u00f6\u00f0umanna svo a\u00f0 \u00feeir allir saman skulu falla fyrir sver\u00f0i. Eg gj\u00f6r\u00f0a vi\u00f0 \u00fe\u00e1 l\u00edka so sem \u00feeirra syndir og illgj\u00f6r\u00f0ir h\u00f6f\u00f0u ver\u00f0skulda\u00f0 og byrg\u00f0i mitt auglit fyrir \u00feeim.<\/p>\n<p>\u00dear fyrir segir Drottinn Drottinn so: N\u00fa vil eg sn\u00faa herlei\u00f0ingunni Jakobs og l\u00edknsamur vera \u00f6llu \u00cdsraels h\u00fasi og vandl\u00e6ta um mitt hi\u00f0 heilaga nafn. En \u00feeir munu bera s\u00edna forsm\u00e1n og allar s\u00ednar syndir me\u00f0 hverjum \u00feeir hafa syndgast \u00e1 m\u00f3ti m\u00e9r n\u00e6r e\u00f0 \u00feeir b\u00faa ugglausir \u00ed s\u00ednu landi a\u00f0 enginn muni skelfa \u00fe\u00e1. Og n\u00e6r e\u00f0 eg hefi s\u00f3tt \u00fe\u00e1 aftur \u00ed fr\u00e1 \u00fev\u00ed f\u00f3lkinu og samansafna\u00f0 \u00feeim igen af sinna \u00f3vina landi og n\u00e6r a\u00f0 eg ver\u00f0 helga\u00f0ur af \u00feeim fyrir augs\u00fdn margra hei\u00f0inna \u00fej\u00f3\u00f0a \u00fe\u00e1 skulu \u00feeir \u00fea\u00f0 formerkja a\u00f0 eg er Drottinn \u00feeirra Gu\u00f0 sem l\u00e9t \u00ed burt flytja \u00fe\u00e1 \u00e1 me\u00f0al hei\u00f0inna \u00fej\u00f3\u00f0a og hefi samansafna\u00f0 \u00feeim aftur \u00ed \u00feeirra land og l\u00e1ti\u00f0 ekki einn af \u00feeim \u00fear eftir ver\u00f0a. Og eg vil ekki meir byrgja mitt andlit fyrir \u00feeim \u00fev\u00ed a\u00f0 eg hefi \u00fathellt m\u00ednum anda yfir \u00cdsraels h\u00fas, segir Drottinn Drottinn.<\/p>\n","protected":false},"excerpt":{"rendered":"<p>XXXIX. Og \u00fe\u00fa mannsins son, sp\u00e1\u00f0u m\u00f3ti G\u00f3g og seg\u00f0u: [ So segir Drottinn Drottinn: Sj\u00e1 \u00fe\u00fa, eg vil til vi\u00f0 \u00feig, G\u00f3g, \u00fe\u00fa sem ert hinn \u00e6\u00f0sti h\u00f6f\u00f0ingi \u00ed Mesek og T\u00fabal. Sj\u00e1 \u00fe\u00fa, eg vil um kring sn\u00faa \u00fe\u00e9r og lokka og eg vil \u00fatflytja \u00feig \u00ed fr\u00e1 \u00feeim endim\u00f6rkunum m\u00f3t nor\u00f0rinu og l\u00e1ta \u00feig koma upp \u00e1 \u00cdsraelsfj\u00f6ll. Og eg vil sl\u00e1 bogann \u00far \u00feinni vinstri hendi og \u00ed burt fleygja skeytunum af \u00feinni h\u00e6gri hendi. \u00de\u00fa skalt \u00e1 \u00cdsraelsfj\u00f6llum ni\u00f0ur vi\u00f0 velli lag\u00f0ur ver\u00f0a, \u00fe\u00fa me\u00f0 \u00f6llu \u00fe\u00ednu herli\u00f0i og me\u00f0 \u00fe\u00ednu f\u00f3lki sem er me\u00f0 <a href=\"https:\/\/biblian.is\/gudbrandsbiblia\/esekiel-39-kafli\/\"> [&#8230;]<\/a><\/p>\n","protected":false},"author":1,"featured_media":0,"parent":0,"menu_order":0,"comment_status":"open","ping_status":"open","template":"bibliukaflar.php","meta":{"footnotes":""},"class_list":["post-3537","page","type-page","status-publish","hentry"],"_links":{"self":[{"href":"https:\/\/biblian.is\/gudbrandsbiblia\/wp-json\/wp\/v2\/pages\/3537","targetHints":{"allow":["GET"]}}],"collection":[{"href":"https:\/\/biblian.is\/gudbrandsbiblia\/wp-json\/wp\/v2\/pages"}],"about":[{"href":"https:\/\/biblian.is\/gudbrandsbiblia\/wp-json\/wp\/v2\/types\/page"}],"author":[{"embeddable":true,"href":"https:\/\/biblian.is\/gudbrandsbiblia\/wp-json\/wp\/v2\/users\/1"}],"replies":[{"embeddable":true,"href":"https:\/\/biblian.is\/gudbrandsbiblia\/wp-json\/wp\/v2\/comments?post=3537"}],"version-history":[{"count":0,"href":"https:\/\/biblian.is\/gudbrandsbiblia\/wp-json\/wp\/v2\/pages\/3537\/revisions"}],"wp:attachment":[{"href":"https:\/\/biblian.is\/gudbrandsbiblia\/wp-json\/wp\/v2\/media?parent=3537"}],"curies":[{"name":"wp","href":"https:\/\/api.w.org\/{rel}","templated":true}]}}