{"id":3535,"date":"2017-12-18T18:33:55","date_gmt":"2017-12-18T18:33:55","guid":{"rendered":"http:\/\/biblian.is\/gudbrandsbiblia\/esekiel-37-kafli\/"},"modified":"2017-12-18T18:33:55","modified_gmt":"2017-12-18T18:33:55","slug":"esekiel-37-kafli","status":"publish","type":"page","link":"https:\/\/biblian.is\/gudbrandsbiblia\/esekiel-37-kafli\/","title":{"rendered":"Esek\u00edel 37. kafli"},"content":{"rendered":"<p>XXXVII.<\/p>\n<p>Og h\u00f6nd Drottins kom yfir mig og flutti mig \u00ed anda Drottins og setti mig upp \u00e1 einn v\u00ed\u00f0an v\u00f6ll sem fullur l\u00e1 af dau\u00f0ra manna beinum og hann leiddi mig um hann allan og sj\u00e1 \u00fe\u00fa, \u00fear l\u00e1gu ofsa m\u00f6rg bein \u00e1 vellinum og sj\u00e1 \u00fe\u00fa, \u00feau voru mj\u00f6g skinin. Og hann sag\u00f0i til m\u00edn: \u00de\u00fa mannsins son, meinar \u00fe\u00fa nokku\u00f0 a\u00f0 \u00feessi bein skuli ver\u00f0a lifandi? Og eg sag\u00f0i: Drottinn Drottinn, \u00fea\u00f0 veistu vel.<\/p>\n<p>Og hann sag\u00f0i til m\u00edn: Sp\u00e1\u00f0u af \u00feessum beinum og seg \u00fe\u00fa til \u00feeirra: \u00de\u00e9r skinin bein, heyri\u00f0 or\u00f0 Drottins! So segir Drottinn Drottinn af \u00feessum beinum: Sj\u00e1 \u00fe\u00fa, eg vil innsenda einn anda \u00ed y\u00f0ur so a\u00f0 \u00fe\u00e9r skulu\u00f0 lifandi ver\u00f0a. Eg vil gefa y\u00f0ur \u00e6\u00f0ar og sinar og l\u00e1ta kj\u00f6t vaxa yfir y\u00f0ur og draga h\u00f6rund \u00fear yfir og gefa y\u00f0ur anda so a\u00f0 \u00fe\u00e9r skulu\u00f0 ver\u00f0a lifandi aftur. Og \u00fe\u00e9r skulu\u00f0 formerkja a\u00f0 eg er Drottinn.<\/p>\n<p>Og eg sp\u00e1\u00f0i so sem m\u00e9r var b\u00edfala\u00f0 og sj\u00e1 \u00fe\u00fa, \u00fear var\u00f0 hark \u00fe\u00e1 a\u00f0 eg sp\u00e1\u00f0i og sj\u00e1 \u00fe\u00fa, a\u00f0 \u00feau hr\u00e6r\u00f0u sig. Og beinin komu til samans aftur hvert til s\u00edns li\u00f0ar. Og eg s\u00e1 og sj\u00e1 \u00fe\u00fa, a\u00f0 \u00fear uxu \u00e6\u00f0ar og kj\u00f6t \u00e1 \u00feeim og hann dr\u00f3 h\u00f6rund yfir \u00feau. \u00de\u00f3 var \u00fear enn n\u00fa enginn andi \u00ed \u00feeim.<\/p>\n<p>Og hann sag\u00f0i til m\u00edn: Sp\u00e1\u00f0u til vindsins, sp\u00e1 \u00fe\u00fa, mannsins son, og seg \u00fe\u00fa til vindsins: Svo segir Drottinn Drottinn: Vindur, kom \u00fe\u00fa hinga\u00f0 \u00far fj\u00f3rum \u00e1ttunum og bl\u00e1s \u00e1 \u00feessa hina dau\u00f0u so a\u00f0 \u00feeir ver\u00f0i lifandi. Og eg sp\u00e1\u00f0i so sem hann skipa\u00f0i m\u00e9r. \u00de\u00e1 kom \u00fear einn andi \u00ed \u00fe\u00e1 og \u00feeir lifnu\u00f0u aftur og \u00feeir reistu sig upp \u00e1 s\u00ednar f\u00e6tur. Og \u00fea\u00f0 var mj\u00f6g mikill her.<\/p>\n<p>Og hann sag\u00f0i til m\u00edn: \u00de\u00fa mannsins son, \u00feessi beinin eru gj\u00f6rvallt \u00cdsraels h\u00fas. Sj\u00e1 \u00fe\u00fa, n\u00fa segja \u00feeir: &#8222;Vor bein eru skinin og vor von er fort\u00f6pu\u00f0 og \u00fea\u00f0 er \u00fatgj\u00f6rt um oss.&#8220; \u00dear fyrir sp\u00e1\u00f0u og seg\u00f0u til \u00feeirra: So segir Drottinn Drottinn: Sj\u00e1 \u00fe\u00fa, eg vil opna y\u00f0ar grafir og eg vil \u00fatlei\u00f0a y\u00f0ur, mitt f\u00f3lk, af \u00feeim og innflytja \u00ed \u00cdsraelsland. Og \u00fe\u00e9r skulu\u00f0 formerkja a\u00f0 eg er Drottinn \u00fe\u00e1 a\u00f0 eg hefi opna\u00f0 y\u00f0rar grafir og \u00fatleitt y\u00f0ur, mitt f\u00f3lk, af \u00feeim. Og eg vil gefa minn anda \u00ed y\u00f0ur so a\u00f0 \u00fe\u00e9r skulu\u00f0 ver\u00f0a lifandi aftur og eg vil innsetja y\u00f0ur \u00ed y\u00f0art land. Og \u00fe\u00e9r skulu\u00f0 formerkja a\u00f0 eg er Drottinn. Eg tala \u00fea\u00f0 og gj\u00f6ri \u00fea\u00f0 einnin, segir Drottinn.<\/p>\n<p>Og or\u00f0 Drottins ske\u00f0i til m\u00edn og sag\u00f0i: \u00de\u00fa mannsins son, tak \u00fe\u00e9r eitt kefli og skrifa \u00fear upp \u00e1 J\u00fada- og \u00cdsraelsb\u00f6rn og \u00feeirra samlagsmenn. Og tak enn n\u00fa eitt anna\u00f0 kefli og skrifa \u00fear upp \u00e1 J\u00f3sefs (sem er Efra\u00edms) kefli og alls \u00cdsraels h\u00fass og \u00feeirra samlagsmenn. Og legg \u00fea\u00f0 eina til samans vi\u00f0 hi\u00f0 anna\u00f0 a\u00f0 \u00fea\u00f0 ver\u00f0i so sem eitt tr\u00e9kefli \u00ed \u00feinni hendi. N\u00e6r e\u00f0 \u00feitt f\u00f3lk talar n\u00fa til \u00fe\u00edn og segir: &#8222;Viltu ekki kunngj\u00f6ra oss \u00fea\u00f0 hva\u00f0 er \u00fe\u00fa meinar \u00fear me\u00f0?&#8220; \u00fe\u00e1 seg \u00fe\u00fa til \u00feeirra: So segir Drottinn Drottinn: Sj\u00e1 \u00fe\u00fa, eg vil taka \u00fea\u00f0 tr\u00e9kefli\u00f0 J\u00f3sefs, sem er \u00ed Efra\u00edms hendi, me\u00f0ur s\u00ednum samlagsm\u00f6nnum, \u00cdsraels slekti, og eg vil leggja \u00fe\u00e1 til keflisins J\u00fada og gj\u00f6ra \u00fear so eitt kefli af og \u00feeir skulu so vera eitt \u00ed minni hendi. Og \u00fe\u00fa skalt svo halda \u00e1 \u00feeim tr\u00e9keflunum \u00ed \u00feinni hendi \u00e1 hver e\u00f0 \u00fe\u00fa hefur skrifa\u00f0, svo a\u00f0 \u00feeir sj\u00e1i \u00fea\u00f0.<\/p>\n<p>Og \u00fe\u00fa skalt segja til \u00feeirra: So segir Drottinn Drottinn: Sj\u00e1 \u00fe\u00fa, eg vil s\u00e6kja aftur \u00cdsraelsb\u00f6rn til \u00feeirra hei\u00f0ingjanna til hverra e\u00f0 \u00feeir eru \u00ed burt farnir og eg vil samansafna \u00feeim \u00far \u00f6llum \u00e1ttum og innflytja \u00fe\u00e1 aftur \u00ed \u00feeirra land. Og eg vil gj\u00f6ra eitt f\u00f3lk af \u00feeim b\u00e1\u00f0um \u00ed landinu, upp \u00e1 \u00cdsraels fjallbygg\u00f0um, og \u00feeir skulu allir til samans hafa einn einka konung og \u00feeir skulu ekki meir skiptast \u00ed tvennar \u00fej\u00f3\u00f0ir, eigi heldur \u00ed tv\u00f6 k\u00f3ngar\u00edki. Svo skulu \u00feeir og einnin ekki meir saurga sig me\u00f0 s\u00ednum afgu\u00f0um og sv\u00edvir\u00f0ingum og allsh\u00e1ttu\u00f0um syndum. Eg vil hj\u00e1lpa \u00feeim \u00fat af \u00f6llum \u00e1ttum \u00ed hverjum \u00feeir hafa syndgast og eg vil hreinsa \u00fe\u00e1 og \u00feeir skulu vera mitt f\u00f3lk og eg vil vera \u00feeirra Gu\u00f0.<\/p>\n<p>Og Dav\u00ed\u00f0, minn \u00fe\u00e9nari, skal vera \u00feeirra konungur og einn einkanlegur hir\u00f0ir allra \u00feeirra. Og \u00feeir skulu ganga \u00ed m\u00ednum r\u00e9ttindum og halda m\u00edn bo\u00f0or\u00f0 og gj\u00f6ra \u00fear eftir. Og \u00feeir skulu b\u00faa \u00ed \u00fev\u00ed landinu aftur sem eg gaf m\u00ednum \u00fe\u00e9nara Jakob, \u00ed hverju \u00fea\u00f0 y\u00f0rir forfe\u00f0ur \u00feeir bjuggu. \u00deeir og \u00feeirra b\u00f6rn og barnab\u00f6rn skulu b\u00faa \u00fear inni eil\u00edflegana og Dav\u00ed\u00f0, minn \u00fe\u00e9nari, skal vera \u00feeirra h\u00f6f\u00f0ingi eil\u00edflegana. Og eg vil gj\u00f6ra fri\u00f0arins s\u00e1ttm\u00e1la vi\u00f0ur \u00fe\u00e1, \u00fea\u00f0 skal vera einn eil\u00edfur s\u00e1ttm\u00e1li vi\u00f0 \u00fe\u00e1, og eg vil efla \u00fe\u00e1 og margfalda og minn helgid\u00f3mur skal vera \u00e1 me\u00f0al \u00feeirra eil\u00edflegana. Og eg vil b\u00faa \u00e1 me\u00f0al \u00feeirra og eg vil vera \u00feeirra Gu\u00f0 og \u00feeir skulu vera mitt f\u00f3lk. So \u00fea\u00f0 einnin hei\u00f0nar \u00fej\u00f3\u00f0ir skulu formerkja a\u00f0 eg er Drottinn sem \u00cdsrael gj\u00f6rir heilagan \u00fe\u00e1 e\u00f0 minn helgid\u00f3mur ver\u00f0ur eil\u00edflegana \u00e1 me\u00f0al \u00feeirra.<\/p>\n","protected":false},"excerpt":{"rendered":"<p>XXXVII. Og h\u00f6nd Drottins kom yfir mig og flutti mig \u00ed anda Drottins og setti mig upp \u00e1 einn v\u00ed\u00f0an v\u00f6ll sem fullur l\u00e1 af dau\u00f0ra manna beinum og hann leiddi mig um hann allan og sj\u00e1 \u00fe\u00fa, \u00fear l\u00e1gu ofsa m\u00f6rg bein \u00e1 vellinum og sj\u00e1 \u00fe\u00fa, \u00feau voru mj\u00f6g skinin. Og hann sag\u00f0i til m\u00edn: \u00de\u00fa mannsins son, meinar \u00fe\u00fa nokku\u00f0 a\u00f0 \u00feessi bein skuli ver\u00f0a lifandi? Og eg sag\u00f0i: Drottinn Drottinn, \u00fea\u00f0 veistu vel. Og hann sag\u00f0i til m\u00edn: Sp\u00e1\u00f0u af \u00feessum beinum og seg \u00fe\u00fa til \u00feeirra: \u00de\u00e9r skinin bein, heyri\u00f0 or\u00f0 Drottins! So segir Drottinn <a href=\"https:\/\/biblian.is\/gudbrandsbiblia\/esekiel-37-kafli\/\"> [&#8230;]<\/a><\/p>\n","protected":false},"author":1,"featured_media":0,"parent":0,"menu_order":0,"comment_status":"open","ping_status":"open","template":"bibliukaflar.php","meta":{"footnotes":""},"class_list":["post-3535","page","type-page","status-publish","hentry"],"_links":{"self":[{"href":"https:\/\/biblian.is\/gudbrandsbiblia\/wp-json\/wp\/v2\/pages\/3535","targetHints":{"allow":["GET"]}}],"collection":[{"href":"https:\/\/biblian.is\/gudbrandsbiblia\/wp-json\/wp\/v2\/pages"}],"about":[{"href":"https:\/\/biblian.is\/gudbrandsbiblia\/wp-json\/wp\/v2\/types\/page"}],"author":[{"embeddable":true,"href":"https:\/\/biblian.is\/gudbrandsbiblia\/wp-json\/wp\/v2\/users\/1"}],"replies":[{"embeddable":true,"href":"https:\/\/biblian.is\/gudbrandsbiblia\/wp-json\/wp\/v2\/comments?post=3535"}],"version-history":[{"count":0,"href":"https:\/\/biblian.is\/gudbrandsbiblia\/wp-json\/wp\/v2\/pages\/3535\/revisions"}],"wp:attachment":[{"href":"https:\/\/biblian.is\/gudbrandsbiblia\/wp-json\/wp\/v2\/media?parent=3535"}],"curies":[{"name":"wp","href":"https:\/\/api.w.org\/{rel}","templated":true}]}}