{"id":3533,"date":"2017-12-18T18:33:55","date_gmt":"2017-12-18T18:33:55","guid":{"rendered":"http:\/\/biblian.is\/gudbrandsbiblia\/esekiel-35-kafli\/"},"modified":"2017-12-18T18:33:55","modified_gmt":"2017-12-18T18:33:55","slug":"esekiel-35-kafli","status":"publish","type":"page","link":"https:\/\/biblian.is\/gudbrandsbiblia\/esekiel-35-kafli\/","title":{"rendered":"Esek\u00edel 35. kafli"},"content":{"rendered":"<p>XXXV.<\/p>\n<p>Og or\u00f0 Drottins ske\u00f0i til m\u00edn og sag\u00f0i: <span class=\"athugasemd\" title=\"Jere. xlix. \/ Esek. xvi. \/ Se\u00edr\">[<\/span> \u00de\u00fa mannsins son, set \u00feitt andlit \u00e1 m\u00f3ti fjallinu Se\u00edr og sp\u00e1\u00f0u \u00e1 m\u00f3ti \u00fev\u00ed og seg \u00fe\u00fa til \u00feess: So segir Drottinn Drottinn: Sj\u00e1 \u00fe\u00fa, eg vil til vi\u00f0 \u00feig, \u00fe\u00fa fjalli\u00f0 Se\u00edr, og \u00fatr\u00e9tta m\u00edna h\u00f6nd \u00e1 m\u00f3ti \u00fe\u00e9r og eg vil \u00ed ey\u00f0ileggja \u00feig me\u00f0 \u00f6llu. Eg vil gj\u00f6ra \u00fe\u00edna sta\u00f0i a\u00f0 \u00f6rb\u00fdlum so a\u00f0 \u00fe\u00fa skalt ver\u00f0a a\u00f0 \u00f3bygg\u00f0um og formerkja a\u00f0 eg er Drottinn, af \u00fev\u00ed a\u00f0 \u00fe\u00e9r beri\u00f0 eil\u00edfan fjandskap til \u00cdsraelssona og r\u00e1ku\u00f0 \u00fe\u00e1 undir sver\u00f0i\u00f0 \u00fe\u00e1 e\u00f0 \u00feeim veitti illa og \u00feeirra syndir h\u00f6f\u00f0u enda. <\/p>\n<p>\u00dear fyrir, so sannarlega sem eg lifi, segir Drottinn Drottinn, vil eg einnin gj\u00f6ra \u00feig bl\u00f3\u00f0ugan og \u00fe\u00fa skalt ekki komast undan bl\u00f3\u00f0inu af \u00fev\u00ed a\u00f0 \u00fe\u00fa hefur lysting til bl\u00f3\u00f0sins, \u00fe\u00e1 skaltu ekki undan komast bl\u00f3\u00f0inu. Og eg vil gj\u00f6ra fjalli\u00f0 Se\u00edr a\u00f0 ey\u00f0im\u00f6rku og \u00f6r\u00e6fum so a\u00f0 enginn skal fer\u00f0ast e\u00f0ur ganga \u00fear upp \u00e1 og eg vil uppfylla \u00f6ll hans fj\u00f6ll og h\u00e1lsa, dalina og sl\u00e9ttlendin me\u00f0 hina dau\u00f0u \u00fe\u00e1 sem \u00fear skulu liggja \u00ed hel slegnir me\u00f0 sver\u00f0inu. J\u00e1 eg vil gj\u00f6ra \u00feig til einnrar eil\u00edfrar ey\u00f0imerkur og enginn skal b\u00faa \u00ed \u00fe\u00ednum st\u00f6\u00f0um. Og \u00fe\u00e9r skulu\u00f0 formerkja a\u00f0 eg er Drottinn.<\/p>\n<p>Og af \u00fev\u00ed a\u00f0 \u00fe\u00fa segi: &#8222;\u00deetta hverttveggja f\u00f3lk og b\u00e6\u00f0i \u00feeirra l\u00f6nd skulu vera m\u00edn og eg vil eignast \u00feau \u00fe\u00f3 a\u00f0 Drottinn hann b\u00fai \u00fear&#8220; \u00fear fyrir, so sannarlega sem eg lifi, segir Drottinn Drottinn, eg vil breyta vi\u00f0 \u00feig eftir \u00feinni rei\u00f0i og hatri so sem a\u00f0 \u00fe\u00fa hefur breytt vi\u00f0 \u00fe\u00e1 af r\u00e9ttu hatri og \u00feeir skulu \u00feekkja mig a\u00f0 eg hefi refsa\u00f0 \u00fe\u00e9r. Og \u00fe\u00fa skalt formerkja a\u00f0 eg, Drottinn, hafi heyrt alla \u00fe\u00edna h\u00e1\u00f0ung sem \u00fe\u00fa hefur tala\u00f0 \u00e1 m\u00f3t \u00cdsraelsfj\u00f6llum og sagt: &#8222;\u00deau eru \u00ed ey\u00f0i l\u00f6g\u00f0 og oss ofurgefin til a\u00f0 fordjarfa \u00feau.&#8220; Og \u00fe\u00e9r hafi\u00f0 h\u00e6lst um vi\u00f0 mig og tala\u00f0 sv\u00edvir\u00f0ilega \u00ed gegn m\u00e9r, \u00fea\u00f0 sama hefi eg heyrt. <\/p>\n<p>So segir n\u00fa Drottinn Drottinn: Eg vil gj\u00f6ra \u00feig a\u00f0 einnri ey\u00f0im\u00f6rku so a\u00f0 allt landi\u00f0 skal gle\u00f0ja sig. Og so sem a\u00f0 \u00fe\u00fa hefur glatt \u00feig af \u00fev\u00ed a\u00f0 \u00fe\u00fa eigna\u00f0ist arfleif\u00f0ina h\u00fassins \u00cdsraels me\u00f0 \u00fev\u00ed a\u00f0 \u00fea\u00f0 var \u00ed ey\u00f0ilagt, l\u00edka so vil eg gj\u00f6ra vi\u00f0 \u00feiv svo a\u00f0 fjalli\u00f0 Se\u00edr skal vera \u00ed ey\u00f0i me\u00f0 gj\u00f6rvallri Ed\u00f3m. Og \u00fe\u00e9r skulu\u00f0 formerkja a\u00f0 eg er Drottinn.<\/p>\n","protected":false},"excerpt":{"rendered":"<p>XXXV. Og or\u00f0 Drottins ske\u00f0i til m\u00edn og sag\u00f0i: [ \u00de\u00fa mannsins son, set \u00feitt andlit \u00e1 m\u00f3ti fjallinu Se\u00edr og sp\u00e1\u00f0u \u00e1 m\u00f3ti \u00fev\u00ed og seg \u00fe\u00fa til \u00feess: So segir Drottinn Drottinn: Sj\u00e1 \u00fe\u00fa, eg vil til vi\u00f0 \u00feig, \u00fe\u00fa fjalli\u00f0 Se\u00edr, og \u00fatr\u00e9tta m\u00edna h\u00f6nd \u00e1 m\u00f3ti \u00fe\u00e9r og eg vil \u00ed ey\u00f0ileggja \u00feig me\u00f0 \u00f6llu. Eg vil gj\u00f6ra \u00fe\u00edna sta\u00f0i a\u00f0 \u00f6rb\u00fdlum so a\u00f0 \u00fe\u00fa skalt ver\u00f0a a\u00f0 \u00f3bygg\u00f0um og formerkja a\u00f0 eg er Drottinn, af \u00fev\u00ed a\u00f0 \u00fe\u00e9r beri\u00f0 eil\u00edfan fjandskap til \u00cdsraelssona og r\u00e1ku\u00f0 \u00fe\u00e1 undir sver\u00f0i\u00f0 \u00fe\u00e1 e\u00f0 \u00feeim veitti illa og \u00feeirra <a href=\"https:\/\/biblian.is\/gudbrandsbiblia\/esekiel-35-kafli\/\"> [&#8230;]<\/a><\/p>\n","protected":false},"author":1,"featured_media":0,"parent":0,"menu_order":0,"comment_status":"open","ping_status":"open","template":"bibliukaflar.php","meta":{"footnotes":""},"class_list":["post-3533","page","type-page","status-publish","hentry"],"_links":{"self":[{"href":"https:\/\/biblian.is\/gudbrandsbiblia\/wp-json\/wp\/v2\/pages\/3533","targetHints":{"allow":["GET"]}}],"collection":[{"href":"https:\/\/biblian.is\/gudbrandsbiblia\/wp-json\/wp\/v2\/pages"}],"about":[{"href":"https:\/\/biblian.is\/gudbrandsbiblia\/wp-json\/wp\/v2\/types\/page"}],"author":[{"embeddable":true,"href":"https:\/\/biblian.is\/gudbrandsbiblia\/wp-json\/wp\/v2\/users\/1"}],"replies":[{"embeddable":true,"href":"https:\/\/biblian.is\/gudbrandsbiblia\/wp-json\/wp\/v2\/comments?post=3533"}],"version-history":[{"count":0,"href":"https:\/\/biblian.is\/gudbrandsbiblia\/wp-json\/wp\/v2\/pages\/3533\/revisions"}],"wp:attachment":[{"href":"https:\/\/biblian.is\/gudbrandsbiblia\/wp-json\/wp\/v2\/media?parent=3533"}],"curies":[{"name":"wp","href":"https:\/\/api.w.org\/{rel}","templated":true}]}}