{"id":3532,"date":"2017-12-18T18:33:55","date_gmt":"2017-12-18T18:33:55","guid":{"rendered":"http:\/\/biblian.is\/gudbrandsbiblia\/esekiel-34-kafli\/"},"modified":"2017-12-18T18:33:55","modified_gmt":"2017-12-18T18:33:55","slug":"esekiel-34-kafli","status":"publish","type":"page","link":"https:\/\/biblian.is\/gudbrandsbiblia\/esekiel-34-kafli\/","title":{"rendered":"Esek\u00edel 34. kafli"},"content":{"rendered":"<p>XXXIIII.<\/p>\n<p>Og or\u00f0 Drottins ske\u00f0i til m\u00edn og sag\u00f0i: \u00de\u00fa mannsins son, sp\u00e1\u00f0u \u00e1 m\u00f3ti hir\u00f0\u00f6rum \u00cdsraels. Sp\u00e1\u00f0u og seg\u00f0u til \u00feeirra: So segir Drottinn Drottinn: Vei \u00feeim \u00cdsraels hir\u00f0\u00f6rum sem ala sj\u00e1lfa sig! <span class=\"athugasemd\" title=\"Falshir\u00f0ar\">[<\/span> Eiga ekki hir\u00f0ararnir a\u00f0 ala hj\u00f6r\u00f0ina? En \u00fe\u00e9r eti\u00f0 \u00fea\u00f0 hi\u00f0 feita og kl\u00e6\u00f0i\u00f0 y\u00f0ur me\u00f0 ullunni og \u00fe\u00e9r sl\u00e1tri\u00f0 \u00fev\u00ed sem ali\u00f0 er en sau\u00f0ina vilji\u00f0 \u00fe\u00e9r ekki ala. \u00de\u00e9r g\u00e6ti\u00f0 ekki a\u00f0 \u00fev\u00ed vanf\u00e6ra og l\u00e6kni\u00f0 ekki \u00fea\u00f0 sj\u00faka, \u00fea\u00f0 sem s\u00e1rt er g\u00e6r\u00f0i \u00fe\u00e9r ekki, \u00fea\u00f0 sem vegavillt fer s\u00e6ki \u00fe\u00e9r ekki aftur og \u00fe\u00e9r leiti\u00f0 ekki eftir \u00fev\u00ed sem glata\u00f0 er, heldur drottni \u00fe\u00e9r strengilega og har\u00f0lega yfir \u00feeim. Og m\u00ednir sau\u00f0ir eru \u00ed sundurtv\u00edstra\u00f0ir l\u00edka sem \u00feeir e\u00f0 \u00f6ngvan hir\u00f0ir hafa og \u00f6llum villud\u00fdrunum a\u00f0 \u00e1tu or\u00f0nir og me\u00f0 \u00f6llu \u00ed sundur dreif\u00f0ir og \u00feeir r\u00e1fa villir vega hinga\u00f0 og \u00feanga\u00f0 \u00e1 fj\u00f6llunum og upp \u00e1 \u00feeim h\u00e1vu h\u00e1lsunum og \u00feeir eru \u00ed sundurtv\u00edstra\u00f0ir um allt landi\u00f0 og \u00fear er enginn sem spyrji eftir \u00feeim e\u00f0a hir\u00f0i um \u00fe\u00e1.<\/p>\n<p>\u00dear fyrir heyri, \u00fe\u00e9r hir\u00f0arar, or\u00f0 Drottins. So sannarlega sem eg lifi, segir Drottinn Drottinn, af \u00fev\u00ed a\u00f0 \u00fe\u00e9r l\u00e1ti\u00f0 sau\u00f0i m\u00edna ver\u00f0a a\u00f0 herfangi og m\u00edna hj\u00f6r\u00f0 \u00f6llum villid\u00fdrunum a\u00f0 \u00e1tu me\u00f0 \u00fev\u00ed a\u00f0 \u00feeir hafa \u00f6ngvan hir\u00f0ir og m\u00ednir hir\u00f0arar skeyta ekki um m\u00edna hj\u00f6r\u00f0 heldur eru \u00feeir svoddan hir\u00f0arar sem ala sj\u00e1lfa sig en m\u00edna sau\u00f0i vilja \u00feeir ekki ala, \u00fear fyrir, \u00fe\u00e9r hir\u00f0arar, heyri\u00f0 or\u00f0 Drottins. Svo segir Drottinn Drottinn: Sj\u00e1 \u00fe\u00fa, eg vil koma yfir \u00fe\u00e1 hir\u00f0arana og krefja minnar hjar\u00f0ar af \u00feeirra h\u00f6ndum og eg vil l\u00e1ta \u00fe\u00e1 hafa einn enda so a\u00f0 \u00feeir skulu ekki lengur hir\u00f0arar vera og \u00feeir skulu ekki meir ala so sj\u00e1lfa sig. Eg vil frelsa m\u00edna sau\u00f0i af \u00feeirra munni so a\u00f0 \u00feeir skulu ekki meir upp eta \u00fe\u00e1 h\u00e9\u00f0an \u00ed fr\u00e1. <\/p>\n<p>\u00dev\u00ed so segir Drottinn: <span class=\"athugasemd\" title=\"Fyrirheit\">[<\/span> Sj\u00e1 \u00fe\u00fa, eg sj\u00e1lfur vil taka m\u00edna hj\u00f6r\u00f0 a\u00f0 m\u00e9r og leita a\u00f0 \u00feeim l\u00edka sem einn hir\u00f0ir leitar a\u00f0 s\u00ednum sau\u00f0um n\u00e6r e\u00f0 \u00feeir \u00ed burt villast fr\u00e1 hans hj\u00f6r\u00f0. So vil eg leita a\u00f0 m\u00ednum sau\u00f0um og eg vil frelsa \u00fe\u00e1 af \u00f6llum \u00feeim st\u00f6\u00f0um \u00ed hverja \u00feeir voru \u00ed burt dreif\u00f0ir \u00e1 \u00feeim t\u00edma \u00fe\u00e1 e\u00f0 \u00fea\u00f0 var so myrkt og dimmt. Eg vil \u00fatlei\u00f0a \u00fe\u00e1 fr\u00e1 \u00f6llu f\u00f3lki og samansafna \u00feeim af \u00f6llum l\u00f6ndum og eg vil innflytja \u00fe\u00e1 \u00ed \u00feeirra land og eg vil \u00feeim f\u00e6\u00f0slu gefa \u00e1 \u00cdsraelsfj\u00f6llum og \u00ed \u00f6llum engiteigum og \u00ed \u00f6llum takm\u00f6rkum landsins. Eg vil lei\u00f0a \u00fe\u00e1 inn til hins besta haglendis og \u00feeirra sau\u00f0ah\u00fas skal standa upp \u00e1 h\u00e1fj\u00f6llunum \u00cdsraels. \u00deeir skulu liggja \u00ed einu lystilegu sau\u00f0ah\u00fasi og f\u00e1 gott haglendi \u00e1 \u00cdsraelsfj\u00f6llum.<\/p>\n<p>Eg vil sj\u00e1lfur ala m\u00edna sau\u00f0i og eg vil b\u00e6la \u00fe\u00e1, segir Drottinn Drottinn. Eg vil uppleita \u00fea\u00f0 glata\u00f0a og lei\u00f0a aftur \u00fea\u00f0 sem villtist og gr\u00e6\u00f0a \u00fea\u00f0 hi\u00f0 lemstra\u00f0a og g\u00e6ta a\u00f0 \u00fev\u00ed hinu vanf\u00e6ra og eg vil geyma a\u00f0 \u00fev\u00ed sem feitt og velf\u00e6rt er og eg vil hafa umhyggju fyrir \u00feeim so sem \u00fe\u00f6rf er.<\/p>\n<p>En til y\u00f0ar, m\u00edn hj\u00f6r\u00f0, segir Drottinn Drottinn so: <span class=\"athugasemd\" title=\"Huggunarfyrirheit\">[<\/span> Sj\u00e1 \u00fe\u00fa, eg vil d\u00e6ma \u00e1 millum sau\u00f0ar og sau\u00f0ar og \u00e1 millum hr\u00fatanna og hafranna. N\u00e6gir \u00fea\u00f0 eigi a\u00f0 \u00fe\u00e9r hafi\u00f0 so gott haglendi og so yfirflj\u00f3tanleg a\u00f0 \u00fe\u00e9r tro\u00f0i\u00f0 \u00fea\u00f0 ni\u00f0ur me\u00f0 f\u00f3tum og so fagra brunna a\u00f0 drekka \u00fat af, so gn\u00f3glegana a\u00f0 \u00fe\u00e9r st\u00edgi\u00f0 \u00fear \u00ed og gj\u00f6ri\u00f0 \u00fe\u00e1 \u00f3hreina, so a\u00f0 m\u00ednir sau\u00f0ir hlj\u00f3ta a\u00f0 eta \u00fea\u00f0 sem \u00fe\u00e9r hafi\u00f0 me\u00f0 y\u00f0rum f\u00f3tum ni\u00f0urtro\u00f0i\u00f0 og drekka \u00fea\u00f0 sem \u00fe\u00e9r hafi\u00f0 me\u00f0 y\u00f0rum f\u00f3tum gruggugt gj\u00f6rt? \u00dear fyrir segir Drottinn Drottinn svo til \u00feeirra: sj\u00e1 \u00fe\u00fa, eg vil d\u00e6ma \u00e1 millum hins feita og hins magra sau\u00f0arins af \u00fev\u00ed a\u00f0 \u00fe\u00e9r sl\u00e1i\u00f0 me\u00f0 f\u00f3tunum og stangi\u00f0 fr\u00e1 y\u00f0ur \u00fea\u00f0 hi\u00f0 vanf\u00e6ra me\u00f0 y\u00f0rum hornum \u00feanga\u00f0 til a\u00f0 \u00fe\u00e9r \u00ed burtreki\u00f0 \u00fe\u00e1 alla fr\u00e1 y\u00f0ur. Og eg vil hj\u00e1lpa minni hj\u00f6r\u00f0 a\u00f0 \u00feeir skulu ekki meir ver\u00f0a so a\u00f0 herfangi og eg vil d\u00e6ma \u00e1 millum sau\u00f0ar og sau\u00f0ar.<\/p>\n<p>Og eg vil uppvekja \u00feeim einn einka hir\u00f0ir sem \u00fe\u00e1 skal ala, einkum sem er minn \u00fe\u00e9nari Dav\u00ed\u00f0. <span class=\"athugasemd\" title=\"Fyrirheit \u00fat af Christo og hans r\u00edki\">[<\/span> Hann skal \u00feeim f\u00e6\u00f0u gefa og hann skal vera \u00feeirra hir\u00f0ir. Og eg, Drottinn, vil vera \u00feeirra Gu\u00f0 en minn \u00fe\u00e9nari Dav\u00ed\u00f0 skal vera einn h\u00f6f\u00f0ingi \u00e1 me\u00f0al \u00feeirra. \u00dea\u00f0 segi eg, Drottinn. Og eg vil gj\u00f6ra einn fri\u00f0arins s\u00e1ttm\u00e1la vi\u00f0ur \u00fe\u00e1 og \u00ed burt reka \u00f6ll illskud\u00fdrin af landinu so a\u00f0 \u00feeir skulu \u00f3hr\u00e6ddir b\u00faa \u00e1 ey\u00f0im\u00f6rkunum og sofa \u00ed sk\u00f3ginum. Eg vil blessa \u00fe\u00e1 og allar m\u00ednar h\u00e6\u00f0ir allt um kring og l\u00e1ta rigna yfir \u00fe\u00e1 \u00ed r\u00e9ttan t\u00edma, \u00fea\u00f0 skal vera ein blessunard\u00f6gg, so a\u00f0 tr\u00e9n \u00e1 akurl\u00f6ndunum skulu bera sinn \u00e1v\u00f6xt og landi\u00f0 skal gefa sinn gr\u00f3\u00f0a og \u00feeir skulu \u00f3hr\u00e6ddir b\u00faa \u00ed landinu. Og \u00feeir skulu formerkja a\u00f0 eg er Drottinn n\u00e6r a\u00f0 eg hefi \u00ed sundurbroti\u00f0 \u00feeirra ok og frelsa\u00f0 \u00fe\u00e1 af \u00feeirra hendi hverjum \u00feeir hlutu a\u00f0 \u00fej\u00f3na. Og \u00feeir skulu ekki meir hei\u00f0num \u00fej\u00f3\u00f0um a\u00f0 herfangi ver\u00f0a og engin d\u00fdr \u00e1 j\u00f6r\u00f0unni skulu meir uppsvelgja \u00fe\u00e1 heldur skulu \u00feeir \u00f6ruggir b\u00faa \u00e1n allrar hr\u00e6\u00f0slu.<\/p>\n<p>Og eg vil uppvekja \u00feeim einn nafnfr\u00e6gan aldinkvist a\u00f0 \u00feeir skulu ekki meir l\u00ed\u00f0a hungur \u00ed landinu. Og \u00feeir skulu ekki meir bera sinn kinnro\u00f0a \u00e1 me\u00f0al hei\u00f0inna \u00fej\u00f3\u00f0a. Og \u00feeir skulu formerkja a\u00f0 eg, Drottinn \u00feeirra Gu\u00f0, er hj\u00e1 \u00feeim og a\u00f0 \u00feeir eru mitt f\u00f3lk af h\u00fasi \u00cdsraels, segir Drottinn Drottinn. J\u00e1 \u00fe\u00e9r menn skulu\u00f0 vera hj\u00f6r\u00f0in minnar f\u00e6\u00f0slu og eg vil vera y\u00f0ar Gu\u00f0, segir Drottinn Drottinn.<\/p>\n","protected":false},"excerpt":{"rendered":"<p>XXXIIII. Og or\u00f0 Drottins ske\u00f0i til m\u00edn og sag\u00f0i: \u00de\u00fa mannsins son, sp\u00e1\u00f0u \u00e1 m\u00f3ti hir\u00f0\u00f6rum \u00cdsraels. Sp\u00e1\u00f0u og seg\u00f0u til \u00feeirra: So segir Drottinn Drottinn: Vei \u00feeim \u00cdsraels hir\u00f0\u00f6rum sem ala sj\u00e1lfa sig! [ Eiga ekki hir\u00f0ararnir a\u00f0 ala hj\u00f6r\u00f0ina? En \u00fe\u00e9r eti\u00f0 \u00fea\u00f0 hi\u00f0 feita og kl\u00e6\u00f0i\u00f0 y\u00f0ur me\u00f0 ullunni og \u00fe\u00e9r sl\u00e1tri\u00f0 \u00fev\u00ed sem ali\u00f0 er en sau\u00f0ina vilji\u00f0 \u00fe\u00e9r ekki ala. \u00de\u00e9r g\u00e6ti\u00f0 ekki a\u00f0 \u00fev\u00ed vanf\u00e6ra og l\u00e6kni\u00f0 ekki \u00fea\u00f0 sj\u00faka, \u00fea\u00f0 sem s\u00e1rt er g\u00e6r\u00f0i \u00fe\u00e9r ekki, \u00fea\u00f0 sem vegavillt fer s\u00e6ki \u00fe\u00e9r ekki aftur og \u00fe\u00e9r leiti\u00f0 ekki eftir \u00fev\u00ed sem glata\u00f0 er, <a href=\"https:\/\/biblian.is\/gudbrandsbiblia\/esekiel-34-kafli\/\"> [&#8230;]<\/a><\/p>\n","protected":false},"author":1,"featured_media":0,"parent":0,"menu_order":0,"comment_status":"open","ping_status":"open","template":"bibliukaflar.php","meta":{"footnotes":""},"class_list":["post-3532","page","type-page","status-publish","hentry"],"_links":{"self":[{"href":"https:\/\/biblian.is\/gudbrandsbiblia\/wp-json\/wp\/v2\/pages\/3532","targetHints":{"allow":["GET"]}}],"collection":[{"href":"https:\/\/biblian.is\/gudbrandsbiblia\/wp-json\/wp\/v2\/pages"}],"about":[{"href":"https:\/\/biblian.is\/gudbrandsbiblia\/wp-json\/wp\/v2\/types\/page"}],"author":[{"embeddable":true,"href":"https:\/\/biblian.is\/gudbrandsbiblia\/wp-json\/wp\/v2\/users\/1"}],"replies":[{"embeddable":true,"href":"https:\/\/biblian.is\/gudbrandsbiblia\/wp-json\/wp\/v2\/comments?post=3532"}],"version-history":[{"count":0,"href":"https:\/\/biblian.is\/gudbrandsbiblia\/wp-json\/wp\/v2\/pages\/3532\/revisions"}],"wp:attachment":[{"href":"https:\/\/biblian.is\/gudbrandsbiblia\/wp-json\/wp\/v2\/media?parent=3532"}],"curies":[{"name":"wp","href":"https:\/\/api.w.org\/{rel}","templated":true}]}}