{"id":3530,"date":"2017-12-18T18:33:55","date_gmt":"2017-12-18T18:33:55","guid":{"rendered":"http:\/\/biblian.is\/gudbrandsbiblia\/esekiel-32-kafli\/"},"modified":"2017-12-18T18:33:55","modified_gmt":"2017-12-18T18:33:55","slug":"esekiel-32-kafli","status":"publish","type":"page","link":"https:\/\/biblian.is\/gudbrandsbiblia\/esekiel-32-kafli\/","title":{"rendered":"Esek\u00edel 32. kafli"},"content":{"rendered":"<p>XXXII.<\/p>\n<p>Og \u00fea\u00f0 bar svo til \u00e1 \u00fev\u00ed t\u00f3lfta \u00e1rinu, \u00feann fyrsta daginn \u00ed \u00feeim t\u00f3lfta m\u00e1na\u00f0inum, a\u00f0 or\u00f0 Drottins ske\u00f0i til m\u00edn og sag\u00f0i: <span class=\"athugasemd\" title=\"Fara\u00f3 \/ Supra xxix. xxx. xxxi.\">[<\/span> \u00de\u00fa mannsins son, gj\u00f6r \u00fe\u00fa einn sorgargr\u00e1t yfir konunginum af Egyptalandi og seg \u00fe\u00fa til hans: \u00de\u00fa ert l\u00edka sem eitt le\u00f3n \u00e1 me\u00f0al hei\u00f0inna \u00fej\u00f3\u00f0a og so sem einn sj\u00e1vardreki og st\u00f6kkur \u00ed \u00fe\u00ednum vatsstraumum og r\u00f3tar vatninu me\u00f0 \u00fe\u00ednum f\u00f3tum og gj\u00f6rir \u00fea\u00f0 gruggugt. So segir Drottinn Drottinn: Eg vil kasta m\u00ednu neti yfir \u00feig fyrir einn mikinn mannfj\u00f6lda sem \u00feig skulu reka \u00ed mitt lagnet og eg vil draga \u00feig upp \u00e1 landi\u00f0 og kasta \u00fe\u00e9r upp \u00e1 v\u00f6lluna so a\u00f0 allir fuglar himinsins skulu sitja \u00e1 \u00fe\u00e9r og \u00f6ll d\u00fdrin af j\u00f6r\u00f0unni skulu mettast af \u00fe\u00e9r. Og eg vil kasta \u00fe\u00ednu hr\u00e6i upp \u00e1 fj\u00f6llin og uppfylla dalina me\u00f0 \u00feinni h\u00e6\u00f0. Eg vil gj\u00f6ra landi\u00f0 sem \u00fe\u00fa sveimar inni rautt af \u00fe\u00ednu bl\u00f3\u00f0i allt upp til fjallanna so a\u00f0 l\u00e6kirnir skulu ver\u00f0a fullir af \u00fe\u00e9r. Og n\u00e6r e\u00f0 \u00fea\u00f0 er n\u00fa me\u00f0 \u00f6llu \u00fatgj\u00f6rt um \u00feig \u00fe\u00e1 vil eg byrgja himininn og myrkva hans stj\u00f6rnur og draga fyrir s\u00f3lina me\u00f0 sk\u00fdjunum og tungli\u00f0 skal ekki sk\u00edna. Og \u00f6ll lj\u00f3sin \u00e1 himninum vil eg l\u00e1ta myrk ver\u00f0a yfir \u00fe\u00e9r og eg vil gj\u00f6ra myrkt \u00ed \u00fe\u00ednu landi, segir Drottinn Drottinn. <span class=\"athugasemd\" title=\"Esa. xiii. \/ J\u00f3el ii. \/ Math. xxiiii.\">[<\/span> \u00dear me\u00f0 vil eg skelfa hj\u00f6rtun margra \u00fej\u00f3\u00f0a n\u00e6r a\u00f0 eg l\u00e6t hei\u00f0ingjana formerkja \u00fe\u00edna hefndarpl\u00e1gu og m\u00f6rg \u00feau l\u00f6nd sem \u00fe\u00fa \u00feekkir ekki. Og margt f\u00f3lk skal hr\u00e6tt ver\u00f0a \u00feinna vegna, \u00feeirra konunga skal gr\u00faa fyrir \u00fe\u00e9r n\u00e6r a\u00f0 eg l\u00e6t mitt sver\u00f0 leiftra \u00e1 m\u00f3ti \u00fe\u00e9r og \u00feeir skulu skelfast skyndilegana so a\u00f0 \u00feeirra hj\u00f6rtu skulu ver\u00f0a huglaus af \u00feinni hrasan.<\/p>\n<p>\u00dev\u00ed so segir Drottinn Drottinn: <span class=\"athugasemd\" title=\"Forey\u00f0ing Egyptalands\">[<\/span> Konungsins sver\u00f0 af Bab\u00fdlon skal h\u00e6fa \u00feig og eg vil ni\u00f0ur sl\u00e1 \u00feitt f\u00f3lk fyrir kappanna sver\u00f0um og fyrir allsh\u00e1ttu\u00f0um herv\u00edkingum hei\u00f0inna \u00fej\u00f3\u00f0a. \u00deeir skulu forey\u00f0a vegsemdinni Egyptalands so a\u00f0 allt \u00feess f\u00f3lk skal afm\u00e1\u00f0 ver\u00f0a. Og eg vil fyrirkoma \u00f6llum d\u00fdrum \u00ed hj\u00e1 \u00fev\u00ed st\u00f3ra vatninu so a\u00f0 einskis manns f\u00f3tur og einskis d\u00fdrs klauf skal gj\u00f6ra \u00fea\u00f0 gruggugt. \u00de\u00e1 vil eg hreinsa \u00feeirra v\u00f6tn so a\u00f0 \u00feeirra straumar skulu flj\u00f3ta sem vi\u00f0smj\u00f6r, segir Drottinn Drottinn, n\u00e6r a\u00f0 eg hefi Egypaland \u00ed ey\u00f0i lagt og foreytt \u00fev\u00ed \u00f6llu sem \u00fear er \u00ed landinu og \u00ed hel slegi\u00f0 alla \u00fe\u00e1 sem \u00fear b\u00faa inni, a\u00f0 \u00feeir skulu formerkja a\u00f0 eg er Drottinn. \u00dear ver\u00f0ur ein st\u00f3r eymdarney\u00f0 sem menn mega vel harma, j\u00e1 margar d\u00e6tur hei\u00f0inna \u00fej\u00f3\u00f0a skulu framflytja soddan gr\u00e1t yfir Egyptalandi a\u00f0 menn skulu gr\u00e1ta yfir \u00f6llu \u00feessu f\u00f3lki, segir Drottinn Drottinn.<\/p>\n<p>Og \u00e1 \u00fev\u00ed t\u00f3lfta \u00e1rinu, \u00feann fimmt\u00e1nda daginn \u00ed sama m\u00e1na\u00f0i, \u00fe\u00e1 ske\u00f0i or\u00f0 Drottins til m\u00edn og sag\u00f0i: \u00de\u00fa mannsins son, gr\u00e1t \u00fe\u00fa f\u00f3lki\u00f0 \u00ed Egyptalandi og steyp \u00fev\u00ed ni\u00f0ur me\u00f0 \u00feeim d\u00e6trunum hinna \u00f6flugustu \u00fej\u00f3\u00f0anna undir j\u00f6r\u00f0ina til \u00feeirra sem ofan fara \u00ed gr\u00f6fina. Hvar er n\u00fa \u00fe\u00edn vellysting? Far \u00fe\u00fa ni\u00f0ur og legg \u00feig hj\u00e1 \u00feeim \u00f3umskornu! \u00deeir skulu falla \u00e1 me\u00f0al hinna \u00ed hel slegnu me\u00f0 sver\u00f0inu. \u00dea\u00f0 sver\u00f0i\u00f0 er n\u00fa \u00feegar teki\u00f0 og \u00fev\u00ed er \u00fatrykkt yfir allt \u00feetta f\u00f3lk. \u00dear \u00fat af skulu hinir \u00f6flugu kappar segja \u00ed helv\u00edti me\u00f0ur s\u00ednum me\u00f0hj\u00e1lparm\u00f6nnum, \u00feeir sem allir eru ofan farnir og liggja \u00fear \u00e1 me\u00f0al \u00feeirra \u00f3umskornu og hinn a\u00ed hel slegnu me\u00f0 sver\u00f0inu.<\/p>\n<p>\u00dear liggur Ass\u00far grafinn me\u00f0 \u00f6llu s\u00ednu f\u00f3lki allt um kring sem allir eru \u00ed hel slegnir og fallnir fyrir sver\u00f0i. <span class=\"athugasemd\" title=\"Ass\u00far\">[<\/span> \u00deeirra legsta\u00f0ir eru dj\u00fapir \u00ed gr\u00f6funum og hans f\u00f3lk liggur garfi\u00f0 alla vegana um kring sem allir eru \u00ed hel slegnir og fallnir fyrir sver\u00f0inu, fyrir hverju \u00fea\u00f0 \u00f6ll ver\u00f6ldin var hr\u00e6dd.<\/p>\n<p>\u00dear liggur einnin Elam grafinn me\u00f0 allan sinn flokk allt um kring, \u00feeir sem allir eru slegnir og fallnir fyrir sver\u00f0inu og ni\u00f0ur farnir l\u00edka sem hinir \u00f3umskornu undir j\u00f6r\u00f0ina, fyrir hverjum a\u00f0 \u00f6ll ver\u00f6ldin var hr\u00e6dd. <span class=\"athugasemd\" title=\"Elam\">[<\/span> Og \u00feeir skulu bera s\u00edna sk\u00f6mm me\u00f0ur \u00feeim sem ofan fara \u00ed gr\u00f6fina. \u00deeir voru \u00fear lag\u00f0ir me\u00f0 allan sinn mannfj\u00f6lda \u00e1 me\u00f0al hinna \u00ed hel slegnu og \u00feeir liggja \u00fear grafnir allt um kring og eru allir l\u00edka sem hinir \u00f3umskornu og \u00ed hel slegnir me\u00f0 sver\u00f0inu, fyrir hverjum a\u00f0 einnin \u00fea\u00f0 \u00f6ll ver\u00f6ldin hlaut a\u00f0 vera hr\u00e6dd. Og \u00feeir skulu bera s\u00edna sk\u00f6mm me\u00f0 \u00feeim sem ofan fara \u00ed gr\u00f6fina og vera \u00fear \u00e1 me\u00f0al hinna \u00ed hel slegnu.<\/p>\n<p>\u00dear liggur Mesek og T\u00fabal me\u00f0ur allan \u00feeirra mannfj\u00f6lda, grafnir allt um kring, sem allir eru \u00f3umskornir og \u00ed hel slegnir me\u00f0 sve\u00f0rinu, fyrir hverjum a\u00f0 \u00f6ll ver\u00f6ldin hlaut einnin hr\u00e6dd a\u00f0 vera og allir a\u00f0rir kappar sem fallnir eru \u00e1 me\u00f0al hinna \u00f3umskornu og ofan eru farnir til helv\u00edtis me\u00f0 s\u00ednum hervopnum og \u00feeir e\u00f0 l\u00f6g\u00f0u s\u00edn sver\u00f0 undir s\u00edn h\u00f6fu\u00f0 og \u00feeirra misgj\u00f6rningur er kominn yfir \u00feeirra bein, \u00feeir e\u00f0 einnin voru hr\u00e6\u00f0ilegir kappar \u00ed allri ver\u00f6ldinni, \u00fe\u00f3 hlj\u00f3ta \u00feeir a\u00f0 liggja. <span class=\"athugasemd\" title=\"Mesek \/ T\u00fabal\">[<\/span> Eins so \u00fe\u00e1 skaltu og einnin vissilegana \u00ed sundur kraminn ver\u00f0a \u00e1 me\u00f0al hinna \u00f3umskornu og liggja so \u00e1 milli \u00feeirra sem \u00ed hel slegnir eru me\u00f0 sver\u00f0inu.<\/p>\n<p>\u00dear liggur Ed\u00f3m me\u00f0ur s\u00ednum konungum og \u00f6llum s\u00ednum h\u00f6f\u00f0ingjum \u00e1 me\u00f0al hinna \u00ed hel slegnu me\u00f0 sver\u00f0inu og \u00e1 me\u00f0al hinna \u00f3umskornu, me\u00f0 \u00feeim \u00f6\u00f0rum sem ofan fara \u00ed gr\u00f6fina, hverjir \u00fe\u00f3 hafa veri\u00f0 megtugir, j\u00e1 allir h\u00f6f\u00f0ingjarnir af nor\u00f0rinu hlj\u00f3ta \u00feanga\u00f0 og allir Zidonier sem eru ofan farnir me\u00f0ur hinum \u00ed hel slegnu og \u00feeirra hr\u00e6\u00f0ileg magt er or\u00f0in til skammar og \u00feeir skulu liggja \u00e1 me\u00f0al hinna \u00f3umskornu og \u00feeirra sem \u00ed hel slegnir eru me\u00f0 sver\u00f0inu og bera s\u00edna sk\u00f6mm me\u00f0ur \u00feeim sem ofan \u00ed gr\u00f6fina fara. <span class=\"athugasemd\" title=\"Ed\u00f3m \/ Jere. xlv. \/ Supra xxv.\">[<\/span><\/p>\n<p>\u00deessa skal fara\u00f3 sj\u00e1 og hugga sig me\u00f0 \u00f6llu s\u00ednu f\u00f3lki sem undir honum eru \u00ed hel slegnir me\u00f0 sver\u00f0inu og me\u00f0 \u00f6llu s\u00ednu herli\u00f0i, segir Drottinn Drottinn. <span class=\"athugasemd\" title=\"Fara\u00f3\">[<\/span> \u00dev\u00ed a\u00f0 \u00f6ll ver\u00f6ldin skal enn eitt sinn uggandi um sig fyrir m\u00e9r so a\u00f0 fara\u00f3 og allur hans mannfj\u00f6ldi skal liggja \u00e1 me\u00f0al hinna \u00f3umskornu og \u00ed hj\u00e1 \u00feeim sem eru \u00ed hel slegnir me\u00f0 sver\u00f0inu, segir Drottinn Drottinn.<\/p>\n","protected":false},"excerpt":{"rendered":"<p>XXXII. Og \u00fea\u00f0 bar svo til \u00e1 \u00fev\u00ed t\u00f3lfta \u00e1rinu, \u00feann fyrsta daginn \u00ed \u00feeim t\u00f3lfta m\u00e1na\u00f0inum, a\u00f0 or\u00f0 Drottins ske\u00f0i til m\u00edn og sag\u00f0i: [ \u00de\u00fa mannsins son, gj\u00f6r \u00fe\u00fa einn sorgargr\u00e1t yfir konunginum af Egyptalandi og seg \u00fe\u00fa til hans: \u00de\u00fa ert l\u00edka sem eitt le\u00f3n \u00e1 me\u00f0al hei\u00f0inna \u00fej\u00f3\u00f0a og so sem einn sj\u00e1vardreki og st\u00f6kkur \u00ed \u00fe\u00ednum vatsstraumum og r\u00f3tar vatninu me\u00f0 \u00fe\u00ednum f\u00f3tum og gj\u00f6rir \u00fea\u00f0 gruggugt. So segir Drottinn Drottinn: Eg vil kasta m\u00ednu neti yfir \u00feig fyrir einn mikinn mannfj\u00f6lda sem \u00feig skulu reka \u00ed mitt lagnet og eg vil draga \u00feig upp <a href=\"https:\/\/biblian.is\/gudbrandsbiblia\/esekiel-32-kafli\/\"> [&#8230;]<\/a><\/p>\n","protected":false},"author":1,"featured_media":0,"parent":0,"menu_order":0,"comment_status":"open","ping_status":"open","template":"bibliukaflar.php","meta":{"footnotes":""},"class_list":["post-3530","page","type-page","status-publish","hentry"],"_links":{"self":[{"href":"https:\/\/biblian.is\/gudbrandsbiblia\/wp-json\/wp\/v2\/pages\/3530","targetHints":{"allow":["GET"]}}],"collection":[{"href":"https:\/\/biblian.is\/gudbrandsbiblia\/wp-json\/wp\/v2\/pages"}],"about":[{"href":"https:\/\/biblian.is\/gudbrandsbiblia\/wp-json\/wp\/v2\/types\/page"}],"author":[{"embeddable":true,"href":"https:\/\/biblian.is\/gudbrandsbiblia\/wp-json\/wp\/v2\/users\/1"}],"replies":[{"embeddable":true,"href":"https:\/\/biblian.is\/gudbrandsbiblia\/wp-json\/wp\/v2\/comments?post=3530"}],"version-history":[{"count":0,"href":"https:\/\/biblian.is\/gudbrandsbiblia\/wp-json\/wp\/v2\/pages\/3530\/revisions"}],"wp:attachment":[{"href":"https:\/\/biblian.is\/gudbrandsbiblia\/wp-json\/wp\/v2\/media?parent=3530"}],"curies":[{"name":"wp","href":"https:\/\/api.w.org\/{rel}","templated":true}]}}