{"id":3527,"date":"2017-12-18T18:33:55","date_gmt":"2017-12-18T18:33:55","guid":{"rendered":"http:\/\/biblian.is\/gudbrandsbiblia\/esekiel-29-kafli\/"},"modified":"2017-12-18T18:33:55","modified_gmt":"2017-12-18T18:33:55","slug":"esekiel-29-kafli","status":"publish","type":"page","link":"https:\/\/biblian.is\/gudbrandsbiblia\/esekiel-29-kafli\/","title":{"rendered":"Esek\u00edel 29. kafli"},"content":{"rendered":"<p>XXIX.<\/p>\n<p>\u00c1 \u00fev\u00ed t\u00edunda \u00e1rinu, \u00feann t\u00edunda daginn \u00feess t\u00f3lfta m\u00e1na\u00f0ar, ske\u00f0i or\u00f0 Drottins til m\u00edn og sag\u00f0i: <span class=\"athugasemd\" title=\"Esa. xix. \/ Jere. xlvi.\">[<\/span> \u00de\u00fa mannsins son, set \u00feitt auglit \u00e1 m\u00f3ti fara\u00f3 k\u00f3nginum \u00ed Egyptalandi og sp\u00e1\u00f0u \u00e1 m\u00f3ti h\u00f6num og \u00ed m\u00f3ti \u00f6llu Egyptalandi. <span class=\"athugasemd\" title=\"Fara\u00f3 \/ Egyptaland\">[<\/span> Pr\u00e9dika og seg \u00fe\u00fa: Svo segir Drottinn Drottinn: Sj\u00e1, eg vil koma yfir \u00feig, fara\u00f3 k\u00f3ngur Egyptalands, \u00fe\u00fa hinn mikli dreki sem liggur \u00ed \u00fe\u00ednu vatni og segir: <span class=\"athugasemd\" title=\"a \/ Vatsstraumur) Er Milus og merkir allt Egyptalands k\u00f3ngar\u00edki\">[<\/span> &#8222;Vatsstraumurinn er minn og eg hefi gj\u00f6rt m\u00e9r hann.&#8220; En eg vil leggja \u00fe\u00e9r einn bitil \u00ed munn og l\u00e1ta \u00fe\u00e1 fiskana \u00ed \u00fe\u00ednu vatni lo\u00f0a \u00e1 \u00fe\u00ednu hreistri og eg vil draga \u00feig \u00fat af \u00fe\u00ednum vatsstraum me\u00f0 \u00f6llum \u00feeim fiskunum \u00ed \u00fe\u00ednu vatni sem lo\u00f0a \u00e1 \u00fe\u00ednu hreistri. Eg vil \u00fatkasta \u00fe\u00e9r me\u00f0 \u00fe\u00ednum fiskum \u00far \u00fe\u00ednu vatni burt \u00ed ey\u00f0im\u00f6rkina, \u00e1 landi skaltu falla og ekki upp aftur lesinn n\u00e9 samansafna\u00f0ur ver\u00f0a heldur skaltu ver\u00f0a d\u00fdrunum \u00ed landinu og fuglunum loftsins a\u00f0 tafni og allir \u00feeir sem \u00ed Egyptalandi b\u00faa skulu formerkja a\u00f0 eg er Drottinn, fyrir \u00fea\u00f0 a\u00f0 \u00feeir hafa veri\u00f0 \u00cdsraels h\u00fasi einn reyrstafur hver e\u00f0 brotna\u00f0i n\u00e6r e\u00f0 \u00feeir h\u00e9ldu honum \u00ed hendinni og stakk \u00fe\u00e1 \u00ed gegnum s\u00ed\u00f0una en n\u00e6r e\u00f0 \u00feeir studdu sig \u00fear vi\u00f0 \u00fe\u00e1 brast hann \u00ed sundur og stakk \u00fe\u00e1 \u00ed mja\u00f0mirnar.<\/p>\n<p>\u00dear fyrir segir Drottinn Drottin so: Sj\u00e1 \u00fe\u00fa, eg vil l\u00e1ta sver\u00f0i\u00f0 koma yfir \u00feig og \u00ed burt svipta b\u00e6\u00f0i m\u00f6nnum og f\u00e9na\u00f0i \u00ed \u00fe\u00e9r. Og Egyptaland skal ver\u00f0a a\u00f0 einni ey\u00f0im\u00f6rku og \u00f6r\u00e6fum og \u00feeir skulu formerkja a\u00f0 eg er Drottinn. Fyrir \u00fea\u00f0 a\u00f0 hann segir: &#8222;Vatsstraumurinn er minn og eg er s\u00e1 sem hann gj\u00f6rir.&#8220; \u00dear fyrir sj\u00e1 \u00fe\u00fa, eg vil til vi\u00f0 \u00feig og vi\u00f0 \u00fe\u00edna vatsstrauma og eg vil gj\u00f6ra Egyptaland a\u00f0 ey\u00f0im\u00f6rku og \u00f3bygg\u00f0um, fr\u00e1 turninum til S\u00edenne inn til landamerkjanna Bl\u00e1lands svo a\u00f0 \u00fear skal hverki menn n\u00e9 f\u00e9na\u00f0ur inni ganga e\u00f0a \u00fear inni b\u00faa \u00ed fj\u00f6rut\u00edgi \u00e1r. \u00dev\u00ed a\u00f0 eg vil gj\u00f6ra Egyptaland \u00ed ey\u00f0i og l\u00e1ta \u00feess endim\u00f6rk \u00f3bygg\u00f0 vera og \u00fe\u00e1 sta\u00f0ina \u00ed ey\u00f0i liggja um fj\u00f6rut\u00edgi \u00e1r svo sem a\u00f0ra ey\u00f0ista\u00f0i og eg vil \u00fatsk\u00fafa \u00feeim egypskum \u00e1 me\u00f0al \u00fej\u00f3\u00f0anna og eg vil \u00ed burt tv\u00edstra \u00feeim um l\u00f6ndin.<\/p>\n<p>\u00de\u00f3 segir Drottinn Drottinn so: <span class=\"athugasemd\" title=\"Jere. xlvi.\">[<\/span> N\u00e6r e\u00f0 \u00feau fj\u00f6rut\u00edu \u00e1rin eru umli\u00f0in \u00fe\u00e1 vil eg safna \u00feeim egypskum til samans \u00ed burt fr\u00e1 \u00feeim \u00fej\u00f3\u00f0unum \u00e1 me\u00f0al hverra \u00feeir skulu \u00fatdreif\u00f0ir ver\u00f0a og eg vil sn\u00faa herlei\u00f0ingu \u00feeirra egypskra og flytja \u00fe\u00e1 inn aftur \u00ed landi\u00f0 Patr\u00f3s hvert a\u00f0 er \u00feeirra f\u00f3sturland og \u00fear skulu \u00feeir vera eitt l\u00edti\u00f0 k\u00f3ngsr\u00edki. <span class=\"athugasemd\" title=\"Patr\u00f3s\">[<\/span> \u00devi a\u00f0 \u00feeir skulu vera litlir hj\u00e1 \u00f6\u00f0rum k\u00f3ngar\u00edkjum og ekki meir drottna yfir hei\u00f0num \u00fej\u00f3\u00f0um. Og eg vil gj\u00f6ra \u00fe\u00e1 l\u00edtilsh\u00e1ttar so a\u00f0 \u00feeir skulu ekki drottna yfir \u00fej\u00f3\u00f0unum. So \u00fea\u00f0 \u00cdsraels h\u00fas skal ekki meir treysta upp \u00e1 \u00fe\u00e1 og syndgast so \u00fear me\u00f0 n\u00e6r e\u00f0 \u00feeir halda me\u00f0 \u00feeim. Og \u00feeir skulu formerkja a\u00f0 eg er Drottinn Drottinn.<\/p>\n<p>Og \u00fea\u00f0 bar svo til \u00e1 \u00fev\u00ed tuttugasta og sj\u00f6unda \u00e1rinu, \u00e1 \u00feeim fyrsta deginum \u00feess fyrsta m\u00e1na\u00f0arins a\u00f0 or\u00f0 Drottins ske\u00f0i til m\u00edn og sag\u00f0i: \u00de\u00fa mannsins son, Nabogodonosor k\u00f3ngurinn af Bab\u00fdlon hefur flutt sitt herli\u00f0 fyrir Tyrus me\u00f0 mikilli arm\u00e6\u00f0u so a\u00f0 allra h\u00f6fu\u00f0 eru h\u00e1rlaus or\u00f0in og allra s\u00ed\u00f0ur \u00fereyttar og hans erfi\u00f0ismunir fyrir Tyrus eru hverki honum n\u00e9 hans str\u00ed\u00f0sf\u00f3lki launa\u00f0.<\/p>\n<p>\u00dear fyrir segir Drottinn Drottinn so: Sj\u00e1 \u00fe\u00fa, eg vil gefa Nabogodonosor konunginum af Bab\u00fdlon Egyptaland a\u00f0 hann skal \u00ed burt taka allt \u00feeirra g\u00f3ss, r\u00e6na \u00fea\u00f0 og rupla, svo a\u00f0 hann launi \u00fear me\u00f0 s\u00ednu herli\u00f0i. En honum sj\u00e1lfum vil eg gefa Egyptaland fyrir s\u00edna erfi\u00f0ismuni sem hann hefur haft \u00fear fyrir \u00fev\u00ed a\u00f0 \u00feeir hafa \u00fej\u00f3na\u00f0 m\u00e9r, segir Drottinn Drottinn.<\/p>\n<p>\u00c1 \u00feeim sama t\u00edma vil eg l\u00e1ta \u00fea\u00f0 horni\u00f0 h\u00fassins \u00cdsrael vaxa og eg vil uppl\u00faka \u00fe\u00ednum munni \u00e1 me\u00f0al \u00feeirra og \u00feeir skulu formerkja a\u00f0 eg er Drottinn.<\/p>\n","protected":false},"excerpt":{"rendered":"<p>XXIX. \u00c1 \u00fev\u00ed t\u00edunda \u00e1rinu, \u00feann t\u00edunda daginn \u00feess t\u00f3lfta m\u00e1na\u00f0ar, ske\u00f0i or\u00f0 Drottins til m\u00edn og sag\u00f0i: [ \u00de\u00fa mannsins son, set \u00feitt auglit \u00e1 m\u00f3ti fara\u00f3 k\u00f3nginum \u00ed Egyptalandi og sp\u00e1\u00f0u \u00e1 m\u00f3ti h\u00f6num og \u00ed m\u00f3ti \u00f6llu Egyptalandi. [ Pr\u00e9dika og seg \u00fe\u00fa: Svo segir Drottinn Drottinn: Sj\u00e1, eg vil koma yfir \u00feig, fara\u00f3 k\u00f3ngur Egyptalands, \u00fe\u00fa hinn mikli dreki sem liggur \u00ed \u00fe\u00ednu vatni og segir: [ &#8222;Vatsstraumurinn er minn og eg hefi gj\u00f6rt m\u00e9r hann.&#8220; En eg vil leggja \u00fe\u00e9r einn bitil \u00ed munn og l\u00e1ta \u00fe\u00e1 fiskana \u00ed \u00fe\u00ednu vatni lo\u00f0a \u00e1 \u00fe\u00ednu hreistri <a href=\"https:\/\/biblian.is\/gudbrandsbiblia\/esekiel-29-kafli\/\"> [&#8230;]<\/a><\/p>\n","protected":false},"author":1,"featured_media":0,"parent":0,"menu_order":0,"comment_status":"open","ping_status":"open","template":"bibliukaflar.php","meta":{"footnotes":""},"class_list":["post-3527","page","type-page","status-publish","hentry"],"_links":{"self":[{"href":"https:\/\/biblian.is\/gudbrandsbiblia\/wp-json\/wp\/v2\/pages\/3527","targetHints":{"allow":["GET"]}}],"collection":[{"href":"https:\/\/biblian.is\/gudbrandsbiblia\/wp-json\/wp\/v2\/pages"}],"about":[{"href":"https:\/\/biblian.is\/gudbrandsbiblia\/wp-json\/wp\/v2\/types\/page"}],"author":[{"embeddable":true,"href":"https:\/\/biblian.is\/gudbrandsbiblia\/wp-json\/wp\/v2\/users\/1"}],"replies":[{"embeddable":true,"href":"https:\/\/biblian.is\/gudbrandsbiblia\/wp-json\/wp\/v2\/comments?post=3527"}],"version-history":[{"count":0,"href":"https:\/\/biblian.is\/gudbrandsbiblia\/wp-json\/wp\/v2\/pages\/3527\/revisions"}],"wp:attachment":[{"href":"https:\/\/biblian.is\/gudbrandsbiblia\/wp-json\/wp\/v2\/media?parent=3527"}],"curies":[{"name":"wp","href":"https:\/\/api.w.org\/{rel}","templated":true}]}}