{"id":3524,"date":"2017-12-18T18:33:55","date_gmt":"2017-12-18T18:33:55","guid":{"rendered":"http:\/\/biblian.is\/gudbrandsbiblia\/esekiel-26-kafli\/"},"modified":"2017-12-18T18:33:55","modified_gmt":"2017-12-18T18:33:55","slug":"esekiel-26-kafli","status":"publish","type":"page","link":"https:\/\/biblian.is\/gudbrandsbiblia\/esekiel-26-kafli\/","title":{"rendered":"Esek\u00edel 26. kafli"},"content":{"rendered":"<p>XXVI.<\/p>\n<p>Og \u00fea\u00f0 ske\u00f0i \u00e1 \u00fev\u00ed ellefta \u00e1rinu, \u00feann fyrsta daginn \u00feess fyrsta m\u00e1na\u00f0arins, a\u00f0 or\u00f0 Drottins ske\u00f0i til m\u00edn og sag\u00f0i: <span class=\"athugasemd\" title=\"Esa. Xxiii. \/ Jere. xlvii.\">[<\/span> \u00de\u00fa mannsins son, fyrst \u00fea\u00f0 a\u00f0 Tyrus segir yfir Jer\u00fasalem: &#8222;Heija! Borgarhli\u00f0in f\u00f3lksins eru ni\u00f0urbrotin! N\u00fa er \u00fea\u00f0 komi\u00f0 til m\u00edn, eg fyllunst n\u00fa fyrst h\u00fan er \u00ed ey\u00f0i l\u00f6g\u00f0!&#8220; \u00fear fyrir segir Drottinn Drottinn so: Sj\u00e1 \u00fe\u00fa, eg vil til vi\u00f0 \u00feig, Tyrus, og eg vil flytja yfir \u00feig margar hei\u00f0nar \u00fej\u00f3\u00f0ir l\u00edka svo sem a\u00f0 eitt sj\u00e1varhaf \u00fea\u00f0 forhefur sig me\u00f0 s\u00ednum bylgjum. <span class=\"athugasemd\" title=\"Tyrus\">[<\/span> \u00deeir skulu fordjarfa m\u00farveggina \u00ed Tyro og ofanbrj\u00f3ta hennar turna, j\u00e1 eg vil og einnin \u00fev\u00ed duftinu \u00ed burt feykja sem fyrir henni er og eg vil gj\u00f6ra hana a\u00f0 berum steini og a\u00f0 einum h\u00f3lma \u00ed hafinu \u00fear e\u00f0 \u00feeir mega \u00fatbrei\u00f0a s\u00edn fiskinet. \u00dev\u00ed a\u00f0 eg hefi tala\u00f0 \u00fea\u00f0, segir Drottinn Drottinn. Og h\u00fan skal ver\u00f0a hei\u00f0ingjunum a\u00f0 herfangi og hennar d\u00e6tur sem liggja \u00e1 sl\u00e9ttlendinu skulu drepnar ver\u00f0a fyrir sver\u00f0i og \u00feeir skulu formerkja a\u00f0 eg er Drottinn.<\/p>\n<p>\u00dev\u00ed svo segir Drottinn Drottinn: Sj\u00e1 \u00fe\u00fa, eg vil l\u00e1ta Nab\u00fagodonosor konunginn af Bab\u00fdlon koma yfir Tyro fr\u00e1 nor\u00f0rinu (hann sem er einn konungur yfir \u00f6llum konungum) me\u00f0 v\u00edghesta, vagna og riddarali\u00f0 og me\u00f0 einn mikinn mannfj\u00f6lda. Hann skal \u00ed hel sl\u00e1 \u00fe\u00ednar d\u00e6tur sem \u00e1 sl\u00e9ttlendinu liggja. En \u00e1 m\u00f3ti \u00fe\u00e9r skal hann uppbyggja hervirki og gir\u00f0ingar gj\u00f6ra og herskj\u00f6ldu \u00fatb\u00faa \u00e1 m\u00f3ti \u00fe\u00e9r. Hann skal me\u00f0 <span class=\"athugasemd\" title=\"a \/ ve\u00f0rum) \/ Ve\u00f0ur kallast v\u00edgv\u00e9l me\u00f0 hverri \u00feeir brutu m\u00farveggi for\u00f0um daga\">[<\/span> ve\u00f0rum \u00fe\u00edna m\u00farveggi ni\u00f0urbrj\u00f3ta og \u00fe\u00edna turna me\u00f0ur s\u00ednum hervopnum ofanr\u00edfa. J\u00f3reykur af fj\u00f6ldanum hans v\u00edghesta skal hylja \u00feig. Svo skulu og einnin \u00fe\u00ednir m\u00farveggir skj\u00e1lfa af brakinu v\u00edghestanna riddaranna og hj\u00f3lanna n\u00e6r e\u00f0 hann mun inndraga um \u00fe\u00edn borgarhli\u00f0, l\u00edka sem \u00fea\u00f0 menn plaga inn a\u00f0 draga \u00fat \u00ed einn ni\u00f0urbrotinn sta\u00f0. Hann mun me\u00f0 f\u00f3tunum sinna hesta ni\u00f0urtro\u00f0a \u00f6ll \u00fe\u00edn str\u00e6ti, \u00feitt f\u00f3lk mun hann me\u00f0ur sver\u00f0inu ni\u00f0urdrepa og \u00fe\u00edna sterka st\u00f3lpa a\u00f0 j\u00f6r\u00f0u ofan r\u00edfa. \u00de\u00ednu g\u00f3ssi skulu \u00feeir r\u00e6na og \u00ed burt gr\u00edpa \u00feinn s\u00f6lueyrir. \u00de\u00edna m\u00farveggi skulu \u00feeir ofanbrj\u00f3ta og \u00fe\u00edn fegur\u00f0arh\u00fas ni\u00f0ur r\u00edfa og \u00feeir munu \u00fe\u00ednu m\u00fargrj\u00f3ti, h\u00fasavi\u00f0i og sorpi \u00fatkasta \u00e1 vatni\u00f0. Og svo vil eg gj\u00f6ra einn enda \u00e1 \u00fe\u00ednum s\u00f6nghlj\u00f3\u00f0um og sl\u00e1ttarhlj\u00f3murinn \u00feinnar h\u00f6rpu skal ekki meir heyr\u00f0ur ver\u00f0a. Og eg vil gj\u00f6ra \u00feig a\u00f0 berum steini og a\u00f0 einum h\u00f3lma \u00fear e\u00f0 \u00feeir \u00fatbrei\u00f0a s\u00edn fiskinet \u00e1 so a\u00f0 \u00fe\u00fa skalt ekki meir upp aftur byggjast. \u00dev\u00ed a\u00f0 eg er Drottinn sem \u00feetta talar, segir Drottinn Drottinn.<\/p>\n<p>Svo segir Drottinn Drottinn \u00ed m\u00f3t Tyro: Hva\u00f0 gildir \u00fea\u00f0 a\u00f0 \u00fe\u00e6r eyjarnar munu skelfast vi\u00f0 n\u00e6r e\u00f0 \u00fe\u00fa skalt svo skemmilega falla og \u00fe\u00e1 e\u00f0 \u00fe\u00ednir hinir s\u00e1rum lemstru\u00f0u munu stynja, \u00feeir sem \u00ed \u00fe\u00e9r skulu drepnir ver\u00f0a. Allir \u00feeir h\u00f6f\u00f0ingjarnir vi\u00f0 sj\u00f3inn skulu afsettir ver\u00f0a s\u00ednum st\u00f3lum og af s\u00e9r leggja s\u00edna kyrtla og afkl\u00e6\u00f0a sig s\u00ednum tignarb\u00faningi og ganga \u00ed sorgarkl\u00e6\u00f0um og sitja \u00e1 j\u00f6r\u00f0unni og \u00feeir skulu skelfast vi\u00f0 \u00fea\u00f0 og ugga um sig yfir \u00feinni svo n\u00e6sta skyndilegri hrapan. Og \u00feeir skulu s\u00e1rgr\u00e6tilegana harma \u00feig og segja af \u00fe\u00e9r: &#8222;Av\u00ed, hvernin ert \u00fe\u00fa so me\u00f0 \u00f6llu \u00ed ey\u00f0i or\u00f0inn, \u00fe\u00fa hinn nafnfr\u00e6gi sta\u00f0urinn, sem liggur vi\u00f0 sj\u00f3inn og vart so megtugur \u00e1 sj\u00e1varhafinu me\u00f0ur \u00fe\u00ednum innbyggjurum svo a\u00f0 allt landi\u00f0 var hr\u00e6tt vi\u00f0 \u00feig! Av\u00ed, hversu hr\u00e6ddar voru eyjarnar um sig af \u00feinni hrapan, j\u00e1 \u00feeim eyjunum \u00ed hafinu \u00f3gna\u00f0i \u00fe\u00edn forey\u00f0sla!&#8220;<\/p>\n<p>Svo segir Drottinn Drottinn: Eg vil gj\u00f6ra \u00feig a\u00f0 einum ey\u00f0ista\u00f0 svo sem \u00fe\u00e1 a\u00f0ra sta\u00f0i \u00fear enginn inni b\u00fdr og eg vil l\u00e1ta eitt miki\u00f0 vatsfl\u00f3\u00f0 koma yfir \u00feig svo a\u00f0 mikil v\u00f6tn skulu hylja \u00feig. Og eg vil kasta \u00fe\u00e9r ni\u00f0ur til \u00feeirra sem ofan fara \u00ed gr\u00f6fina, sem er til hinna dau\u00f0u. Eg vil hrinda \u00fe\u00e9r ofan, ni\u00f0ur undir j\u00f6r\u00f0ina, og gj\u00f6ra \u00feig svo sem eina eil\u00edfa ey\u00f0im\u00f6rk me\u00f0ur \u00feeim sem \u00ed gr\u00f6fina ni\u00f0ur fara svo a\u00f0 enginn skuli \u00ed \u00fe\u00e9r b\u00faa. Eg vil gj\u00f6ra \u00feig, \u00fe\u00fa hin pr\u00fd\u00f0ilega, \u00ed landinu lifandi manna, j\u00e1 eg vil gj\u00f6ra \u00feig a\u00f0 skelfingu svo a\u00f0 \u00fe\u00fa skalt ekki meir til vera og n\u00e6r e\u00f0 \u00feeir spyrja a\u00f0 \u00fe\u00e9r \u00fe\u00e1 skulu \u00feeir aldreigi finna \u00feig eil\u00edflegana, segir Drottinn Drottinn.<\/p>\n","protected":false},"excerpt":{"rendered":"<p>XXVI. Og \u00fea\u00f0 ske\u00f0i \u00e1 \u00fev\u00ed ellefta \u00e1rinu, \u00feann fyrsta daginn \u00feess fyrsta m\u00e1na\u00f0arins, a\u00f0 or\u00f0 Drottins ske\u00f0i til m\u00edn og sag\u00f0i: [ \u00de\u00fa mannsins son, fyrst \u00fea\u00f0 a\u00f0 Tyrus segir yfir Jer\u00fasalem: &#8222;Heija! Borgarhli\u00f0in f\u00f3lksins eru ni\u00f0urbrotin! N\u00fa er \u00fea\u00f0 komi\u00f0 til m\u00edn, eg fyllunst n\u00fa fyrst h\u00fan er \u00ed ey\u00f0i l\u00f6g\u00f0!&#8220; \u00fear fyrir segir Drottinn Drottinn so: Sj\u00e1 \u00fe\u00fa, eg vil til vi\u00f0 \u00feig, Tyrus, og eg vil flytja yfir \u00feig margar hei\u00f0nar \u00fej\u00f3\u00f0ir l\u00edka svo sem a\u00f0 eitt sj\u00e1varhaf \u00fea\u00f0 forhefur sig me\u00f0 s\u00ednum bylgjum. [ \u00deeir skulu fordjarfa m\u00farveggina \u00ed Tyro og ofanbrj\u00f3ta hennar turna, j\u00e1 <a href=\"https:\/\/biblian.is\/gudbrandsbiblia\/esekiel-26-kafli\/\"> [&#8230;]<\/a><\/p>\n","protected":false},"author":1,"featured_media":0,"parent":0,"menu_order":0,"comment_status":"open","ping_status":"open","template":"bibliukaflar.php","meta":{"footnotes":""},"class_list":["post-3524","page","type-page","status-publish","hentry"],"_links":{"self":[{"href":"https:\/\/biblian.is\/gudbrandsbiblia\/wp-json\/wp\/v2\/pages\/3524","targetHints":{"allow":["GET"]}}],"collection":[{"href":"https:\/\/biblian.is\/gudbrandsbiblia\/wp-json\/wp\/v2\/pages"}],"about":[{"href":"https:\/\/biblian.is\/gudbrandsbiblia\/wp-json\/wp\/v2\/types\/page"}],"author":[{"embeddable":true,"href":"https:\/\/biblian.is\/gudbrandsbiblia\/wp-json\/wp\/v2\/users\/1"}],"replies":[{"embeddable":true,"href":"https:\/\/biblian.is\/gudbrandsbiblia\/wp-json\/wp\/v2\/comments?post=3524"}],"version-history":[{"count":0,"href":"https:\/\/biblian.is\/gudbrandsbiblia\/wp-json\/wp\/v2\/pages\/3524\/revisions"}],"wp:attachment":[{"href":"https:\/\/biblian.is\/gudbrandsbiblia\/wp-json\/wp\/v2\/media?parent=3524"}],"curies":[{"name":"wp","href":"https:\/\/api.w.org\/{rel}","templated":true}]}}