{"id":3523,"date":"2017-12-18T18:33:55","date_gmt":"2017-12-18T18:33:55","guid":{"rendered":"http:\/\/biblian.is\/gudbrandsbiblia\/esekiel-25-kafli\/"},"modified":"2017-12-18T18:33:55","modified_gmt":"2017-12-18T18:33:55","slug":"esekiel-25-kafli","status":"publish","type":"page","link":"https:\/\/biblian.is\/gudbrandsbiblia\/esekiel-25-kafli\/","title":{"rendered":"Esek\u00edel 25. kafli"},"content":{"rendered":"<p>XXV.<\/p>\n<p>Og or\u00f0 Drottins ske\u00f0i til m\u00edn og sag\u00f0i: <span class=\"athugasemd\" title=\"Amm\u00f3n \/ Jere. Xiv. \/ Supra. Xxi. \/ H\u00e9r tekur sp\u00e1ma\u00f0urinn a\u00f0 sp\u00e1 \u00ed gegn hei\u00f0ingjum sem voru n\u00e1grannar Gy\u00f0inga, allt til hins xxxiii. kap.\">[<\/span> \u00de\u00fa mannsins son, sn\u00fa \u00fe\u00fa \u00fe\u00ednu augliti \u00e1 m\u00f3t Amm\u00f3nsonum og sp\u00e1\u00f0u \u00e1 m\u00f3ti \u00feeim og seg \u00fe\u00fa til Amm\u00f3nsona: Heyri\u00f0 or\u00f0 Drottins! So segir Drottinn Drottinn: Fyrir \u00fea\u00f0 a\u00f0 \u00fe\u00e9r s\u00f6g\u00f0u\u00f0 &#8222;Ha ha!&#8220; yfir m\u00ednum helgid\u00f3mi, a\u00f0 hann v\u00e6ri vanhelga\u00f0ur, og yfir \u00cdsraelslandi a\u00f0 \u00fea\u00f0 v\u00e6ri \u00ed ey\u00f0ilagt og yfir h\u00fasinu J\u00fada a\u00f0 \u00fea\u00f0 s\u00e9 herteki\u00f0 \u00ed burt flutt, \u00fear fyrir sj\u00e1 \u00fe\u00fa, a\u00f0 eg vil gefa \u00feig \u00ed hendur \u00feeirra barnanna af austrinu og \u00feeir skulu byggja s\u00edna kastala og b\u00fasta\u00f0i \u00fear inni. \u00deeir skulu eta \u00feinn \u00e1v\u00f6xt og drekka \u00fe\u00edna mj\u00f3lk. Og eg vil gj\u00f6ra Rabbat a\u00f0 \u00fafaldastalli og sonu Amm\u00f3n til f\u00e9hir\u00f0ara. Og \u00fe\u00e9r skulu so formerkja a\u00f0 eg er Drottinn.<\/p>\n<p>\u00dev\u00ed so segir Drottinn Drottinn: Fyrir \u00fea\u00f0 a\u00f0 \u00fe\u00fa klappa\u00f0ir \u00fe\u00ednum h\u00f6ndum so til samans og sparka\u00f0ir me\u00f0 f\u00f3tunum og hefur so me\u00f0 h\u00e6\u00f0ni glatt \u00feig af \u00f6llu \u00fe\u00ednu hjarta yfir \u00cdsraelslandi, \u00fear fyrir sj\u00e1 \u00fe\u00fa, eg vil uppr\u00e9tta m\u00edna h\u00f6nd yfir \u00feig og gefa \u00feig hei\u00f0num \u00fej\u00f3\u00f0um til hlutskiptis og upprykkja \u00fe\u00e9r fr\u00e1 f\u00f3lkinu og forey\u00f0a \u00fe\u00e9r \u00far landinu og afm\u00e1 \u00feig svo a\u00f0 \u00fe\u00fa skalt formerkja a\u00f0 eg er Drottinn.<\/p>\n<p>Svo segir Drottinn Drottinn: <span class=\"athugasemd\" title=\"M\u00f3ab \/ Esa. Xvi. \/ Jere. xlviii.\">[<\/span> Af \u00fev\u00ed a\u00f0 M\u00f3ab og Se\u00edr segja so: &#8222;Sj\u00e1 \u00fe\u00fa, \u00fea\u00f0 h\u00fasi\u00f0 J\u00fada er l\u00edka so sem allir a\u00f0rir hei\u00f0ingjar!&#8220; sj\u00e1 \u00fe\u00fa, eins \u00fe\u00e1 vil eg opna M\u00f3ab \u00e1 hli\u00f0inni \u00ed hans st\u00f6\u00f0um og \u00ed takm\u00f6rkum \u00feess e\u00f0la landsins, einkum sem er Bet Jes\u00edm\u00f3t, Bael Meon og Kirjata\u00edm, \u00feeim b\u00f6rnunum m\u00f3t austrinu me\u00f0ur Amm\u00f3nsonum og eg vil gefa \u00feeim hana til arfleif\u00f0ar svo a\u00f0 ekki skal meir sona Amm\u00f3n geti\u00f0 ver\u00f0a \u00e1 me\u00f0al hei\u00f0inna \u00fej\u00f3\u00f0a. Og eg vil l\u00e1ta ganga lagad\u00f3m yfir M\u00f3ab og \u00feeir skulu formerkja a\u00f0 eg er Drottinn.<\/p>\n<p>Svo segir Drottinn Drottinn: <span class=\"athugasemd\" title=\"Ed\u00f3m \/ Jere. xlix.\">[<\/span> \u00dear fyrir a\u00f0 Ed\u00f3m hefur hefnt s\u00edn \u00e1 h\u00fasinu J\u00fada og syndgast svo me\u00f0ur sinni hefnd, \u00fear fyrir \u00fe\u00e1 segir Drottinn Drottinn svo: Eg vil \u00fatr\u00e9tta m\u00edna h\u00f6nd yfir Ed\u00f3m og eg vil \u00ed burt svipta \u00fea\u00f0an b\u00e6\u00f0i m\u00f6nnum og f\u00e9na\u00f0i og hana \u00ed ey\u00f0ileggja fr\u00e1 Teman inn til Dedan og fella \u00fe\u00e1 fyrir sver\u00f0i. Og eg vil hefna m\u00edn aftur \u00e1 Ed\u00f3m vegna m\u00edns f\u00f3lks \u00cdsraels og \u00feeir skulu gj\u00f6ra vi\u00f0 Ed\u00f3m eftir minni rei\u00f0i og grimmd svo a\u00f0 \u00feeir skulu formerkja m\u00edna hefnd, segir Drottinn Drottinn.<\/p>\n<p>Svo segir Drottinn Drottinn: <span class=\"athugasemd\" title=\"Philistei \/ Esa. xix.\">[<\/span> Fyrir \u00fea\u00f0 a\u00f0 \u00feeir Philistei hafa hefnt s\u00edn og hefnt svo \u00feess gamla hatursins eftir \u00f6llum s\u00ednum vilja me\u00f0ur ska\u00f0r\u00e6\u00f0i m\u00edns f\u00f3lks, \u00fear fyrir segir Drottinn Drottinn svo: Sj\u00e1 \u00fe\u00fa, eg vil \u00fatr\u00e9tta m\u00edna h\u00f6nd yfir Philisteis og afm\u00e1 \u00fe\u00e1 bardagamenn og eg vil fyrirkoma \u00feeim sem eftir eru or\u00f0nir vi\u00f0 sj\u00e1vars\u00ed\u00f0una og eg vil gj\u00f6ra st\u00f3ra hefnd \u00e1 \u00feeim og refsa \u00feeim me\u00f0 grimmd svo a\u00f0 \u00feeir skulu formerkja a\u00f0 eg er Drottinn \u00fe\u00e1 eg hefi fullgj\u00f6rt m\u00edna hefnd vi\u00f0 \u00fe\u00e1.<\/p>\n","protected":false},"excerpt":{"rendered":"<p>XXV. Og or\u00f0 Drottins ske\u00f0i til m\u00edn og sag\u00f0i: [ \u00de\u00fa mannsins son, sn\u00fa \u00fe\u00fa \u00fe\u00ednu augliti \u00e1 m\u00f3t Amm\u00f3nsonum og sp\u00e1\u00f0u \u00e1 m\u00f3ti \u00feeim og seg \u00fe\u00fa til Amm\u00f3nsona: Heyri\u00f0 or\u00f0 Drottins! So segir Drottinn Drottinn: Fyrir \u00fea\u00f0 a\u00f0 \u00fe\u00e9r s\u00f6g\u00f0u\u00f0 &#8222;Ha ha!&#8220; yfir m\u00ednum helgid\u00f3mi, a\u00f0 hann v\u00e6ri vanhelga\u00f0ur, og yfir \u00cdsraelslandi a\u00f0 \u00fea\u00f0 v\u00e6ri \u00ed ey\u00f0ilagt og yfir h\u00fasinu J\u00fada a\u00f0 \u00fea\u00f0 s\u00e9 herteki\u00f0 \u00ed burt flutt, \u00fear fyrir sj\u00e1 \u00fe\u00fa, a\u00f0 eg vil gefa \u00feig \u00ed hendur \u00feeirra barnanna af austrinu og \u00feeir skulu byggja s\u00edna kastala og b\u00fasta\u00f0i \u00fear inni. \u00deeir skulu eta \u00feinn \u00e1v\u00f6xt <a href=\"https:\/\/biblian.is\/gudbrandsbiblia\/esekiel-25-kafli\/\"> [&#8230;]<\/a><\/p>\n","protected":false},"author":1,"featured_media":0,"parent":0,"menu_order":0,"comment_status":"open","ping_status":"open","template":"bibliukaflar.php","meta":{"footnotes":""},"class_list":["post-3523","page","type-page","status-publish","hentry"],"_links":{"self":[{"href":"https:\/\/biblian.is\/gudbrandsbiblia\/wp-json\/wp\/v2\/pages\/3523","targetHints":{"allow":["GET"]}}],"collection":[{"href":"https:\/\/biblian.is\/gudbrandsbiblia\/wp-json\/wp\/v2\/pages"}],"about":[{"href":"https:\/\/biblian.is\/gudbrandsbiblia\/wp-json\/wp\/v2\/types\/page"}],"author":[{"embeddable":true,"href":"https:\/\/biblian.is\/gudbrandsbiblia\/wp-json\/wp\/v2\/users\/1"}],"replies":[{"embeddable":true,"href":"https:\/\/biblian.is\/gudbrandsbiblia\/wp-json\/wp\/v2\/comments?post=3523"}],"version-history":[{"count":0,"href":"https:\/\/biblian.is\/gudbrandsbiblia\/wp-json\/wp\/v2\/pages\/3523\/revisions"}],"wp:attachment":[{"href":"https:\/\/biblian.is\/gudbrandsbiblia\/wp-json\/wp\/v2\/media?parent=3523"}],"curies":[{"name":"wp","href":"https:\/\/api.w.org\/{rel}","templated":true}]}}