{"id":3519,"date":"2017-12-18T18:33:55","date_gmt":"2017-12-18T18:33:55","guid":{"rendered":"http:\/\/biblian.is\/gudbrandsbiblia\/esekiel-22-kafli\/"},"modified":"2017-12-18T18:33:55","modified_gmt":"2017-12-18T18:33:55","slug":"esekiel-22-kafli","status":"publish","type":"page","link":"https:\/\/biblian.is\/gudbrandsbiblia\/esekiel-22-kafli\/","title":{"rendered":"Esek\u00edel 22. kafli"},"content":{"rendered":"<p>XXII.<\/p>\n<p>Og or\u00f0 Drottins ske\u00f0i til m\u00edn og sag\u00f0i: \u00de\u00fa mannsins son, viltu ekki straffa \u00feann manndr\u00e1pssta\u00f0inn og birta honum allar s\u00ednar sv\u00edvir\u00f0ingar? Seg\u00f0u: Svo segir Drottinn Drottinn: Heyr \u00fe\u00fa sta\u00f0ur, \u00fe\u00fa sem \u00fathellir \u00feinna manna bl\u00f3\u00f0i upp \u00e1 \u00fea\u00f0 a\u00f0 \u00feinn t\u00edmi skuli koma og \u00fe\u00fa sem gj\u00f6rir afgu\u00f0ina hj\u00e1 \u00fe\u00e9r hvar me\u00f0 \u00fe\u00fa saurgar \u00feig. \u00de\u00fa gj\u00f6rir \u00feig sekan \u00ed \u00fev\u00ed bl\u00f3\u00f0inu sem \u00fe\u00fa \u00fathellir og \u00fe\u00fa saurgar \u00feig me\u00f0 \u00feeim afgu\u00f0um sem \u00fe\u00fa gj\u00f6rir. \u00dear me\u00f0 framlei\u00f0ir \u00fe\u00fa \u00fe\u00edna daga og gj\u00f6rir \u00fea\u00f0 so a\u00f0 \u00fe\u00edn \u00e1r hlj\u00f3ta a\u00f0 koma. \u00dear fyrir vil eg gj\u00f6ra \u00feig a\u00f0 einnri h\u00e1\u00f0ung me\u00f0al hei\u00f0ingjanna og til einnrar skammar \u00ed \u00f6llu landinu, b\u00e6\u00f0i n\u00e6rri og fjarri \u00fe\u00e1 skulu \u00feeir h\u00e6\u00f0a \u00feig og \u00fe\u00fa skalt hafa eitt skemmilegt or\u00f0rykti og l\u00ed\u00f0a st\u00f3ra ney\u00f0.<\/p>\n<p>\tSj\u00e1 \u00fe\u00fa, \u00feeir h\u00f6f\u00f0ingjarnir \u00ed \u00cdsrael, hver \u00feeirra er megtugur \u00ed hj\u00e1 \u00fe\u00e9r til a\u00f0 \u00fathella bl\u00f3\u00f0inu. <span class=\"athugasemd\" title=\"Syndirnar h\u00f6f\u00f0ingjanna og l\u00fd\u00f0sins\">[<\/span> \u00deeir fyrirl\u00edta f\u00f6\u00f0ur og m\u00f3\u00f0ur, hinum \u00fatlenda gj\u00f6ra \u00feeir vald og ofr\u00edki, \u00feeir \u00fevinga ekkjur og f\u00f6\u00f0urlaus b\u00f6rn. \u00de\u00fa foraktar minn helgid\u00f3m og saurgar m\u00edna \u00fevottdaga. Svikarar eru \u00e1 me\u00f0al \u00fe\u00edn svo a\u00f0 \u00feeir kunni a\u00f0 \u00fathella bl\u00f3\u00f0inu. \u00deeir eta offri\u00f0 \u00e1 fj\u00f6llunum og h\u00f6ndla \u00ferj\u00f3skusamlegana \u00ed \u00fe\u00e9r. \u00deeir uppfletta blyg\u00f0an fe\u00f0ra sinna og nau\u00f0ga konunum \u00ed \u00feeirra krankd\u00e6mi og \u00feeir fremja sv\u00edvir\u00f0ingar s\u00edn \u00e1 milli, vinur me\u00f0 h\u00fasfreyju s\u00edns vinar. \u00deeir skamma s\u00ednar <span class=\"athugasemd\" title=\"a \/ Sn\u00e6rur) \/ sonakvinnur\">[<\/span> sn\u00e6rur me\u00f0 \u00f6llum m\u00f3t\u00fer\u00f3a, \u00feeir nau\u00f0ga s\u00ednum eigin systrum, \u00feeim d\u00e6trunum s\u00edns f\u00f6\u00f0urs. \u00deeir \u00feiggja m\u00fatur a\u00f0 \u00fathella bl\u00f3\u00f0inu, \u00feeir gj\u00f6ra okur og hafa \u00e1vinning hver \u00e1 \u00f6\u00f0rum og fremja sinn \u00e1girndarf\u00e9dr\u00e1tt vi\u00f0ur s\u00edna n\u00e1unga og hver gj\u00f6rir \u00f6\u00f0rum ofr\u00edki og forgleyma m\u00e9r so, segir Drottinn Drottinn.<\/p>\n<p>\tSj\u00e1 \u00fe\u00fa, eg sl\u00e6 m\u00ednum h\u00f6ndum til samans yfir \u00feeirri \u00e1girndinni sem \u00fe\u00fa fremur og yfir \u00fev\u00ed bl\u00f3\u00f0inu sem \u00fathellt er \u00ed \u00fe\u00e9r. <span class=\"athugasemd\" title=\"Supra xii.\">[<\/span> En \u00feenkir \u00fe\u00fa a\u00f0 \u00feitt hjarta mun kunna a\u00f0 l\u00ed\u00f0a \u00fea\u00f0 e\u00f0a \u00fe\u00ednar hendur f\u00e1i \u00feola\u00f0 \u00fea\u00f0 \u00e1 \u00feeim t\u00edma n\u00e6r a\u00f0 eg vil straffa \u00feig? Eg, Drottinn, hefi tala\u00f0 \u00feetta, eg vil og einnin fullgj\u00f6ra \u00fea\u00f0 og eg vil \u00ed burt dreifa \u00fe\u00e9r \u00e1 me\u00f0al hei\u00f0ingjanna og \u00fat feykja \u00fe\u00e9r um l\u00f6ndin og eg vil gj\u00f6ra einn enda \u00e1 \u00feinni \u00f3\u00feekkt svo a\u00f0 \u00fe\u00fa skalt reiknast b\u00f6lv\u00f6\u00f0 hj\u00e1 hei\u00f0ingjunum og formerkja a\u00f0 eg er Drottinn.<\/p>\n<p>\tOg or\u00f0 Drottins ske\u00f0i til m\u00edn og sag\u00f0i: <span class=\"athugasemd\" title=\"Esa. i.\">[<\/span> \u00de\u00fa mannsins son, \u00cdsraels h\u00fas er m\u00e9r or\u00f0i\u00f0 a\u00f0 fro\u00f0usk\u00fami. Allur \u00feeirra kopar, tin, j\u00e1rn og bl\u00fd er or\u00f0i\u00f0 \u00ed ofninum a\u00f0 silfurfro\u00f0u. \u00dear fyrir segir Drottinn Drottinn svo: Fyrst \u00fe\u00e9r allir eru\u00f0 or\u00f0nir svo sem fro\u00f0usk\u00fam, sj\u00e1 \u00fe\u00fa, \u00fe\u00e1 vil eg safna y\u00f0ur \u00f6llum til samans \u00ed Jer\u00fasalem l\u00edka sem a\u00f0 lagt ver\u00f0ur silfur, kopar, j\u00e1rn, bl\u00fd og tin til samans \u00ed ofninn a\u00f0 \u00fear skuli uppbl\u00e1stast einn eldur undir og \u00ed sundur a\u00f0 smelta \u00fea\u00f0. L\u00edka so vil eg einnin safna y\u00f0ur til samans \u00ed minni grimmd og rei\u00f0i, innleggja og smelta y\u00f0ur, j\u00e1 eg vil safna y\u00f0ur og uppkveikja minn rei\u00f0innar eld \u00e1 me\u00f0al y\u00f0ar svo a\u00f0 \u00fe\u00e9r skulu\u00f0 \u00fear inni br\u00e1\u00f0na ni\u00f0ur. L\u00edka sem a\u00f0 silfur \u00fea\u00f0 br\u00e1\u00f0nar ni\u00f0ur \u00ed ofninum eins l\u00edka svo skulu \u00fe\u00e9r einnin ni\u00f0urbr\u00e1\u00f0na \u00fear inni og vita a\u00f0 eg, Drottinn, hafi \u00fathellt minni grimmd yfir y\u00f0ur.<\/p>\n<p>\tOg or\u00f0 Drottins ske\u00f0i til m\u00edn og sag\u00f0i: \u00de\u00fa mannsins son, seg \u00fe\u00fa til \u00feeirra: \u00de\u00fa ert \u00fea\u00f0 land sem ekki kann hreinsa\u00f0 a\u00f0 ver\u00f0a, l\u00edka sem eitthva\u00f0 \u00fea\u00f0 sem ekki ver\u00f0ur hreinsa\u00f0 \u00e1 rei\u00f0innar t\u00edma. <span class=\"athugasemd\" title=\"Mich. iii.\">[<\/span> \u00deeir prophetarnir sem eru \u00fear inni hafa samteki\u00f0 me\u00f0 s\u00e9r a\u00f0 upp eta s\u00e1lirnar, l\u00edka sem grenjanda le\u00f3n n\u00e6r e\u00f0 \u00fea\u00f0 tekur s\u00e9r br\u00e1\u00f0. <span class=\"athugasemd\" title=\"Sp\u00e1mennirnir\">[<\/span> \u00deeir hrifsa g\u00f3ss og peninga til s\u00edn og gj\u00f6ra \u00fear margar ekkjur inni. \u00deeirra prestar umsn\u00faa me\u00f0 ofdirf\u00f0 m\u00ednu l\u00f6gm\u00e1li og saurga minn helgid\u00f3m. <span class=\"athugasemd\" title=\"Prestarnir\">[<\/span> \u00deeir halda \u00f6ngvan greinarmun \u00e1 millum \u00feess sem heilagt er og hins sem \u00f3heilagt er og \u00feeir kenna ekki hva\u00f0 hreint e\u00f0ur \u00f3hreint er og \u00feeir var\u00f0veita ekki m\u00edna \u00fevottdaga og eg ver\u00f0 vanhelga\u00f0ur \u00e1 me\u00f0al \u00feeirra. \u00deeirra h\u00f6f\u00f0ingjar eru \u00fear inni l\u00edka sem glefsandi vargar til a\u00f0 \u00fathella bl\u00f3\u00f0inu og fyrirfara s\u00e1lunum fyrir \u00feeirra \u00e1girndar sakir. <span class=\"athugasemd\" title=\"H\u00f6f\u00f0ingjarnir\">[<\/span><\/p>\n<p>\tOg \u00feeirra prophetar m\u00fara \u00fe\u00e1 me\u00f0 lausheldu kalkl\u00edmi, pr\u00e9dika h\u00e9g\u00f3mafr\u00e9ttir og sp\u00e1 \u00feeim lygar og segja: &#8222;Svo segir Drottinn Drottinn&#8220; \u00fe\u00f3 a\u00f0 Drottinn hafi \u00fea\u00f0 ekki tala\u00f0. F\u00f3lki\u00f0 \u00ed landinu veitir yfirgang og r\u00e6nir me\u00f0 ofbeldi, \u00feeir k\u00faga hinn f\u00e1t\u00e6ka og hinn vola\u00f0a og gj\u00f6ra hinum \u00fatlenda ofr\u00edki og rangindi. <span class=\"athugasemd\" title=\"Landsl\u00fd\u00f0urinn\">[<\/span> Eg leita\u00f0i \u00e1 me\u00f0al \u00feeirra hvort nokkur setti sig m\u00farvegg m\u00e9r \u00ed gegn vegna landsins so a\u00f0 eg skyldi ei fordjarfa \u00fea\u00f0. En eg fann \u00f6ngvan. \u00dear fyrir \u00fathellti eg minni rei\u00f0i yfir \u00fe\u00e1 og eg gj\u00f6r\u00f0i einn enda \u00e1 \u00feeim me\u00f0 m\u00ednum heiftareldi og gaf \u00feeim svo \u00feeirra for\u00fe\u00e9nu\u00f0 laun yfir \u00feeirra h\u00f6fu\u00f0, segir Drottinn Drottinn.<\/p>\n","protected":false},"excerpt":{"rendered":"<p>XXII. Og or\u00f0 Drottins ske\u00f0i til m\u00edn og sag\u00f0i: \u00de\u00fa mannsins son, viltu ekki straffa \u00feann manndr\u00e1pssta\u00f0inn og birta honum allar s\u00ednar sv\u00edvir\u00f0ingar? Seg\u00f0u: Svo segir Drottinn Drottinn: Heyr \u00fe\u00fa sta\u00f0ur, \u00fe\u00fa sem \u00fathellir \u00feinna manna bl\u00f3\u00f0i upp \u00e1 \u00fea\u00f0 a\u00f0 \u00feinn t\u00edmi skuli koma og \u00fe\u00fa sem gj\u00f6rir afgu\u00f0ina hj\u00e1 \u00fe\u00e9r hvar me\u00f0 \u00fe\u00fa saurgar \u00feig. \u00de\u00fa gj\u00f6rir \u00feig sekan \u00ed \u00fev\u00ed bl\u00f3\u00f0inu sem \u00fe\u00fa \u00fathellir og \u00fe\u00fa saurgar \u00feig me\u00f0 \u00feeim afgu\u00f0um sem \u00fe\u00fa gj\u00f6rir. \u00dear me\u00f0 framlei\u00f0ir \u00fe\u00fa \u00fe\u00edna daga og gj\u00f6rir \u00fea\u00f0 so a\u00f0 \u00fe\u00edn \u00e1r hlj\u00f3ta a\u00f0 koma. \u00dear fyrir vil eg gj\u00f6ra \u00feig a\u00f0 <a href=\"https:\/\/biblian.is\/gudbrandsbiblia\/esekiel-22-kafli\/\"> [&#8230;]<\/a><\/p>\n","protected":false},"author":1,"featured_media":0,"parent":0,"menu_order":0,"comment_status":"open","ping_status":"open","template":"bibliukaflar.php","meta":{"footnotes":""},"class_list":["post-3519","page","type-page","status-publish","hentry"],"_links":{"self":[{"href":"https:\/\/biblian.is\/gudbrandsbiblia\/wp-json\/wp\/v2\/pages\/3519","targetHints":{"allow":["GET"]}}],"collection":[{"href":"https:\/\/biblian.is\/gudbrandsbiblia\/wp-json\/wp\/v2\/pages"}],"about":[{"href":"https:\/\/biblian.is\/gudbrandsbiblia\/wp-json\/wp\/v2\/types\/page"}],"author":[{"embeddable":true,"href":"https:\/\/biblian.is\/gudbrandsbiblia\/wp-json\/wp\/v2\/users\/1"}],"replies":[{"embeddable":true,"href":"https:\/\/biblian.is\/gudbrandsbiblia\/wp-json\/wp\/v2\/comments?post=3519"}],"version-history":[{"count":0,"href":"https:\/\/biblian.is\/gudbrandsbiblia\/wp-json\/wp\/v2\/pages\/3519\/revisions"}],"wp:attachment":[{"href":"https:\/\/biblian.is\/gudbrandsbiblia\/wp-json\/wp\/v2\/media?parent=3519"}],"curies":[{"name":"wp","href":"https:\/\/api.w.org\/{rel}","templated":true}]}}