{"id":3516,"date":"2017-12-18T18:33:55","date_gmt":"2017-12-18T18:33:55","guid":{"rendered":"http:\/\/biblian.is\/gudbrandsbiblia\/esekiel-19-kafli\/"},"modified":"2017-12-18T18:33:55","modified_gmt":"2017-12-18T18:33:55","slug":"esekiel-19-kafli","status":"publish","type":"page","link":"https:\/\/biblian.is\/gudbrandsbiblia\/esekiel-19-kafli\/","title":{"rendered":"Esek\u00edel 19. kafli"},"content":{"rendered":"<p>XIX.<\/p>\n<p>En \u00fe\u00fa, gj\u00f6r einn hrygg\u00f0argr\u00e1t yfir \u00cdsraelsh\u00f6f\u00f0ingjum og seg \u00fe\u00fa: Hvar fyrir liggur \u00fe\u00edn m\u00f3\u00f0ir le\u00f3ninnan \u00e1 me\u00f0al le\u00f3nanna og uppelur s\u00edna le\u00f3nshv\u00f6lpa? H\u00fan uppf\u00e6ddi einn af \u00feeim og \u00fear af var\u00f0 eitt <span class=\"athugasemd\" title=\"a \/ Ungt le\u00f3n \/ Merkir J\u00f3akas k\u00f3nginn J\u00fada hvern e\u00f0 Egyptalandsk\u00f3ngur burt flutti\">[<\/span> ungt le\u00f3n. Hann vandi sig \u00e1 \u00fea\u00f0 a\u00f0 r\u00edfa menn \u00ed sundur og eta \u00fe\u00e1. En \u00fe\u00e1 e\u00f0 hei\u00f0ingjarnir heyr\u00f0u n\u00fa \u00feetta af honum n\u00e1\u00f0u \u00feeir honum \u00ed s\u00ednum t\u00e1lgr\u00f6fum og fluttu hann \u00ed j\u00e1rnvi\u00f0jum til Egyptalands.<\/p>\n<p>\t\u00de\u00e1 e\u00f0 hans m\u00f3\u00f0ir s\u00e1 n\u00fa a\u00f0 hennar von var \u00fati \u00fear e\u00f0 h\u00fan haf\u00f0i lengi eftir vona\u00f0 \u00fe\u00e1 t\u00f3k h\u00fan einn <span class=\"athugasemd\" title=\"b \/ Annan) \/ \u00dea\u00f0 er J\u00f3ak\u00edm hvern e\u00f0 Nabagodonosor herleiddi\">[<\/span> annan af s\u00ednum hv\u00f6lpum og gj\u00f6r\u00f0i eitt ungt le\u00f3n af honum. \u00de\u00e1 e\u00f0 hann gekk n\u00fa \u00e1 me\u00f0al le\u00f3nanna \u00fe\u00e1 var\u00f0 hann eitt ungt le\u00f3n. Hann vandi sig og \u00e1 \u00fea\u00f0 a\u00f0 r\u00edfa f\u00f3lk \u00ed sundur og \u00e9ta \u00fea\u00f0, hann l\u00e6r\u00f0i og \u00fea\u00f0 a\u00f0 \u00feekkja \u00feeirra ekkjur og \u00ed ey\u00f0ileggja \u00feeirra sta\u00f0i so a\u00f0 landi\u00f0 og allt \u00fea\u00f0 sem \u00fear var inni hr\u00e6ddist hans grimmdarhlj\u00f3\u00f0. \u00de\u00e1 l\u00f6g\u00f0u hei\u00f0ingjarnir sig af \u00f6llum l\u00f6ndum allt \u00ed kringum hann og k\u00f6stu\u00f0u einu lagneti yfir hann og n\u00e1\u00f0u honum svo \u00ed s\u00ednum t\u00e1lgr\u00f6fum og hnepptu hann bundinn \u00fat \u00ed eina j\u00e1rnvi\u00f0jagrind og fluttu hann so til konungsins af Bab\u00fdlon og \u00feeir l\u00e9tu innibyrgja hann so a\u00f0 hans raust skyldi ekki meir heyrast \u00e1 \u00cdsraelsfj\u00f6llum.<\/p>\n<p>\t\u00de\u00edn m\u00f3\u00f0ir var sem eitt v\u00ednvi\u00f0artr\u00e9 eins l\u00edka sem \u00fe\u00fa, gr\u00f3\u00f0sett hj\u00e1 vatninu og \u00feess \u00e1v\u00f6xt og greinir \u00fe\u00e6r spruttu af \u00fev\u00ed mikla vatninu so a\u00f0 \u00feess kvistir blifu so sterkir a\u00f0 \u00feeir dug\u00f0u til stj\u00f3rnarsprota yfirvaldsherranna og ur\u00f0u h\u00e1vir \u00e1 me\u00f0al kvistanna. Og \u00fe\u00e1 er \u00feeir s\u00e1u a\u00f0 \u00fea\u00f0 var svo h\u00e1tt og haf\u00f0i svo marga kvistu var\u00f0 \u00fev\u00ed uppskipt og \u00ed sundurrifi\u00f0 \u00ed grimmdarrei\u00f0i og varpa\u00f0 ni\u00f0ur til jar\u00f0ar og \u00ed burt kasta\u00f0. Austanvindurinn upp\u00feurrka\u00f0i \u00e1v\u00f6xtinn \u00fear \u00e1 og \u00fe\u00e6r hinar sterku greinirnar \u00fear \u00e1 ur\u00f0u \u00ed sundurbrotnar so a\u00f0 \u00fe\u00e6r visnu\u00f0u og uppbrenndust. En n\u00fa er \u00fea\u00f0 gr\u00f3\u00f0settt \u00e1 ey\u00f0im\u00f6rkinni, \u00ed einu \u00feurru \u00feyrstugu landi. Og \u00fear er einn eldur \u00fatgenginn af \u00feeim sterku kvistunum \u00fear upp \u00e1 sem foreyddi \u00feeim \u00e1vextinum sem \u00fear var \u00e1 svo a\u00f0 \u00fear er enginn sterkur kvistur \u00e1 \u00fev\u00ed meir sem h\u00e6fur er til eins stj\u00f3rnunarsprota. \u00dea\u00f0 sama er einn aumlegur og h\u00f6rmulegur hlutur.<\/p>\n","protected":false},"excerpt":{"rendered":"<p>XIX. En \u00fe\u00fa, gj\u00f6r einn hrygg\u00f0argr\u00e1t yfir \u00cdsraelsh\u00f6f\u00f0ingjum og seg \u00fe\u00fa: Hvar fyrir liggur \u00fe\u00edn m\u00f3\u00f0ir le\u00f3ninnan \u00e1 me\u00f0al le\u00f3nanna og uppelur s\u00edna le\u00f3nshv\u00f6lpa? H\u00fan uppf\u00e6ddi einn af \u00feeim og \u00fear af var\u00f0 eitt [ ungt le\u00f3n. Hann vandi sig \u00e1 \u00fea\u00f0 a\u00f0 r\u00edfa menn \u00ed sundur og eta \u00fe\u00e1. En \u00fe\u00e1 e\u00f0 hei\u00f0ingjarnir heyr\u00f0u n\u00fa \u00feetta af honum n\u00e1\u00f0u \u00feeir honum \u00ed s\u00ednum t\u00e1lgr\u00f6fum og fluttu hann \u00ed j\u00e1rnvi\u00f0jum til Egyptalands. \u00de\u00e1 e\u00f0 hans m\u00f3\u00f0ir s\u00e1 n\u00fa a\u00f0 hennar von var \u00fati \u00fear e\u00f0 h\u00fan haf\u00f0i lengi eftir vona\u00f0 \u00fe\u00e1 t\u00f3k h\u00fan einn [ annan af s\u00ednum hv\u00f6lpum og <a href=\"https:\/\/biblian.is\/gudbrandsbiblia\/esekiel-19-kafli\/\"> [&#8230;]<\/a><\/p>\n","protected":false},"author":1,"featured_media":0,"parent":0,"menu_order":0,"comment_status":"open","ping_status":"open","template":"bibliukaflar.php","meta":{"footnotes":""},"class_list":["post-3516","page","type-page","status-publish","hentry"],"_links":{"self":[{"href":"https:\/\/biblian.is\/gudbrandsbiblia\/wp-json\/wp\/v2\/pages\/3516","targetHints":{"allow":["GET"]}}],"collection":[{"href":"https:\/\/biblian.is\/gudbrandsbiblia\/wp-json\/wp\/v2\/pages"}],"about":[{"href":"https:\/\/biblian.is\/gudbrandsbiblia\/wp-json\/wp\/v2\/types\/page"}],"author":[{"embeddable":true,"href":"https:\/\/biblian.is\/gudbrandsbiblia\/wp-json\/wp\/v2\/users\/1"}],"replies":[{"embeddable":true,"href":"https:\/\/biblian.is\/gudbrandsbiblia\/wp-json\/wp\/v2\/comments?post=3516"}],"version-history":[{"count":0,"href":"https:\/\/biblian.is\/gudbrandsbiblia\/wp-json\/wp\/v2\/pages\/3516\/revisions"}],"wp:attachment":[{"href":"https:\/\/biblian.is\/gudbrandsbiblia\/wp-json\/wp\/v2\/media?parent=3516"}],"curies":[{"name":"wp","href":"https:\/\/api.w.org\/{rel}","templated":true}]}}