{"id":3515,"date":"2017-12-18T18:33:55","date_gmt":"2017-12-18T18:33:55","guid":{"rendered":"http:\/\/biblian.is\/gudbrandsbiblia\/esekiel-18-kafli\/"},"modified":"2017-12-18T18:33:55","modified_gmt":"2017-12-18T18:33:55","slug":"esekiel-18-kafli","status":"publish","type":"page","link":"https:\/\/biblian.is\/gudbrandsbiblia\/esekiel-18-kafli\/","title":{"rendered":"Esek\u00edel 18. kafli"},"content":{"rendered":"<p>XVIII.<\/p>\n<p>Og or\u00f0 Drottins ske\u00f0i til m\u00edn og sag\u00f0i: <span class=\"athugasemd\" title=\"Esek li.\">[<\/span> Hva\u00f0a m\u00e1lsh\u00e6tti er \u00fea\u00f0 \u00fe\u00e9r hafi \u00ed \u00cdsraelslandi og segi\u00f0: &#8222;Fe\u00f0urnir \u00e1tu \u00fea\u00f0 beiska v\u00ednberi\u00f0 en barnanna tennur hafa slj\u00f3vgast \u00fear af&#8220;? So sannarlega sem eg lifi, segir Drottinn Drottinn, \u00fe\u00e1 skal svoddan m\u00e1lsh\u00e1ttur ekki meir ganga \u00e1 me\u00f0al y\u00f0ar \u00ed \u00cdsrael. \u00dev\u00ed sj\u00e1i\u00f0, allar s\u00e1lir eru m\u00ednar, f\u00f6\u00f0ursins s\u00e1l er jafnvel m\u00edn svo sem s\u00e1lin sonarins. S\u00fa s\u00e1l sem syndgast h\u00fan skal deyja.<\/p>\n<p>\tN\u00e6r e\u00f0 nokkur er n\u00fa fr\u00f3mur og breytir vel og r\u00e9ttv\u00edslega, hver a\u00f0 eigi etur \u00e1 fj\u00f6llunum, hver e\u00f0 eigi upplyftir s\u00ednum augum til afgu\u00f0anna h\u00fassins \u00cdsraels og saurgar eigi eiginkonu n\u00e1unga s\u00edns og liggur eigi me\u00f0 konunni \u00ed hennar krankleika, hver e\u00f0 \u00f6ngvum manni gj\u00f6rir ska\u00f0r\u00e6\u00f0i, hver e\u00f0 skuldamanninum f\u00e6r sinn pant aftur, hver a\u00f0 ekki gr\u00edpur neitt fyrir \u00f6\u00f0rum me\u00f0 valdi, hv\u00f6r e\u00f0 \u00fatskiptir s\u00ednu brau\u00f0i me\u00f0 hungru\u00f0um og kl\u00e6\u00f0ir \u00feann sem nakinn er, hver a\u00f0 ekki fremur neitt okur, hver a\u00f0 ekki tekur nokkurs manns \u00e1bata fr\u00e1 honum, hver a\u00f0 \u00ed burt sn\u00fdr sinni hendi fr\u00e1 r\u00f6ngu, hver a\u00f0 d\u00e6mir r\u00e9tt \u00e1 milli annarra manna, hver a\u00f0 gengur eftir m\u00ednum r\u00e9ttindum og heldur m\u00edn bo\u00f0or\u00f0 a\u00f0 hann gj\u00f6ri \u00fear alvarlegana eftir, s\u00e1 er r\u00e9ttl\u00e1tur, hann skal lifa, segir Drottinn Drottinn.<\/p>\n<p>\tEn ef hann getur einn son og ver\u00f0i hann einn mor\u00f0ingi sem \u00fathellir bl\u00f3\u00f0inu e\u00f0a gj\u00f6rir eitthvert \u00fat af \u00feessum illskuverkum og gj\u00f6rir ekki neitt af hinum \u00f6\u00f0rum heldur etur \u00e1 fj\u00f6llum uppi og saurgar h\u00fasfreyju n\u00e1unga s\u00edns, gj\u00f6rir ska\u00f0r\u00e6\u00f0i hinum f\u00e1t\u00e6ka og vola\u00f0a, tekur nokku\u00f0 me\u00f0 valdi, gefur ekki \u00fea\u00f0 aftur sem til panta var sett, upplyftir s\u00ednum augum til afgu\u00f0anna hvar me\u00f0 hann gj\u00f6rir eina sv\u00edvir\u00f0ing, l\u00e1nar \u00fat me\u00f0 okran, leitar \u00e1vinnings, skyldi s\u00e1 lifa? Hann skal ekki lifa, heldur me\u00f0 \u00fev\u00ed hann gj\u00f6r\u00f0i alla svoddan sv\u00edvir\u00f0ing \u00fe\u00e1 skal hann dau\u00f0a deyja, hans bl\u00f3\u00f0 skal yfir honum vera.<\/p>\n<p>\tEn ef hann getur einn son sem s\u00e9r allar svoddan syndir \u00fe\u00e6r e\u00f0 hans fa\u00f0ir gj\u00f6rir og er \u00f3ttasleginn \u00fea\u00f0 hann gj\u00f6ri eigi so, etur ekki \u00e1 fj\u00f6llum uppi og hefur ekki s\u00edn augu upp til \u00feeirra afgu\u00f0anna h\u00fassins \u00cdsraels, saurgar ekki eiginkonu n\u00e1unga s\u00edns, gj\u00f6rir \u00f6ngum ska\u00f0r\u00e6\u00f0i og heldur ekki inni \u00fev\u00ed sem \u00ed panta var sett, tekur ekki neitt me\u00f0 valdi, \u00fatskiptir s\u00ednu brau\u00f0i me\u00f0 hungru\u00f0um og kl\u00e6\u00f0ir \u00feann sem nakinn er, \u00ed burt sn\u00fdr sinni hendi fr\u00e1 r\u00f6ngu, tekur ekki upp \u00e1 okur og \u00e1vinning heldur var\u00f0veitir m\u00edn bo\u00f0or\u00f0 og lifir eftir m\u00ednum r\u00e9ttindum, s\u00e1 skal ekki deyja fyrir s\u00edns f\u00f6\u00f0urs misgj\u00f6r\u00f0a sakir, heldur lifa. En hans fa\u00f0ir sem rangindin og ofr\u00edki\u00f0 framdi og gj\u00f6r\u00f0i \u00fea\u00f0 \u00e1 me\u00f0al s\u00edns f\u00f3lks sem ekki dug\u00f0i, sj\u00e1 \u00fe\u00fa, s\u00e1 hinn sami skal deyja fyrir sinna misgj\u00f6r\u00f0a sakir.<\/p>\n<p>\tSo segi \u00fe\u00e9r: &#8222;Hvar fyrir skal sonurinn ei bera s\u00edns f\u00f6\u00f0urs misgj\u00f6rning?&#8220; Fyrir \u00fea\u00f0 a\u00f0 ahnn gj\u00f6r\u00f0i vel og r\u00e9ttv\u00edslega og hann h\u00e9lt og gj\u00f6r\u00f0i \u00f6ll m\u00edn r\u00e9ttindi, \u00fe\u00e1 skal hann lifa. \u00dev\u00ed a\u00f0 hver s\u00e1la sem syndgast h\u00fan skal deyja. Sonurinn skal ekki bera f\u00f6\u00f0ursins rangl\u00e6ti og fa\u00f0irinn skal ei bera sonarins rangl\u00e6ti heldur skal r\u00e9ttl\u00e6ti\u00f0 hins r\u00e9ttfer\u00f0uga vera yfir honum og \u00fea\u00f0 rangl\u00e6ti\u00f0 hins rangl\u00e1ta skal vera yfir honum. <span class=\"athugasemd\" title=\"iii. Reg. iiii. \/ ii. Para. xxv.\">[<\/span><\/p>\n<p>\tEn ef s\u00e1 hinn \u00f3gu\u00f0legi \u00ed burt sn\u00fdr s\u00e9r fr\u00e1 \u00f6llum s\u00ednum syndum sem hann hefur gj\u00f6rt og var\u00f0veitir \u00f6ll m\u00edn bo\u00f0or\u00f0 og gj\u00f6rir vel og r\u00e9ttv\u00edslega \u00fe\u00e1 skal hann lifa en ekki deyja. Allar hans illgj\u00f6r\u00f0ir sem hann hefur gj\u00f6rt skulu ekki \u00ed minni festar ver\u00f0a heldur skal hann lifa fyrir s\u00edns r\u00e9ttl\u00e6tis sakir sem hann gj\u00f6rir. \u00deenkir \u00fe\u00fa \u00fea\u00f0 eg hafi \u00fe\u00f3knan \u00e1 dua\u00f0a hins \u00f3gu\u00f0lega, segir Drottinn Drottinn, og ekki miklu heldur a\u00f0 hann \u00ed burt sn\u00fai s\u00e9r fr\u00e1 s\u00ednu ath\u00e6fi og lifi? <span class=\"athugasemd\" title=\"S\u00e1l. xxx. \/ Esek. xxxiii.\">[<\/span><\/p>\n<p>\tOg ef hinn r\u00e9ttfer\u00f0ugi \u00ed burt sn\u00fdr s\u00e9r fr\u00e1 sinni r\u00e9ttv\u00edsi og breytir vondslegana og lifir eftir \u00f6llum \u00feeim sv\u00edvir\u00f0ingum sem hinn \u00f3gu\u00f0legi hann gj\u00f6rir, skyldi hann lifa? J\u00e1, \u00f6ll hans r\u00e9ttv\u00edsi sem hann hefur gj\u00f6rt skal ekki \u00ed minni leggjast heldur skal hann deyja \u00ed s\u00ednum misgj\u00f6rningum og syndum sem hann hefur gj\u00f6rt. En \u00fe\u00f3 segi \u00fe\u00e9r a\u00f0 Drottinn h\u00f6ndli ekki r\u00e9ttilega.<\/p>\n<p>\tSvo heyri\u00f0 n\u00fa, \u00fe\u00e9r af h\u00fasi \u00cdsraels: Er \u00fea\u00f0 eigi svo? Eg hefi r\u00e9tt en \u00fe\u00e9r hafi\u00f0 \u00f3r\u00e9tt. \u00dev\u00ed n\u00e6r e\u00f0 hinn r\u00e9ttfer\u00f0ugi sn\u00fdr s\u00e9r \u00ed burt fr\u00e1 sinni r\u00e9ttv\u00edsi og breytir vondslegana \u00fe\u00e1 hl\u00fdtur hann a\u00f0 deyja. En \u00fe\u00f3 skal hann deyja fyrir sakir sj\u00e1lfs sinnar illsku sem hann gj\u00f6r\u00f0i. \u00dear \u00ed m\u00f3ti, n\u00e6r e\u00f0 hinn \u00f3gu\u00f0legi \u00ed burt sn\u00fdr s\u00e9r fr\u00e1 sinni \u00f3r\u00e9ttv\u00edsi sem hann hefur gj\u00f6rt og breytir n\u00fa vel og r\u00e9ttv\u00edslega \u00fe\u00e1 skal hann ahlda sinni s\u00e1lu lifandi. \u00dev\u00ed fyrst hann s\u00e9r sig um og \u00ed burt sn\u00fdr s\u00e9r fr\u00e1 allri sinni illsku sem hann hefur gj\u00f6rt \u00fe\u00e1 skal hann lifa en ekki deyja.<\/p>\n<p>\tEn \u00fe\u00f3 segja \u00feeir af \u00cdsraels h\u00fasi a\u00f0 Drottinn hann h\u00f6ndli ekki r\u00e9tt. Skyldi eg hafa \u00f3r\u00e9tt? \u00de\u00e9r af \u00cdsraels h\u00fasi hafi\u00f0 \u00f3r\u00e9tt. \u00dear fyrir vil eg d\u00e6ma y\u00f0ur, \u00fe\u00e9r af h\u00fasi \u00cdsraels, hvern eftir sinni tilverkan, segir Drottinn Drottinn. \u00dear fyrir \u00fe\u00e1 umvendi\u00f0 y\u00f0ur af \u00f6llum y\u00f0ar l\u00f6gbrotum svo a\u00f0 \u00fe\u00e9r falli\u00f0 ekki fyrir y\u00f0vara misgj\u00f6r\u00f0a sakir. <span class=\"athugasemd\" title=\"I\u00f0runar\u00e1minning\">[<\/span> Burt fleygi\u00f0 fr\u00e1 y\u00f0ur \u00f6llum y\u00f0ar yfirtro\u00f0slum me\u00f0ur hverjum \u00fe\u00e9r hafi\u00f0 afvega gengi\u00f0 og gj\u00f6ri\u00f0 y\u00f0ur eitt n\u00fdtt hjarta og einn n\u00fdjan anda. \u00dev\u00ed hvar fyrir viltu svo deyja, \u00fe\u00fa \u00cdsraels h\u00fas? \u00dev\u00ed a\u00f0 eg hefi eigi neina vild \u00e1 \u00feess dau\u00f0a sem deyr, segir Drottinn Drottinn. \u00dear fyrir sn\u00fai\u00f0 y\u00f0ur og skulu \u00fe\u00e9r lifa.<\/p>\n","protected":false},"excerpt":{"rendered":"<p>XVIII. Og or\u00f0 Drottins ske\u00f0i til m\u00edn og sag\u00f0i: [ Hva\u00f0a m\u00e1lsh\u00e6tti er \u00fea\u00f0 \u00fe\u00e9r hafi \u00ed \u00cdsraelslandi og segi\u00f0: &#8222;Fe\u00f0urnir \u00e1tu \u00fea\u00f0 beiska v\u00ednberi\u00f0 en barnanna tennur hafa slj\u00f3vgast \u00fear af&#8220;? So sannarlega sem eg lifi, segir Drottinn Drottinn, \u00fe\u00e1 skal svoddan m\u00e1lsh\u00e1ttur ekki meir ganga \u00e1 me\u00f0al y\u00f0ar \u00ed \u00cdsrael. \u00dev\u00ed sj\u00e1i\u00f0, allar s\u00e1lir eru m\u00ednar, f\u00f6\u00f0ursins s\u00e1l er jafnvel m\u00edn svo sem s\u00e1lin sonarins. S\u00fa s\u00e1l sem syndgast h\u00fan skal deyja. N\u00e6r e\u00f0 nokkur er n\u00fa fr\u00f3mur og breytir vel og r\u00e9ttv\u00edslega, hver a\u00f0 eigi etur \u00e1 fj\u00f6llunum, hver e\u00f0 eigi upplyftir s\u00ednum augum til afgu\u00f0anna h\u00fassins <a href=\"https:\/\/biblian.is\/gudbrandsbiblia\/esekiel-18-kafli\/\"> [&#8230;]<\/a><\/p>\n","protected":false},"author":1,"featured_media":0,"parent":0,"menu_order":0,"comment_status":"open","ping_status":"open","template":"bibliukaflar.php","meta":{"footnotes":""},"class_list":["post-3515","page","type-page","status-publish","hentry"],"_links":{"self":[{"href":"https:\/\/biblian.is\/gudbrandsbiblia\/wp-json\/wp\/v2\/pages\/3515","targetHints":{"allow":["GET"]}}],"collection":[{"href":"https:\/\/biblian.is\/gudbrandsbiblia\/wp-json\/wp\/v2\/pages"}],"about":[{"href":"https:\/\/biblian.is\/gudbrandsbiblia\/wp-json\/wp\/v2\/types\/page"}],"author":[{"embeddable":true,"href":"https:\/\/biblian.is\/gudbrandsbiblia\/wp-json\/wp\/v2\/users\/1"}],"replies":[{"embeddable":true,"href":"https:\/\/biblian.is\/gudbrandsbiblia\/wp-json\/wp\/v2\/comments?post=3515"}],"version-history":[{"count":0,"href":"https:\/\/biblian.is\/gudbrandsbiblia\/wp-json\/wp\/v2\/pages\/3515\/revisions"}],"wp:attachment":[{"href":"https:\/\/biblian.is\/gudbrandsbiblia\/wp-json\/wp\/v2\/media?parent=3515"}],"curies":[{"name":"wp","href":"https:\/\/api.w.org\/{rel}","templated":true}]}}