{"id":3513,"date":"2017-12-18T18:33:51","date_gmt":"2017-12-18T18:33:51","guid":{"rendered":"http:\/\/biblian.is\/gudbrandsbiblia\/esekiel-16-kafli\/"},"modified":"2017-12-18T18:33:51","modified_gmt":"2017-12-18T18:33:51","slug":"esekiel-16-kafli","status":"publish","type":"page","link":"https:\/\/biblian.is\/gudbrandsbiblia\/esekiel-16-kafli\/","title":{"rendered":"Esek\u00edel 16. kafli"},"content":{"rendered":"<p>XVI.<\/p>\n<p>Og or\u00f0 Drottins ske\u00f0i til m\u00edn og sag\u00f0i: \u00de\u00fa mannsins son, kunngj\u00f6r \u00fe\u00fa borginni Jer\u00fasalem hennar sv\u00edvir\u00f0ingar og seg \u00fe\u00fa: So segir Drottinn Drottinn til Jer\u00fasalem: \u00deitt kynfer\u00f0i og \u00fe\u00edn \u00e6tt er af Kanaanslandi, \u00feinn fa\u00f0ir af Amoreis og \u00fe\u00edn m\u00f3\u00f0ir af \u00feeim Heteis. \u00de\u00fa f\u00e6ddist svo, \u00feinn nafli er ekki umskorinn \u00fe\u00e1 e\u00f0 \u00fe\u00fa varst f\u00e6dd, svo hafa \u00feeir og ekki lauga\u00f0 \u00feig \u00ed vatni svo a\u00f0 \u00fe\u00fa skyldir ver\u00f0a hrein og eigi heldur n\u00fai\u00f0 \u00feig \u00ed salti og eigi heldur vafi\u00f0 \u00feig \u00ed reifum. \u00dev\u00ed a\u00f0 enginn s\u00e1 aumur \u00e1 \u00fe\u00e9r n\u00e9 kenndi \u00ed brj\u00f3st um \u00feig svo a\u00f0 hann veitti \u00fe\u00e9r eitt af \u00feessu heldur var\u00f0 \u00fe\u00e9r \u00fatkasta\u00f0 sem \u00fatbur\u00f0i, so fyrirlitin var \u00fe\u00edn s\u00e1la \u00feann t\u00ed\u00f0 \u00fe\u00fa vart f\u00e6dd.<\/p>\n<p>\tEn eg gekk framhj\u00e1 \u00fe\u00e9r og s\u00e1 \u00feig liggja \u00ed \u00fe\u00ednu bl\u00f3\u00f0i og sag\u00f0i til \u00fe\u00edn, \u00fear e\u00f0 \u00fe\u00fa veltist svo \u00ed \u00fe\u00ednu bl\u00f3\u00f0i: &#8222;\u00de\u00fa skalt lifa&#8220;, j\u00e1 til \u00fe\u00edn sag\u00f0a eg, \u00fear e\u00f0 \u00fe\u00fa veltist um \u00ed \u00fe\u00ednu bl\u00f3\u00f0i: &#8222;\u00de\u00fa skalt lifa.&#8220; Og eg hefi f\u00e6tt \u00feig upp og l\u00e1ti\u00f0 \u00feig vaxa svo sem \u00e1v\u00f6xtinn \u00e1 akurlendinu. \u00de\u00fa vart vaxin, st\u00f3r og f\u00f6gur or\u00f0in, \u00fe\u00edn brj\u00f3st voru vaxin og \u00fe\u00fa haf\u00f0ir fengi\u00f0 langt h\u00e1r og fagurt. En \u00fe\u00fa vart \u00fe\u00e1 enn n\u00fa ber og nakin. Og eg gekk framhj\u00e1 \u00fe\u00e9r og leit til \u00fe\u00edn og sj\u00e1 \u00fe\u00fa, a\u00f0 \u00fea\u00f0 var t\u00edmi til a\u00f0 <span class=\"athugasemd\" title=\"a \/ Bi\u00f0ja \/ \u00dea\u00f0 er, \u00fe\u00fa vart mannvaxin\">[<\/span> bi\u00f0ja \u00fe\u00edn. \u00de\u00e1 \u00fatbreidda eg mitt fat yfir \u00feig og breiddi yfir \u00fe\u00edna blyg\u00f0an. Og eg tr\u00falofa\u00f0i \u00fe\u00e9r \u00fev\u00ed a\u00f0 \u00fe\u00fa skyldir vera m\u00edn og gaf mig \u00fat \u00ed einn s\u00e1ttm\u00e1la vi\u00f0 \u00feig, segir Drottinn Drottinn.<\/p>\n<p>\tOg eg lauga\u00f0i \u00feig me\u00f0 vatni og \u00fevo\u00f0i \u00feig af \u00fe\u00ednu bl\u00f3\u00f0i og smur\u00f0i \u00feig me\u00f0 balsamum og kl\u00e6ddi \u00feig me\u00f0 kostulegum kl\u00e6\u00f0na\u00f0i og dr\u00f3 \u00e1 \u00feig flugelssk\u00f3. Eg gaf \u00fe\u00e9r pr\u00fd\u00f0ileg l\u00ednkl\u00e6\u00f0i og silkisl\u00e6\u00f0ur og pr\u00fddda \u00feig me\u00f0 forkostulegu skarti og lag\u00f0i spengur \u00e1 \u00fe\u00edna armleggi og festar \u00e1 \u00feinn h\u00e1ls og f\u00e9kk \u00fe\u00e9r gullhla\u00f0 \u00e1 \u00feitt enni og eyrnahringa \u00ed \u00fe\u00edn eyru og eina vir\u00f0ilega k\u00f3r\u00f3nu \u00e1 \u00feitt h\u00f6fu\u00f0. Sn\u00f6ggt a\u00f0 segja, \u00fe\u00fa vart skr\u00fddd me\u00f0 gull og silfur og kl\u00e6dd me\u00f0 l\u00ednkl\u00e6\u00f0um, pelli og purpura. \u00de\u00fa \u00e1tst ekki utan hveiti, hunang og vi\u00f0smj\u00f6r og \u00fe\u00fa varst fr\u00e1b\u00e6rlega v\u00e6n og hlaust \u00fea\u00f0 konungsr\u00edki\u00f0. Og \u00fe\u00edn fr\u00e6g\u00f0 barst \u00fat \u00e1 me\u00f0al hei\u00f0inna \u00fej\u00f3\u00f0a fyrir \u00feinnar fegur\u00f0ar sakir sem algj\u00f6rlegana er fullkomnu\u00f0, vegna \u00feess b\u00fanings sem eg festi \u00e1 \u00feig, segir Drottinn Drottinn.<\/p>\n<p>\tEn \u00fe\u00fa forl\u00e9st \u00feig upp \u00e1 \u00feitt fegur\u00f0arskruat og af \u00fev\u00ed \u00fe\u00fa vart svo v\u00ed\u00f0fr\u00e6g \u00fe\u00e1 dr\u00fdg\u00f0ir \u00fe\u00fa h\u00f3ranir so a\u00f0 \u00fe\u00fa gj\u00f6r\u00f0ir \u00feig almennilega fyrir hverjum manni sem gekk fram um hj\u00e1 \u00fe\u00e9r og gj\u00f6r\u00f0ir hans vilja. Og \u00fe\u00fa t\u00f3kst af \u00fe\u00ednum kl\u00e6\u00f0um og gj\u00f6r\u00f0ir \u00fe\u00e9r mislit altari \u00fear \u00fat af og framdir \u00fe\u00edna h\u00f3ran \u00fear upp \u00e1 sem aldreigi ske\u00f0i fyrr n\u00e9 ske mun.<\/p>\n<p>\t\u00de\u00fa t\u00f3kst af \u00fe\u00ednu fegur\u00f0arskarti sem eg gaf \u00fe\u00e9r af m\u00ednu gulli og silfri og gj\u00f6r\u00f0ir \u00fe\u00e9r mannsmyndir \u00fear \u00fat af og dr\u00fdg\u00f0ir \u00fe\u00edna h\u00f3ran me\u00f0ur \u00feeim. Og \u00fe\u00fa t\u00f3kst \u00fe\u00edn kostulegustu kl\u00e6\u00f0i og skr\u00fdddir \u00fe\u00e6r \u00fear me\u00f0 og lag\u00f0ir mitt oleum og reykelsi fyrir \u00fe\u00e6r. Minn mat sem eg gaf \u00fe\u00e9r til f\u00e6\u00f0u, hveiti, vi\u00f0smj\u00f6r og hunang, lag\u00f0ir \u00fe\u00fa fyrir \u00fe\u00e6r til s\u00e6tleiks ilms.<\/p>\n<p>\tJ\u00e1 \u00fea\u00f0 kom enn so langt, segir Drottinn Drottinn, a\u00f0 \u00fe\u00fa t\u00f3kst \u00fe\u00edna syni og d\u00e6tur sem \u00fe\u00fa f\u00e6ddir m\u00e9r og offra\u00f0ir \u00fe\u00e1 \u00feeim til f\u00e6\u00f0slu. <span class=\"athugasemd\" title=\"Levit. xviii. \/ S\u00e1l. cvi.\">[<\/span> \u00deenkir \u00fe\u00fa \u00fe\u00e1 a\u00f0 \u00fe\u00edn h\u00f3ran s\u00e9 einn l\u00edtilsh\u00e1ttar hlutur \u00fea\u00f0 \u00fe\u00fa sl\u00e1trar m\u00ednum b\u00f6rnum og l\u00e6tur brenna \u00feau upp fyrir \u00feeim? \u00de\u00fa hefur enn n\u00fa aldreigi \u00ed \u00feinni sv\u00edvir\u00f0ing og h\u00f3ran hugleitt \u00feinn \u00e6skut\u00edma, hversu ber og allnakin \u00fe\u00fa varst og veltist \u00ed \u00fe\u00ednu bl\u00f3\u00f0i.<\/p>\n<p>\tOg umfram alla \u00feessa \u00fe\u00edna illsku \u0096 Ach, vei, vei \u00fe\u00e9r! \u0096 segir Drottinn Drottinn, \u00fe\u00e1 byggir \u00fe\u00fa \u00fe\u00e9r bjargkirkjur og gj\u00f6rir \u00fe\u00e9r bjargaltari \u00e1 \u00f6llum str\u00e6tum og fremst \u00e1 \u00f6llum vegam\u00f3tum byggir \u00fe\u00fa \u00fe\u00e9r bjargaltari og gj\u00f6rir \u00feinn fegur\u00f0arbl\u00f3ma til sv\u00edvir\u00f0ingar, \u00fe\u00fa sl\u00e6r \u00fe\u00ednum f\u00f3tum \u00ed sundur m\u00f3t \u00f6llum \u00feeim sem kringum \u00feig ganga og dr\u00fdgir mikla h\u00f3ran. <span class=\"athugasemd\" title=\"Margh\u00e1ttu\u00f0 afgu\u00f0ad\u00fdrkun \u00ed \u00cdsrael\">[<\/span> <\/p>\n<p>\tFyrst \u00fe\u00e1 dr\u00fdg\u00f0ir \u00fe\u00fa h\u00f3ran vi\u00f0 Egyptalandssonu, \u00fe\u00edna n\u00e1granna sem h\u00f6f\u00f0u kj\u00f6t miki\u00f0 og framdir miklar h\u00f3ranir m\u00e9r til stygg\u00f0ar. En eg \u00fatr\u00e9tti m\u00edna h\u00f6nd m\u00f3ti \u00fe\u00e9r og aftra\u00f0i \u00fe\u00e9r \u00feinni breytni og yfirgaf \u00feig \u00ed vild \u00feinna \u00f3vina Philisteisd\u00e6tra sem sk\u00f6mmu\u00f0ust s\u00edn vegna \u00fe\u00edns skammarlegs ath\u00e6fis.<\/p>\n<p>\t\u00dear eftir \u00e1 dr\u00fdg\u00f0ir \u00fe\u00fa h\u00f3ranir vi\u00f0ur \u00fe\u00e1 sonu Ass\u00far og \u00fe\u00fa kunnir ekki a\u00f0 se\u00f0jast \u00fear \u00fat af. J\u00e1, \u00fe\u00e1 e\u00f0 \u00fe\u00fa haf\u00f0ir dr\u00fdgt h\u00f3ranir me\u00f0ur \u00feeim og \u00fe\u00fa kunnir ekki a\u00f0 se\u00f0jast \u00fear \u00fat af \u00fe\u00e1 framdir \u00fe\u00fa enn meiri h\u00f3ranir \u00ed Kanaanslandi, inn til Chaldeis, og \u00fe\u00fa kunnir enn ekki a\u00f0 se\u00f0jast \u00fear me\u00f0. Hvernin skal eg \u00fe\u00e1 umskera \u00feitt hjarta, segir Drottinn Drottinn, me\u00f0 \u00fev\u00ed a\u00f0 \u00fe\u00fa gj\u00f6rir svoddan einnrar h\u00f6fu\u00f0sk\u00e6kju gj\u00f6rning \u00fear me\u00f0 a\u00f0 \u00fe\u00fa byggir \u00fe\u00ednar bjargkirkjur fram \u00e1 \u00f6llum vegam\u00f3tum og sm\u00ed\u00f0ar \u00fe\u00edn altari \u00e1 \u00f6llum str\u00e6tum?<\/p>\n<p>\t\u00dear til me\u00f0 vart \u00fe\u00fa ekki sem ein \u00f6nnur portl\u00edfiskona sem kaupast kann me\u00f0 peningum og eigi heldur svo sem s\u00fa h\u00f3rkona sem tekur annan \u00ed sta\u00f0inn s\u00edns manns. \u00dev\u00ed a\u00f0 \u00f6llum \u00f6\u00f0rum portl\u00edfiskonum gefast peningar til en \u00f6llum \u00fe\u00ednum fylgjum\u00f6nnum \u00fe\u00e1 gefur \u00fe\u00fa peninga til og b\u00edg\u00e1far \u00fe\u00e1 so a\u00f0 \u00feeir komi alla vegana til \u00fe\u00edn og dr\u00fdgi h\u00f3ranir me\u00f0 \u00fe\u00e9r. Og \u00fea\u00f0 finnst hj\u00e1 \u00fe\u00e9r \u00fevert \u00e1 m\u00f3ti si\u00f0venju annarra kvenna me\u00f0 \u00feinni h\u00f3ran af \u00fev\u00ed a\u00f0 ma\u00f0urinn hann hleypur ekki eftir \u00fe\u00e9r heldur gefur \u00fe\u00fa honum \u00fear peninga til en hann ekki \u00fe\u00e9r, so breytir \u00fe\u00fa \u00fear \u00fevert \u00e1 m\u00f3ti.<\/p>\n<p>\t\u00dear fyrir \u00fe\u00e1 heyr, \u00fe\u00fa h\u00f3ra, or\u00f0 Drottins. Svo segir Drottinn Drottinn: Me\u00f0 \u00fev\u00ed a\u00f0 \u00fe\u00fa gefur svo gjarnan peninga \u00fear til og me\u00f0 \u00fe\u00ednu portl\u00edfi uppflettir \u00feinni blyg\u00f0an fyrir \u00feinum fylgjum\u00f6nnum og \u00feinni sv\u00edvir\u00f0ing \u00ed m\u00f3ti \u00f6llum afgu\u00f0um og \u00fea\u00f0 \u00fe\u00fa \u00fathellir bl\u00f3\u00f0inu \u00feinna barna \u00feeirra sem \u00fe\u00fa offrar \u00feeim, \u00fear fyrir \u00fe\u00e1 sj\u00e1 \u00fe\u00fa, \u00f6llum \u00fe\u00ednum fylgjum\u00f6nnum me\u00f0ur hverjum a\u00f0 \u00fe\u00fa hefur lysting frami\u00f0, \u00e1samt me\u00f0 \u00f6llum \u00feeim sem \u00fe\u00fa heldur fyrir vini, vil eg samansafna til \u00feinna \u00f3vina. Og eg vil samansafna \u00feeim hvorutveggja \u00e1 m\u00f3ti \u00fe\u00e9r alla vegana og uppfletta fyrir \u00feeim \u00feinni blyg\u00f0an so a\u00f0 \u00feeir skulu gj\u00f6rvallega sj\u00e1 \u00fe\u00edna <span class=\"athugasemd\" title=\"b \/ Sk\u00f6mm) \/ Sk\u00f6mm kallast ekki anna\u00f0 en sviksamlega forey\u00f0slan \u00fea\u00f0 \u00feeirra r\u00edki og r\u00edkisstj\u00f3rn er svo a\u00f0 \u00f6ngu or\u00f0in\">[<\/span> sk\u00f6mm. Og eg vil l\u00e1ta d\u00f3minn h\u00f3rd\u00f3mskonunnar og \u00feeirrar e\u00f0 bl\u00f3\u00f0inu \u00fathellir ganga yfir \u00feig. Og eg vil \u00fathella \u00fe\u00ednu bl\u00f3\u00f0i me\u00f0 grimmd og vandl\u00e6tingu. Og eg vil gefa \u00feig \u00ed \u00feeirra hendur so a\u00f0 \u00feeir skulu ofanbrj\u00f3ta \u00fe\u00ednar bjargkirkjur og ni\u00f0ursl\u00e1 \u00fe\u00edn bjargaltari og f\u00e6ra \u00feig \u00far \u00fe\u00ednum kl\u00e6\u00f0um og taka \u00feinn kostulegan b\u00faning fr\u00e1 \u00fe\u00e9r og l\u00e1ta \u00feig svo sitja snau\u00f0a og alnakta.<\/p>\n<p>\tOg \u00feeir skulu innlei\u00f0a yfir \u00feig mikinn f\u00f3lksfj\u00f6lda sem \u00feig skulu grj\u00f3ti gr\u00fdta og \u00ed sundur h\u00f6ggva \u00feig me\u00f0ur s\u00ednum sver\u00f0um og uppbrenna \u00fe\u00edn h\u00fas me\u00f0 eldi og gj\u00f6ra \u00fe\u00e9r \u00feinn r\u00e9tt fyrir augs\u00fdn margra kvenna. Svo vil eg gj\u00f6ra einn enda \u00e1 \u00fe\u00ednu saurl\u00edfi so \u00fe\u00fa ekki lengur gefir \u00fear peninga til. Og eg vil k\u00e6la m\u00edna heift \u00e1 \u00fe\u00e9r og se\u00f0ja \u00e1 \u00fe\u00e9r m\u00edna vandl\u00e6ting a\u00f0 eg megi hv\u00edlast og \u00feurfi ekki meir so rei\u00f0ur a\u00f0 vera. Af \u00fev\u00ed a\u00f0 \u00fe\u00fa hefur ekki hugleitt \u00feinn \u00e6skut\u00edma heldur reitt mig til rei\u00f0i me\u00f0ur \u00f6llum \u00feessum, \u00fear fyrir vil eg og einnin leggja alla \u00fe\u00edna gj\u00f6rninga upp \u00e1 \u00feitt h\u00f6fu\u00f0, segir Drottinn Drottinn, \u00fe\u00f3 a\u00f0 eg hafi enn ekki gj\u00f6rt \u00fear me\u00f0, eftir \u00feeirri skammarlegri breytni \u00ed \u00fe\u00ednum sv\u00edvir\u00f0ingum.<\/p>\n<p>\tSj\u00e1 \u00fe\u00fa, allir \u00feeir sem plaga a\u00f0 i\u00f0ka m\u00e1lsh\u00e1ttu \u00feeir skulu hafa \u00feennan m\u00e1lsh\u00e1tt um \u00feig: &#8222;D\u00f3tturin er svo sem m\u00f3\u00f0urin.&#8220; \u00de\u00fa ert d\u00f3ttir \u00feinnar m\u00f3\u00f0ur, \u00feeirrar sem rak \u00fat b\u00f3nda sinn og b\u00f6rn og \u00fe\u00fa ert systur \u00feinna systra sem \u00fatr\u00e1ku s\u00edna b\u00e6ndur og b\u00f6rn. Y\u00f0ar m\u00f3\u00f0ir er ein af Heteis og y\u00f0ar fa\u00f0ir einn af Amoreis. Samaria er \u00fe\u00edn hin st\u00e6rri systir me\u00f0 hennar d\u00e6trum sem b\u00faa \u00fe\u00e9r til vinstri hli\u00f0ar og S\u00f3d\u00f3ma er \u00fe\u00edn hin minni systir me\u00f0 hennar d\u00e6trum sem b\u00faa \u00fe\u00e9r til \u00feinnar h\u00e6gri hli\u00f0ar. \u00de\u00f3 a\u00f0 \u00fe\u00fa hafir ekki lifa\u00f0 eftir \u00feeirra ath\u00e6fi og eigi heldur gj\u00f6rt eftir \u00feeirra sv\u00edvir\u00f0ingum \u00fe\u00e1 brestur \u00fear \u00fe\u00f3 ekki miki\u00f0 \u00e1 a\u00f0 \u00fe\u00fa hafir gj\u00f6rt verra en \u00fe\u00e6r \u00ed \u00f6llu \u00fe\u00ednu ath\u00e6fi.<\/p>\n<p>\tSvo sannarlega sem eg lifi, segir Drottinn Drottinn, S\u00f3d\u00f3ma \u00fe\u00edn systir og hennar d\u00e6tur hafa ekki gj\u00f6rt sem \u00fe\u00fa og \u00fe\u00ednar d\u00e6tur. <span class=\"athugasemd\" title=\"Syndir S\u00f3d\u00f3ma\">[<\/span> Sj\u00e1 \u00fe\u00fa, \u00feetta var misgj\u00f6r\u00f0in systur \u00feinnar Sodoma: Drambsemi, b\u00edl\u00edfi og fri\u00f0ur g\u00f3\u00f0ur sem h\u00fan og hennar d\u00e6tur \u00fe\u00e6r h\u00f6f\u00f0u en hj\u00e1lpu\u00f0u ekki hinum f\u00e1t\u00e6ka og nau\u00f0\u00feurftuga heldur voru \u00fe\u00e6r drambsamar og gj\u00f6r\u00f0u sv\u00edvir\u00f0ingar fyrir m\u00e9r. \u00dear fyrir svipta eg \u00feeim \u00ed burt \u00fe\u00e1 a\u00f0 eg t\u00f3k til a\u00f0 skyggna \u00fear a\u00f0.<\/p>\n<p>\tSvo hefur og einnin Samaria ekki gj\u00f6rt helminginn af \u00fe\u00ednum syndum. En \u00fe\u00fa gj\u00f6r\u00f0ir \u00fe\u00edna sv\u00edvir\u00f0ing miklu meiri en .\u00fea\u00f0 h\u00fan hefur gj\u00f6rt svo a\u00f0 \u00fe\u00fa hefur gj\u00f6rt \u00fe\u00edna systur fr\u00f3ma hj\u00e1 \u00fe\u00e9r me\u00f0 \u00f6llum \u00feeim sv\u00edvir\u00f0ingum sem \u00fe\u00fa gj\u00f6r\u00f0ir. Svo ber \u00fe\u00fa n\u00fa einnin \u00fe\u00edna sk\u00f6mm, \u00fe\u00fa sem \u00fe\u00edna gj\u00f6rir hana svo fr\u00f3mari en \u00fe\u00fa ert. Af \u00fev\u00ed skammast \u00fe\u00edn og einnin og ber sj\u00e1lf \u00fe\u00edna sk\u00f6mm fyrst a\u00f0 \u00fe\u00fa hefur gj\u00f6rt \u00fe\u00edna systur fr\u00f3ma hj\u00e1 \u00fe\u00e9r.<\/p>\n<p>\tEn eg vil sn\u00faa \u00feeirra herlei\u00f0ingum, sem er <span class=\"athugasemd\" title=\"a \/ Sodoma) \/ Merkir h\u00e9r J\u00fada en Samaria \u00cdsrael og hann talar h\u00e9r um \u00feann N\u00fdja s\u00e1ttm\u00e1la \u00fe\u00e1 allir munu sn\u00faast til Christum\">[<\/span> \u00feessarar Sodoma og hennar d\u00e6tra og \u00feeirri herlei\u00f0ingunni Samarie og hennar d\u00e6tra og \u00fe\u00e1 hina herleiddu \u00ed \u00feessari \u00feinni herlei\u00f0ingu me\u00f0ur \u00feeim svo a\u00f0 \u00fe\u00fa skalt sj\u00e1lfur bera \u00fe\u00edna sk\u00f6mm og forsm\u00e1n fyrir allt \u00fea\u00f0 sem \u00fe\u00fa hefur gj\u00f6rt og \u00fe\u00f3 skulu \u00fe\u00e9r samt ver\u00f0a hugga\u00f0ir. Og \u00fe\u00edn systir, \u00feessi Sodoma og hennar d\u00e6tur, skulu sn\u00faast l\u00edka sem \u00fe\u00e6r voru for\u00f0um daga og Samaria og hennar d\u00e6tur skulu sn\u00faast l\u00edka sem \u00fe\u00e6r voru fyrr meir, \u00fear til me\u00f0 skaltu einnin og \u00fe\u00ednar d\u00e6tur sn\u00faast l\u00edka sem a\u00f0 \u00fe\u00e9r voru\u00f0 for\u00f0um daga. Og \u00fe\u00fa skalt ekki meir hr\u00f3sa \u00feinni systur Sodoma so sem \u00e1 t\u00edma \u00feinnar drambsemi \u00fe\u00e1 \u00fe\u00edn illska var enn ekki opinber, svo sem \u00e1 \u00feeim t\u00edma \u00fe\u00e1 e\u00f0 S\u00fdrlandsd\u00e6tur og \u00fe\u00e6r Philisteisd\u00e6tur sk\u00f6mmu\u00f0u \u00feig \u00e1 alla vegu og forsm\u00e1\u00f0u \u00feig allt um kring, \u00fe\u00e1 e\u00f0 \u00fe\u00e9r hlutu\u00f0 a\u00f0 bera y\u00f0ar skammir og sv\u00edvir\u00f0ingar, segir Drottinn Drottinn.<\/p>\n<p>\t\u00dev\u00ed svo segir Drottinn Drottinn: <span class=\"athugasemd\" title=\"Fyrirheit \u00fat af N\u00fdja testamentinu og Christi r\u00edki\">[<\/span> Eg vil gj\u00f6ra vi\u00f0 \u00feig l\u00edka sem \u00fe\u00fa hefur gj\u00f6rt a\u00f0 \u00fe\u00fa forsm\u00e1\u00f0ir ei\u00f0inn og br\u00fdtur s\u00e1ttm\u00e1lann. En eg vil minnast \u00e1 minn s\u00e1ttm\u00e1la sem eg gj\u00f6r\u00f0a vi\u00f0 \u00feig \u00e1 \u00fe\u00ednum \u00e6skualdri og eg vil uppbyrja einn eil\u00edfan s\u00e1ttm\u00e1la vi\u00f0 \u00feig. \u00de\u00e1 muntu minnast \u00e1 m\u00edna vegu og skammast \u00fe\u00edn n\u00e6r e\u00f0 \u00fe\u00fa skalt taka a\u00f0 \u00fe\u00e9r \u00fe\u00edna st\u00e6rri og hina minni systur sem eg vil gefa \u00fe\u00e9r til d\u00e6tra. En ekki \u00fat af \u00fe\u00ednum s\u00e1ttm\u00e1la heldur vil eg uppreisa minn s\u00e1ttm\u00e1la vi\u00f0 \u00feig so a\u00f0 \u00fe\u00fa skalt formerkja a\u00f0 eg er Drottinn, so \u00fe\u00fa minnist \u00e1 \u00fea\u00f0 og skammist \u00fe\u00edn og \u00fea\u00f0 \u00fe\u00fa dirfist eigi a\u00f0 uppl\u00faka \u00feinn munn fyrir kinnro\u00f0a sakir n\u00e6r e\u00f0 eg vil fyrirgefa \u00fe\u00e9r allt \u00feetta sem \u00fe\u00fa hefur gj\u00f6rt, segir Drottinn Drottinn.<\/p>\n","protected":false},"excerpt":{"rendered":"<p>XVI. Og or\u00f0 Drottins ske\u00f0i til m\u00edn og sag\u00f0i: \u00de\u00fa mannsins son, kunngj\u00f6r \u00fe\u00fa borginni Jer\u00fasalem hennar sv\u00edvir\u00f0ingar og seg \u00fe\u00fa: So segir Drottinn Drottinn til Jer\u00fasalem: \u00deitt kynfer\u00f0i og \u00fe\u00edn \u00e6tt er af Kanaanslandi, \u00feinn fa\u00f0ir af Amoreis og \u00fe\u00edn m\u00f3\u00f0ir af \u00feeim Heteis. \u00de\u00fa f\u00e6ddist svo, \u00feinn nafli er ekki umskorinn \u00fe\u00e1 e\u00f0 \u00fe\u00fa varst f\u00e6dd, svo hafa \u00feeir og ekki lauga\u00f0 \u00feig \u00ed vatni svo a\u00f0 \u00fe\u00fa skyldir ver\u00f0a hrein og eigi heldur n\u00fai\u00f0 \u00feig \u00ed salti og eigi heldur vafi\u00f0 \u00feig \u00ed reifum. \u00dev\u00ed a\u00f0 enginn s\u00e1 aumur \u00e1 \u00fe\u00e9r n\u00e9 kenndi \u00ed brj\u00f3st um \u00feig <a href=\"https:\/\/biblian.is\/gudbrandsbiblia\/esekiel-16-kafli\/\"> [&#8230;]<\/a><\/p>\n","protected":false},"author":1,"featured_media":0,"parent":0,"menu_order":0,"comment_status":"open","ping_status":"open","template":"bibliukaflar.php","meta":{"footnotes":""},"class_list":["post-3513","page","type-page","status-publish","hentry"],"_links":{"self":[{"href":"https:\/\/biblian.is\/gudbrandsbiblia\/wp-json\/wp\/v2\/pages\/3513","targetHints":{"allow":["GET"]}}],"collection":[{"href":"https:\/\/biblian.is\/gudbrandsbiblia\/wp-json\/wp\/v2\/pages"}],"about":[{"href":"https:\/\/biblian.is\/gudbrandsbiblia\/wp-json\/wp\/v2\/types\/page"}],"author":[{"embeddable":true,"href":"https:\/\/biblian.is\/gudbrandsbiblia\/wp-json\/wp\/v2\/users\/1"}],"replies":[{"embeddable":true,"href":"https:\/\/biblian.is\/gudbrandsbiblia\/wp-json\/wp\/v2\/comments?post=3513"}],"version-history":[{"count":0,"href":"https:\/\/biblian.is\/gudbrandsbiblia\/wp-json\/wp\/v2\/pages\/3513\/revisions"}],"wp:attachment":[{"href":"https:\/\/biblian.is\/gudbrandsbiblia\/wp-json\/wp\/v2\/media?parent=3513"}],"curies":[{"name":"wp","href":"https:\/\/api.w.org\/{rel}","templated":true}]}}