{"id":3512,"date":"2017-12-18T18:33:51","date_gmt":"2017-12-18T18:33:51","guid":{"rendered":"http:\/\/biblian.is\/gudbrandsbiblia\/esekiel-15-kafli\/"},"modified":"2017-12-18T18:33:51","modified_gmt":"2017-12-18T18:33:51","slug":"esekiel-15-kafli","status":"publish","type":"page","link":"https:\/\/biblian.is\/gudbrandsbiblia\/esekiel-15-kafli\/","title":{"rendered":"Esek\u00edel 15. kafli"},"content":{"rendered":"<p>XV.<\/p>\n<p>Og or\u00f0 Drottins ske\u00f0i til m\u00edn og sag\u00f0i: <span class=\"athugasemd\" title=\"Tr\u00e9\u00f0 af v\u00ednvi\u00f0inum\">[<\/span> \u00de\u00fa mannsins son, hva\u00f0 er \u00fea\u00f0 tr\u00e9\u00f0 af v\u00ednvi\u00f0inum fyrir \u00f6\u00f0rum trj\u00e1m elliegar einn v\u00ednkvisturinn fyrir \u00f6\u00f0rum trj\u00e1m \u00ed sk\u00f3ginum? Tekur ma\u00f0ur \u00fea\u00f0 og gj\u00f6rir \u00fear eitthva\u00f0 af e\u00f0a gj\u00f6rist \u00fear ein ugla \u00fat af svo a\u00f0 \u00fear megi nokku\u00f0 upp \u00e1 festa? Sj\u00e1 \u00fe\u00fa, \u00fev\u00ed ver\u00f0ur \u00e1 eld kasta\u00f0 so \u00fev\u00ed ver\u00f0i foreytt, a\u00f0 eldurinn forey\u00f0i so b\u00e1\u00f0um \u00feess endum og brenni einnin upp mi\u00f0biki\u00f0 \u00fear \u00fat af. Hvar til skyldi \u00fea\u00f0 n\u00fa duga? Dugir \u00fea\u00f0 og \u00fe\u00e1 til nokkurs? Sj\u00e1 \u00fe\u00fa, \u00feann t\u00ed\u00f0 a\u00f0 \u00fea\u00f0 var enn n\u00fa \u00fe\u00e1 heilt var \u00fea\u00f0 til einskis, hversu miklu mi\u00f0ur \u00fe\u00e1 kann \u00fear n\u00fa h\u00e9\u00f0an \u00ed fr\u00e1 nokku\u00f0 af \u00fev\u00ed a\u00f0 gj\u00f6rast fyrst a\u00f0 eldurinn hefur foreytt \u00fev\u00ed og uppbrennt \u00fea\u00f0?<\/p>\n<p>\t\u00dear fyrir segir Drottinn Drottinn: L\u00edka sem eg gaf v\u00ednvi\u00f0artr\u00e9\u00f0 \u00ed eldinn a\u00f0 hann foreyddi \u00fev\u00ed heldur en \u00f6\u00f0rum trj\u00e1num \u00ed sk\u00f3ginum, eins l\u00edka so vil eg einnin gj\u00f6ra vi\u00f0ur \u00e1 innbyggjarana \u00ed Jer\u00fasalem. Og eg vil setja mitt auglit \u00e1 m\u00f3ti \u00feeim so a\u00f0 \u00feeir skulu ekki undan eldinum komast heldur skal eldurinn upp eta \u00fe\u00e1. Og \u00fe\u00e9r skulu\u00f0 fornema a\u00f0 eg er Drottinn n\u00e6r e\u00f0 eg set mitt auglit \u00e1 m\u00f3ti \u00feeim og legg landi\u00f0 \u00ed ey\u00f0i af \u00fev\u00ed a\u00f0 \u00feeir forsm\u00e1 mig, segir Drottinn Drottinn.<\/p>\n","protected":false},"excerpt":{"rendered":"<p>XV. Og or\u00f0 Drottins ske\u00f0i til m\u00edn og sag\u00f0i: [ \u00de\u00fa mannsins son, hva\u00f0 er \u00fea\u00f0 tr\u00e9\u00f0 af v\u00ednvi\u00f0inum fyrir \u00f6\u00f0rum trj\u00e1m elliegar einn v\u00ednkvisturinn fyrir \u00f6\u00f0rum trj\u00e1m \u00ed sk\u00f3ginum? Tekur ma\u00f0ur \u00fea\u00f0 og gj\u00f6rir \u00fear eitthva\u00f0 af e\u00f0a gj\u00f6rist \u00fear ein ugla \u00fat af svo a\u00f0 \u00fear megi nokku\u00f0 upp \u00e1 festa? Sj\u00e1 \u00fe\u00fa, \u00fev\u00ed ver\u00f0ur \u00e1 eld kasta\u00f0 so \u00fev\u00ed ver\u00f0i foreytt, a\u00f0 eldurinn forey\u00f0i so b\u00e1\u00f0um \u00feess endum og brenni einnin upp mi\u00f0biki\u00f0 \u00fear \u00fat af. Hvar til skyldi \u00fea\u00f0 n\u00fa duga? Dugir \u00fea\u00f0 og \u00fe\u00e1 til nokkurs? Sj\u00e1 \u00fe\u00fa, \u00feann t\u00ed\u00f0 a\u00f0 \u00fea\u00f0 var enn n\u00fa <a href=\"https:\/\/biblian.is\/gudbrandsbiblia\/esekiel-15-kafli\/\"> [&#8230;]<\/a><\/p>\n","protected":false},"author":1,"featured_media":0,"parent":0,"menu_order":0,"comment_status":"open","ping_status":"open","template":"bibliukaflar.php","meta":{"footnotes":""},"class_list":["post-3512","page","type-page","status-publish","hentry"],"_links":{"self":[{"href":"https:\/\/biblian.is\/gudbrandsbiblia\/wp-json\/wp\/v2\/pages\/3512","targetHints":{"allow":["GET"]}}],"collection":[{"href":"https:\/\/biblian.is\/gudbrandsbiblia\/wp-json\/wp\/v2\/pages"}],"about":[{"href":"https:\/\/biblian.is\/gudbrandsbiblia\/wp-json\/wp\/v2\/types\/page"}],"author":[{"embeddable":true,"href":"https:\/\/biblian.is\/gudbrandsbiblia\/wp-json\/wp\/v2\/users\/1"}],"replies":[{"embeddable":true,"href":"https:\/\/biblian.is\/gudbrandsbiblia\/wp-json\/wp\/v2\/comments?post=3512"}],"version-history":[{"count":0,"href":"https:\/\/biblian.is\/gudbrandsbiblia\/wp-json\/wp\/v2\/pages\/3512\/revisions"}],"wp:attachment":[{"href":"https:\/\/biblian.is\/gudbrandsbiblia\/wp-json\/wp\/v2\/media?parent=3512"}],"curies":[{"name":"wp","href":"https:\/\/api.w.org\/{rel}","templated":true}]}}