{"id":3503,"date":"2017-12-18T18:33:51","date_gmt":"2017-12-18T18:33:51","guid":{"rendered":"http:\/\/biblian.is\/gudbrandsbiblia\/esekiel-6-kafli\/"},"modified":"2017-12-18T18:33:51","modified_gmt":"2017-12-18T18:33:51","slug":"esekiel-6-kafli","status":"publish","type":"page","link":"https:\/\/biblian.is\/gudbrandsbiblia\/esekiel-6-kafli\/","title":{"rendered":"Esek\u00edel 6. kafli"},"content":{"rendered":"<p>VI.<\/p>\n<p>Og or\u00f0 Drottins ske\u00f0i til m\u00edn og sag\u00f0i: \u00de\u00fa mannsins son, sn\u00fa \u00fe\u00ednu augliti \u00ed gegn fj\u00f6llunum \u00cdsraels og sp\u00e1\u00f0u \u00e1 m\u00f3ti \u00feeim og seg \u00fe\u00fa svo: \u00de\u00e9r \u00cdsraelsfj\u00f6ll, heyri\u00f0 or\u00f0 Drottin Drottins. So segir Drottinn Drottinn b\u00e6\u00f0i til fjallanna og h\u00e6\u00f0anna, b\u00e6\u00f0i til l\u00e6kjanna og dalanna. Sj\u00e1 \u00fe\u00fa, eg vil innflytja sver\u00f0i\u00f0 yfir y\u00f0ur og forey\u00f0a svo y\u00f0rar h\u00e6\u00f0ir so a\u00f0 y\u00f0ar \u00f6lturu skulu \u00ed ey\u00f0i leggjast og y\u00f0rir afgu\u00f0ir \u00ed sundur brotnir ver\u00f0a. Og eg vil l\u00e1ta \u00ed hel sl\u00e1 y\u00f0ra l\u00edkami fyrir \u00feeim l\u00edkneskjunum. <span class=\"athugasemd\" title=\"Esek. xxxvi.\">[<\/span> J\u00e1, eg vil fella l\u00edkami \u00cdsraelssona fyrir y\u00f0rum l\u00edkneskjum og eg vil sundurdreifa y\u00f0ar beinum \u00ed kringum y\u00f0ar \u00f6lturu. Hvar e\u00f0 \u00fe\u00e9r b\u00fai\u00f0 \u00fear skulu sta\u00f0irnir \u00ed ey\u00f0i ver\u00f0a og \u00fe\u00e6r h\u00e6\u00f0irnar a\u00f0 \u00f3bygg\u00f0um. \u00dev\u00ed a\u00f0 \u00feeir munu y\u00f0ar \u00f6lt\u00f6rum forey\u00f0a og a\u00f0 \u00f3bygg\u00f0um gj\u00f6ra og \u00ed sundur brj\u00f3ta y\u00f0ar afgu\u00f0i og til einskis gj\u00f6ra \u00fe\u00e1 og \u00ed sundur sl\u00e1 y\u00f0rar l\u00edkneskjur og y\u00f0rar stiktanir afm\u00e1 og hinir \u00ed hel slegnu skulu liggja \u00fear \u00e1 me\u00f0al y\u00f0ar svo a\u00f0 \u00fe\u00e9r skulu\u00f0 finna \u00fea\u00f0 a\u00f0 eg s\u00e9 Drottinn.<\/p>\n<p>\tEn nokkra vil eg l\u00e1ta eftir ver\u00f0a af y\u00f0ur sem s\u00e9r skulu fyrir sver\u00f0inu for\u00f0a\u00f0 geta \u00e1 me\u00f0al hei\u00f0inna \u00fej\u00f3\u00f0a \u00fe\u00e1 a\u00f0 eg hefi n\u00fa \u00ed sundur dreift y\u00f0ur \u00ed landinu. \u00deeir hinir s\u00f6mu sem eftir eru or\u00f0nir af y\u00f0ur munu hugsa til m\u00edn \u00e1 me\u00f0al \u00fej\u00f3\u00f0anna \u00fear sem \u00feeir hlj\u00f3ta herteknir a\u00f0 vera \u00fe\u00e1 a\u00f0 eg hefi n\u00fa \u00ed sundur slegi\u00f0 \u00feeirra h\u00f3ruhjarta sem \u00ed burt viku fr\u00e1 m\u00e9r og \u00feeirra h\u00f3ruaugu sem skygndu eftir s\u00ednum sk\u00fargo\u00f0um. Og \u00feeir skulu i\u00f0rast sinna illgj\u00f6r\u00f0a sem \u00feeir hafa frami\u00f0 me\u00f0 allsh\u00e1ttu\u00f0um sv\u00edvir\u00f0ingum og \u00feeir skulu finna \u00fea\u00f0 a\u00f0 eg er Drotitnn og hafi \u00fea\u00f0 ekki til forgefins tala\u00f0 a\u00f0 gj\u00f6ra \u00feeim svoddan \u00f3g\u00e6fu.<\/p>\n<p>\tSvo segir Drottinn Drottinn: Sl\u00e1 \u00fe\u00fa \u00fe\u00ednum h\u00f6ndum saman og stappa \u00fe\u00ednum f\u00f3tum ni\u00f0ur og seg svo: Vei yfir \u00f6llum illgj\u00f6r\u00f0um sv\u00edvir\u00f0inganna \u00ed h\u00fasi \u00cdsraels! \u00dear fyrir skulu \u00feeir falla fyrir sver\u00f0i, hungri og dreps\u00f3tt. Hann hver a\u00f0 fjarl\u00e6gur er skal deyja af dreps\u00f3tt og hinn sem n\u00e1l\u00e6gur er skal falla fyrir sver\u00f0i. En hann hver e\u00f0 eftir er or\u00f0inn og hefur geta\u00f0 for\u00f0a\u00f0 s\u00e9r \u00fe\u00e1 skal s\u00e1 deyja af hungri. Svo vil eg n\u00fa fullkomna m\u00edna grimmdarrei\u00f0i \u00e1 me\u00f0al \u00feeirra svo a\u00f0 \u00feeir skulu finna \u00fea\u00f0 a\u00f0 eg er Drottinn n\u00e6r e\u00f0 hinir \u00ed hel slegnu \u00fat af \u00feeim liggja \u00fear \u00e1 me\u00f0al afgu\u00f0anna allt um kring \u00feau \u00f6lt\u00f6rin \u00feeirra, \u00e1 \u00f6llum h\u00e6\u00f0unum og \u00e1 \u00f6llum h\u00e1 fj\u00f6llum og undir \u00f6llum bl\u00f3mgu\u00f0um vi\u00f0artrj\u00e1num og undir \u00f6llum \u00feykkgreinu\u00f0um st\u00f3reikum, \u00fat \u00ed hverjums t\u00f6\u00f0um \u00feeir f\u00e6r\u00f0u s\u00ednar ilmandi s\u00e6tleiksf\u00f3rnir fyrir alls kyns sk\u00fargo\u00f0um. Eg vil \u00fatr\u00e9tta m\u00edna h\u00f6nd \u00e1 m\u00f3ti \u00feeim og gj\u00f6ra landi\u00f0 t\u00f3mt og \u00ed ey\u00f0i, \u00ed fr\u00e1 \u00feeirri ey\u00f0im\u00f6rkinni allt til D\u00edblat hvar e\u00f0 \u00feeir b\u00faa. Og \u00feeir skulu finna \u00fea\u00f0 a\u00f0 eg er Drottinn.<\/p>\n","protected":false},"excerpt":{"rendered":"<p>VI. Og or\u00f0 Drottins ske\u00f0i til m\u00edn og sag\u00f0i: \u00de\u00fa mannsins son, sn\u00fa \u00fe\u00ednu augliti \u00ed gegn fj\u00f6llunum \u00cdsraels og sp\u00e1\u00f0u \u00e1 m\u00f3ti \u00feeim og seg \u00fe\u00fa svo: \u00de\u00e9r \u00cdsraelsfj\u00f6ll, heyri\u00f0 or\u00f0 Drottin Drottins. So segir Drottinn Drottinn b\u00e6\u00f0i til fjallanna og h\u00e6\u00f0anna, b\u00e6\u00f0i til l\u00e6kjanna og dalanna. Sj\u00e1 \u00fe\u00fa, eg vil innflytja sver\u00f0i\u00f0 yfir y\u00f0ur og forey\u00f0a svo y\u00f0rar h\u00e6\u00f0ir so a\u00f0 y\u00f0ar \u00f6lturu skulu \u00ed ey\u00f0i leggjast og y\u00f0rir afgu\u00f0ir \u00ed sundur brotnir ver\u00f0a. Og eg vil l\u00e1ta \u00ed hel sl\u00e1 y\u00f0ra l\u00edkami fyrir \u00feeim l\u00edkneskjunum. [ J\u00e1, eg vil fella l\u00edkami \u00cdsraelssona fyrir y\u00f0rum l\u00edkneskjum og eg <a href=\"https:\/\/biblian.is\/gudbrandsbiblia\/esekiel-6-kafli\/\"> [&#8230;]<\/a><\/p>\n","protected":false},"author":1,"featured_media":0,"parent":0,"menu_order":0,"comment_status":"open","ping_status":"open","template":"bibliukaflar.php","meta":{"footnotes":""},"class_list":["post-3503","page","type-page","status-publish","hentry"],"_links":{"self":[{"href":"https:\/\/biblian.is\/gudbrandsbiblia\/wp-json\/wp\/v2\/pages\/3503","targetHints":{"allow":["GET"]}}],"collection":[{"href":"https:\/\/biblian.is\/gudbrandsbiblia\/wp-json\/wp\/v2\/pages"}],"about":[{"href":"https:\/\/biblian.is\/gudbrandsbiblia\/wp-json\/wp\/v2\/types\/page"}],"author":[{"embeddable":true,"href":"https:\/\/biblian.is\/gudbrandsbiblia\/wp-json\/wp\/v2\/users\/1"}],"replies":[{"embeddable":true,"href":"https:\/\/biblian.is\/gudbrandsbiblia\/wp-json\/wp\/v2\/comments?post=3503"}],"version-history":[{"count":0,"href":"https:\/\/biblian.is\/gudbrandsbiblia\/wp-json\/wp\/v2\/pages\/3503\/revisions"}],"wp:attachment":[{"href":"https:\/\/biblian.is\/gudbrandsbiblia\/wp-json\/wp\/v2\/media?parent=3503"}],"curies":[{"name":"wp","href":"https:\/\/api.w.org\/{rel}","templated":true}]}}