{"id":3502,"date":"2017-12-18T18:33:51","date_gmt":"2017-12-18T18:33:51","guid":{"rendered":"http:\/\/biblian.is\/gudbrandsbiblia\/esekiel-5-kafli\/"},"modified":"2017-12-18T18:33:51","modified_gmt":"2017-12-18T18:33:51","slug":"esekiel-5-kafli","status":"publish","type":"page","link":"https:\/\/biblian.is\/gudbrandsbiblia\/esekiel-5-kafli\/","title":{"rendered":"Esek\u00edel 5. kafli"},"content":{"rendered":"<p>V.<\/p>\n<p>Og \u00fe\u00fa, mannsins son, tak \u00fe\u00fa eitt sver\u00f0 \u00fea\u00f0 sem er so hvasst sem einn h\u00e1rhn\u00edfur og drag \u00fea\u00f0 yfir \u00feitt h\u00f6fu\u00f0 og h\u00f6kuskegg og tak s\u00ed\u00f0an eina metask\u00e1l og \u00ed sundur skiptu \u00fev\u00ed svo \u00fear me\u00f0. \u00deann einn \u00feri\u00f0junginn skalt uppbrenna me\u00f0 eldi mitt \u00ed sta\u00f0num n\u00e6r e\u00f0 \u00feeir ums\u00e1tursdagarnir eru \u00fati. Tak \u00feann annan \u00feri\u00f0junginn og sl\u00e1 \u00fe\u00fa hann allt um kring me\u00f0 sver\u00f0inu. \u00deann seinasta \u00feri\u00f0junginn skaltu \u00fatdreifa \u00ed vindinn so \u00fea\u00f0 eg skuli rykkja \u00fat sver\u00f0inu eftir \u00feeim. En \u00fe\u00fa, tak nokku\u00f0 l\u00edti\u00f0 \u00fat af \u00fev\u00ed og bitt \u00fea\u00f0 \u00ed k\u00e1publa\u00f0 \u00feitt og tak \u00fe\u00fa s\u00ed\u00f0an nokku\u00f0 af \u00fev\u00ed og kasta \u00fev\u00ed \u00fat \u00e1 eldinn og uppbrenn \u00fea\u00f0 me\u00f0 eldi \u00fear \u00fat af skal koma einn eldur yfir allt \u00cdsraels h\u00fas.<\/p>\n<p>\tSvo segir Drottinn: <span class=\"athugasemd\" title=\"Straff syndanna \/ Deut. xxviii.\">[<\/span> \u00dea\u00f0 er Jer\u00fasalem sem eg hefi sett \u00e1 me\u00f0al hei\u00f0ingjanna og \u00fea\u00f0 landi\u00f0 allt um kring hana. En h\u00fan umsneri m\u00ednu l\u00f6gm\u00e1li \u00ed \u00f3gu\u00f0lega l\u00e6rd\u00f3ma meir en hei\u00f0ingjarnir og m\u00ednum r\u00e9ttindum meir en \u00feau l\u00f6ndin sem \u00fear liggja allt um kring hana., \u00dev\u00ed a\u00f0 \u00feeir forleggja mitt l\u00f6gm\u00e1l og vilja ekki lifa eftir m\u00ednum r\u00e9ttindum. \u00dear fyrir segir Drottinn Drottinn svo: Fyrst a\u00f0 \u00fe\u00e9r gj\u00f6ri\u00f0 \u00fea\u00f0 frekara en hei\u00f0ingjarnir sem eru \u00ed kringum y\u00f0ur og lifi\u00f0 ekki eftir m\u00ednum bo\u00f0or\u00f0um og gj\u00f6ri\u00f0 ekki eftir m\u00ednum r\u00e9ttindum heldur breyti \u00fe\u00e9r eftir si\u00f0venju hei\u00f0ingjanna \u00feeirra sem eru \u00ed kringum y\u00f0ur, \u00fear fyrir segir Drottinn Drottinn svo:<\/p>\n<p>\tSj\u00e1 \u00fe\u00fa, eg vil til vi\u00f0 \u00feig, eg vil og l\u00e1ta ganga r\u00e9ttinn yfir \u00feig svo a\u00f0 hei\u00f0ingjarnir skulu sj\u00e1 upp \u00e1 \u00fea\u00f0. Og eg vil svo h\u00f6ndla vi\u00f0 \u00feig sem eg enn aldreigi gj\u00f6r\u00f0i og ekki h\u00e9\u00f0an \u00ed fr\u00e1 gj\u00f6ra mun fyrir allra \u00feinna sv\u00edvir\u00f0inga sakir. Svo a\u00f0 \u00ed \u00fe\u00e9r skulu foreldrarnir eta s\u00edn eigin b\u00f6rn og b\u00f6rnin s\u00edna foreldra og eg vil l\u00e1ta svoddan r\u00e9ttarfar ganga yfir \u00feig a\u00f0 allir \u00feeir sem eftir bl\u00edfa af \u00fe\u00e9r \u00fe\u00e1 skulu \u00fatdreifast \u00ed allar \u00e1ttir vindanna. \u00dear fyrir, so sannarlega sem eg lifi, segir Drottinn Drottinn, af \u00fev\u00ed a\u00f0 \u00fe\u00fa hefur saurga\u00f0 minn helgid\u00f3m me\u00f0 allsh\u00e1ttu\u00f0um sv\u00edvir\u00f0ingum og afgu\u00f0um, fyrir \u00fea\u00f0 vil eg og \u00ed sundursl\u00edta \u00feig og mitt auga skal ekki v\u00e6gja \u00fe\u00e9r og ekki sj\u00e1 aumur \u00e1 \u00fe\u00e9r. \u00deri\u00f0jungurinn \u00fat af \u00fe\u00e9r skal deyja \u00ed dreps\u00f3tt og af hungri a\u00f0 \u00f6ngu ver\u00f0a og s\u00e1 annar \u00feri\u00f0jungur skal falla fyrir sver\u00f0i allt \u00ed kringum \u00feig og \u00feann hinn s\u00ed\u00f0asta \u00feri\u00f0junginn vil eg \u00ed sundur dreifa \u00fat \u00ed allar \u00e1ttir vindanna og sver\u00f0inu \u00fatrykkja eftir \u00feeim.<\/p>\n<p>\tSvo skal m\u00edn rei\u00f0i fullkomnast og m\u00edn heiftargrimmd framkv\u00e6mast yfir \u00feeim a\u00f0 eg kunni so a\u00f0 hefna minnar sv\u00edvir\u00f0ingar. Og \u00feeir skulu fornema \u00fea\u00f0 a\u00f0 eg, Drottinn, hefi tala\u00f0 \u00feetta \u00ed minni vandl\u00e6tingu n\u00e6r a\u00f0 eg hefi \u00fatgj\u00f6rt m\u00edna grimmd vi\u00f0ur \u00fe\u00e1. Eg vil setja \u00feig til eins ey\u00f0ib\u00f3ls og til forsm\u00e1nar fyrir \u00feeim hei\u00f0ingjunum sem eru \u00ed kringum \u00feig fyrir allra \u00feeirra augs\u00fdn sem \u00fear ganga hj\u00e1. Og \u00fe\u00fa skalt ver\u00f0a ein h\u00e1\u00f0ung, forsm\u00e1n, eftird\u00e6mi, b\u00fdsn og forundran fyrir \u00f6llum \u00feeim hei\u00f0njum \u00fej\u00f3\u00f0um sem a\u00f0 eru \u00ed kringum \u00feig \u00fe\u00e1 n\u00e6r a\u00f0 eg l\u00e6t r\u00e9ttinn ganga yfir \u00feig me\u00f0 \u00e1kef\u00f0, heift og hefndarrei\u00f0i. Eg, Drottinn, segi \u00fea\u00f0. Og n\u00e6r a\u00f0 eg sk\u00fdt \u00feeim hungursins meinsemdar skeytum til \u00feeirra sem ska\u00f0samleg munu vera og eg sk\u00fdt \u00feeim \u00fat y\u00f0ur til fordj\u00f6rfunar og l\u00e6t so \u00fea\u00f0 hungri\u00f0 allt jafnt magnast yfir y\u00f0ur og \u00ed burt svipti \u00feeirri n\u00e6gtinni brau\u00f0sins. J\u00e1, eg vil senda hungur og grimm villud\u00fdr \u00e1 me\u00f0al y\u00f0ar \u00feau e\u00f0 y\u00f0ur skulu gj\u00f6ra barnlausa og \u00fear skal geisa dreps\u00f3tt og bl\u00f3\u00f0 \u00e1 me\u00f0al \u00fe\u00edn og eg vil lei\u00f0a sver\u00f0i\u00f0 yfir \u00feig. Eg, Drottinn, hefi \u00feetta tala\u00f0.<\/p>\n","protected":false},"excerpt":{"rendered":"<p>V. Og \u00fe\u00fa, mannsins son, tak \u00fe\u00fa eitt sver\u00f0 \u00fea\u00f0 sem er so hvasst sem einn h\u00e1rhn\u00edfur og drag \u00fea\u00f0 yfir \u00feitt h\u00f6fu\u00f0 og h\u00f6kuskegg og tak s\u00ed\u00f0an eina metask\u00e1l og \u00ed sundur skiptu \u00fev\u00ed svo \u00fear me\u00f0. \u00deann einn \u00feri\u00f0junginn skalt uppbrenna me\u00f0 eldi mitt \u00ed sta\u00f0num n\u00e6r e\u00f0 \u00feeir ums\u00e1tursdagarnir eru \u00fati. Tak \u00feann annan \u00feri\u00f0junginn og sl\u00e1 \u00fe\u00fa hann allt um kring me\u00f0 sver\u00f0inu. \u00deann seinasta \u00feri\u00f0junginn skaltu \u00fatdreifa \u00ed vindinn so \u00fea\u00f0 eg skuli rykkja \u00fat sver\u00f0inu eftir \u00feeim. En \u00fe\u00fa, tak nokku\u00f0 l\u00edti\u00f0 \u00fat af \u00fev\u00ed og bitt \u00fea\u00f0 \u00ed k\u00e1publa\u00f0 \u00feitt og tak \u00fe\u00fa <a href=\"https:\/\/biblian.is\/gudbrandsbiblia\/esekiel-5-kafli\/\"> [&#8230;]<\/a><\/p>\n","protected":false},"author":1,"featured_media":0,"parent":0,"menu_order":0,"comment_status":"open","ping_status":"open","template":"bibliukaflar.php","meta":{"footnotes":""},"class_list":["post-3502","page","type-page","status-publish","hentry"],"_links":{"self":[{"href":"https:\/\/biblian.is\/gudbrandsbiblia\/wp-json\/wp\/v2\/pages\/3502","targetHints":{"allow":["GET"]}}],"collection":[{"href":"https:\/\/biblian.is\/gudbrandsbiblia\/wp-json\/wp\/v2\/pages"}],"about":[{"href":"https:\/\/biblian.is\/gudbrandsbiblia\/wp-json\/wp\/v2\/types\/page"}],"author":[{"embeddable":true,"href":"https:\/\/biblian.is\/gudbrandsbiblia\/wp-json\/wp\/v2\/users\/1"}],"replies":[{"embeddable":true,"href":"https:\/\/biblian.is\/gudbrandsbiblia\/wp-json\/wp\/v2\/comments?post=3502"}],"version-history":[{"count":0,"href":"https:\/\/biblian.is\/gudbrandsbiblia\/wp-json\/wp\/v2\/pages\/3502\/revisions"}],"wp:attachment":[{"href":"https:\/\/biblian.is\/gudbrandsbiblia\/wp-json\/wp\/v2\/media?parent=3502"}],"curies":[{"name":"wp","href":"https:\/\/api.w.org\/{rel}","templated":true}]}}