{"id":3500,"date":"2017-12-18T18:33:51","date_gmt":"2017-12-18T18:33:51","guid":{"rendered":"http:\/\/biblian.is\/gudbrandsbiblia\/esekiel-3-kafli\/"},"modified":"2017-12-18T18:33:51","modified_gmt":"2017-12-18T18:33:51","slug":"esekiel-3-kafli","status":"publish","type":"page","link":"https:\/\/biblian.is\/gudbrandsbiblia\/esekiel-3-kafli\/","title":{"rendered":"Esek\u00edel 3. kafli"},"content":{"rendered":"<p>III.<\/p>\n<p>Og hann sag\u00f0i til m\u00edn: &#8222;\u00de\u00fa mannsins son, merk \u00fe\u00fa \u00f6ll m\u00edn or\u00f0 \u00ed \u00fe\u00ednu hjarta og l\u00e1t \u00fe\u00e9r \u00ed eyrum lo\u00f0a hva\u00f0 eg segi \u00fe\u00e9r. Og gakk burt til \u00fe\u00edns f\u00f3lks, \u00feeirra herteknu, og pr\u00e9dika fyrir \u00feeim og seg\u00f0u til \u00feeirra: Svo segir Drottinn Drottinn, hvort heldur a\u00f0 \u00feeir heyra \u00fea\u00f0 e\u00f0a eigi.&#8220; Og einn vindur t\u00f3k mig upp og eg heyr\u00f0i \u00e1 bak m\u00e9r aftur einn gn\u00fd svo sem eins mikils jar\u00f0skj\u00e1lfta (lofsamleg s\u00e9 d\u00fdr\u00f0in Drottins \u00ed s\u00ednum sta\u00f0) og \u00fear var einn ni\u00f0ur af v\u00e6ngjunum d\u00fdranna, \u00feeirra sem numu til samans, og buldran hj\u00f3lanna sem voru \u00fear hartn\u00e6rri \u00feeim og gn\u00fdr eins mikils jar\u00f0skj\u00e1lfta. \u00de\u00e1 t\u00f3k vindurinn mig upp og flutti mig \u00ed burt og eg f\u00f3r \u00fea\u00f0an og var\u00f0 mj\u00f6g hr\u00e6ddur. En h\u00f6ndin Drottins h\u00e9lt m\u00e9r fast. Og eg kom til \u00feeirra herteknu sem bjuggu hj\u00e1 vatninu Kebar \u00fe\u00e1 e\u00f0 mandelkjarnarnir st\u00f3\u00f0u me\u00f0 bl\u00f3mgan \u00ed ab\u00edbm\u00e1nu\u00f0i og eg setta mig ni\u00f0ur hj\u00e1 \u00feeim sem \u00fear s\u00e1tu og eg var \u00fear \u00e1 me\u00f0al \u00feeirra mj\u00f6g hryggur \u00ed sj\u00f6 daga.<\/p>\n<p>\tOg er \u00feeir sj\u00f6 dagar voru umli\u00f0nir \u00fe\u00e1 ske\u00f0i or\u00f0 Drottins til m\u00edn og sag\u00f0i: <span class=\"athugasemd\" title=\"Prophetanna og pr\u00e9dikaranna emb\u00e6tti\">[<\/span> &#8222;\u00de\u00fa mannsins son, eg hefi sett \u00feig til eins var\u00f0haldsmanns yfir \u00cdsraels h\u00fas. \u00de\u00fa skalt heyra or\u00f0i\u00f0 af m\u00ednum munni og vara \u00fe\u00e1 vi\u00f0 minna vegna. N\u00e6r a\u00f0 eg segi til hins \u00f3gu\u00f0lega: \u00de\u00fa skalt dau\u00f0a deyja, og \u00fe\u00fa varar hann eigi vi\u00f0 og segir honum \u00fea\u00f0 ekki so a\u00f0 s\u00e1 hinn \u00f3gu\u00f0legi kunni a\u00f0 vakta sig fyrir s\u00ednu \u00f3gu\u00f0legu ath\u00e6fi svo a\u00f0 hann megi l\u00edfi halda, \u00fe\u00e1 mun hinn \u00f3gu\u00f0legi deyja fyrir sinna synda sakir en hans bl\u00f3\u00f0s mun eg krefja af \u00feinni hendi. En varir \u00fe\u00fa hinn \u00f3gu\u00f0lega vi\u00f0 og hann sn\u00fdr s\u00e9r ekki \u00ed burt fr\u00e1 s\u00ednu \u00f3gu\u00f0legu ath\u00e6fi og vegi \u00fe\u00e1 mun hann deyja fyrir sinna synda sakir en \u00fe\u00edna s\u00e1l hefur \u00fe\u00fa frelsa\u00f0.<\/p>\n<p>\tOg n\u00e6r e\u00f0 einn r\u00e9ttl\u00e1tur sn\u00fdr s\u00e9r \u00ed burt fr\u00e1 s\u00ednu r\u00e9ttl\u00e6ti og gj\u00f6rir ranglega \u00fe\u00e1 vil eg l\u00e1ta hann reka sig \u00fear \u00e1 so a\u00f0 hann deyi \u00fea\u00f0 me\u00f0 \u00fev\u00ed \u00fe\u00fa hefur ekki vara\u00f0 hann vi\u00f0 \u00fe\u00e1 mun hann deyja fyrir sinna synda sakir og hans r\u00e9ttv\u00edsi sem hann hefur gj\u00f6rt mun ekki \u00e1litin vera heldur mun eg krefja hans bl\u00f3\u00f0s af \u00feinni hendi. En ef \u00fe\u00fa varar hinn r\u00e9ttl\u00e1ta vi\u00f0 a\u00f0 hann skuli ekki syndgast og hann syndgast og einnin ekki \u00fe\u00e1 skal hann lifa \u00fea\u00f0 hann l\u00e9t vara sig vi\u00f0 og \u00fe\u00fa hefur frelsa\u00f0 \u00fe\u00edna s\u00e1l.&#8220;<\/p>\n<p>\tOg h\u00f6nd Drottins kom \u00fear yfir mig og hann sag\u00f0i til m\u00edn: &#8222;R\u00eds upp og gakk \u00fat \u00e1 sl\u00e9ttlendi\u00f0, \u00fear vil eg tala vi\u00f0 \u00feig.&#8220; Og eg bj\u00f3 mig til og gekk \u00fat \u00e1 sl\u00e9ttlendi\u00f0. Og sj\u00e1 \u00fe\u00fa, a\u00f0 \u00fear st\u00f3\u00f0 d\u00fdr\u00f0in Drottins eins l\u00edka sem \u00fea\u00f0 eg s\u00e1 hana hj\u00e1 vatninu Kebar. Og eg f\u00e9ll fram \u00e1 m\u00edna \u00e1sj\u00f3nu og eg lifna\u00f0i vi\u00f0 og st\u00f3\u00f0 upp \u00e1 m\u00ednar f\u00e6tur og hann tala\u00f0i vi\u00f0 mig og sag\u00f0i til m\u00edn: &#8222;Gakk \u00fe\u00fa burt og lyk \u00feig inn \u00ed \u00fe\u00ednu h\u00fasi.<\/p>\n<p>\tOg \u00fe\u00fa, mannsins son, sj\u00e1 \u00fe\u00fa, \u00feeir munu leggja b\u00f6nd \u00e1 \u00feig og binda \u00feig \u00fear me\u00f0 svo a\u00f0 \u00fe\u00fa skulir ekki hlaupast um. Og \u00fe\u00edna tungu vil og l\u00e1ta tolla vi\u00f0 g\u00f3minn \u00e1 \u00fe\u00e9r svo a\u00f0 \u00fe\u00fa skalt m\u00e1llaus vera og geta eigi lengur fundi\u00f0 a\u00f0 vi\u00f0 \u00fe\u00e1 \u00fea\u00f0 \u00fea\u00f0 er eitt \u00f3hl\u00fd\u00f0ugt h\u00fas. En n\u00e6r e\u00f0 eg tala vi\u00f0 \u00feig \u00fe\u00e1 vil eg uppl\u00faka \u00fe\u00ednum munni svo a\u00f0 \u00fe\u00fa skalt segja til \u00feeirra: Svo segir Drottinn Drottinn, hver hann heyrir s\u00e1 heyri \u00fea\u00f0, hver hann skeytir \u00fear ekki um, s\u00e1 skeyti \u00fev\u00ed ekki, \u00fev\u00ed a\u00f0 \u00fea\u00f0 er eitt \u00f3hl\u00fd\u00f0ugt h\u00fas.<\/p>\n","protected":false},"excerpt":{"rendered":"<p>III. Og hann sag\u00f0i til m\u00edn: &#8222;\u00de\u00fa mannsins son, merk \u00fe\u00fa \u00f6ll m\u00edn or\u00f0 \u00ed \u00fe\u00ednu hjarta og l\u00e1t \u00fe\u00e9r \u00ed eyrum lo\u00f0a hva\u00f0 eg segi \u00fe\u00e9r. Og gakk burt til \u00fe\u00edns f\u00f3lks, \u00feeirra herteknu, og pr\u00e9dika fyrir \u00feeim og seg\u00f0u til \u00feeirra: Svo segir Drottinn Drottinn, hvort heldur a\u00f0 \u00feeir heyra \u00fea\u00f0 e\u00f0a eigi.&#8220; Og einn vindur t\u00f3k mig upp og eg heyr\u00f0i \u00e1 bak m\u00e9r aftur einn gn\u00fd svo sem eins mikils jar\u00f0skj\u00e1lfta (lofsamleg s\u00e9 d\u00fdr\u00f0in Drottins \u00ed s\u00ednum sta\u00f0) og \u00fear var einn ni\u00f0ur af v\u00e6ngjunum d\u00fdranna, \u00feeirra sem numu til samans, og buldran hj\u00f3lanna sem voru <a href=\"https:\/\/biblian.is\/gudbrandsbiblia\/esekiel-3-kafli\/\"> [&#8230;]<\/a><\/p>\n","protected":false},"author":1,"featured_media":0,"parent":0,"menu_order":0,"comment_status":"open","ping_status":"open","template":"bibliukaflar.php","meta":{"footnotes":""},"class_list":["post-3500","page","type-page","status-publish","hentry"],"_links":{"self":[{"href":"https:\/\/biblian.is\/gudbrandsbiblia\/wp-json\/wp\/v2\/pages\/3500","targetHints":{"allow":["GET"]}}],"collection":[{"href":"https:\/\/biblian.is\/gudbrandsbiblia\/wp-json\/wp\/v2\/pages"}],"about":[{"href":"https:\/\/biblian.is\/gudbrandsbiblia\/wp-json\/wp\/v2\/types\/page"}],"author":[{"embeddable":true,"href":"https:\/\/biblian.is\/gudbrandsbiblia\/wp-json\/wp\/v2\/users\/1"}],"replies":[{"embeddable":true,"href":"https:\/\/biblian.is\/gudbrandsbiblia\/wp-json\/wp\/v2\/comments?post=3500"}],"version-history":[{"count":0,"href":"https:\/\/biblian.is\/gudbrandsbiblia\/wp-json\/wp\/v2\/pages\/3500\/revisions"}],"wp:attachment":[{"href":"https:\/\/biblian.is\/gudbrandsbiblia\/wp-json\/wp\/v2\/media?parent=3500"}],"curies":[{"name":"wp","href":"https:\/\/api.w.org\/{rel}","templated":true}]}}