{"id":3499,"date":"2017-12-18T18:33:51","date_gmt":"2017-12-18T18:33:51","guid":{"rendered":"http:\/\/biblian.is\/gudbrandsbiblia\/esekiel-2-kafli\/"},"modified":"2017-12-18T18:33:51","modified_gmt":"2017-12-18T18:33:51","slug":"esekiel-2-kafli","status":"publish","type":"page","link":"https:\/\/biblian.is\/gudbrandsbiblia\/esekiel-2-kafli\/","title":{"rendered":"Esek\u00edel 2. kafli"},"content":{"rendered":"<p>II.<\/p>\n<p>Og hann sag\u00f0i til m\u00edn: &#8222;\u00de\u00fa mannsins son, statt upp \u00e1 \u00fe\u00edna f\u00e6tur, \u00fe\u00e1 vil eg tala vi\u00f0 \u00feig.&#8220; Og \u00fe\u00e1 e\u00f0 hann tala\u00f0i svo vi\u00f0 mig \u00fe\u00e1 lifna\u00f0i eg vi\u00f0 aftur og st\u00f3\u00f0 upp \u00e1 m\u00edna f\u00e6tur og hl\u00fdddi honum sem tala\u00f0i vi\u00f0 mig.<\/p>\n<p>\tOg hann sag\u00f0i til m\u00edn: &#8222;\u00de\u00fa mannsins son, eg sendi \u00feig til \u00cdsraelssona, til \u00feess fr\u00e1sn\u00fana l\u00fd\u00f0sins sem m\u00e9r er fr\u00e1horfinn or\u00f0inn. B\u00e6\u00f0i \u00feeir og \u00feeirra forfe\u00f0ur hafa gj\u00f6rt m\u00e9r \u00ed m\u00f3t allt til \u00feessa dags. En \u00feau b\u00f6rn til hverra a\u00f0 eg sendi \u00feig hafa h\u00f6r\u00f0 h\u00f6fu\u00f0 og forh\u00f6r\u00f0nu\u00f0 hj\u00f6rtu. \u00de\u00fa skalt segja til \u00feeirra: So segir Drottinn Drottinn, hvort heldur a\u00f0 \u00feeir hl\u00fd\u00f0a \u00fev\u00ed e\u00f0a ekki \u0096 \u00fea\u00f0 er eitt \u00f3hl\u00fd\u00f0ugt h\u00fas \u0096 \u00fe\u00e1 skulu \u00feeir \u00fe\u00f3 samt vita a\u00f0 \u00fear er sp\u00e1ma\u00f0ur \u00e1 me\u00f0al \u00feeirra.<\/p>\n<p>\tOg \u00fe\u00fa, mannsins son, skalt eigi hr\u00e6\u00f0ast \u00fe\u00e1 og ekki \u00f3ttast \u00feeirra or\u00f0. \u00deeir eru andv\u00edgir og hvassir klungur\u00feyrnar hj\u00e1 \u00fe\u00e9r og \u00fe\u00fa b\u00fdr \u00e1 me\u00f0al flugorma. En \u00fe\u00fa skalt ei hr\u00e6\u00f0ast \u00feeirra illyr\u00f0i og ekki heldur uggablandinn vera fyrir \u00feeirra yggldum tillitum \u00fe\u00f3 a\u00f0 \u00feeir s\u00e9u samt eitt \u00f3hl\u00fd\u00f0ugt h\u00fas heldur skaltu segja \u00feeim m\u00edn or\u00f0 hvort heldur a\u00f0 \u00feeir hl\u00fd\u00f0a \u00feeim e\u00f0a eigi. \u00dev\u00ed a\u00f0 \u00fea\u00f0 er eitt \u00f3hl\u00fd\u00f0ugt f\u00f3lk.<\/p>\n<p>\tEn \u00fe\u00fa, mannsins son, heyr\u00f0u hva\u00f0 eg segi \u00fe\u00e9r og vert ekki \u00f3hl\u00fd\u00f0ugur svo sem \u00fea\u00f0 hi\u00f0 \u00f3hl\u00fd\u00f0uga h\u00fasi\u00f0 er. L\u00fak \u00fe\u00ednum munni upp og et \u00fea\u00f0 hva\u00f0 eg mun gefa \u00fe\u00e9r.&#8220; Og eg leit til og sj\u00e1 \u00fe\u00fa, \u00fear var ein h\u00f6nd \u00fatr\u00e9tt \u00e1 m\u00f3ti m\u00e9r sem haf\u00f0i eitt samanbroti\u00f0 br\u00e9f. \u00dea\u00f0 \u00fatbreiddi h\u00fan fyrir m\u00e9r og \u00fea\u00f0 var alskrifa\u00f0 utan og innan og \u00fear inni st\u00f3\u00f0 skrifa\u00f0ur harmasprengur og sorgargr\u00e1tur og eymdarv\u00e9 og hann sag\u00f0i til m\u00edn: &#8222;\u00de\u00fa mannsins son, et \u00fe\u00fa \u00fea\u00f0 sem fyrir \u00fe\u00e9r er, sem er \u00feetta br\u00e9fi\u00f0, og gakk so \u00ed burt og pr\u00e9dika fyrir \u00cdsraels h\u00fasi.&#8220; \u00de\u00e1 upplauk eg m\u00ednum munni og hann gaf m\u00e9r br\u00e9fi\u00f0 a\u00f0 eta. Og hann sag\u00f0i til m\u00edn: &#8222;\u00de\u00fa mannsins son skalt eta \u00feetta br\u00e9f sem eg gef \u00fe\u00e9r \u00ed \u00feinn kvi\u00f0 og fylla \u00feinn kvi\u00f0 \u00fear me\u00f0.&#8220; \u00de\u00e1 \u00e1t eg \u00fea\u00f0 og \u00fea\u00f0 var so s\u00e6tt \u00ed m\u00ednum munni sem hunang.<\/p>\n<p>\tOg hann sag\u00f0i til m\u00edn: &#8222;\u00de\u00fa mannsins son, gakk burt til \u00cdsraels h\u00fas og pr\u00e9dika \u00feeim m\u00edn or\u00f0. \u00dev\u00ed eg sendi \u00feig ekki til \u00feess f\u00f3lks sem eitt framanda m\u00e1l hefur og eitt \u00f3kunnigt tungut\u00e6ki heldur til h\u00fasins \u00cdsrael, j\u00e1 vissilega ekki til \u00feess mikla m\u00fagaf\u00f3lksins sem hefur annarlegt m\u00e1l og \u00f3skiljanlegt tungut\u00e6ki, hverra or\u00f0 a\u00f0 \u00fe\u00fa skilur ekki. Og \u00fe\u00f3 a\u00f0 so v\u00e6ri a\u00f0 eg senda \u00feig enn til \u00fev\u00edl\u00edkra \u00fe\u00e1 mundu \u00feeir \u00fe\u00f3 gjarnan heyra \u00fe\u00e9r. En \u00cdsraels h\u00fas hefur h\u00f6r\u00f0 enni og har\u00f0\u00fa\u00f0ug hj\u00f6rtu. En \u00fe\u00f3 hefi eg gj\u00f6rt \u00feitt andlit hart \u00ed gegn \u00feeirra andliti og \u00feitt enni \u00ed gegn \u00feeirra ennum. J\u00e1 eg hefi gj\u00f6rt \u00feitt enni svo hart sem einn adamas hver a\u00f0 har\u00f0ari er en grj\u00f3tsteinn. <span class=\"athugasemd\" title=\"Adamas\">[<\/span> \u00dear fyrir \u00f3ttast \u00fe\u00fa ekki og vert eigi hr\u00e6ddur vi\u00f0 \u00fe\u00e1 \u00fe\u00f3 a\u00f0 \u00feeir s\u00e9 eitt svodan \u00f3hl\u00fd\u00f0ugt h\u00fas.&#8220;<\/p>\n","protected":false},"excerpt":{"rendered":"<p>II. Og hann sag\u00f0i til m\u00edn: &#8222;\u00de\u00fa mannsins son, statt upp \u00e1 \u00fe\u00edna f\u00e6tur, \u00fe\u00e1 vil eg tala vi\u00f0 \u00feig.&#8220; Og \u00fe\u00e1 e\u00f0 hann tala\u00f0i svo vi\u00f0 mig \u00fe\u00e1 lifna\u00f0i eg vi\u00f0 aftur og st\u00f3\u00f0 upp \u00e1 m\u00edna f\u00e6tur og hl\u00fdddi honum sem tala\u00f0i vi\u00f0 mig. Og hann sag\u00f0i til m\u00edn: &#8222;\u00de\u00fa mannsins son, eg sendi \u00feig til \u00cdsraelssona, til \u00feess fr\u00e1sn\u00fana l\u00fd\u00f0sins sem m\u00e9r er fr\u00e1horfinn or\u00f0inn. B\u00e6\u00f0i \u00feeir og \u00feeirra forfe\u00f0ur hafa gj\u00f6rt m\u00e9r \u00ed m\u00f3t allt til \u00feessa dags. En \u00feau b\u00f6rn til hverra a\u00f0 eg sendi \u00feig hafa h\u00f6r\u00f0 h\u00f6fu\u00f0 og forh\u00f6r\u00f0nu\u00f0 hj\u00f6rtu. \u00de\u00fa skalt segja <a href=\"https:\/\/biblian.is\/gudbrandsbiblia\/esekiel-2-kafli\/\"> [&#8230;]<\/a><\/p>\n","protected":false},"author":1,"featured_media":0,"parent":0,"menu_order":0,"comment_status":"open","ping_status":"open","template":"bibliukaflar.php","meta":{"footnotes":""},"class_list":["post-3499","page","type-page","status-publish","hentry"],"_links":{"self":[{"href":"https:\/\/biblian.is\/gudbrandsbiblia\/wp-json\/wp\/v2\/pages\/3499","targetHints":{"allow":["GET"]}}],"collection":[{"href":"https:\/\/biblian.is\/gudbrandsbiblia\/wp-json\/wp\/v2\/pages"}],"about":[{"href":"https:\/\/biblian.is\/gudbrandsbiblia\/wp-json\/wp\/v2\/types\/page"}],"author":[{"embeddable":true,"href":"https:\/\/biblian.is\/gudbrandsbiblia\/wp-json\/wp\/v2\/users\/1"}],"replies":[{"embeddable":true,"href":"https:\/\/biblian.is\/gudbrandsbiblia\/wp-json\/wp\/v2\/comments?post=3499"}],"version-history":[{"count":0,"href":"https:\/\/biblian.is\/gudbrandsbiblia\/wp-json\/wp\/v2\/pages\/3499\/revisions"}],"wp:attachment":[{"href":"https:\/\/biblian.is\/gudbrandsbiblia\/wp-json\/wp\/v2\/media?parent=3499"}],"curies":[{"name":"wp","href":"https:\/\/api.w.org\/{rel}","templated":true}]}}