{"id":3497,"date":"2017-12-18T18:33:51","date_gmt":"2017-12-18T18:33:51","guid":{"rendered":"http:\/\/biblian.is\/gudbrandsbiblia\/harmljodin-5-kafli\/"},"modified":"2017-12-18T18:33:51","modified_gmt":"2017-12-18T18:33:51","slug":"harmljodin-5-kafli","status":"publish","type":"page","link":"https:\/\/biblian.is\/gudbrandsbiblia\/harmljodin-5-kafli\/","title":{"rendered":"Harmlj\u00f3\u00f0in 5. kafli"},"content":{"rendered":"<p>V.<\/p>\n<p>Hugleittu a\u00f0 \u00fev\u00ed, Drottinn, hvernin \u00fea\u00f0 oss veitir. \u00c1l\u00edt \u00fe\u00fa og hygg a\u00f0 vorri forsm\u00e1n. Vor arfleif\u00f0 er or\u00f0in \u00feeim annarlegum a\u00f0 hlutskipti og vort h\u00fas hinum \u00fatlensku. V\u00e9r erum f\u00f6\u00f0urlausir og h\u00f6fum \u00f6ngvan f\u00f6\u00f0ur, vorar m\u00e6\u00f0ur eru sem ekkjur. Vort eigi\u00f0 vatn hlj\u00f3tum v\u00e9r a\u00f0 drekka fyrir peninga, vorn vi\u00f0 ver\u00f0um v\u00e9r a\u00f0 l\u00e1ta s\u00e6kja me\u00f0 ver\u00f0i bitala\u00f0an. \u00deeir keyra oss fram yfir um \u00feveran hnakkann og n\u00e6r e\u00f0 v\u00e9r erum uppgefnir af m\u00e6\u00f0i \u00fe\u00e1 l\u00e1ta \u00feeir oss \u00fe\u00f3 \u00f6ngva hv\u00edld hafa. V\u00e9r h\u00f6fum or\u00f0i\u00f0 a\u00f0 gefa oss undir \u00fe\u00e1 \u00ed Egyptalandi og \u00ed Assyria svo a\u00f0 v\u00e9r m\u00e6ttum saddir ver\u00f0a af brau\u00f0i. Vorir fe\u00f0ur \u00feeir syndgu\u00f0u og \u00feeir eru ekki meir fyrir h\u00f6ndum og v\u00e9r hlj\u00f3tum a\u00f0 gjalda \u00feeirra misgj\u00f6rninga. \u00der\u00e6lar drottna yfir oss og \u00fear er enginn sem frelsar oss \u00fat af \u00feeirra hendi. V\u00e9r hlj\u00f3tum a\u00f0 s\u00e6kja vort brau\u00f0 me\u00f0 vorum l\u00edfsh\u00e1ska fyrir sver\u00f0inu \u00e1 ey\u00f0im\u00f6rkina. Vort h\u00f6rund er forbrennt so sem \u00ed \u00f6\u00f0rum ofni af \u00fev\u00ed hr\u00e6\u00f0ilegu hungrinu.<\/p>\n<p>\t\u00deeir hafa skamma\u00f0 og vanvirt \u00fe\u00e6r kvinnurnar \u00ed S\u00edon og \u00fe\u00e6r meyjarnar \u00ed st\u00f6\u00f0unum J\u00fada. \u00deeir h\u00f6f\u00f0ingjarnir eru hengdir af \u00feeim og \u00feeir hafa \u00f6ngva vir\u00f0ing gj\u00f6rt hinum g\u00f6mlu. Hinir ungu karlmenn hlutu a\u00f0 mala kvarnarsteinum og hinir sm\u00e1u \u00e1fram a\u00f0 hrasa \u00ed vi\u00f0ardr\u00e6ttinum. Hinir g\u00f6mlu sitja ekki lengur \u00ed portdyrunum og hinir ungu i\u00f0ka ekki meir nein hlj\u00f3\u00f0f\u00e6ri. Vor hjartans gle\u00f0i hefur einn enda, vor dansl\u00e6ti eru umsn\u00fain \u00ed sorgarkv\u00e6\u00f0i. K\u00f3r\u00f3nan vors h\u00f6fu\u00f0s er af fallin. \u00d3 vei a\u00f0 v\u00e9r h\u00f6fum so syndgast! \u00dear fyrir er einnin vort hjarta so harm\u00ferungi\u00f0 og vor augu daupur or\u00f0in fyrir sakir \u00feess fjallsins S\u00edon a\u00f0 \u00fea\u00f0 liggur \u00ed ey\u00f0i so \u00fea\u00f0 refar hlaupa \u00fear yfir um.<\/p>\n<p>\tEn \u00fe\u00fa, Drottinn, sem ert eil\u00edflegana og \u00feinn veldisst\u00f3ll um aldur og eil\u00edfu, hvar fyrir viltu so \u00f6ldungis forgleyma oss og me\u00f0 \u00f6llu yfirgefa oss so lengi? Drottinn, lei\u00f0 oss aftur til \u00fe\u00edn svo a\u00f0 v\u00e9r m\u00e6ttum komast heim igen. Endurn\u00fdja vora daga l\u00edka sem for\u00f0um t\u00ed\u00f0. \u00dev\u00ed a\u00f0 \u00fe\u00fa hefur kasta\u00f0 oss \u00ed burt og ert or\u00f0inn ofrei\u00f0ur vi\u00f0ur oss.<\/p>\n<p>Ending \u00feess Harmagr\u00e1tsins Jeremie<\/p>\n","protected":false},"excerpt":{"rendered":"<p>V. Hugleittu a\u00f0 \u00fev\u00ed, Drottinn, hvernin \u00fea\u00f0 oss veitir. \u00c1l\u00edt \u00fe\u00fa og hygg a\u00f0 vorri forsm\u00e1n. Vor arfleif\u00f0 er or\u00f0in \u00feeim annarlegum a\u00f0 hlutskipti og vort h\u00fas hinum \u00fatlensku. V\u00e9r erum f\u00f6\u00f0urlausir og h\u00f6fum \u00f6ngvan f\u00f6\u00f0ur, vorar m\u00e6\u00f0ur eru sem ekkjur. Vort eigi\u00f0 vatn hlj\u00f3tum v\u00e9r a\u00f0 drekka fyrir peninga, vorn vi\u00f0 ver\u00f0um v\u00e9r a\u00f0 l\u00e1ta s\u00e6kja me\u00f0 ver\u00f0i bitala\u00f0an. \u00deeir keyra oss fram yfir um \u00feveran hnakkann og n\u00e6r e\u00f0 v\u00e9r erum uppgefnir af m\u00e6\u00f0i \u00fe\u00e1 l\u00e1ta \u00feeir oss \u00fe\u00f3 \u00f6ngva hv\u00edld hafa. V\u00e9r h\u00f6fum or\u00f0i\u00f0 a\u00f0 gefa oss undir \u00fe\u00e1 \u00ed Egyptalandi og \u00ed Assyria svo a\u00f0 v\u00e9r <a href=\"https:\/\/biblian.is\/gudbrandsbiblia\/harmljodin-5-kafli\/\"> [&#8230;]<\/a><\/p>\n","protected":false},"author":1,"featured_media":0,"parent":0,"menu_order":0,"comment_status":"open","ping_status":"open","template":"bibliukaflar.php","meta":{"footnotes":""},"class_list":["post-3497","page","type-page","status-publish","hentry"],"_links":{"self":[{"href":"https:\/\/biblian.is\/gudbrandsbiblia\/wp-json\/wp\/v2\/pages\/3497","targetHints":{"allow":["GET"]}}],"collection":[{"href":"https:\/\/biblian.is\/gudbrandsbiblia\/wp-json\/wp\/v2\/pages"}],"about":[{"href":"https:\/\/biblian.is\/gudbrandsbiblia\/wp-json\/wp\/v2\/types\/page"}],"author":[{"embeddable":true,"href":"https:\/\/biblian.is\/gudbrandsbiblia\/wp-json\/wp\/v2\/users\/1"}],"replies":[{"embeddable":true,"href":"https:\/\/biblian.is\/gudbrandsbiblia\/wp-json\/wp\/v2\/comments?post=3497"}],"version-history":[{"count":0,"href":"https:\/\/biblian.is\/gudbrandsbiblia\/wp-json\/wp\/v2\/pages\/3497\/revisions"}],"wp:attachment":[{"href":"https:\/\/biblian.is\/gudbrandsbiblia\/wp-json\/wp\/v2\/media?parent=3497"}],"curies":[{"name":"wp","href":"https:\/\/api.w.org\/{rel}","templated":true}]}}