{"id":3487,"date":"2017-12-18T18:33:47","date_gmt":"2017-12-18T18:33:47","guid":{"rendered":"http:\/\/biblian.is\/gudbrandsbiblia\/jeremia-47-kafli\/"},"modified":"2017-12-18T18:33:47","modified_gmt":"2017-12-18T18:33:47","slug":"jeremia-47-kafli","status":"publish","type":"page","link":"https:\/\/biblian.is\/gudbrandsbiblia\/jeremia-47-kafli\/","title":{"rendered":"Jerem\u00eda 47. kafli"},"content":{"rendered":"<p>XLVII.<\/p>\n<p>\u00deetta er \u00fea\u00f0 or\u00f0 Drottins sem ske\u00f0i til prophetans Jeremia \u00e1 m\u00f3ti Philisteis \u00e1\u00f0ur en \u00fea\u00f0 fara\u00f3 sl\u00f3 Gasan. <span class=\"athugasemd\" title=\"Philistei\">[<\/span> So segir Drottinn: Sj\u00e1 \u00fe\u00fa, \u00fear kemur vatn upp af nor\u00f0rinu sem gj\u00f6ra skal eitt fl\u00f3\u00f0 \u00fea\u00f0 sem \u00ed burt taka skal b\u00e6\u00f0i landi\u00f0 og allt \u00fea\u00f0 sem \u00fear er inni, b\u00e6\u00f0i sta\u00f0ina og \u00fe\u00e1 sem \u00ed \u00feeim b\u00faa so \u00fea\u00f0 allt f\u00f3lki\u00f0 \u00ed landinu skal stynja h\u00e1tt og allir innbyggjarar \u00ed landinu skulu bera sig l\u00edtt og gr\u00e1ta fyrir \u00feeim gn\u00fd \u00feeirra sterkra v\u00edghesta sem \u00fear fram bruna og fyrir buldran \u00feeirra vagna og \u00f3hlj\u00f3\u00f0um hj\u00f3lanna so \u00feeir fe\u00f0urnir skulu eigi l\u00edta um kring sig eftir b\u00f6rnunum, so hr\u00e6ddir skulu \u00feeir vera fyrir \u00feeim deginum sem kemur til a\u00f0 forey\u00f0a \u00f6llum Philisteis og a\u00f0 uppr\u00e6ta Tyrum og Zidon me\u00f0 \u00feeim \u00f6\u00f0rum \u00feeirra hj\u00e1lparm\u00f6nnum.<\/p>\n<p>\t\u00dev\u00ed a\u00f0 Drottinn mun ni\u00f0urbrj\u00f3ta \u00fe\u00e1 Philisteis sem eftir eru or\u00f0nir af \u00feeim \u00ed eyjunum Kaft\u00f3r, Gasa skal sk\u00f6ll\u00f3tt ver\u00f0a og Askalon fordj\u00f6rfu\u00f0 me\u00f0 \u00feeim sem eftir eru or\u00f0nir \u00ed \u00feeirra d\u00f6lum. \u00d3 \u00fe\u00fa sver\u00f0 Drottins, hversu lengi \u00fe\u00e1 s\u00e6rir \u00fe\u00fa? N\u00e6r viltu \u00feessu linna? Far \u00fe\u00fa aftur \u00ed \u00fe\u00ednar sl\u00ed\u00f0rir og hv\u00edl \u00feig og vert kyrr. En hvernin kanntu af a\u00f0 l\u00e1ta me\u00f0 \u00fev\u00ed a\u00f0 Drottinn hefur skipa\u00f0 \u00fe\u00e9r \u00e1 m\u00f3ti Askalon og sett \u00feig \u00e1 m\u00f3ti \u00feeim h\u00f6fnunum sj\u00e1varhafsins.<\/p>\n","protected":false},"excerpt":{"rendered":"<p>XLVII. \u00deetta er \u00fea\u00f0 or\u00f0 Drottins sem ske\u00f0i til prophetans Jeremia \u00e1 m\u00f3ti Philisteis \u00e1\u00f0ur en \u00fea\u00f0 fara\u00f3 sl\u00f3 Gasan. [ So segir Drottinn: Sj\u00e1 \u00fe\u00fa, \u00fear kemur vatn upp af nor\u00f0rinu sem gj\u00f6ra skal eitt fl\u00f3\u00f0 \u00fea\u00f0 sem \u00ed burt taka skal b\u00e6\u00f0i landi\u00f0 og allt \u00fea\u00f0 sem \u00fear er inni, b\u00e6\u00f0i sta\u00f0ina og \u00fe\u00e1 sem \u00ed \u00feeim b\u00faa so \u00fea\u00f0 allt f\u00f3lki\u00f0 \u00ed landinu skal stynja h\u00e1tt og allir innbyggjarar \u00ed landinu skulu bera sig l\u00edtt og gr\u00e1ta fyrir \u00feeim gn\u00fd \u00feeirra sterkra v\u00edghesta sem \u00fear fram bruna og fyrir buldran \u00feeirra vagna og \u00f3hlj\u00f3\u00f0um hj\u00f3lanna so \u00feeir <a href=\"https:\/\/biblian.is\/gudbrandsbiblia\/jeremia-47-kafli\/\"> [&#8230;]<\/a><\/p>\n","protected":false},"author":1,"featured_media":0,"parent":0,"menu_order":0,"comment_status":"open","ping_status":"open","template":"bibliukaflar.php","meta":{"footnotes":""},"class_list":["post-3487","page","type-page","status-publish","hentry"],"_links":{"self":[{"href":"https:\/\/biblian.is\/gudbrandsbiblia\/wp-json\/wp\/v2\/pages\/3487","targetHints":{"allow":["GET"]}}],"collection":[{"href":"https:\/\/biblian.is\/gudbrandsbiblia\/wp-json\/wp\/v2\/pages"}],"about":[{"href":"https:\/\/biblian.is\/gudbrandsbiblia\/wp-json\/wp\/v2\/types\/page"}],"author":[{"embeddable":true,"href":"https:\/\/biblian.is\/gudbrandsbiblia\/wp-json\/wp\/v2\/users\/1"}],"replies":[{"embeddable":true,"href":"https:\/\/biblian.is\/gudbrandsbiblia\/wp-json\/wp\/v2\/comments?post=3487"}],"version-history":[{"count":0,"href":"https:\/\/biblian.is\/gudbrandsbiblia\/wp-json\/wp\/v2\/pages\/3487\/revisions"}],"wp:attachment":[{"href":"https:\/\/biblian.is\/gudbrandsbiblia\/wp-json\/wp\/v2\/media?parent=3487"}],"curies":[{"name":"wp","href":"https:\/\/api.w.org\/{rel}","templated":true}]}}