{"id":3486,"date":"2017-12-18T18:33:47","date_gmt":"2017-12-18T18:33:47","guid":{"rendered":"http:\/\/biblian.is\/gudbrandsbiblia\/jeremia-46-kafli\/"},"modified":"2017-12-18T18:33:47","modified_gmt":"2017-12-18T18:33:47","slug":"jeremia-46-kafli","status":"publish","type":"page","link":"https:\/\/biblian.is\/gudbrandsbiblia\/jeremia-46-kafli\/","title":{"rendered":"Jerem\u00eda 46. kafli"},"content":{"rendered":"<p>XLVI.<\/p>\n<p>\u00deetta er \u00fea\u00f0 or\u00f0 Drottins sem ske\u00f0i til Jeremia \u00e1 m\u00f3ti \u00f6llum hei\u00f0num \u00fej\u00f3\u00f0um.<\/p>\n<p>\u00c1 m\u00f3ti Egyptalandi<\/p>\n<p>\u00c1 m\u00f3ti herli\u00f0i fara\u00f3 Nek\u00f3 k\u00f3ngsins af Egyptalandi sem l\u00e1 vi\u00f0 vatni\u00f0 Euphrates \u00ed Karkemis hvert e\u00f0 Nabogodonosor konungurinn af Bab\u00fdlon sl\u00f3 \u00e1 \u00fev\u00ed fj\u00f3r\u00f0a \u00e1rinu J\u00f3ak\u00edm J\u00f3s\u00edasonar konungsins \u00ed J\u00fada. <\/p>\n<p>\tB\u00fai\u00f0 til skj\u00f6lduna og buklarana og dragi\u00f0 \u00fat \u00ed str\u00ed\u00f0i\u00f0. Leggi\u00f0 \u00e1 hestana og l\u00e1ti\u00f0 riddarana \u00fear upp \u00e1 sitja. Setji\u00f0 upp hj\u00e1lmana, hvessi\u00f0 gladielen, fari\u00f0 \u00ed brynjurnar. En hvernin kemur \u00fea\u00f0 til a\u00f0 eg s\u00e9 \u00feeir eru duglausir og fl\u00fdja undan og \u00feeirra kempur eru \u00ed hel slegnar? <span class=\"athugasemd\" title=\"Esa. xixxx. \/ Esek. xxix. xxx. xxxi.\">[<\/span> \u00deeir fl\u00fdja so geist undan a\u00f0 \u00feeir l\u00edta eigi aftur og skelfingin er \u00ed kringum \u00fe\u00e1, segir Drottinn. S\u00e1 hinn skj\u00f3ti kann ekki \u00ed burt a\u00f0 fl\u00fdja og eigi heldur hinn \u00f6flugi undan a\u00f0 komast. \u00deeir eru fallnir og ni\u00f0ur slegnir \u00ed m\u00f3t nor\u00f0rinu hj\u00e1 vatninu Euphrates. Hvar er n\u00fa s\u00e1 sem dr\u00f3 hinga\u00f0 upp sem eitt vatsfl\u00f3\u00f0 og hvers bylgjur sig upph\u00f3fu sem a\u00f0rar vatsbylgjur? Egyptalandsmenn dr\u00f3gu upp hinga\u00f0 sem anna\u00f0 vatsfl\u00f3\u00f0 og \u00feeirra bylgjur h\u00f3fu sig h\u00e1tt so sem vatsbylgjur og s\u00f6g\u00f0u: &#8222;Eg vil draga upp \u00feanga\u00f0 til a\u00f0 hylja landi\u00f0 og til a\u00f0 fordjarfa \u00fe\u00e1 sta\u00f0ina me\u00f0 \u00feeim sem \u00fear inni b\u00faa.&#8220;<\/p>\n<p>\tN\u00fa vel, st\u00edgi\u00f0 \u00e1 hestana, hleypi\u00f0 me\u00f0 vagnana, l\u00e1ti\u00f0 hetjurnar \u00fat draga og Bl\u00e1mennina og \u00fe\u00e1 \u00fat af P\u00fat sem skj\u00f6lduna hafa og bogaskytturnar af Lydia. \u00dev\u00ed a\u00f0 \u00feetta er dagur Drottins, Drottins Seba\u00f3t, einn hefndardagur \u00fea\u00f0 hann vill hefna s\u00edn \u00e1 s\u00ednum \u00f3vinum so a\u00f0 sver\u00f0i\u00f0 skal upp \u00e9ta \u00fe\u00e1 og ver\u00f0a fullt og drukki\u00f0 af \u00feeirra bl\u00f3\u00f0i. \u00dev\u00ed a\u00f0 \u00feeir hlj\u00f3ta a\u00f0 ver\u00f0a Drottni Seba\u00f3t eitt sl\u00e1trunaroffur \u00ed \u00fev\u00ed landinu m\u00f3t nor\u00f0rinu vi\u00f0 vatni\u00f0 Euphrates. \u00de\u00fa jungfr\u00fa, Egyptalandsd\u00f3ttir, gakk h\u00e9\u00f0an upp til G\u00edlea\u00f0 og s\u00e6k \u00fe\u00e9r smyrsl en \u00fea\u00f0 kemur til einskis a\u00f0 \u00fe\u00fa farir me\u00f0 miklar l\u00e6kningar, \u00fe\u00fa ver\u00f0ur ekki heilbrig\u00f0 a\u00f0 heldur. \u00de\u00edn sk\u00f6mm er auglj\u00f3s vor\u00f0in \u00e1 me\u00f0al hei\u00f0inna \u00fej\u00f3\u00f0a, af \u00fe\u00ednum gr\u00e1ti er landi\u00f0 fullt \u00fea\u00f0 ein hetjan fellur yfir a\u00f0ra og liggur svo hvor um \u00feveran annan.<\/p>\n<p>\t\u00deetta er \u00fea\u00f0 or\u00f0 Drottins sem hann tala\u00f0i til Jeremiam propheta \u00fe\u00e1 e\u00f0 Nabogodonosor konungurinn af Bab\u00fdlon dr\u00f3 \u00fat til a\u00f0 sl\u00e1 Egyptaland. Kunngj\u00f6ri\u00f0 \u00fea\u00f0 \u00ed Egyptalandi og undirv\u00edsi\u00f0 \u00fea\u00f0 \u00ed Migdal, l\u00e1ti\u00f0 \u00fe\u00e1 \u00ed N\u00f3f og Takpanhes f\u00e1 \u00fea\u00f0 a\u00f0 vita og segi\u00f0: <span class=\"athugasemd\" title=\"Supra xxxiiii.\">[<\/span> &#8222;B\u00fa \u00feig til varnar \u00fea\u00f0 sver\u00f0i\u00f0 mun upp eta allt \u00fea\u00f0 hva\u00f0 \u00ed kringum \u00feig er.&#8220; Hvernin kemur \u00fea\u00f0 til \u00fea\u00f0 \u00fe\u00ednir hinir voldugu falla til jar\u00f0ar og geta ekki vi\u00f0 sta\u00f0i\u00f0? Drottinn kastar \u00feeim so ni\u00f0ur, hann gj\u00f6rir \u00fea\u00f0 a\u00f0 so margir falla af y\u00f0ur so a\u00f0 hver liggur \u00fear um annan \u00feveran annan. \u00de\u00e1 s\u00f6g\u00f0u \u00feeir: &#8222;Upp, l\u00e1tum oss draga til vorra manna \u00ed vort f\u00f3sturland fyrir sver\u00f0inu \u00feess v\u00edkingsins.&#8220; \u00de\u00e1 mun kalla\u00f0 eftir \u00feeim \u00fea\u00f0 fara\u00f3 konungurinn af Egyptalandi liggi fallinn og hann hafi misst s\u00edn landtj\u00f6ld.<\/p>\n<p>\tSo sannarlega sem eg lifi, segir s\u00e1 konungurinn sem heitir Drottinn Seba\u00f3t, hann skal draga h\u00e9r fram so h\u00e1r sem fjalli\u00f0 Tabor er \u00e1 me\u00f0al annarra fjalla og so sem Karmel \u00fea\u00f0 vi\u00f0 sj\u00f3inn stendur. <span class=\"athugasemd\" title=\"Tabor \/ Karmel\">[<\/span> \u00de\u00fa datturin sem b\u00fdr \u00ed Egyptalandi, tak \u00feinn fer\u00f0ab\u00faning \u00fea\u00f0 N\u00f3f mun \u00ed ey\u00f0i l\u00f6g\u00f0 og uppbrennd ver\u00f0a so a\u00f0 enginn mun b\u00faa \u00fear inni.<\/p>\n<p>\tEgyptaland er einn feitur k\u00e1lfur en sl\u00e1trunarma\u00f0urinn kemur af nor\u00f0rinu og \u00feeir <span class=\"athugasemd\" title=\"a \/ Daglaunarar) \/ H\u00f6f\u00f0ingjar og herrar sem honum \u00fej\u00f3na og st\u00f3r laun taka\">[<\/span> daglaunararnir sem \u00fear inni b\u00faa eru einnin sem feitir k\u00e1lfar en \u00fe\u00f3 hlj\u00f3ta \u00feeir a\u00f0 sn\u00faa s\u00e9r \u00e1 fl\u00f3tta hver me\u00f0 \u00f6\u00f0rum og f\u00e1 ekki vi\u00f0 sta\u00f0i\u00f0. \u00dev\u00ed a\u00f0 s\u00e1 dagurinn \u00feeirra \u00f3lukku mun yfir \u00fe\u00e1 koma, einkum sem er \u00feeirra vitjunart\u00edmi. \u00deeir bruna \u00fear fram so e\u00f0 glamrar \u00ed \u00feeirra harneski og koma me\u00f0 \u00f3v\u00edgan her og flytja auxar yfir hana l\u00edka sem sk\u00f3garmenn. \u00deeir hinir s\u00f6mu munu so h\u00f6ggva \u00ed hennar sk\u00f3gi, segir Drottinn, a\u00f0 \u00fea\u00f0 mun ekki teljandi vera. \u00dev\u00ed a\u00f0 \u00feeir eru fleiri en \u00fe\u00e6r engisprettur sem enginn f\u00e6r tali\u00f0. D\u00f3tturin Egyptalands stendur me\u00f0 sk\u00f6mm \u00fea\u00f0 h\u00fan er gefin \u00ed hendur \u00feess f\u00f3lksins af nor\u00f0rinu.<\/p>\n<p>\tDrottinn Seba\u00f3t, Gu\u00f0 \u00cdsraels, hann segir: Sj\u00e1 \u00fe\u00fa, eg vil vitja \u00feeirra stj\u00f3rnaranna af N\u00f3 og fara\u00f3 og \u00feeirra \u00ed Egyptalandi me\u00f0 s\u00ednum gu\u00f0um og konungum. J\u00e1 fara\u00f3 me\u00f0 \u00f6llum \u00feeim sem traust h\u00f6f\u00f0u \u00e1 honum, \u00fe\u00e1 vil eg gefa \u00ed \u00feeirra hendur sem stunda eftir \u00feeirra l\u00edfi og \u00ed hendur Nabogodonosor konungsins af Bab\u00fdlon og hans \u00fe\u00e9nara. Og \u00fear eftir \u00e1 skaltu bygg\u00f0 ver\u00f0a so sem \u00fea\u00f0 var for\u00f0um daga, segir Drottinn.<\/p>\n<p>\tEn \u00fe\u00fa, minn \u00fe\u00e9nari Jakob, \u00f3ttast ekki og \u00fe\u00fa \u00cdsrael, vert \u00f3hr\u00e6ddur, \u00fev\u00ed a\u00f0, sj\u00e1 \u00fe\u00fa, eg vil hj\u00e1lpa \u00fe\u00e9r af \u00fev\u00ed fjarl\u00e6ga landinu og \u00fe\u00ednu s\u00e6\u00f0i burt \u00far \u00feeirra herlei\u00f0ingarlandi so a\u00f0 Jakob skal aftur koma og \u00ed fri\u00f0i vera og gn\u00f3glegt hafa og enginn skal skelfa hann. \u00dear fyrir \u00f3ttast ekki, minn \u00fej\u00f3n Jakob, segir Drottinn, \u00fev\u00ed a\u00f0 eg er hj\u00e1 \u00fe\u00e9r. Vi\u00f0 alla \u00fe\u00e1 hei\u00f0ingja til hverra a\u00f0 eg hefi \u00ed burt reki\u00f0 \u00feig vil eg einn enda gj\u00f6ra en vi\u00f0 \u00feig vil eg ekki neinn enda gj\u00f6ra heldur \u00fe\u00e1 vil eg aga \u00feig me\u00f0 h\u00f3fsemi so \u00fea\u00f0 eg l\u00e1ti \u00feig \u00fe\u00f3 ekki \u00f3hegndan. <span class=\"athugasemd\" title=\"Huggun \u00feeirra herteknu \/ Supra xxx.\">[<\/span><\/p>\n","protected":false},"excerpt":{"rendered":"<p>XLVI. \u00deetta er \u00fea\u00f0 or\u00f0 Drottins sem ske\u00f0i til Jeremia \u00e1 m\u00f3ti \u00f6llum hei\u00f0num \u00fej\u00f3\u00f0um. \u00c1 m\u00f3ti Egyptalandi \u00c1 m\u00f3ti herli\u00f0i fara\u00f3 Nek\u00f3 k\u00f3ngsins af Egyptalandi sem l\u00e1 vi\u00f0 vatni\u00f0 Euphrates \u00ed Karkemis hvert e\u00f0 Nabogodonosor konungurinn af Bab\u00fdlon sl\u00f3 \u00e1 \u00fev\u00ed fj\u00f3r\u00f0a \u00e1rinu J\u00f3ak\u00edm J\u00f3s\u00edasonar konungsins \u00ed J\u00fada. B\u00fai\u00f0 til skj\u00f6lduna og buklarana og dragi\u00f0 \u00fat \u00ed str\u00ed\u00f0i\u00f0. Leggi\u00f0 \u00e1 hestana og l\u00e1ti\u00f0 riddarana \u00fear upp \u00e1 sitja. Setji\u00f0 upp hj\u00e1lmana, hvessi\u00f0 gladielen, fari\u00f0 \u00ed brynjurnar. En hvernin kemur \u00fea\u00f0 til a\u00f0 eg s\u00e9 \u00feeir eru duglausir og fl\u00fdja undan og \u00feeirra kempur eru \u00ed hel slegnar? [ \u00deeir <a href=\"https:\/\/biblian.is\/gudbrandsbiblia\/jeremia-46-kafli\/\"> [&#8230;]<\/a><\/p>\n","protected":false},"author":1,"featured_media":0,"parent":0,"menu_order":0,"comment_status":"open","ping_status":"open","template":"bibliukaflar.php","meta":{"footnotes":""},"class_list":["post-3486","page","type-page","status-publish","hentry"],"_links":{"self":[{"href":"https:\/\/biblian.is\/gudbrandsbiblia\/wp-json\/wp\/v2\/pages\/3486","targetHints":{"allow":["GET"]}}],"collection":[{"href":"https:\/\/biblian.is\/gudbrandsbiblia\/wp-json\/wp\/v2\/pages"}],"about":[{"href":"https:\/\/biblian.is\/gudbrandsbiblia\/wp-json\/wp\/v2\/types\/page"}],"author":[{"embeddable":true,"href":"https:\/\/biblian.is\/gudbrandsbiblia\/wp-json\/wp\/v2\/users\/1"}],"replies":[{"embeddable":true,"href":"https:\/\/biblian.is\/gudbrandsbiblia\/wp-json\/wp\/v2\/comments?post=3486"}],"version-history":[{"count":0,"href":"https:\/\/biblian.is\/gudbrandsbiblia\/wp-json\/wp\/v2\/pages\/3486\/revisions"}],"wp:attachment":[{"href":"https:\/\/biblian.is\/gudbrandsbiblia\/wp-json\/wp\/v2\/media?parent=3486"}],"curies":[{"name":"wp","href":"https:\/\/api.w.org\/{rel}","templated":true}]}}