{"id":3485,"date":"2017-12-18T18:33:47","date_gmt":"2017-12-18T18:33:47","guid":{"rendered":"http:\/\/biblian.is\/gudbrandsbiblia\/jeremia-45-kafli\/"},"modified":"2017-12-18T18:33:47","modified_gmt":"2017-12-18T18:33:47","slug":"jeremia-45-kafli","status":"publish","type":"page","link":"https:\/\/biblian.is\/gudbrandsbiblia\/jeremia-45-kafli\/","title":{"rendered":"Jerem\u00eda 45. kafli"},"content":{"rendered":"<p>XLV. <\/p>\n<p>\u00deetta er \u00fea\u00f0 or\u00f0 sem Jeremias propheti tala\u00f0i til Bar\u00fak Ner\u00edasonar \u00fe\u00e1 e\u00f0 hann skrifa\u00f0i \u00feessi or\u00f0 \u00ed eina b\u00f3k af munni Jeremias, \u00e1 \u00fev\u00ed fj\u00f3r\u00f0a \u00e1rinu J\u00f3ak\u00edm J\u00f3s\u00edasonar konungsins J\u00fada, og sag\u00f0i: <span class=\"athugasemd\" title=\"Bar\u00fak\">[<\/span> So segir Drottinn Seba\u00f3t, Gu\u00f0 \u00cdsraels af \u00fe\u00e9r, Bar\u00fak: \u00de\u00fa segir &#8222;Vei m\u00e9r! Hvernin hefur Drottinn lagt m\u00e9r til sorg ofan \u00e1 sorg! Eg styn mig m\u00f3\u00f0an og finn \u00f6ngva hv\u00edld.&#8220; Seg \u00fe\u00fa honum so: Svo segir Drottinn: Sj\u00e1 \u00fe\u00fa, eg ni\u00f0urbr\u00fdt \u00fea\u00f0 sem eg uppbygg\u00f0i og \u00fea\u00f0 sem eg hefi gr\u00f3\u00f0sett \u00fea\u00f0 uppr\u00e6ti eg \u00e1samt me\u00f0 \u00f6llu \u00feessu mi\u00ednu eigin landi. Og \u00fe\u00fa girnist so mikla hluti. Girnst \u00fea\u00f0 ekki \u00fev\u00ed a\u00f0 sj\u00e1 \u00fe\u00fa, eg vil koma l\u00e1ta \u00f3g\u00e6fu yfir allt hold, segir Drottinn, en eg vil gefa \u00fe\u00e9r \u00fe\u00edna s\u00e1lu a\u00f0 hlutskipti hvert sem \u00fe\u00fa fer.<\/p>\n","protected":false},"excerpt":{"rendered":"<p>XLV. \u00deetta er \u00fea\u00f0 or\u00f0 sem Jeremias propheti tala\u00f0i til Bar\u00fak Ner\u00edasonar \u00fe\u00e1 e\u00f0 hann skrifa\u00f0i \u00feessi or\u00f0 \u00ed eina b\u00f3k af munni Jeremias, \u00e1 \u00fev\u00ed fj\u00f3r\u00f0a \u00e1rinu J\u00f3ak\u00edm J\u00f3s\u00edasonar konungsins J\u00fada, og sag\u00f0i: [ So segir Drottinn Seba\u00f3t, Gu\u00f0 \u00cdsraels af \u00fe\u00e9r, Bar\u00fak: \u00de\u00fa segir &#8222;Vei m\u00e9r! Hvernin hefur Drottinn lagt m\u00e9r til sorg ofan \u00e1 sorg! Eg styn mig m\u00f3\u00f0an og finn \u00f6ngva hv\u00edld.&#8220; Seg \u00fe\u00fa honum so: Svo segir Drottinn: Sj\u00e1 \u00fe\u00fa, eg ni\u00f0urbr\u00fdt \u00fea\u00f0 sem eg uppbygg\u00f0i og \u00fea\u00f0 sem eg hefi gr\u00f3\u00f0sett \u00fea\u00f0 uppr\u00e6ti eg \u00e1samt me\u00f0 \u00f6llu \u00feessu mi\u00ednu eigin landi. Og \u00fe\u00fa girnist <a href=\"https:\/\/biblian.is\/gudbrandsbiblia\/jeremia-45-kafli\/\"> [&#8230;]<\/a><\/p>\n","protected":false},"author":1,"featured_media":0,"parent":0,"menu_order":0,"comment_status":"open","ping_status":"open","template":"bibliukaflar.php","meta":{"footnotes":""},"class_list":["post-3485","page","type-page","status-publish","hentry"],"_links":{"self":[{"href":"https:\/\/biblian.is\/gudbrandsbiblia\/wp-json\/wp\/v2\/pages\/3485","targetHints":{"allow":["GET"]}}],"collection":[{"href":"https:\/\/biblian.is\/gudbrandsbiblia\/wp-json\/wp\/v2\/pages"}],"about":[{"href":"https:\/\/biblian.is\/gudbrandsbiblia\/wp-json\/wp\/v2\/types\/page"}],"author":[{"embeddable":true,"href":"https:\/\/biblian.is\/gudbrandsbiblia\/wp-json\/wp\/v2\/users\/1"}],"replies":[{"embeddable":true,"href":"https:\/\/biblian.is\/gudbrandsbiblia\/wp-json\/wp\/v2\/comments?post=3485"}],"version-history":[{"count":0,"href":"https:\/\/biblian.is\/gudbrandsbiblia\/wp-json\/wp\/v2\/pages\/3485\/revisions"}],"wp:attachment":[{"href":"https:\/\/biblian.is\/gudbrandsbiblia\/wp-json\/wp\/v2\/media?parent=3485"}],"curies":[{"name":"wp","href":"https:\/\/api.w.org\/{rel}","templated":true}]}}