{"id":3478,"date":"2017-12-18T18:33:47","date_gmt":"2017-12-18T18:33:47","guid":{"rendered":"http:\/\/biblian.is\/gudbrandsbiblia\/jeremia-38-kafli\/"},"modified":"2017-12-18T18:33:47","modified_gmt":"2017-12-18T18:33:47","slug":"jeremia-38-kafli","status":"publish","type":"page","link":"https:\/\/biblian.is\/gudbrandsbiblia\/jeremia-38-kafli\/","title":{"rendered":"Jerem\u00eda 38. kafli"},"content":{"rendered":"<p>XXXVIII.<\/p>\n<p>Og er Safatja Matanson og Gedalja Pash\u00farson og J\u00fakal Selem\u00edasson og Pash\u00far Malek\u00edason heyr\u00f0u \u00fe\u00e1 r\u00e6\u00f0u sem Jeremias tala\u00f0i til alls f\u00f3lksins, segjandi: <span class=\"athugasemd\" title=\"Supra xxviii. xxix.\">[<\/span> &#8222;So segir Drottinn: Hver hann bl\u00edfur \u00ed \u00feessum sta\u00f0 s\u00e1 skal deyja fyrir sver\u00f0i, hungri og dreps\u00f3tt. En hver hann gengur \u00fat til \u00feeirra Chaldeis s\u00e1 mun l\u00edfi halda og s\u00ednu l\u00edfi \u00fear \u00ed fr\u00e1 bjarga sem \u00f6\u00f0ru herfangi. <span class=\"athugasemd\" title=\"Supra xxi. xxvii.\">[<\/span> \u00dev\u00ed a\u00f0 so segir Drottinn: \u00deessi sta\u00f0ur skal yfirgefinn ver\u00f0a \u00fev\u00ed herli\u00f0i konungsins af Bab\u00fdlon og \u00feeir skulu vinna hann&#8220;<\/p>\n<p>\t\u00fe\u00e1 s\u00f6g\u00f0u h\u00f6f\u00f0ingjarnir til konungsins: &#8222;L\u00e1ttu l\u00edfl\u00e1ta \u00feann mann \u00fev\u00ed a\u00f0 me\u00f0 svoddan h\u00e6tti \u00fe\u00e1 fr\u00e1sn\u00fdr hann str\u00ed\u00f0sf\u00f3lkinu \u00fev\u00ed sem a\u00f0 enn er n\u00fa eftir \u00ed \u00feessum sta\u00f0 jafnvel einnin \u00f6llu \u00f6\u00f0ru f\u00f3lkinu me\u00f0 \u00fev\u00ed a\u00f0 hann segir svoddan or\u00f0 til \u00feeirra. \u00dev\u00ed a\u00f0 s\u00e1 ma\u00f0ur fer eigi \u00feess \u00e1 leit sem til fri\u00f0ar heyrir \u00feessu f\u00f3lki heldur hins sem til \u00f3g\u00e6funnar horfir.&#8220; Konungurinn Zedechias sag\u00f0i: &#8222;Sj\u00e1i\u00f0, hann er \u00ed y\u00f0ar h\u00f6ndum \u00fev\u00ed a\u00f0 konungurinn l\u00e6tur ekki neitt \u00e1 m\u00f3ti y\u00f0ur.&#8220; <span class=\"athugasemd\" title=\"Jeremias ver\u00f0ur \u00ed d\u00fdflissu kasta\u00f0ur\">[<\/span> \u00de\u00e1 t\u00f3ku \u00feeir Jeremiam og k\u00f6stu\u00f0u honum \u00ed d\u00fdflissuna Malachie sonar Hamelek sem var \u00ed fordyrum myrkvastofunnar og l\u00e9tu hann ofan s\u00edga me\u00f0 reipum \u00ed d\u00fdflissuna \u00fear sem ekki neitt var vatn utan leirbleyta og Jeremias s\u00f6kk \u00ed leirbleytuna.<\/p>\n<p>\tEn sem Ebed Melek bl\u00e1lenski, einn hir\u00f0sveinn \u00ed k\u00f3ngsins gar\u00f0i, heyr\u00f0i a\u00f0 \u00feeir h\u00f6f\u00f0u kasta\u00f0 Jeremia \u00ed d\u00fdflissuna og k\u00f3ngurinn sat \u00feann sama t\u00edma \u00ed Benjam\u00ednsporti \u00fe\u00e1 gekk Ebed Melek \u00far konungsins gar\u00f0i og tala\u00f0i til konungsins og sag\u00f0i: <span class=\"athugasemd\" title=\"Ebed Melek \/ Jerem. xxxix.\">[<\/span> &#8222;Minn herra konungur, \u00feeir menn hafa illa gj\u00f6rt vi\u00f0 Jeremiam propheta sem hafa kasta\u00f0 honum \u00ed d\u00fdflissuna \u00fear e\u00f0 hann hl\u00fdtur af hungri a\u00f0 deyja. \u00dev\u00ed a\u00f0 h\u00e9r er ei neitt meira brau\u00f0 \u00ed sta\u00f0num.&#8220;<\/p>\n<p>\t\u00de\u00e1 skipa\u00f0i konungurinn Ebed Melek Bl\u00e1manni og sag\u00f0i: &#8222;Tak \u00ferj\u00e1t\u00edgi menn me\u00f0 \u00fe\u00e9r af \u00feessum og drag Jeremiam propheta upp \u00far d\u00fdflissunni \u00e1\u00f0ur en hann deyr \u00fear.&#8220; Og Ebedmelek t\u00f3k mennina me\u00f0 s\u00e9r og gekk inn \u00ed konungsins h\u00fas \u00fear ni\u00f0ur undir sem f\u00e9hirslurnar voru og t\u00f3k \u00fear gamla sundurrifna og \u00fatslitna kl\u00fata og l\u00e9t \u00fe\u00e1 \u00ed einum streng ofan \u00ed d\u00fdflissuna til Jeremia. Og Ebed Melek Bl\u00e1ma\u00f0ur sag\u00f0i til Jeremiam: &#8222;L\u00e1t \u00feessa gamla sundurrifna \u00fatslitna kl\u00fata undir \u00fe\u00edna armleggi kringum strenginn.&#8220; Og Jeremias gj\u00f6r\u00f0i so. Og \u00feeir dr\u00f3gu Jeremiam upp \u00far d\u00fdflissunni me\u00f0 toginu og Jeremias var svo s\u00ed\u00f0an \u00ed fordyrunum myrkvastofunnar.<\/p>\n<p>\tOg konungurinn Zedechias sendi \u00feanga\u00f0 og heimti Jeremiam propheta til s\u00edn undir \u00feann hinn \u00feri\u00f0ja innganginn \u00e1 h\u00fasi Drottins. Og konungurinn sag\u00f0i til Jeremia: &#8222;Eg vil spyrja \u00feig a\u00f0 nokkru, k\u00e6ri, dyl ekki \u00feess fyrir m\u00e9r.&#8220; Jeremias sag\u00f0i til Zedechiam: &#8222;Segi eg \u00fe\u00e9r nokku\u00f0 \u00fe\u00e1 l\u00e6tur \u00fe\u00fa l\u00edfl\u00e1ta mig en \u00fe\u00f3 a\u00f0 eg gefi \u00fe\u00e9r eitt r\u00e1\u00f0 \u00fe\u00e1 hl\u00fd\u00f0ir \u00fe\u00fa m\u00e9r ekki.&#8220; \u00de\u00e1 s\u00f3r konungurinn Zedechias Jeremia heimuglegana og sag\u00f0i: &#8222;So sannarlega sem Drottinn lifir s\u00e1 e\u00f0 hefur gj\u00f6rt oss \u00feessa s\u00e1lu \u00fe\u00e1 vil eg ekki l\u00edfl\u00e1ta \u00feig og eigi heldur gefa \u00feig \u00ed \u00feeirra manna hendur sem s\u00e6kja eftir \u00fe\u00ednu l\u00edfi.&#8220;<\/p>\n<p>\tOg Jeremias sag\u00f0i til Zedechia: &#8222;So segir Drottinn Gu\u00f0 Seba\u00f3t, Gu\u00f0 \u00cdsraels: Ef a\u00f0 \u00fe\u00fa gengur \u00fat til h\u00f6f\u00f0ingjanna konungsins af Bab\u00fdlon \u00fe\u00e1 muntu l\u00edfi halda og \u00feessi sta\u00f0urinn mun \u00fe\u00e1 ekki uppbrenndur ver\u00f0a heldur so, \u00fe\u00fa og \u00feitt h\u00fas munu\u00f0 \u00fe\u00e1 l\u00edfi halda. En ef \u00fe\u00fa gengur ekki \u00fat til h\u00f6f\u00f0ingjanna konungsins af Bab\u00fdlon \u00fe\u00e1 mun \u00feessi sta\u00f0ur gefast \u00ed hendur \u00feeirra Chaldeis og \u00feeir munu brenna hann upp me\u00f0 eldi og \u00fe\u00fa munt ekki einnin sleppa \u00far \u00feeirra h\u00f6ndum heldur muntu handtekinn ver\u00f0a af konunginum af Bab\u00fdlon og \u00feessi sta\u00f0ur mun me\u00f0 eldi uppbrenndur ver\u00f0a.&#8220;<\/p>\n<p>\tOg Zedechias sag\u00f0i til Jeremia: &#8222;Sj\u00e1 \u00fe\u00fa til a\u00f0 enginn f\u00e1i \u00feessi or\u00f0 a\u00f0 vita, \u00fe\u00e1 muntu ekki deyja. Og ef h\u00f6f\u00f0ingjarnir f\u00e1 \u00fea\u00f0 a\u00f0 vita a\u00f0 eg hefi tala\u00f0 vi\u00f0 \u00feig og \u00feeir koma til \u00fe\u00edn og segja: Seg\u00f0u hva\u00f0 \u00fe\u00fa tala\u00f0ir vi\u00f0 konunginn, dyl ekki fyrir oss, \u00fe\u00e1 viljum v\u00e9r ekki afl\u00edfa \u00feig, og hva\u00f0 tala\u00f0i konungurinn vi\u00f0 \u00feig? \u00fe\u00e1 seg\u00f0u: Eg ba\u00f0 konunginn \u00fea\u00f0 hann vildi ekki l\u00e1ta lei\u00f0a mig aftur \u00ed J\u00f3natan h\u00fas so a\u00f0 eg d\u00e6i \u00fear \u00fat af.&#8220;<\/p>\n<p>\t\u00de\u00e1 komu allir h\u00f6f\u00f0ingjarnir til Jeremia og spur\u00f0u hann a\u00f0 og hann sag\u00f0i \u00feeim so \u00fea\u00f0 konungurinn haf\u00f0i bo\u00f0i\u00f0 honum. \u00de\u00e1 forl\u00e9tu \u00feeir hann me\u00f0 \u00fev\u00ed a\u00f0 \u00feeir kunnu ekki neins af honum v\u00edsir a\u00f0 ver\u00f0a. Og Jeremias var \u00ed fordyrum myrkvastofunnar allt til \u00feess dags \u00fe\u00e1 Jer\u00fasalem var unnin.<\/p>\n","protected":false},"excerpt":{"rendered":"<p>XXXVIII. Og er Safatja Matanson og Gedalja Pash\u00farson og J\u00fakal Selem\u00edasson og Pash\u00far Malek\u00edason heyr\u00f0u \u00fe\u00e1 r\u00e6\u00f0u sem Jeremias tala\u00f0i til alls f\u00f3lksins, segjandi: [ &#8222;So segir Drottinn: Hver hann bl\u00edfur \u00ed \u00feessum sta\u00f0 s\u00e1 skal deyja fyrir sver\u00f0i, hungri og dreps\u00f3tt. En hver hann gengur \u00fat til \u00feeirra Chaldeis s\u00e1 mun l\u00edfi halda og s\u00ednu l\u00edfi \u00fear \u00ed fr\u00e1 bjarga sem \u00f6\u00f0ru herfangi. [ \u00dev\u00ed a\u00f0 so segir Drottinn: \u00deessi sta\u00f0ur skal yfirgefinn ver\u00f0a \u00fev\u00ed herli\u00f0i konungsins af Bab\u00fdlon og \u00feeir skulu vinna hann&#8220; \u00fe\u00e1 s\u00f6g\u00f0u h\u00f6f\u00f0ingjarnir til konungsins: &#8222;L\u00e1ttu l\u00edfl\u00e1ta \u00feann mann \u00fev\u00ed a\u00f0 me\u00f0 svoddan h\u00e6tti \u00fe\u00e1 <a href=\"https:\/\/biblian.is\/gudbrandsbiblia\/jeremia-38-kafli\/\"> [&#8230;]<\/a><\/p>\n","protected":false},"author":1,"featured_media":0,"parent":0,"menu_order":0,"comment_status":"open","ping_status":"open","template":"bibliukaflar.php","meta":{"footnotes":""},"class_list":["post-3478","page","type-page","status-publish","hentry"],"_links":{"self":[{"href":"https:\/\/biblian.is\/gudbrandsbiblia\/wp-json\/wp\/v2\/pages\/3478","targetHints":{"allow":["GET"]}}],"collection":[{"href":"https:\/\/biblian.is\/gudbrandsbiblia\/wp-json\/wp\/v2\/pages"}],"about":[{"href":"https:\/\/biblian.is\/gudbrandsbiblia\/wp-json\/wp\/v2\/types\/page"}],"author":[{"embeddable":true,"href":"https:\/\/biblian.is\/gudbrandsbiblia\/wp-json\/wp\/v2\/users\/1"}],"replies":[{"embeddable":true,"href":"https:\/\/biblian.is\/gudbrandsbiblia\/wp-json\/wp\/v2\/comments?post=3478"}],"version-history":[{"count":0,"href":"https:\/\/biblian.is\/gudbrandsbiblia\/wp-json\/wp\/v2\/pages\/3478\/revisions"}],"wp:attachment":[{"href":"https:\/\/biblian.is\/gudbrandsbiblia\/wp-json\/wp\/v2\/media?parent=3478"}],"curies":[{"name":"wp","href":"https:\/\/api.w.org\/{rel}","templated":true}]}}