{"id":3464,"date":"2017-12-18T18:33:44","date_gmt":"2017-12-18T18:33:44","guid":{"rendered":"http:\/\/biblian.is\/gudbrandsbiblia\/jeremia-24-kafli\/"},"modified":"2017-12-18T18:33:44","modified_gmt":"2017-12-18T18:33:44","slug":"jeremia-24-kafli","status":"publish","type":"page","link":"https:\/\/biblian.is\/gudbrandsbiblia\/jeremia-24-kafli\/","title":{"rendered":"Jerem\u00eda 24. kafli"},"content":{"rendered":"<p>XXIIII.<\/p>\n<p>Sj\u00e1 \u00fe\u00fa, Drottinn s\u00fdndi m\u00e9r tv\u00e6r f\u00edkjukarfir settar \u00fati fyrir musterinu Drottins eftir \u00fea\u00f0 \u00fe\u00e1 e\u00f0 Nabagodonosor konungurinn af Bab\u00fdlon haf\u00f0i \u00ed burt flutt Jechoniam son J\u00f3ak\u00edm konungsins J\u00fada me\u00f0ur h\u00f6f\u00f0ingjum J\u00fada, tr\u00e9smi\u00f0um og hagleiksm\u00f6nnum af Jer\u00fasalem og flutt \u00fe\u00e1 til Babiloniam. <span class=\"athugasemd\" title=\"F\u00edkjukarfir \/ Jechonias \/ iiii. Reg. xxiiii.\">[<\/span> \u00cd \u00feeirri einni k\u00f6rfinni voru mj\u00f6g g\u00f3\u00f0ar f\u00edkjur so sem a\u00f0 eru \u00fe\u00e6r hinar fyrstu fullvaxnar f\u00edkjur. \u00cd hinni annarri k\u00f6rfinni voru mj\u00f6g illar f\u00edkjur a\u00f0 \u00fe\u00e6r voru \u00f6ngvum etandi, so illar voru \u00fe\u00e6r. Og Drottinn sag\u00f0i til m\u00edn: Jeremia, hva\u00f0 s\u00e9r \u00fe\u00fa? Eg sag\u00f0i: &#8222;F\u00edkjur, \u00fe\u00e6r g\u00f3\u00f0u f\u00edkjurnar eru mj\u00f6g g\u00f3\u00f0ar og hinar vondu eru mj\u00f6g vondar a\u00f0 \u00fe\u00e6r eru eigi \u00e9tandi, so illar eru \u00fe\u00e6r.&#8220;<\/p>\n<p>\t\u00de\u00e1 ske\u00f0i or\u00f0 Drottins til m\u00edn og sag\u00f0i: <span class=\"athugasemd\" title=\"iiii. Reg. iiii. \/ Deut. xxix. \/ Jere. xxx. xiii.\">[<\/span> So segir Drottinn Gu\u00f0 \u00cdsraels: L\u00edka sem a\u00f0 \u00feessar f\u00edkjurnar eru g\u00f3\u00f0ar so vil eg n\u00e1\u00f0arsamlegana taka \u00fe\u00e1 a\u00f0 m\u00e9r sem fanga\u00f0ir eru af J\u00fada hverja eg hefi burt l\u00e1ti\u00f0 fara af \u00feessum sta\u00f0 \u00ed \u00feeirra Caldeis land. Og eg vil l\u00edta n\u00e1\u00f0arsamlegana til \u00feeirra og innflytja \u00fe\u00e1 aftur \u00ed \u00feetta land og eg vil uppbyggja \u00fe\u00e1 en ekki ni\u00f0urbrj\u00f3ta, eg vil gr\u00f3\u00f0setja \u00fe\u00e1 en ekki uppr\u00e6ta og eg vil gefa \u00feeim \u00fea\u00f0 hjarta a\u00f0 \u00feeir skulu \u00feekkja mig \u00fea\u00f0 eg s\u00e9 Drottinn og \u00feeir skulu vera mitt f\u00f3lk, \u00fe\u00e1 vil eg og vera \u00feeirra Gu\u00f0. \u00dev\u00ed a\u00f0 \u00feeir munu sn\u00faa s\u00e9r af \u00f6llu hjarta til m\u00edn.<\/p>\n<p>\tEn l\u00edka sem a\u00f0 \u00fe\u00e6r vondu f\u00edkjurnar eru so vondar \u00fea\u00f0 enginn kann a\u00f0 eta \u00fe\u00e6r, segir Drottinn, so vil eg \u00fatgefa Zedechiam konunginn J\u00fada og hans h\u00f6f\u00f0ingja og \u00fea\u00f0 hva\u00f0 eftir er or\u00f0i\u00f0 til Jer\u00fasalem og \u00ed \u00feessu landi og \u00fe\u00e1 sem b\u00faa \u00ed Egyptalandi. Eg vil tilsenda \u00feeim \u00f3g\u00e6fu og l\u00e1ta \u00fe\u00e1 ekki vera \u00ed neinu k\u00f3ngar\u00edki \u00e1 j\u00f6r\u00f0u so a\u00f0 \u00feeir skulu sk\u00f6mm ver\u00f0a og a\u00f0 or\u00f0skvi\u00f0 og fr\u00e1s\u00f6gu og a\u00f0 b\u00f6lvan \u00ed \u00f6llum st\u00f6\u00f0um \u00feanga\u00f0 sem eg mun \u00ed burt reka \u00fe\u00e1. Og eg vil \u00e1 me\u00f0al \u00feeirra senda sver\u00f0, hungur og dreps\u00f3tt \u00feanga\u00f0 til a\u00f0 \u00feeir foreyddir ver\u00f0a \u00fat af \u00fev\u00ed landi sem eg hefi gefi\u00f0 \u00feeim og \u00feeirra forfe\u00f0rum.<\/p>\n","protected":false},"excerpt":{"rendered":"<p>XXIIII. Sj\u00e1 \u00fe\u00fa, Drottinn s\u00fdndi m\u00e9r tv\u00e6r f\u00edkjukarfir settar \u00fati fyrir musterinu Drottins eftir \u00fea\u00f0 \u00fe\u00e1 e\u00f0 Nabagodonosor konungurinn af Bab\u00fdlon haf\u00f0i \u00ed burt flutt Jechoniam son J\u00f3ak\u00edm konungsins J\u00fada me\u00f0ur h\u00f6f\u00f0ingjum J\u00fada, tr\u00e9smi\u00f0um og hagleiksm\u00f6nnum af Jer\u00fasalem og flutt \u00fe\u00e1 til Babiloniam. [ \u00cd \u00feeirri einni k\u00f6rfinni voru mj\u00f6g g\u00f3\u00f0ar f\u00edkjur so sem a\u00f0 eru \u00fe\u00e6r hinar fyrstu fullvaxnar f\u00edkjur. \u00cd hinni annarri k\u00f6rfinni voru mj\u00f6g illar f\u00edkjur a\u00f0 \u00fe\u00e6r voru \u00f6ngvum etandi, so illar voru \u00fe\u00e6r. Og Drottinn sag\u00f0i til m\u00edn: Jeremia, hva\u00f0 s\u00e9r \u00fe\u00fa? Eg sag\u00f0i: &#8222;F\u00edkjur, \u00fe\u00e6r g\u00f3\u00f0u f\u00edkjurnar eru mj\u00f6g g\u00f3\u00f0ar og hinar vondu eru <a href=\"https:\/\/biblian.is\/gudbrandsbiblia\/jeremia-24-kafli\/\"> [&#8230;]<\/a><\/p>\n","protected":false},"author":1,"featured_media":0,"parent":0,"menu_order":0,"comment_status":"open","ping_status":"open","template":"bibliukaflar.php","meta":{"footnotes":""},"class_list":["post-3464","page","type-page","status-publish","hentry"],"_links":{"self":[{"href":"https:\/\/biblian.is\/gudbrandsbiblia\/wp-json\/wp\/v2\/pages\/3464","targetHints":{"allow":["GET"]}}],"collection":[{"href":"https:\/\/biblian.is\/gudbrandsbiblia\/wp-json\/wp\/v2\/pages"}],"about":[{"href":"https:\/\/biblian.is\/gudbrandsbiblia\/wp-json\/wp\/v2\/types\/page"}],"author":[{"embeddable":true,"href":"https:\/\/biblian.is\/gudbrandsbiblia\/wp-json\/wp\/v2\/users\/1"}],"replies":[{"embeddable":true,"href":"https:\/\/biblian.is\/gudbrandsbiblia\/wp-json\/wp\/v2\/comments?post=3464"}],"version-history":[{"count":0,"href":"https:\/\/biblian.is\/gudbrandsbiblia\/wp-json\/wp\/v2\/pages\/3464\/revisions"}],"wp:attachment":[{"href":"https:\/\/biblian.is\/gudbrandsbiblia\/wp-json\/wp\/v2\/media?parent=3464"}],"curies":[{"name":"wp","href":"https:\/\/api.w.org\/{rel}","templated":true}]}}