{"id":3462,"date":"2017-12-18T18:33:44","date_gmt":"2017-12-18T18:33:44","guid":{"rendered":"http:\/\/biblian.is\/gudbrandsbiblia\/jeremia-22-kafli\/"},"modified":"2017-12-18T18:33:44","modified_gmt":"2017-12-18T18:33:44","slug":"jeremia-22-kafli","status":"publish","type":"page","link":"https:\/\/biblian.is\/gudbrandsbiblia\/jeremia-22-kafli\/","title":{"rendered":"Jerem\u00eda 22. kafli"},"content":{"rendered":"<p>XXII.<\/p>\n<p>So segir Drottinn: Gakk \u00fe\u00fa ofan \u00ed h\u00fasi\u00f0 konungsins J\u00fada og tala \u00fear \u00feessi \u00f6r\u00f0 og seg \u00fe\u00fa so: \u00de\u00fa konungurinn J\u00fada sem situr upp \u00e1 Dav\u00ed\u00f0s st\u00f3li, heyr \u00fe\u00fa or\u00f0 Drottins, b\u00e6\u00f0i \u00fe\u00fa og \u00fe\u00ednir \u00fe\u00e9narar og \u00feitt f\u00f3lk sem um \u00feessar dyr innganga. So segir Drottinn: Haldi\u00f0 d\u00f3minn og r\u00e9ttv\u00edsina og frelsi\u00f0 hinn ni\u00f0ur\u00ferykkta af hendi ofs\u00f3knarans og sturli\u00f0 ekki hinn framanda, f\u00f6\u00f0urleysingjann og ekkjuna og gj\u00f6ri\u00f0 \u00f6ngum ofr\u00edki og \u00fathelli\u00f0 ekki saklausu bl\u00f3\u00f0i \u00ed \u00feessum sta\u00f0. <span class=\"athugasemd\" title=\"Jere. li.\">[<\/span> Ef a\u00f0 \u00fe\u00e9r gj\u00f6ri\u00f0 \u00feetta \u00fe\u00e1 skulu \u00feeir konungarnir sem sitja \u00e1 Dav\u00ed\u00f0s st\u00f3li inndraga um dyrnar \u00feessa h\u00fassins b\u00e6\u00f0i \u00e1 v\u00f6gnum og hestum me\u00f0 s\u00ednum \u00fe\u00e9nurum og f\u00f3lki. En ef \u00fe\u00e9r hl\u00fd\u00f0i\u00f0 ekki \u00feessu \u00fe\u00e1 hefi eg svari\u00f0 vi\u00f0 sj\u00e1lfan mig, segir Drottinn, a\u00f0 \u00feetta h\u00fas skal ni\u00f0urbroti\u00f0 ver\u00f0a.<\/p>\n<p>\t\u00dev\u00ed a\u00f0 so segir Drottinn af h\u00fasinu konungsins J\u00fada: G\u00edlea\u00f0, \u00fe\u00fa ert mitt h\u00f6fu\u00f0 \u00ed L\u00edbanon. Hva\u00f0 gildir eg vil gj\u00f6ra \u00feig ey\u00f0i og \u00fe\u00e1 sta\u00f0ina fyrir utan innbyggjara. \u00dev\u00ed a\u00f0 eg hefi tileinka\u00f0 forey\u00f0slumenn yfir \u00feig, hvern me\u00f0 sinni verju. \u00deeir skulu afh\u00f6ggva \u00fe\u00edn \u00fatvalin sedrustr\u00e9 og kasta \u00feeim \u00ed eld. \u00de\u00e1 munu og margir hei\u00f0ingjar ganga framhj\u00e1 \u00feessum sta\u00f0 og segja hver til annars: &#8222;Hvar fyrir mun Drottinn hafa so breytt vi\u00f0ur \u00feennan hinn mikla sta\u00f0?&#8220; En \u00fear mun so svara\u00f0 ver\u00f0a: &#8222;Af \u00fev\u00ed \u00feeir yfirg\u00e1fu s\u00e1ttm\u00e1lann Drottins Gu\u00f0s s\u00edns og tilb\u00e1\u00f0u annarlega gu\u00f0i og \u00fej\u00f3nu\u00f0u \u00feeim.&#8220;<\/p>\n<p>\tGr\u00e1ti\u00f0 ekki yfir framli\u00f0num og beri\u00f0 \u00f6ngvan harm eftir \u00fe\u00e1 en gr\u00e1ti\u00f0 heldur yfir \u00feeim sem \u00ed burt fer \u00fea\u00f0 hann mun aldreigi aftur koma \u00fea\u00f0 hann f\u00e1i a\u00f0 sj\u00e1 sitt f\u00f3sturland. \u00dev\u00ed a\u00f0 so segir Drottinn af Sall\u00fam syni J\u00f3s\u00eda konungsins J\u00fada, hann hver a\u00f0 er k\u00f3ngur \u00ed sta\u00f0inn s\u00edns f\u00f6\u00f0urs J\u00f3s\u00eda, hver e\u00f0 \u00ed burt er farinn af \u00feessum sta\u00f0: Hann mun ekki hinga\u00f0 aftur koma heldur mun hann deyja \u00ed \u00feeim sta\u00f0 \u00feanga\u00f0 sem hann er hertekinn, \u00ed burt fluttur, og hann mun eigi meir sj\u00e1 \u00feetta land. <span class=\"athugasemd\" title=\"Sall\u00fam \/ iiii. Reg. xxiii.\">[<\/span> <\/p>\n<p>\tVei s\u00e9 \u00feeim sem byggir sitt h\u00fas me\u00f0 synd og s\u00edn herbergi me\u00f0 \u00f3r\u00e9ttindum, hann sem l\u00e6tur sinn n\u00e1unga erfi\u00f0a fyrir ekkert og gefur honum ekki sitt ver\u00f0kaup og \u00feenkir so: &#8222;N\u00fa vel, eg vil byggja m\u00e9r eitt st\u00f3rt h\u00fas og v\u00ed\u00f0an sal&#8220; og l\u00e6tur h\u00f6ggva s\u00e9r vindaugu \u00fear \u00e1 og \u00feilja me\u00f0 sedrusvi\u00f0i og m\u00e1la \u00fat me\u00f0 rau\u00f0u. Hvort \u00feenkir \u00fe\u00fa a\u00f0 \u00fe\u00fa viljir \u00fear fyrir konungur vera \u00fe\u00f3 a\u00f0 \u00fe\u00fa haldir \u00fe\u00e9r til me\u00f0 sedrusvi\u00f0i? Hefur ekki einnin \u00feinn fa\u00f0ir eti\u00f0 og drukki\u00f0 og gj\u00f6r\u00f0i \u00fe\u00f3 samt r\u00e9ttan d\u00f3m og r\u00e9ttv\u00edsina og \u00fea\u00f0 vegna\u00f0i honum vel. Hann hj\u00e1lpa\u00f0i hinum \u00feurftuga og f\u00e1t\u00e6ka til r\u00e9ttarins og \u00fea\u00f0 gekk honum vel. Er \u00fea\u00f0 eigi so a\u00f0 sl\u00edkt kallist r\u00e9ttilega a\u00f0 \u00feekkja mig? segir Drottinn. En \u00fe\u00edn augu og \u00feitt hjarta standa eigi so heldur upp \u00e1 \u00e1girni og a\u00f0 \u00fathella saklausu bl\u00f3\u00f0i, til a\u00f0 veita yfirgang og ofr\u00edki.<\/p>\n<p>\t\u00dear fyrir segir Drottinn af J\u00f3ak\u00edm syni J\u00f3s\u00eda konungsins \u00ed J\u00fada \u00fea\u00f0 eigi munu \u00feeir harma hann: <span class=\"athugasemd\" title=\"J\u00f3ak\u00edms straff og hegning \/ iiii. Reg. xxiii. xxiiii.\">[<\/span> &#8222;Aha br\u00f3\u00f0ir, aha systir!&#8220; og \u00fea\u00f0 eigi munu \u00feeir gr\u00e1ta hann: &#8222;Aha, \u00fe\u00fa herra, aha \u00fe\u00fa \u00e6ttg\u00f6fugi!&#8220; Hann mun jar\u00f0a\u00f0ur ver\u00f0a sem annar asni, dreginn og \u00fatkasta\u00f0ur fyrir portin \u00ed Jer\u00fasalem. J\u00e1 gakk \u00fe\u00fa \u00fe\u00e1 upp \u00e1 L\u00edbanon og kalla og l\u00e1t heyra til \u00fe\u00edn \u00ed Basan og kalla fr\u00e1 Abar\u00edm \u00fea\u00f0 allir \u00fe\u00edn \u00e1stvinir eru herfilegana foreyddir. Eg sag\u00f0a \u00fe\u00e9r \u00fea\u00f0 \u00e1\u00f0ur fyrir fram \u00fe\u00e1 e\u00f0 \u00fea\u00f0 gekk enn vel til en \u00fe\u00fa sag\u00f0ir: &#8222;Eg vil eigi heyra \u00fea\u00f0.&#8220; So hefur \u00fe\u00fa gj\u00f6rt alla \u00fe\u00edna l\u00edfdaga a\u00f0 \u00fe\u00fa vildir ekki hl\u00fd\u00f0a minni raust. Ve\u00f0ri\u00f0 \u00fea\u00f0 <span class=\"athugasemd\" title=\"a \/ F\u00e6\u00f0ir) \/ Rekur sem sau\u00f0i\">[<\/span> f\u00e6\u00f0ir alla \u00fe\u00edna hir\u00f0ara og \u00fe\u00ednir \u00e1stmenn fara herteknir \u00ed burt. \u00dear hl\u00fdtur \u00fe\u00fa \u00fe\u00e1 til h\u00e1\u00f0ungar og skammar a\u00f0 ver\u00f0a fyrir allra \u00feinna illgj\u00f6r\u00f0a sakir. \u00de\u00fa sem n\u00fa b\u00fdr \u00ed L\u00edbanon og hrei\u00f0rar \u00feig \u00ed sedrusvi\u00f0i, hversu d\u00e6gilegur muntu \u00fe\u00e1 \u00e1lits vera n\u00e6r e\u00f0 yfir \u00feig kemur h\u00f6rmung og harmkv\u00e6li l\u00edka sem j\u00f3\u00f0sj\u00fakrar konu!<\/p>\n<p>\tSo sannarlega sem eg lifi, segir Drottinn: <span class=\"athugasemd\" title=\"Jechonias \/ iiii. Reg. xxiiii.\">[<\/span> \u00de\u00f3 a\u00f0 Jechonias sonur J\u00f3ak\u00edms konungsins J\u00fada v\u00e6ri einn signetshringur \u00e1 minni h\u00e6gri hendi \u00fe\u00e1 vilda eg \u00fe\u00f3 sl\u00edta \u00feig \u00fear \u00fat af og gefa \u00feig \u00ed \u00feeirra hendur sem leita eftir \u00fe\u00ednu l\u00edfi og fyrir hverjum a\u00f0 \u00fe\u00fa ert hr\u00e6ddur, sem er \u00ed hendur Nabagodonosor konungsins af Bab\u00fdlon og \u00ed \u00feeirra Chaldeis hendur. Og eg vil dr\u00edfa \u00feig og \u00fe\u00edna m\u00f3\u00f0ur sem \u00feig f\u00e6ddi burt \u00ed eitt anna\u00f0 land sem ekki er y\u00f0art f\u00f6\u00f0urland og \u00fear skulu \u00fe\u00e9r deyja og ekki koma aftur hinga\u00f0 \u00ed \u00feetta land \u00ed hverju \u00fe\u00e9r vildu\u00f0 \u00fe\u00f3 af hjarta fegnir eiga a\u00f0 vera. Hversu aumlegur, forsm\u00e1narlegur og herfilegur ma\u00f0ur \u00fe\u00e1 er \u00fe\u00f3 Jechonias? Eitt styggilegt ker! Aha, \u00fev\u00ed er hann so \u00fatfl\u00e6mdur me\u00f0 s\u00ednu s\u00e6\u00f0i og \u00ed burt rekinn \u00ed eitt \u00f3kunnigt land? \u00d3 \u00fe\u00fa land, land, land! Heyr \u00fe\u00fa or\u00f0 Drottins! So segir Drottinn: Skrifi\u00f0 hann upp fyrir einn fordjarfa\u00f0an mann, fyrir \u00feann mann sem eigi mun vel lukkast um s\u00edna l\u00edfdaga. \u00dev\u00ed a\u00f0 hann mun eigi \u00fear hamingju til hafa \u00fea\u00f0 nokkur \u00fat af hans s\u00e6\u00f0i skuli sitja \u00e1 st\u00f3li Dav\u00ed\u00f0s og h\u00e9\u00f0an \u00ed fr\u00e1 r\u00edkisstj\u00f6rn hafa \u00ed J\u00fada.<\/p>\n","protected":false},"excerpt":{"rendered":"<p>XXII. So segir Drottinn: Gakk \u00fe\u00fa ofan \u00ed h\u00fasi\u00f0 konungsins J\u00fada og tala \u00fear \u00feessi \u00f6r\u00f0 og seg \u00fe\u00fa so: \u00de\u00fa konungurinn J\u00fada sem situr upp \u00e1 Dav\u00ed\u00f0s st\u00f3li, heyr \u00fe\u00fa or\u00f0 Drottins, b\u00e6\u00f0i \u00fe\u00fa og \u00fe\u00ednir \u00fe\u00e9narar og \u00feitt f\u00f3lk sem um \u00feessar dyr innganga. So segir Drottinn: Haldi\u00f0 d\u00f3minn og r\u00e9ttv\u00edsina og frelsi\u00f0 hinn ni\u00f0ur\u00ferykkta af hendi ofs\u00f3knarans og sturli\u00f0 ekki hinn framanda, f\u00f6\u00f0urleysingjann og ekkjuna og gj\u00f6ri\u00f0 \u00f6ngum ofr\u00edki og \u00fathelli\u00f0 ekki saklausu bl\u00f3\u00f0i \u00ed \u00feessum sta\u00f0. [ Ef a\u00f0 \u00fe\u00e9r gj\u00f6ri\u00f0 \u00feetta \u00fe\u00e1 skulu \u00feeir konungarnir sem sitja \u00e1 Dav\u00ed\u00f0s st\u00f3li inndraga um dyrnar \u00feessa h\u00fassins <a href=\"https:\/\/biblian.is\/gudbrandsbiblia\/jeremia-22-kafli\/\"> [&#8230;]<\/a><\/p>\n","protected":false},"author":1,"featured_media":0,"parent":0,"menu_order":0,"comment_status":"open","ping_status":"open","template":"bibliukaflar.php","meta":{"footnotes":""},"class_list":["post-3462","page","type-page","status-publish","hentry"],"_links":{"self":[{"href":"https:\/\/biblian.is\/gudbrandsbiblia\/wp-json\/wp\/v2\/pages\/3462","targetHints":{"allow":["GET"]}}],"collection":[{"href":"https:\/\/biblian.is\/gudbrandsbiblia\/wp-json\/wp\/v2\/pages"}],"about":[{"href":"https:\/\/biblian.is\/gudbrandsbiblia\/wp-json\/wp\/v2\/types\/page"}],"author":[{"embeddable":true,"href":"https:\/\/biblian.is\/gudbrandsbiblia\/wp-json\/wp\/v2\/users\/1"}],"replies":[{"embeddable":true,"href":"https:\/\/biblian.is\/gudbrandsbiblia\/wp-json\/wp\/v2\/comments?post=3462"}],"version-history":[{"count":0,"href":"https:\/\/biblian.is\/gudbrandsbiblia\/wp-json\/wp\/v2\/pages\/3462\/revisions"}],"wp:attachment":[{"href":"https:\/\/biblian.is\/gudbrandsbiblia\/wp-json\/wp\/v2\/media?parent=3462"}],"curies":[{"name":"wp","href":"https:\/\/api.w.org\/{rel}","templated":true}]}}