{"id":3461,"date":"2017-12-18T18:33:44","date_gmt":"2017-12-18T18:33:44","guid":{"rendered":"http:\/\/biblian.is\/gudbrandsbiblia\/jeremia-21-kafli\/"},"modified":"2017-12-18T18:33:44","modified_gmt":"2017-12-18T18:33:44","slug":"jeremia-21-kafli","status":"publish","type":"page","link":"https:\/\/biblian.is\/gudbrandsbiblia\/jeremia-21-kafli\/","title":{"rendered":"Jerem\u00eda 21. kafli"},"content":{"rendered":"<p>XXI.<\/p>\n<p>\u00deetta er \u00fea\u00f0 or\u00f0 sem ske\u00f0i af Drottni til Jeremia \u00fe\u00e1 e\u00f0 k\u00f3ngurinn Zedechias sendi Pash\u00far Malak\u00edason til hans og Sefan\u00eda son Maes\u00eda kennimanns og l\u00e9t segja honum: <span class=\"athugasemd\" title=\"Zedechia \/ Jere. xxxiii.\">[<\/span> &#8222;A\u00f0spyr \u00fe\u00fa Drottin fyrir oss \u00fea\u00f0 Nab\u00fagodonosor konungurinn af Bab\u00fdlon str\u00ed\u00f0ir \u00e1 m\u00f3ti oss \u00fea\u00f0 Drottinn vildi \u00fe\u00f3 gj\u00f6ra vi\u00f0 oss eftir \u00f6llum s\u00ednum d\u00e1semdum so a\u00f0 hann m\u00e6tti \u00ed burt draga fr\u00e1 oss.&#8220;<\/p>\n<p>\tJeremias sag\u00f0i til \u00feeirra: Segi\u00f0 so til Zedechia: \u00deetta segir Drottinn Gu\u00f0 \u00cdsraels: Sj\u00e1 \u00fe\u00fa, eg vil sn\u00faa \u00feeim vopnum \u00e1 bak aftur sem \u00fe\u00e9r hafi\u00f0 \u00ed y\u00f0ar h\u00f6ndum, me\u00f0ur \u00feeim e\u00f0 \u00fe\u00e9r berjist \u00e1 m\u00f3ti konunginum af Bab\u00fdlon og \u00ed m\u00f3ti \u00feeim Caldeis sem y\u00f0ur hafa umkringt h\u00e9r \u00fati fyrir m\u00farnum og vil safna \u00feeim samans mitt inn \u00ed sta\u00f0inn. <span class=\"athugasemd\" title=\"Sp\u00e1d\u00f3mur \u00fat af forey\u00f0slu J\u00fada og Jer\u00fasalem\">[<\/span> Og eg vil str\u00ed\u00f0a \u00e1 m\u00f3ti y\u00f0ur me\u00f0 \u00fatr\u00e9ttri hendi og sterkum armlegg, me\u00f0 mikilli rei\u00f0igrimmd og miskunnarleysi og eg vil sl\u00e1 borgarmennina \u00feessa sta\u00f0arins, b\u00e6\u00f0i menn og f\u00e9na\u00f0, svo a\u00f0 \u00feeir skulu deyja af mikilli dreps\u00f3tt. Og \u00fear eftir \u00e1, segir Drottinn, vil eg gefa Zedechiam konunginn J\u00fada og hans \u00fe\u00e9nara og \u00fea\u00f0 f\u00f3lki\u00f0 sem eftir ver\u00f0ur \u00ed \u00feessum sta\u00f0 af dreps\u00f3ttinni, sver\u00f0inu og hungrinu \u00ed hendur Nab\u00fagodonosor k\u00f3ngsins af Bab\u00fdlon og \u00ed \u00feeirra \u00f3vina hendur og \u00ed \u00feeirra hinna s\u00f6mu hendur sem leita eftir \u00feeirra l\u00edfi a\u00f0 hann skuli so sl\u00e1 \u00fe\u00e1 me\u00f0ur sver\u00f0seggjum a\u00f0 \u00fear skal engin v\u00e6g\u00f0 n\u00e9 miskunnsemi \u00e1 vera.<\/p>\n<p>\tOg seg \u00fe\u00fa \u00feessu f\u00f3lki: So segir Drottinn: <span class=\"athugasemd\" title=\"Jere. xxxvii.\">[<\/span> Sj\u00e1 \u00fe\u00fa, eg legg y\u00f0ur fyrir veginn til l\u00edfsins og veginn til dau\u00f0ans. Hver hann bl\u00edfur \u00ed \u00feessum sta\u00f0 s\u00e1 skal deyja fyrir sver\u00f0i, hungri og dreps\u00f3tt. En hver e\u00f0 gefur sig h\u00e9r fr\u00e1 \u00fat til \u00feeirra Caldeis sem y\u00f0ur hafa umkringt s\u00e1 skal lifa og s\u00ednu l\u00edfi b\u00edhalda sem \u00f6\u00f0ru hlutskipti. \u00dev\u00ed a\u00f0 eg hefi sett mitt auglit \u00fat yfir \u00feennan sta\u00f0 til \u00f3g\u00e6fu og til einskis g\u00f3\u00f0s, segir Drottinn. Hann skal gefast \u00ed hendur konungsins af Bab\u00fdlon so a\u00f0 hann skal brenna hann upp me\u00f0 eldi. <span class=\"athugasemd\" title=\"Jere. xxxiii.\">[<\/span>  <\/p>\n<p>\tOg heyri\u00f0 \u00fea\u00f0 or\u00f0 Drottins, \u00fe\u00e9r af h\u00fasinu k\u00f3ngsins J\u00fada, \u00fe\u00fa Dav\u00ed\u00f0s h\u00fas. <span class=\"athugasemd\" title=\"Esa. i. \/ Jere. xxii.\">[<\/span> So segir Drottinn: Haldi\u00f0 d\u00f3minn \u00e1 morgninum og frelsi\u00f0 \u00feann sem r\u00e6ntur er af hendi ofs\u00f3knarans upp \u00e1 \u00fea\u00f0 m\u00edn grimmd skuli eigi \u00fat fara sem eldur og brenna so a\u00f0 enginn kunni \u00fat a\u00f0 sl\u00f6kkva fyrir y\u00f0ars vondslegs ath\u00e6fis sakir. <span class=\"athugasemd\" title=\"Supra iiii.\">[<\/span> Sj\u00e1 \u00fe\u00fa, segir Drottinn, eg segi \u00fe\u00e9r, \u00fe\u00fa sem b\u00fdr \u00ed dalnum, \u00e1 fjallinu og \u00e1 sl\u00e9ttlendinu og \u00fe\u00fa segir: &#8222;Hver vill oss yfirgang veita e\u00f0ur inn koma \u00ed vora herkastala?&#8220; Eg vil s\u00e6kja y\u00f0ur heim, segir Drottinn, eftir \u00e1vexti y\u00f0vara verka. Eg vil kveikja einn eld \u00ed hennar sk\u00f3gi so a\u00f0 hann skal forey\u00f0a \u00f6llum hlutum \u00fear allt um kring.<\/p>\n","protected":false},"excerpt":{"rendered":"<p>XXI. \u00deetta er \u00fea\u00f0 or\u00f0 sem ske\u00f0i af Drottni til Jeremia \u00fe\u00e1 e\u00f0 k\u00f3ngurinn Zedechias sendi Pash\u00far Malak\u00edason til hans og Sefan\u00eda son Maes\u00eda kennimanns og l\u00e9t segja honum: [ &#8222;A\u00f0spyr \u00fe\u00fa Drottin fyrir oss \u00fea\u00f0 Nab\u00fagodonosor konungurinn af Bab\u00fdlon str\u00ed\u00f0ir \u00e1 m\u00f3ti oss \u00fea\u00f0 Drottinn vildi \u00fe\u00f3 gj\u00f6ra vi\u00f0 oss eftir \u00f6llum s\u00ednum d\u00e1semdum so a\u00f0 hann m\u00e6tti \u00ed burt draga fr\u00e1 oss.&#8220; Jeremias sag\u00f0i til \u00feeirra: Segi\u00f0 so til Zedechia: \u00deetta segir Drottinn Gu\u00f0 \u00cdsraels: Sj\u00e1 \u00fe\u00fa, eg vil sn\u00faa \u00feeim vopnum \u00e1 bak aftur sem \u00fe\u00e9r hafi\u00f0 \u00ed y\u00f0ar h\u00f6ndum, me\u00f0ur \u00feeim e\u00f0 \u00fe\u00e9r berjist \u00e1 m\u00f3ti <a href=\"https:\/\/biblian.is\/gudbrandsbiblia\/jeremia-21-kafli\/\"> [&#8230;]<\/a><\/p>\n","protected":false},"author":1,"featured_media":0,"parent":0,"menu_order":0,"comment_status":"open","ping_status":"open","template":"bibliukaflar.php","meta":{"footnotes":""},"class_list":["post-3461","page","type-page","status-publish","hentry"],"_links":{"self":[{"href":"https:\/\/biblian.is\/gudbrandsbiblia\/wp-json\/wp\/v2\/pages\/3461","targetHints":{"allow":["GET"]}}],"collection":[{"href":"https:\/\/biblian.is\/gudbrandsbiblia\/wp-json\/wp\/v2\/pages"}],"about":[{"href":"https:\/\/biblian.is\/gudbrandsbiblia\/wp-json\/wp\/v2\/types\/page"}],"author":[{"embeddable":true,"href":"https:\/\/biblian.is\/gudbrandsbiblia\/wp-json\/wp\/v2\/users\/1"}],"replies":[{"embeddable":true,"href":"https:\/\/biblian.is\/gudbrandsbiblia\/wp-json\/wp\/v2\/comments?post=3461"}],"version-history":[{"count":0,"href":"https:\/\/biblian.is\/gudbrandsbiblia\/wp-json\/wp\/v2\/pages\/3461\/revisions"}],"wp:attachment":[{"href":"https:\/\/biblian.is\/gudbrandsbiblia\/wp-json\/wp\/v2\/media?parent=3461"}],"curies":[{"name":"wp","href":"https:\/\/api.w.org\/{rel}","templated":true}]}}