{"id":3460,"date":"2017-12-18T18:33:44","date_gmt":"2017-12-18T18:33:44","guid":{"rendered":"http:\/\/biblian.is\/gudbrandsbiblia\/jeremia-20-kafli\/"},"modified":"2017-12-18T18:33:44","modified_gmt":"2017-12-18T18:33:44","slug":"jeremia-20-kafli","status":"publish","type":"page","link":"https:\/\/biblian.is\/gudbrandsbiblia\/jeremia-20-kafli\/","title":{"rendered":"Jerem\u00eda 20. kafli"},"content":{"rendered":"<p>XX.<\/p>\n<p>En \u00fe\u00e1 e\u00f0 Pash\u00far prestur sonur Immer kennimanns sem a\u00f0 settur var til h\u00f6f\u00f0ingja \u00ed h\u00fasi Drottins heyr\u00f0i a\u00f0 Jeremias sp\u00e1\u00f0i \u00feessum or\u00f0um \u00fe\u00e1 sl\u00f3 hann Jeremiam propheta og kasta\u00f0i honum inn \u00ed hvelfi\u00f0 undir \u00fev\u00ed h\u00e6\u00f0sta portinu Benjam\u00edns sem er hj\u00e1 h\u00fasi Drottins. <span class=\"athugasemd\" title=\"Pash\u00far \/ Jeremias ver\u00f0ur sleginn og \u00ed var\u00f0hald settur\">[<\/span> <\/p>\n<p>\tOg a\u00f0 morgni dags t\u00f3k Pash\u00far Jeremiam burt \u00far hvelfingunni aftur. \u00de\u00e1 sag\u00f0i Jeremias til hans: Drottinn kallar \u00feig ekki Pash\u00far heldur &#8222;Magur allt um kring.&#8220; \u00dev\u00ed a\u00f0 so segir Drottinn: Sj\u00e1 \u00fe\u00fa, eg vil gefa \u00feig og alla \u00fe\u00edna vini \u00fat \u00ed hr\u00e6\u00f0sluna og \u00feeir skulu falla fyrir sver\u00f0i \u00f3vina \u00feinna. \u00dea\u00f0 hi\u00f0 sama skaltu sj\u00e1 me\u00f0 \u00fe\u00ednum eigin augum. Og eg vil gefa gj\u00f6rvallt J\u00fada \u00ed h\u00f6nd konungsins af Bab\u00fdlon so a\u00f0 hann skal burt flytja \u00fe\u00e1 til Bab\u00fdlon og me\u00f0 sver\u00f0i drepa. Og so einnin allt g\u00f3ssi\u00f0 \u00feetta sta\u00f0arins me\u00f0 \u00f6llu \u00feeirra verksm\u00ed\u00f0i og \u00f6llum d\u00fdrm\u00e6tum gripum og allan \u00feann fj\u00e1rsj\u00f3\u00f0 k\u00f3ngsins J\u00fada \u00fe\u00e1 vil eg gefa \u00ed \u00feeirra \u00f3vina hendur svo a\u00f0 \u00feeir skulu r\u00e6na \u00fev\u00ed, taka \u00fea\u00f0 og flytja til Bab\u00fdlon. Og \u00fe\u00fa, Pash\u00far, me\u00f0 \u00f6llu \u00fe\u00ednu heimkynni skalt hertekinn ganga og \u00ed Bab\u00fdlon koma. \u00dear skaltu deyja og jar\u00f0a\u00f0ir ver\u00f0a me\u00f0 \u00f6llum \u00fe\u00ednum vinum hverjum e\u00f0 \u00fe\u00fa pr\u00e9dikar lygina.<\/p>\n<p>\tDrottinn, \u00fe\u00fa hefur so tali\u00f0 um fyrir m\u00e9r og eg hefi l\u00e1ti\u00f0 umtelja mig, \u00fe\u00fa ert m\u00e9r n\u00f3gu \u00f6flugur vor\u00f0inn og \u00fe\u00fa hefur unni\u00f0. <span class=\"athugasemd\" title=\"Jeremias og hans pr\u00e9dikun spottast\">[<\/span> En eg er daglegana fyrir \u00fea\u00f0 sama a\u00f0 h\u00e1\u00f0ungu vor\u00f0inn og hver ma\u00f0ur \u00fe\u00e1 d\u00e1rar mig \u00fev\u00ed a\u00f0 s\u00ed\u00f0an \u00fea\u00f0 eg tala\u00f0i, kalla\u00f0i og pr\u00e9dika\u00f0i \u00fat af \u00feeirri pl\u00e1gunni og forey\u00f0slunni \u00fe\u00e1 er m\u00e9r \u00fea\u00f0 or\u00f0 Drottins daglegana vor\u00f0i\u00f0 til h\u00e1\u00f0ungar og d\u00e1ruskapar. \u00de\u00e1 \u00feenkta eg: &#8222;N\u00fa vel, eg vil eigi lengur minnast hans og pr\u00e9dika ekki meir \u00ed hans nafni.&#8220; En \u00fea\u00f0 var\u00f0 \u00ed m\u00ednu hjarta so sem \u00fea\u00f0 einn logandi eldur hefur \u00fear inniluktur veri\u00f0 \u00ed m\u00ednum beinum so a\u00f0 eg kunni ekki a\u00f0 l\u00ed\u00f0a \u00fea\u00f0 og eg var svo n\u00e6r sem af m\u00e9r kominn.<\/p>\n<p>\t\u00dev\u00ed a\u00f0 eg heyri hversu margir \u00feeir straffa mig og hr\u00e6\u00f0a mig allavegana: &#8222;\u00c1klagi\u00f0 hann \u00e1kaflegana&#8220; segja allir m\u00ednir vinir og kunningjar, &#8222;v\u00e9r viljum \u00e1klaga hann ef a\u00f0 v\u00e9r g\u00e6tum so fyrirkomi\u00f0 honum og n\u00e1\u00f0 honum og hefnt vor so \u00e1 honum.&#8220; En Drottinn er hj\u00e1 m\u00e9r sem einn \u00f6flugur kappi, \u00fear fyrir munu m\u00ednir ofs\u00f3knarmenn falla og ekki sigur vinna heldur munu \u00feeir mj\u00f6g skamma\u00f0ir ver\u00f0a af \u00fev\u00ed a\u00f0 \u00feeir breyta so f\u00e1v\u00edslegana, \u00e6vinleg mun s\u00fa sk\u00f6mm vera hverri a\u00f0 ekki mun forgleymt vera. Og n\u00fa, Drottinn Seba\u00f3t, sem pr\u00f3far hinn r\u00e9ttfer\u00f0uga, \u00fe\u00fa sem s\u00e9r n\u00fdrun og hj\u00f6rtun, l\u00e1ttu mig sj\u00e1 \u00fe\u00edna hefnd \u00e1 \u00feeim \u00fev\u00ed a\u00f0 eg hefi \u00fe\u00e9r mitt m\u00e1lefni \u00e1 hendur f\u00f3lgi\u00f0. <span class=\"athugasemd\" title=\"Supra xi.\">[<\/span> Lofsyngi\u00f0 Drottni, vegsami\u00f0 Drottin, hann sem frelsa\u00f0 hefur l\u00edfi\u00f0 hins f\u00e1t\u00e6ka \u00far h\u00f6ndum \u00feeirra illgj\u00f6rnu.<\/p>\n<p>\tB\u00f6lva\u00f0ur veri s\u00e1 dagur \u00e1 hverjum \u00fea\u00f0 eg var f\u00e6ddur, vansigna\u00f0ur veri s\u00e1 dagur \u00e1 \u00feeim e\u00f0 m\u00edn m\u00f3\u00f0ir h\u00fan f\u00e6ddi mig. <span class=\"athugasemd\" title=\"Job. iii. \/ H\u00f6rmungarkl\u00f6gun Jeremie\">[<\/span> B\u00f6lva\u00f0ur s\u00e9 s\u00e1 sem flutti m\u00ednum f\u00f6\u00f0ur \u00feau fagna\u00f0art\u00ed\u00f0indi og sag\u00f0i: &#8222;Einn ungan son hefur \u00fe\u00fa fengi\u00f0&#8220; a\u00f0 hann vildi gle\u00f0ja hann me\u00f0 \u00fev\u00ed, s\u00e1 hinn sami ma\u00f0ur hann s\u00e9 so sem \u00feeir sta\u00f0irnir hverjum e\u00f0 Drottinn umturna\u00f0i og \u00fea\u00f0 angra\u00f0i hann eigi og hann skal a\u00f0 morgni heyra ofsa\u00f3p og um mi\u00f0degi\u00f0 sorgargr\u00e1t. <span class=\"athugasemd\" title=\"Gen. xix.\">[<\/span> En \u00fev\u00ed hefur \u00fe\u00fa ekki heldur afl\u00edfa\u00f0 mig \u00ed m\u00f3\u00f0urkvi\u00f0i so a\u00f0 m\u00edn m\u00f3\u00f0ir hef\u00f0i m\u00e1tt vera m\u00edn gr\u00f6f og hennar kvi\u00f0ur hef\u00f0i so \u00feunga\u00f0ur veri\u00f0 alla \u00e6vina? Hvar fyrir mun eg framkominn af m\u00f3\u00f0urkvi\u00f0i a\u00f0 eg skyldi egiga a\u00f0 sj\u00e1 soddan eymdarlag og hjartans angur og a\u00f0 enda svo m\u00edna l\u00edfdaga me\u00f0 sk\u00f6mm?<\/p>\n","protected":false},"excerpt":{"rendered":"<p>XX. En \u00fe\u00e1 e\u00f0 Pash\u00far prestur sonur Immer kennimanns sem a\u00f0 settur var til h\u00f6f\u00f0ingja \u00ed h\u00fasi Drottins heyr\u00f0i a\u00f0 Jeremias sp\u00e1\u00f0i \u00feessum or\u00f0um \u00fe\u00e1 sl\u00f3 hann Jeremiam propheta og kasta\u00f0i honum inn \u00ed hvelfi\u00f0 undir \u00fev\u00ed h\u00e6\u00f0sta portinu Benjam\u00edns sem er hj\u00e1 h\u00fasi Drottins. [ Og a\u00f0 morgni dags t\u00f3k Pash\u00far Jeremiam burt \u00far hvelfingunni aftur. \u00de\u00e1 sag\u00f0i Jeremias til hans: Drottinn kallar \u00feig ekki Pash\u00far heldur &#8222;Magur allt um kring.&#8220; \u00dev\u00ed a\u00f0 so segir Drottinn: Sj\u00e1 \u00fe\u00fa, eg vil gefa \u00feig og alla \u00fe\u00edna vini \u00fat \u00ed hr\u00e6\u00f0sluna og \u00feeir skulu falla fyrir sver\u00f0i \u00f3vina \u00feinna. \u00dea\u00f0 hi\u00f0 <a href=\"https:\/\/biblian.is\/gudbrandsbiblia\/jeremia-20-kafli\/\"> [&#8230;]<\/a><\/p>\n","protected":false},"author":1,"featured_media":0,"parent":0,"menu_order":0,"comment_status":"open","ping_status":"open","template":"bibliukaflar.php","meta":{"footnotes":""},"class_list":["post-3460","page","type-page","status-publish","hentry"],"_links":{"self":[{"href":"https:\/\/biblian.is\/gudbrandsbiblia\/wp-json\/wp\/v2\/pages\/3460","targetHints":{"allow":["GET"]}}],"collection":[{"href":"https:\/\/biblian.is\/gudbrandsbiblia\/wp-json\/wp\/v2\/pages"}],"about":[{"href":"https:\/\/biblian.is\/gudbrandsbiblia\/wp-json\/wp\/v2\/types\/page"}],"author":[{"embeddable":true,"href":"https:\/\/biblian.is\/gudbrandsbiblia\/wp-json\/wp\/v2\/users\/1"}],"replies":[{"embeddable":true,"href":"https:\/\/biblian.is\/gudbrandsbiblia\/wp-json\/wp\/v2\/comments?post=3460"}],"version-history":[{"count":0,"href":"https:\/\/biblian.is\/gudbrandsbiblia\/wp-json\/wp\/v2\/pages\/3460\/revisions"}],"wp:attachment":[{"href":"https:\/\/biblian.is\/gudbrandsbiblia\/wp-json\/wp\/v2\/media?parent=3460"}],"curies":[{"name":"wp","href":"https:\/\/api.w.org\/{rel}","templated":true}]}}