{"id":3459,"date":"2017-12-18T18:33:44","date_gmt":"2017-12-18T18:33:44","guid":{"rendered":"http:\/\/biblian.is\/gudbrandsbiblia\/jeremia-19-kafli\/"},"modified":"2017-12-18T18:33:44","modified_gmt":"2017-12-18T18:33:44","slug":"jeremia-19-kafli","status":"publish","type":"page","link":"https:\/\/biblian.is\/gudbrandsbiblia\/jeremia-19-kafli\/","title":{"rendered":"Jerem\u00eda 19. kafli"},"content":{"rendered":"<p>XIX.<\/p>\n<p>Svo segir Drottinn: <span class=\"athugasemd\" title=\"Leirpottur \/ i. Reg. i.\">[<\/span> Far burt og kaup \u00fe\u00e9r einn leirpott af leirsmi\u00f0num og tak me\u00f0 \u00fe\u00e9r nokkra \u00fat af \u00f6ldungunum f\u00f3lksins og \u00fat af hinum elstum prestunum og gakk \u00fat \u00ed Ben-Hinnomsdal sem liggur fyrir utan t\u00edgulsteinsporti\u00f0 og pr\u00e9dika \u00fear \u00feau or\u00f0in sem eg segi \u00fe\u00e9r og tala \u00fe\u00fa so: Heyri\u00f0 or\u00f0 Drottins, \u00fe\u00e9r konungarnir af J\u00fada og borgarmenn \u00ed Jer\u00fasalem! So segir Drottinn Seba\u00f3t, Gu\u00f0 \u00cdsraels: Sj\u00e1i\u00f0, eg vil l\u00e1ta soddan \u00f3g\u00e6fu ganga yfir \u00feennan sta\u00f0 a\u00f0 hann sem \u00fea\u00f0 heyrir, \u00fea\u00f0 skal syngja fyrir hans eyrum, \u00fear fyrir a\u00f0 \u00feeir forl\u00e9tu mig og g\u00e1fu einum annarlegum gu\u00f0i \u00feennan sta\u00f0 og hafa \u00fear inni veifa\u00f0 reykelsi fyrir annarlegum go\u00f0um sem hverki \u00feeir n\u00e9 \u00feeirra forfe\u00f0ur n\u00e9 k\u00f3ngarnir J\u00fada hafa \u00feekkt og hafa uppfyllt \u00feennan sta\u00f0 me\u00f0 saklaust bl\u00f3\u00f0. <span class=\"athugasemd\" title=\"Straff afgu\u00f0ad\u00fdrkunar \/ Jere. vii.\">[<\/span> \u00dev\u00ed \u00feeir hafa Baals h\u00e6\u00f0ir uppbyggt til a\u00f0 brenna s\u00edn b\u00f6rn Baal til brennioffurs hva\u00f0 eg hefi hverki bo\u00f0i\u00f0 \u00feeim n\u00e9 nokkurn t\u00edma \u00fear \u00fat af sagt, \u00fear me\u00f0 kom \u00fea\u00f0 aldreigi \u00ed mitt hjarta.<\/p>\n<p>\t\u00dear fyrir sj\u00e1 \u00fe\u00fa, s\u00e1 t\u00edmi mun koma, segir Drottinn, \u00fea\u00f0 \u00feessi sta\u00f0ur skal ekki meir kallast T\u00f3fet n\u00e9 <span class=\"athugasemd\" title=\"a \/ Ben-Hinnomdalur \/ T\u00f3fet\">[<\/span> Ben-Himmondalur heldur mun hann Dr\u00e1psdalur heita. \u00dev\u00ed a\u00f0 eg vil \u00fe\u00e1 gu\u00f0s\u00fej\u00f3nustuna J\u00fada og Jer\u00fasalem \u00ed \u00feessum sta\u00f0 ni\u00f0ubrj\u00f3ta. Eg vil l\u00e1ta \u00fe\u00e1 falla fyrir sver\u00f0i \u00f3vina sinna, \u00ed \u00feeirra h\u00f6ndum sem s\u00e6kja eftir \u00feeirra l\u00edfi og \u00feeirra l\u00edkami vil eg fuglum loftsins og d\u00fdrum jar\u00f0arinnar a\u00f0 \u00e1tu gefa. Og \u00feennan sta\u00f0 vil eg leggja \u00ed ey\u00f0i og til h\u00e1\u00f0ungar gj\u00f6ra so a\u00f0 allir \u00feeir sem \u00fear framhj\u00e1 ganga \u00feeim skal \u00feykja undrun gegna allar \u00feeirra pl\u00e1gur og gj\u00f6ra sp\u00e9 a\u00f0 \u00feeim. Eg vil l\u00e1ta \u00fe\u00e1 eta kj\u00f6ti\u00f0 sona sinna og d\u00e6tra og hver \u00feeirra skal eta annars hold \u00ed \u00feeirri nau\u00f0 og angist sem a\u00f0 \u00feeirra \u00f3vinir og \u00feeir e\u00f0 s\u00e6kja eftir \u00feeirra l\u00edfi munu \u00fevinga \u00fe\u00e1 me\u00f0.<\/p>\n<p>\tOg \u00fe\u00fa skalt \u00ed sundurbrj\u00f3ta leirpottinn fyrir \u00feeim m\u00f6nnunum sem \u00fat gengu me\u00f0 \u00fe\u00e9r og seg \u00fe\u00fa til \u00feeirra: So segir Drottinn Seba\u00f3t: L\u00edka sem a\u00f0 ma\u00f0ur \u00ed sundurbr\u00fdtur pottasmi\u00f0sins leirker \u00fea\u00f0 sem ekki kann aftur heilt a\u00f0 ver\u00f0a eins l\u00edka so \u00fe\u00e1 vil eg og einnin \u00ed sundurbrj\u00f3ta \u00feetta f\u00f3lk og \u00feennan sta\u00f0. \u00dear til me\u00f0 skulu \u00feeir grafnir ver\u00f0a \u00ed T\u00f3fet af \u00fev\u00ed a\u00f0 \u00fear mun ekki anna\u00f0 r\u00fam til vera a\u00f0 grafa \u00fe\u00e1 \u00fat \u00ed. Svoddan umgang vil eg hafa vi\u00f0 \u00feennan sta\u00f0 og hans innbyggjara, segir Drottinn, a\u00f0 sta\u00f0ur \u00feess skal vera sem T\u00f3fet. <span class=\"athugasemd\" title=\"Supra vii.\">[<\/span> \u00dear me\u00f0 skulu \u00feau h\u00fasin \u00ed Jer\u00fasalem og h\u00fasin k\u00f3nganna J\u00fada ver\u00f0a so \u00f3hreinleg sem a\u00f0 \u00feessi sta\u00f0urinn T\u00f3fet er, j\u00e1 \u00f6ll \u00feau h\u00fasin \u00fear sem \u00feeir b\u00e1ru reykelsi\u00f0 upp \u00e1 \u00feekjunni allri himneskri hersveit og f\u00f3rnu\u00f0u annarlegum go\u00f0unum drykkjaroffuri\u00f0.<\/p>\n<p>\tOg \u00fe\u00e1 e\u00f0 Jeremias kom heim aftur fr\u00e1 T\u00f3fet \u00feanga\u00f0 sem Drottinn haf\u00f0i sent hann til a\u00f0 sp\u00e1 gekk hann inn \u00ed fordyrnar hj\u00e1 h\u00fasi Drottins og sag\u00f0i til alls l\u00fd\u00f0sins: So segir Drottinn Drottinn Seba\u00f3t, Gu\u00f0 \u00cdsraels: Sj\u00e1 \u00fe\u00fa, eg vil l\u00e1ta koma alla \u00fe\u00e1 \u00f3g\u00e6fu yfir \u00feennan sta\u00f0 og yfir alla hans sta\u00f0i so sem \u00fea\u00f0 eg hefi \u00e1\u00f0ur umr\u00e6tt \u00e1 m\u00f3ti honum af \u00fev\u00ed a\u00f0 \u00feeir eru har\u00f0sv\u00edra\u00f0ir og vilja ekki heyra m\u00edn or\u00f0.<\/p>\n<p>Ben-Himmondalur) Ben Hinnon hefur veri\u00f0 eitt fagurt, lystilegt dalverpi hartn\u00e6r Jer\u00fasalem hvers e\u00f0 getur Josue xx. kap. \u00cd \u00feessum dal hafa \u00feeir s\u00ed\u00f0an eina v\u00ed\u00f0fr\u00e6ga gu\u00f0s\u00fej\u00f3nustugj\u00f6r\u00f0 stifta\u00f0 \u00fev\u00ed Lyra segir yfir xxiii. kap. Levit. a\u00f0 \u00cdsraelssynir hafi \u00ed \u00feessum dal brennt og offra\u00f0 s\u00edn b\u00f6rn sk\u00fargo\u00f0inu M\u00f3lok. M\u00f3lok var eitt l\u00edkneski af kopar, holt hi\u00f0 innra. \u00dea\u00f0 uppfylltu \u00feeir me\u00f0 eld og l\u00f6g\u00f0u b\u00f6rnin \u00ed fang \u00fev\u00ed og l\u00e9tu \u00feau brenna en prestarnir gj\u00f6r\u00f0u \u00f3hlj\u00f3\u00f0 me\u00f0 bj\u00f6llum og bumbum og \u00f6\u00f0rum hlj\u00f3\u00f0f\u00e6rum so foreldrarnir heyr\u00f0u ekki gr\u00e1t barnanna. Af \u00feessum Ben Hinnon gj\u00f6ra sp\u00e1mennirnir eitt vi\u00f0urstyggilegt nafn og Christus (Math. v. og xvi.) dregur \u00fear af Gehenna, \u00fea\u00f0 er helv\u00edtiseldur. \u00deennan dal hafa \u00feeir s\u00ed\u00f0an T\u00f3fet kalla\u00f0 og \u00fe\u00fd\u00f0ist Hlj\u00f3\u00f0ah\u00fas e\u00f0ur Hlj\u00f3\u00f0akirkja og Esaias xxx. tilrei\u00f0ir k\u00f3nginum af Ass\u00far sl\u00edka gr\u00f6f, \u00fea\u00f0 er, a\u00f0 hann skuli \u00ed helv\u00edti brenna.<\/p>\n","protected":false},"excerpt":{"rendered":"<p>XIX. Svo segir Drottinn: [ Far burt og kaup \u00fe\u00e9r einn leirpott af leirsmi\u00f0num og tak me\u00f0 \u00fe\u00e9r nokkra \u00fat af \u00f6ldungunum f\u00f3lksins og \u00fat af hinum elstum prestunum og gakk \u00fat \u00ed Ben-Hinnomsdal sem liggur fyrir utan t\u00edgulsteinsporti\u00f0 og pr\u00e9dika \u00fear \u00feau or\u00f0in sem eg segi \u00fe\u00e9r og tala \u00fe\u00fa so: Heyri\u00f0 or\u00f0 Drottins, \u00fe\u00e9r konungarnir af J\u00fada og borgarmenn \u00ed Jer\u00fasalem! So segir Drottinn Seba\u00f3t, Gu\u00f0 \u00cdsraels: Sj\u00e1i\u00f0, eg vil l\u00e1ta soddan \u00f3g\u00e6fu ganga yfir \u00feennan sta\u00f0 a\u00f0 hann sem \u00fea\u00f0 heyrir, \u00fea\u00f0 skal syngja fyrir hans eyrum, \u00fear fyrir a\u00f0 \u00feeir forl\u00e9tu mig og g\u00e1fu einum annarlegum <a href=\"https:\/\/biblian.is\/gudbrandsbiblia\/jeremia-19-kafli\/\"> [&#8230;]<\/a><\/p>\n","protected":false},"author":1,"featured_media":0,"parent":0,"menu_order":0,"comment_status":"open","ping_status":"open","template":"bibliukaflar.php","meta":{"footnotes":""},"class_list":["post-3459","page","type-page","status-publish","hentry"],"_links":{"self":[{"href":"https:\/\/biblian.is\/gudbrandsbiblia\/wp-json\/wp\/v2\/pages\/3459","targetHints":{"allow":["GET"]}}],"collection":[{"href":"https:\/\/biblian.is\/gudbrandsbiblia\/wp-json\/wp\/v2\/pages"}],"about":[{"href":"https:\/\/biblian.is\/gudbrandsbiblia\/wp-json\/wp\/v2\/types\/page"}],"author":[{"embeddable":true,"href":"https:\/\/biblian.is\/gudbrandsbiblia\/wp-json\/wp\/v2\/users\/1"}],"replies":[{"embeddable":true,"href":"https:\/\/biblian.is\/gudbrandsbiblia\/wp-json\/wp\/v2\/comments?post=3459"}],"version-history":[{"count":0,"href":"https:\/\/biblian.is\/gudbrandsbiblia\/wp-json\/wp\/v2\/pages\/3459\/revisions"}],"wp:attachment":[{"href":"https:\/\/biblian.is\/gudbrandsbiblia\/wp-json\/wp\/v2\/media?parent=3459"}],"curies":[{"name":"wp","href":"https:\/\/api.w.org\/{rel}","templated":true}]}}