{"id":3458,"date":"2017-12-18T18:33:44","date_gmt":"2017-12-18T18:33:44","guid":{"rendered":"http:\/\/biblian.is\/gudbrandsbiblia\/jeremia-18-kafli\/"},"modified":"2017-12-18T18:33:44","modified_gmt":"2017-12-18T18:33:44","slug":"jeremia-18-kafli","status":"publish","type":"page","link":"https:\/\/biblian.is\/gudbrandsbiblia\/jeremia-18-kafli\/","title":{"rendered":"Jerem\u00eda 18. kafli"},"content":{"rendered":"<p>XVIII.<\/p>\n<p>\u00deetta er \u00fea\u00f0 or\u00f0i\u00f0 sem ske\u00f0i af Drottni til Jeremia og sag\u00f0i: <span class=\"athugasemd\" title=\"Pottamakarans h\u00fas \/ R\u00f3m. ix. \/ Esa. lxix.\">[<\/span> Statt upp og gakk ofan \u00ed h\u00fas leirkerasmi\u00f0sins. \u00dear vil eg l\u00e1ta \u00feig heyra mitt or\u00f0. Og eg gekk ofan \u00ed h\u00fasi\u00f0 leirkerasmi\u00f0sins og sj\u00e1 \u00fe\u00fa, hann erfi\u00f0a\u00f0i \u00feann sama t\u00edma \u00e1 hj\u00f3linu. Og s\u00e1 potturinn sem hann var a\u00f0 gj\u00f6ra af leirinu sundurbrotna\u00f0i \u00ed hans h\u00f6ndum. \u00de\u00e1 gj\u00f6r\u00f0i hann einn annan pott aftur sem honum b\u00edhaga\u00f0i. \u00de\u00e1 ske\u00f0i or\u00f0 Drottins til m\u00edn og sag\u00f0i: Kann eg ekki einnin so a\u00f0 gj\u00f6ra vi\u00f0 y\u00f0ur, \u00fe\u00e9r af h\u00fasi \u00cdsraels, so sem a\u00f0 \u00feessi leirkerasmi\u00f0urinn? segir Drottinn. L\u00edka sem \u00fea\u00f0 leiri\u00f0 er \u00ed leirkerasmi\u00f0shendi eins svo \u00fe\u00e1 eru \u00fe\u00e9r af \u00cdsraels h\u00fasi \u00ed minni hendi.<\/p>\n<p>\tMj\u00f6g skyndilega f\u00e6 eg tala\u00f0 \u00e1 m\u00f3ti einnri \u00fej\u00f3\u00f0 og k\u00f3ngsr\u00edki svo \u00fea\u00f0 eg vilji afm\u00e1, ni\u00f0urbrj\u00f3ta og fordjarfa \u00fea\u00f0 sama. <span class=\"athugasemd\" title=\"I\u00f0ranar \u00e1minning \/ Ezech. viii. xxxiii.\">[<\/span> En ef \u00fea\u00f0 sn\u00fdr s\u00e9r \u00ed burt fr\u00e1 sinni illgirni \u00e1 m\u00f3ti hverri eg tala \u00fe\u00e1 skal mig og einnin angra \u00fe\u00e1 \u00f3g\u00e6fu sem eg hugleidda a\u00f0 gj\u00f6ra \u00feeim. Og mj\u00f6g snarlega \u00fe\u00e1 f\u00e6 eg tala\u00f0 um eina \u00fej\u00f3\u00f0 og k\u00f3ngsr\u00edki \u00fea\u00f0 eg vilji uppbyggja og gr\u00f3\u00f0setja \u00fea\u00f0. En ef \u00fea\u00f0 gj\u00f6rir illa fyrir minni augs\u00fdn so a\u00f0 \u00fea\u00f0 hl\u00fd\u00f0ir ekki minni raust \u00fe\u00e1 skal mig og einnin angra \u00fea\u00f0 hi\u00f0 g\u00f3\u00f0a sem eg haf\u00f0a fyrirheiti\u00f0 \u00feeim a\u00f0 gj\u00f6ra.<\/p>\n<p>\tSo seg \u00fe\u00fa n\u00fa til \u00feeirra \u00ed J\u00fada og til borgarmannanna \u00ed Jer\u00fasalem: So segir Drottinn: Sj\u00e1 \u00fe\u00fa, eg tilb\u00fd y\u00f0ur eina \u00f3g\u00e6fu, eg hefi einn hugar\u00feanka \u00e1 m\u00f3ti y\u00f0ur. \u00dear fyrir sn\u00fai s\u00e9r hver sem einn \u00ed burt fr\u00e1 s\u00ednu vondu ath\u00e6fi og yfirb\u00e6ti\u00f0 y\u00f0ar breytni og gj\u00f6rninga. En \u00feeir segja: &#8222;\u00dear ver\u00f0ur ekki af, \u00fea\u00f0 v\u00e9r viljum ganga eftir voru sj\u00e1lfs hugbo\u00f0i og gj\u00f6ra hver eftir s\u00ednum vondum hjartans hugar\u00feanka.&#8220;<\/p>\n<p>\t\u00dear fyrir segir Drottinn: Spyrji\u00f0 eftir \u00e1 me\u00f0al hei\u00f0inna \u00fej\u00f3\u00f0a hver a\u00f0 nokkurn t\u00edma hafi heyrt svoddan, \u00fea\u00f0 jungfr\u00fain \u00cdsrael gj\u00f6ri so st\u00f3ra sv\u00edvir\u00f0ilega hluti? Snj\u00f3rinn er \u00fe\u00f3 lengur \u00e1 steinunum \u00ed m\u00f6rkinni n\u00e6r e\u00f0 \u00fea\u00f0 snj\u00f3var h\u00e9r a\u00f0 ofan \u00ed fr\u00e1 L\u00edbanon og regnvatni\u00f0 rennur ekki so snart \u00ed burt svo sem \u00fea\u00f0 mitt f\u00f3lk gleymir m\u00e9r. \u00deeir veifa reykelsinu fyrir go\u00f0unum og uppbyrja so hneykslanir \u00e1 s\u00ednum vegum \u00e6vinlega og ganga so \u00e1 \u00f3vegunum so a\u00f0 \u00feeirra land ver\u00f0i \u00ed ey\u00f0i lagt \u00feeim til \u00e6vinlegrar skammar, so a\u00f0 hver s\u00e1 sem \u00fear gengur framhj\u00e1 skal undrast \u00fea\u00f0 og hrista h\u00f6fu\u00f0i\u00f0. \u00dev\u00ed a\u00f0 eg vil me\u00f0 einum austanvindi \u00ed sundur dreifa \u00feeim fyrir \u00feeirra \u00f3vinum. Eg vil sn\u00faa vi\u00f0 \u00feeim bakinu en ei andlitinu n\u00e6r e\u00f0 \u00feeir fordjarfast.<\/p>\n<p>\tEn \u00feeir segja: <span class=\"athugasemd\" title=\"Ofs\u00f3kn Jeremie \/ Supra i.\">[<\/span> &#8222;Komi\u00f0 og t\u00f6kum vor r\u00e1\u00f0 \u00e1 m\u00f3ti Jeremia \u00fea\u00f0 \u00feeir prestarnir kunna ekki villt a\u00f0 fara \u00ed l\u00f6gm\u00e1linu og \u00feeir hinir v\u00edsu kunna ekki a\u00f0 breg\u00f0ast \u00ed r\u00e1\u00f0agj\u00f6r\u00f0inni og \u00feeir prophetarnir kunna ei \u00f3r\u00e9tt a\u00f0 kenna. Komi\u00f0 hinga\u00f0, l\u00e1tum oss drepa hann ni\u00f0ur me\u00f0 tungunni og gefa \u00f6ngvan gaum a\u00f0 \u00f6llu \u00fev\u00ed e\u00f0 hann talar.&#8220;<\/p>\n<p>\tDrottinn, gef \u00fe\u00fa g\u00e6tur a\u00f0 m\u00e9r og heyr \u00fe\u00e1 raustina minna m\u00f3tst\u00f6\u00f0umanna. <span class=\"athugasemd\" title=\"B\u00e6n Jeremie\">[<\/span> Er \u00fea\u00f0 r\u00e9tt a\u00f0 ma\u00f0urinn launi illu fyrir gott? \u00dev\u00ed a\u00f0 \u00feeir hafa grafi\u00f0 eina gr\u00f6f minni s\u00e1lu. Hugleittu \u00fea\u00f0 hvernin eg hefi frammi sta\u00f0i\u00f0 fyrir \u00fe\u00e9r til a\u00f0 tala \u00feetta i\u00f0 besta og sn\u00faa \u00feinni grimmdarrei\u00f0i \u00ed burt fr\u00e1 \u00feeim. Fyrir \u00fea\u00f0 straffa n\u00fa \u00feeirra b\u00f6rn me\u00f0 hungri og l\u00e1t \u00fe\u00e1 \u00ed sver\u00f0seggjar falla so a\u00f0 \u00feeirra kvinnur og ekkjur ver\u00f0i barnlausar og \u00fea\u00f0 \u00feeirra li\u00f0smenn \u00ed hel sl\u00e1ist og so \u00feeirra \u00e6skumenn me\u00f0ur vopnum vegist \u00ed str\u00ed\u00f0inu, so a\u00f0 \u00fea\u00f0 hlj\u00f3\u00f0 heyrt ver\u00f0i \u00far \u00feeirra h\u00fasum hversu skyndilegana a\u00f0 \u00fe\u00fa hefur l\u00e1ti\u00f0 str\u00ed\u00f0smennina yfir \u00fe\u00e1 koma. <span class=\"athugasemd\" title=\"Jere. xx.\">[<\/span> \u00dev\u00ed a\u00f0 \u00feeir hafa grafi\u00f0 eina gr\u00f6f til a\u00f0 vei\u00f0a mig \u00fat \u00ed og lagt sn\u00f6rur fyrir m\u00ednar f\u00e6tur. Og me\u00f0 \u00fev\u00ed, Drottinn, a\u00f0 \u00fe\u00fa veist allan \u00feeirra \u00e1setning \u00e1 m\u00f3ti m\u00e9r, a\u00f0 \u00feeir vilja afl\u00edfa mig, \u00fe\u00e1 <span class=\"athugasemd\" title=\"a \/ Fyrirgef ekki) \/ \u00dea\u00f0 er, l\u00e1t \u00fe\u00e9r ekki \u00fe\u00f3knast \u00feeirra ath\u00e6fi og styrk \u00fe\u00e1 ei\">[<\/span> fyrirgef \u00fe\u00fa ekki \u00feann \u00feeirra misgj\u00f6rning og l\u00e1t ekki \u00fe\u00e6r syndir afm\u00e1\u00f0ar ver\u00f0a fyrir \u00fe\u00e9r. L\u00e1ttu \u00fe\u00e1 ver\u00f0a ni\u00f0ur slegna fyrir \u00fe\u00e9r og breyt vi\u00f0ur \u00fe\u00e1 eftir \u00feinni rei\u00f0i.<\/p>\n","protected":false},"excerpt":{"rendered":"<p>XVIII. \u00deetta er \u00fea\u00f0 or\u00f0i\u00f0 sem ske\u00f0i af Drottni til Jeremia og sag\u00f0i: [ Statt upp og gakk ofan \u00ed h\u00fas leirkerasmi\u00f0sins. \u00dear vil eg l\u00e1ta \u00feig heyra mitt or\u00f0. Og eg gekk ofan \u00ed h\u00fasi\u00f0 leirkerasmi\u00f0sins og sj\u00e1 \u00fe\u00fa, hann erfi\u00f0a\u00f0i \u00feann sama t\u00edma \u00e1 hj\u00f3linu. Og s\u00e1 potturinn sem hann var a\u00f0 gj\u00f6ra af leirinu sundurbrotna\u00f0i \u00ed hans h\u00f6ndum. \u00de\u00e1 gj\u00f6r\u00f0i hann einn annan pott aftur sem honum b\u00edhaga\u00f0i. \u00de\u00e1 ske\u00f0i or\u00f0 Drottins til m\u00edn og sag\u00f0i: Kann eg ekki einnin so a\u00f0 gj\u00f6ra vi\u00f0 y\u00f0ur, \u00fe\u00e9r af h\u00fasi \u00cdsraels, so sem a\u00f0 \u00feessi leirkerasmi\u00f0urinn? segir Drottinn. L\u00edka <a href=\"https:\/\/biblian.is\/gudbrandsbiblia\/jeremia-18-kafli\/\"> [&#8230;]<\/a><\/p>\n","protected":false},"author":1,"featured_media":0,"parent":0,"menu_order":0,"comment_status":"open","ping_status":"open","template":"bibliukaflar.php","meta":{"footnotes":""},"class_list":["post-3458","page","type-page","status-publish","hentry"],"_links":{"self":[{"href":"https:\/\/biblian.is\/gudbrandsbiblia\/wp-json\/wp\/v2\/pages\/3458","targetHints":{"allow":["GET"]}}],"collection":[{"href":"https:\/\/biblian.is\/gudbrandsbiblia\/wp-json\/wp\/v2\/pages"}],"about":[{"href":"https:\/\/biblian.is\/gudbrandsbiblia\/wp-json\/wp\/v2\/types\/page"}],"author":[{"embeddable":true,"href":"https:\/\/biblian.is\/gudbrandsbiblia\/wp-json\/wp\/v2\/users\/1"}],"replies":[{"embeddable":true,"href":"https:\/\/biblian.is\/gudbrandsbiblia\/wp-json\/wp\/v2\/comments?post=3458"}],"version-history":[{"count":0,"href":"https:\/\/biblian.is\/gudbrandsbiblia\/wp-json\/wp\/v2\/pages\/3458\/revisions"}],"wp:attachment":[{"href":"https:\/\/biblian.is\/gudbrandsbiblia\/wp-json\/wp\/v2\/media?parent=3458"}],"curies":[{"name":"wp","href":"https:\/\/api.w.org\/{rel}","templated":true}]}}