{"id":3456,"date":"2017-12-18T18:33:44","date_gmt":"2017-12-18T18:33:44","guid":{"rendered":"http:\/\/biblian.is\/gudbrandsbiblia\/jeremia-16-kafli\/"},"modified":"2017-12-18T18:33:44","modified_gmt":"2017-12-18T18:33:44","slug":"jeremia-16-kafli","status":"publish","type":"page","link":"https:\/\/biblian.is\/gudbrandsbiblia\/jeremia-16-kafli\/","title":{"rendered":"Jerem\u00eda 16. kafli"},"content":{"rendered":"<p>XVI.<\/p>\n<p>Og or\u00f0 Drottins \u00fea\u00f0 ske\u00f0i til m\u00edn og sag\u00f0i: \u00d6ngva konu skaltu \u00fe\u00e9r til eignar taka og hverki syni n\u00e9 d\u00e6tur geta \u00ed \u00feessum sta\u00f0. \u00dev\u00ed a\u00f0 so segir Drottinn af \u00feeim sonum og d\u00e6trum sem f\u00e6\u00f0ast \u00ed \u00feessum sta\u00f0 og einnin af m\u00e6\u00f0runum \u00feeim sem \u00feau f\u00e6\u00f0a og af fe\u00f0runum \u00feeirra sem \u00feau geta \u00ed \u00feessu landi: \u00deau skulu deyja af s\u00f3tt og \u00feau skulu hvorki h\u00f6rmu\u00f0 n\u00e9 j\u00f6r\u00f0u\u00f0 vera heldur skulu \u00feau a\u00f0 saurindum ver\u00f0a \u00ed landinu, \u00fear a\u00f0 auk fyrir sver\u00f0i og hungri fyrirfarast og \u00feeirra l\u00edkamir skulu fuglum loftsins og d\u00fdrum jar\u00f0arinnar a\u00f0 \u00e1tu ver\u00f0a.<\/p>\n<p>\t\u00dev\u00ed a\u00f0 so segir Drottinn: \u00de\u00fa skalt ekki ganga burt \u00ed hrygg\u00f0 og eigi skaltu fara \u00ed nokkurn sta\u00f0 til a\u00f0 gr\u00e1ta n\u00e9 a\u00f0 hafa nokkra samh\u00f6rmung yfir \u00feeim. \u00dev\u00ed a\u00f0 eg hefi \u00ed burt teki\u00f0 minn fri\u00f0 \u00ed fr\u00e1 \u00feessu f\u00f3lki, segir Drottinn, l\u00edka einnin m\u00edna n\u00e1\u00f0 og miskunnsemi, so a\u00f0 b\u00e6\u00f0i st\u00f3rir og sm\u00e1ir skulu deyja \u00ed \u00feessu landi og ver\u00f0a hverki jar\u00f0a\u00f0ir n\u00e9 harmdau\u00f0ir og enginn skal reyta sitt h\u00e1r n\u00e9 gj\u00f6ra sig sk\u00f6ll\u00f3ttan \u00feeirra vegna og enginn skal neinu \u00fatskipta hj\u00e1 gr\u00f6finni \u00feeim til hugsv\u00f6lunar yfir l\u00edkinu og ekki gefa \u00feeim \u00feann huggunardrykkinn eftir f\u00f6\u00f0ur og m\u00f3\u00f0ur. <span class=\"athugasemd\" title=\"Jere. vii.\">[<\/span> \u00dear fyrir skaltu ekki innganga \u00ed nokkurt drykkjuh\u00fas til a\u00f0 sitja hj\u00e1 \u00feeim, hverki til matar n\u00e9 \u00f6ls. \u00dev\u00ed a\u00f0 so segir Drottinn Seba\u00f3t, Gu\u00f0 \u00cdsraels: Sj\u00e1 \u00fe\u00fa, eg vil burt taka \u00ed \u00feessum sta\u00f0 fyrir y\u00f0ar augs\u00fdn og af y\u00f0ur lif\u00f6ndum raustina gle\u00f0innar og una\u00f0semdarinnar, raustina br\u00fa\u00f0gumans og br\u00fa\u00f0arinnar.<\/p>\n<p>\tOg n\u00e6r e\u00f0 \u00fe\u00fa hefir n\u00fa sagt \u00feessu f\u00f3lki allt \u00feetta og \u00feeir segja til \u00fe\u00edn: <span class=\"athugasemd\" title=\"Jere. v.\">[<\/span> &#8222;Hvar fyrir m\u00e6lir Drottinn yfir oss alla \u00feessa st\u00f3ru \u00f3g\u00e6fu? Hver er s\u00fa synd og s\u00e1 misgj\u00f6rningur \u00fear e\u00f0 v\u00e9r h\u00f6fum me\u00f0 syndgast \u00e1 m\u00f3ti Drottni Gu\u00f0i vorum?&#8220; \u00fe\u00e1 skaltu segja \u00feeim: \u00dear fyrir a\u00f0 y\u00f0rir fe\u00f0ur yfirg\u00e1fu mig, segir Drottinn, og eftirfylgdu annarlegum gu\u00f0um, \u00fej\u00f3nu\u00f0u \u00feeim og tilb\u00e1\u00f0u \u00fe\u00e1, en mig yfirg\u00e1fu \u00feeir og h\u00e9ldu ekki mitt l\u00f6gm\u00e1l. <span class=\"athugasemd\" title=\"Saukin hvar fyrir Gu\u00f0 straffar \u00fe\u00e1. \/ Jere. xxiii.\">[<\/span> Og \u00fe\u00e9r gj\u00f6ri\u00f0 \u00fea\u00f0 enn verr en y\u00f0rir forfe\u00f0ur \u00fev\u00ed a\u00f0 sj\u00e1 \u00fe\u00fa, a\u00f0 hver lifir eftir s\u00ednu vondu hjartans hugbo\u00f0i so a\u00f0 hann hl\u00fd\u00f0ir m\u00e9r ei. \u00dear fyrir vil eg \u00fatdr\u00edfa y\u00f0ur af \u00feessu landi, burt \u00ed \u00fea\u00f0 land sem hvorki \u00fe\u00e9r n\u00e9 y\u00f0rir forfe\u00f0ur vita nein deili \u00e1. \u00dear skulu \u00fe\u00e9r \u00fej\u00f3na annarlegum gu\u00f0um dag og n\u00f3tt, \u00fear vil eg og einnin \u00f6ngva n\u00e1\u00f0 au\u00f0s\u00fdna y\u00f0ur.<\/p>\n<p>\t\u00dear fyrir sj\u00e1 \u00fe\u00fa, s\u00e1 t\u00edmi kemur, segir Drottinn, \u00fea\u00f0 ekki skal oftar sagt vera: &#8222;So sannarlega sem Drottinn lifir, s\u00e1 e\u00f0 \u00fatleiddi \u00cdsraelssonu af Egyptalandi&#8220; heldur: &#8222;So sannarlega sem Drottinn lifir, s\u00e1 e\u00f0 \u00fatleiddi \u00cdsraelssonu af \u00fev\u00ed nor\u00f0urlandinu og \u00far \u00f6llum \u00feeim l\u00f6ndum sem hann haf\u00f0i \u00ed burt reki\u00f0 \u00fe\u00e1.&#8220; \u00dev\u00ed a\u00f0 eg vil innflytja \u00fe\u00e1 aftur \u00ed \u00fea\u00f0 landi\u00f0 sem eg hefi gefi\u00f0 \u00feeirra forfe\u00f0rum.<\/p>\n<p>\tSj\u00e1 \u00fe\u00fa, eg mun fiskimenn \u00fat senda, segir Drottinn. \u00deeir skulu vei\u00f0a \u00fe\u00e1 og \u00fear eftir \u00e1 vil eg \u00fastenda marga vei\u00f0imenn, \u00feeir skulu vei\u00f0a \u00fe\u00e1 upp \u00e1 \u00f6llum fj\u00f6llum og upp \u00e1 \u00f6llum h\u00e6\u00f0um og \u00ed \u00f6llum bjargskorum. \u00dev\u00ed a\u00f0 m\u00edn augu \u00e1l\u00edta alla \u00feeirra vegu so a\u00f0 \u00feeir kunna ekki a\u00f0 dyljast fyrir m\u00e9r og \u00feeirra misgj\u00f6rningur er opinn fyrir m\u00ednum augum. En \u00e1\u00f0ur fyrri \u00fe\u00e1 vil eg \u00feeirra misgj\u00f6rning og synd tvef\u00f6ldu launa fyrir \u00fea\u00f0 a\u00f0 \u00feeir saurgu\u00f0u mitt land me\u00f0ur <span class=\"athugasemd\" title=\"a \/ L\u00edkunum) \/ \u00dea\u00f0 \u00feeir offru\u00f0u m\u00f6rgum b\u00f6rnum og brenndu \u00feau fyrir M\u00f3lok\">[<\/span> l\u00edkunum sinna afgu\u00f0a og uppfylldu m\u00edna arfleif\u00f0 me\u00f0ur s\u00ednar sv\u00edvir\u00f0ingar.<\/p>\n<p>\tDrottinn, \u00fe\u00fa ert minn styrkur og kraftur og mitt athvarf \u00ed nau\u00f0inni. <span class=\"athugasemd\" title=\"B\u00e6n Jeremie\">[<\/span> Hinir hei\u00f0nu munu til \u00fe\u00edn koma \u00ed fr\u00e1 enda veraldarinnar og segja: &#8222;Vorir forfe\u00f0ur h\u00f6f\u00f0u falska og f\u00e1fengilega gu\u00f0i sem ekki kunna a\u00f0 hj\u00e1lpa.&#8220; Hvernin kann einn ma\u00f0ur afgu\u00f0i a\u00f0 gj\u00f6ra \u00fea\u00b4sem ekki eru afgu\u00f0ir? \u00dear fyrir sj\u00e1 \u00fe\u00fa, a\u00f0 n\u00fa vil eg kenna \u00feeim m\u00edna h\u00f6nd og magtarveldi so a\u00f0 \u00feeir skulu formerkja \u00fea\u00f0 eg heiti Drottinn.<\/p>\n","protected":false},"excerpt":{"rendered":"<p>XVI. Og or\u00f0 Drottins \u00fea\u00f0 ske\u00f0i til m\u00edn og sag\u00f0i: \u00d6ngva konu skaltu \u00fe\u00e9r til eignar taka og hverki syni n\u00e9 d\u00e6tur geta \u00ed \u00feessum sta\u00f0. \u00dev\u00ed a\u00f0 so segir Drottinn af \u00feeim sonum og d\u00e6trum sem f\u00e6\u00f0ast \u00ed \u00feessum sta\u00f0 og einnin af m\u00e6\u00f0runum \u00feeim sem \u00feau f\u00e6\u00f0a og af fe\u00f0runum \u00feeirra sem \u00feau geta \u00ed \u00feessu landi: \u00deau skulu deyja af s\u00f3tt og \u00feau skulu hvorki h\u00f6rmu\u00f0 n\u00e9 j\u00f6r\u00f0u\u00f0 vera heldur skulu \u00feau a\u00f0 saurindum ver\u00f0a \u00ed landinu, \u00fear a\u00f0 auk fyrir sver\u00f0i og hungri fyrirfarast og \u00feeirra l\u00edkamir skulu fuglum loftsins og d\u00fdrum jar\u00f0arinnar a\u00f0 \u00e1tu ver\u00f0a. <a href=\"https:\/\/biblian.is\/gudbrandsbiblia\/jeremia-16-kafli\/\"> [&#8230;]<\/a><\/p>\n","protected":false},"author":1,"featured_media":0,"parent":0,"menu_order":0,"comment_status":"open","ping_status":"open","template":"bibliukaflar.php","meta":{"footnotes":""},"class_list":["post-3456","page","type-page","status-publish","hentry"],"_links":{"self":[{"href":"https:\/\/biblian.is\/gudbrandsbiblia\/wp-json\/wp\/v2\/pages\/3456","targetHints":{"allow":["GET"]}}],"collection":[{"href":"https:\/\/biblian.is\/gudbrandsbiblia\/wp-json\/wp\/v2\/pages"}],"about":[{"href":"https:\/\/biblian.is\/gudbrandsbiblia\/wp-json\/wp\/v2\/types\/page"}],"author":[{"embeddable":true,"href":"https:\/\/biblian.is\/gudbrandsbiblia\/wp-json\/wp\/v2\/users\/1"}],"replies":[{"embeddable":true,"href":"https:\/\/biblian.is\/gudbrandsbiblia\/wp-json\/wp\/v2\/comments?post=3456"}],"version-history":[{"count":0,"href":"https:\/\/biblian.is\/gudbrandsbiblia\/wp-json\/wp\/v2\/pages\/3456\/revisions"}],"wp:attachment":[{"href":"https:\/\/biblian.is\/gudbrandsbiblia\/wp-json\/wp\/v2\/media?parent=3456"}],"curies":[{"name":"wp","href":"https:\/\/api.w.org\/{rel}","templated":true}]}}