{"id":3455,"date":"2017-12-18T18:33:44","date_gmt":"2017-12-18T18:33:44","guid":{"rendered":"http:\/\/biblian.is\/gudbrandsbiblia\/jeremia-15-kafli\/"},"modified":"2017-12-18T18:33:44","modified_gmt":"2017-12-18T18:33:44","slug":"jeremia-15-kafli","status":"publish","type":"page","link":"https:\/\/biblian.is\/gudbrandsbiblia\/jeremia-15-kafli\/","title":{"rendered":"Jerem\u00eda 15. kafli"},"content":{"rendered":"<p>XV.<\/p>\n<p>Og Drottinn sag\u00f0i til m\u00edn: <span class=\"athugasemd\" title=\"Moises \/ Sam\u00fael \/ Supra vii. \/ Ezech. xiiii.\">[<\/span> Og enn \u00fe\u00f3 a\u00f0 Moises og Sam\u00fael \u00feeir st\u00e6\u00f0u frammi fyrir m\u00e9r \u00fe\u00e1 hef\u00f0a eg \u00fe\u00f3 ekki neitt hjarta til f\u00f3lks \u00feessa. Rek \u00fe\u00e1 \u00ed burt fr\u00e1 m\u00e9r og l\u00e1ttu \u00fe\u00e1 h\u00e9\u00f0an fara. Og n\u00e6r e\u00f0 \u00feeir segja til \u00fe\u00edn: &#8222;Hvor skulu v\u00e6r h\u00e9\u00f0an?&#8220; \u00fe\u00e1 seg \u00fe\u00fa til \u00feeirra: So segir Drottinn: S\u00e1 e\u00f0 deyja skal hann komi \u00fear til, s\u00e1 sem undir sver\u00f0i\u00f0 skal, hann komi \u00fear til, s\u00e1 sem hungra skal, hann komi \u00fear til, s\u00e1 sem fanga\u00f0ur skal vera, hann komi \u00fear til. \u00dev\u00ed a\u00f0 eg vil vitja \u00feeirra me\u00f0 fj\u00f6gra handa pl\u00e1gum, segir Drottinn, me\u00f0ur sver\u00f0i so a\u00f0 \u00feeir skulu \u00ed hel slegnir ver\u00f0a, me\u00f0ru hundum sem \u00fe\u00e1 skulu sl\u00edta og me\u00f0 fuglum loftsins og me\u00f0 d\u00fdrum jar\u00f0arinnar so a\u00f0 \u00feeir skulu upp\u00e9tast og a\u00f0 \u00f6ngu ver\u00f0a. <span class=\"athugasemd\" title=\"Fj\u00f6gra handa pl\u00e1ga\">[<\/span> Og eg vil l\u00e1ta \u00ed burt dr\u00edfa \u00fe\u00e1 hinga\u00f0 og \u00feanga\u00f0 um \u00f6ll k\u00f3ngar\u00edkin \u00e1 j\u00f6r\u00f0unni sakir Manasses sonar Ezechie k\u00f3ngsins J\u00fada, vegna \u00feess a\u00f0 hann haf\u00f0i gj\u00f6rt til Jer\u00fasalem. <span class=\"athugasemd\" title=\"Manasses \/ iiii. Reg. xxi. \/ ii. Par. xxxiii.\">[<\/span> <\/p>\n<p>\tHver vill \u00fe\u00e9r \u00fe\u00e1 miskunnsamur vera, \u00fe\u00fa Jer\u00fasalem? Hver mun \u00fe\u00e1 sj\u00e1 aumur \u00e1 \u00fe\u00e9r? Hver mun \u00fe\u00e1 framganga og \u00e1rna \u00fe\u00e9r fri\u00f0ar? \u00de\u00fa hefur yfirgefi\u00f0 mig, segir Drottinn, og ert \u00ed burt horfin fr\u00e1 m\u00e9r. \u00dear fyrir hefi eg \u00fatr\u00e9tt m\u00edna h\u00f6nd \u00e1 m\u00f3ti \u00fe\u00e9r so \u00fea\u00f0 eg vil fordjarfa \u00feig. M\u00e9r lei\u00f0ist miskunns\u00f6mum a\u00f0 vera, eg vil me\u00f0ur vindskuplunni \u00ed burt kasta \u00feeim \u00far landinu og eg vil mitt f\u00f3lk, \u00fea\u00f0 sem ekki vill sn\u00faa s\u00e9r \u00ed burt fr\u00e1 s\u00ednu vondu ath\u00e6fi,k gj\u00f6ra me\u00f0 \u00f6llu f\u00f6\u00f0urlaust og fyrirkoma \u00fev\u00ed so. M\u00e9r skulu fleiri ekkjur ver\u00f0a \u00e1 me\u00f0al \u00feeirra en \u00fea\u00f0 sandurinn er vi\u00f0 sj\u00e1varstr\u00f6ndu, eg vil l\u00e1ta einn auglj\u00f3slegan fordjarfara koma yfir m\u00e6\u00f0urnar \u00feeirra ungu mannskaparmannanna og l\u00e1ta \u00feann sta\u00f0inn skyndilegana og \u00f3forvarandi yfirfallast so a\u00f0 h\u00fan sem sj\u00f6 b\u00f6rn hefur skal aumleg vera og s\u00e1ran hjartans trega hafa. \u00dev\u00ed a\u00f0 hennar s\u00f3l skal \u00feegar a\u00f0 bj\u00f6rtum degi undirganga so \u00fea\u00f0 b\u00e6\u00f0i hennar fr\u00e6g\u00f0 og f\u00f6gnu\u00f0ur skal einn enda hafa og \u00fe\u00e1 sem afgangs eru vil eg gefa undir \u00feeirra \u00f3vina sver\u00f0, segir Drottinn. <\/p>\n<p>\tAv\u00ed, m\u00edn m\u00f3\u00f0ir, a\u00f0 \u00fe\u00fa f\u00e6ddir mig, \u00e1 m\u00f3ti \u00feeim e\u00f0 hver ma\u00f0ur \u00ed \u00f6llu landinu deilir og \u00fer\u00e6tir! Eg hefi hverki innteki\u00f0 n\u00e9 \u00fatl\u00e1na\u00f0 me\u00f0ur okri, \u00fe\u00f3 b\u00f6lvar m\u00e9r hver ma\u00f0ur.<\/p>\n<p>\tDrottinn sag\u00f0i: N\u00fa vel, eg vil l\u00e1ta nokkra af y\u00f0ur afgangs ver\u00f0a, \u00feeim e\u00f0 aftur \u00e1 n\u00fd skal vel ganga. Og eg vil y\u00f0ur til hj\u00e1lpar koma \u00ed nau\u00f0inni og \u00ferengslunum \u00e1 me\u00f0al \u00f3vinanna. \u00deenkir \u00fe\u00fa ekki a\u00f0 \u00fear s\u00e9 einhvers sta\u00f0ar \u00fea\u00f0 <span class=\"athugasemd\" title=\"a \/ J\u00e1rn) \/ Einn illur yfir \u00f6\u00f0rum, \u00feeir Persar yfir Chaldeos\">[<\/span> j\u00e1rn sem \u00ed sundur kunni a\u00f0 sl\u00e1 \u00fea\u00f0 j\u00e1rni\u00f0 og \u00feann koparinn af nor\u00f0rinu? En eg vil \u00e1\u00f0ur fyrirfram gefa y\u00f0art g\u00f3ss og fj\u00e1rsj\u00f3\u00f0u a\u00f0 herfangi so a\u00f0 \u00fe\u00e9r skuli\u00f0 ei neitt grand f\u00e1 \u00fear fyrir og \u00fea\u00f0 sama fyrir allara y\u00f0vara synda sakir sem \u00fe\u00e9r hafi\u00f0 frami\u00f0 \u00fat \u00ed \u00f6llum y\u00f0ar lands\u00e1lfum. Og eg vil flytja y\u00f0ur \u00ed burt til \u00f3vina y\u00f0varra, \u00ed \u00fea\u00f0 landi\u00f0 sem \u00fe\u00e9r \u00feekki\u00f0 ekki. \u00dev\u00ed a\u00f0 eldurinn er upptendra\u00f0ur yfir y\u00f0ur \u00ed minni rei\u00f0i.<\/p>\n<p>\tAha, \u00fe\u00fa veist \u00fea\u00f0, Drottinn, minnstu vor haf umsj\u00f3n yfir oss og hefn \u00fe\u00fa vor \u00e1 vorum ofs\u00f3knurum. <span class=\"athugasemd\" title=\"B\u00e6n Jeremie\">[<\/span> Tak oss a\u00f0 \u00fe\u00e9r og drag eigi undan \u00fe\u00edna rei\u00f0i vi\u00f0ur \u00fe\u00e1 \u00fea\u00f0 \u00fe\u00fa veist \u00fea\u00f0 v\u00e9r ver\u00f0um forsm\u00e1\u00f0ir \u00feinna vegna. En \u00feitt or\u00f0, \u00fea\u00f0 efli oss \u00fe\u00e1 e\u00f0 v\u00e9r f\u00e1um \u00fea\u00f0 og \u00fea\u00f0 sama \u00feitt or\u00f0 er vor hjartans gle\u00f0i og huggunartraust. \u00dev\u00ed v\u00e9r erum nefndir eftir \u00fe\u00ednu nafni, Drottinn Gu\u00f0 Seba\u00f3t. V\u00e9r saml\u00f6gunst eigi vi\u00f0 h\u00e1\u00f0ungarmennina og gle\u00f0junst ei heldur me\u00f0 \u00feeim. En v\u00e9r einir ver\u00f0um fyrir \u00feinni hendi \u00fev\u00ed a\u00f0 \u00fe\u00fa gj\u00f6rir \u00feig ofsarei\u00f0an vi\u00f0 oss. Hvar fyrir \u00fe\u00e1 varir vor p\u00edna so lengi og vor s\u00e1r eru so \u00fer\u00fatin me\u00f0 \u00f6llu \u00fea\u00f0 enginn kann a\u00f0 gr\u00e6\u00f0a \u00feau? \u00de\u00fa ert oss or\u00f0in so sem s\u00e1 brunnur sem ekkert uppsprettuvatn gefur.<\/p>\n<p>\t\u00dear fyrir segir Drottinn: <span class=\"athugasemd\" title=\"Huggun Jeremie\">[<\/span> Ef \u00fe\u00fa hallast til vi\u00f0 mig \u00fe\u00e1 vil eg og hallast til vi\u00f0 \u00feig og \u00fe\u00fa skalt vera minn pr\u00e9dikari. Og ef \u00fe\u00fa kennir hinum r\u00e9ttl\u00e1ta a\u00f0 skilja sig \u00ed burt fr\u00e1 \u00feessu ill\u00fe\u00fd\u00f0i \u00fe\u00e1 skaltu vera minn l\u00e6rimeistari. Og fyrr en \u00fe\u00fa skyldir hneigjast til \u00feeirra \u00fe\u00e1 skulu \u00feeir fyrr hneigjast til vi\u00f0 \u00feig. \u00dev\u00ed a\u00f0 eg hefi gj\u00f6rt \u00feig a\u00f0 einum \u00f6ruggum koparm\u00farvegg \u00ed gegn \u00feessu f\u00f3lki. \u00de\u00f3 a\u00f0 \u00feeir str\u00ed\u00f0i \u00e1 m\u00f3ti \u00fe\u00e9r \u00fe\u00e1 skulu \u00feeir \u00fe\u00f3 ekki yfirvinna \u00feig \u00fev\u00ed a\u00f0 eg er \u00ed hj\u00e1 \u00fe\u00e9r so a\u00f0 eg vil hj\u00e1lpa \u00fe\u00e9r og frelsa \u00feig, segir Drottinn. Eg vil og einnin leysa \u00feig af hendi \u00feeirra hinna illskufullu og frelsa \u00feig af valdi v\u00edkinganna.<\/p>\n","protected":false},"excerpt":{"rendered":"<p>XV. Og Drottinn sag\u00f0i til m\u00edn: [ Og enn \u00fe\u00f3 a\u00f0 Moises og Sam\u00fael \u00feeir st\u00e6\u00f0u frammi fyrir m\u00e9r \u00fe\u00e1 hef\u00f0a eg \u00fe\u00f3 ekki neitt hjarta til f\u00f3lks \u00feessa. Rek \u00fe\u00e1 \u00ed burt fr\u00e1 m\u00e9r og l\u00e1ttu \u00fe\u00e1 h\u00e9\u00f0an fara. Og n\u00e6r e\u00f0 \u00feeir segja til \u00fe\u00edn: &#8222;Hvor skulu v\u00e6r h\u00e9\u00f0an?&#8220; \u00fe\u00e1 seg \u00fe\u00fa til \u00feeirra: So segir Drottinn: S\u00e1 e\u00f0 deyja skal hann komi \u00fear til, s\u00e1 sem undir sver\u00f0i\u00f0 skal, hann komi \u00fear til, s\u00e1 sem hungra skal, hann komi \u00fear til, s\u00e1 sem fanga\u00f0ur skal vera, hann komi \u00fear til. \u00dev\u00ed a\u00f0 eg vil vitja \u00feeirra me\u00f0 <a href=\"https:\/\/biblian.is\/gudbrandsbiblia\/jeremia-15-kafli\/\"> [&#8230;]<\/a><\/p>\n","protected":false},"author":1,"featured_media":0,"parent":0,"menu_order":0,"comment_status":"open","ping_status":"open","template":"bibliukaflar.php","meta":{"footnotes":""},"class_list":["post-3455","page","type-page","status-publish","hentry"],"_links":{"self":[{"href":"https:\/\/biblian.is\/gudbrandsbiblia\/wp-json\/wp\/v2\/pages\/3455","targetHints":{"allow":["GET"]}}],"collection":[{"href":"https:\/\/biblian.is\/gudbrandsbiblia\/wp-json\/wp\/v2\/pages"}],"about":[{"href":"https:\/\/biblian.is\/gudbrandsbiblia\/wp-json\/wp\/v2\/types\/page"}],"author":[{"embeddable":true,"href":"https:\/\/biblian.is\/gudbrandsbiblia\/wp-json\/wp\/v2\/users\/1"}],"replies":[{"embeddable":true,"href":"https:\/\/biblian.is\/gudbrandsbiblia\/wp-json\/wp\/v2\/comments?post=3455"}],"version-history":[{"count":0,"href":"https:\/\/biblian.is\/gudbrandsbiblia\/wp-json\/wp\/v2\/pages\/3455\/revisions"}],"wp:attachment":[{"href":"https:\/\/biblian.is\/gudbrandsbiblia\/wp-json\/wp\/v2\/media?parent=3455"}],"curies":[{"name":"wp","href":"https:\/\/api.w.org\/{rel}","templated":true}]}}