{"id":3451,"date":"2017-12-18T18:33:40","date_gmt":"2017-12-18T18:33:40","guid":{"rendered":"http:\/\/biblian.is\/gudbrandsbiblia\/jeremia-11-kafli\/"},"modified":"2017-12-18T18:33:40","modified_gmt":"2017-12-18T18:33:40","slug":"jeremia-11-kafli","status":"publish","type":"page","link":"https:\/\/biblian.is\/gudbrandsbiblia\/jeremia-11-kafli\/","title":{"rendered":"Jerem\u00eda 11. kafli"},"content":{"rendered":"<p>XI.<\/p>\n<p>\u00deetta er \u00fea\u00f0 or\u00f0 sem ske\u00f0i af Drottni til Jerem\u00eda og sag\u00f0i: <span class=\"athugasemd\" title=\"Deut. xxix. xxv. \/ Galat. iii.\">[<\/span> Heyri\u00f0 or\u00f0in \u00feessa s\u00e1ttm\u00e1lans so a\u00f0 \u00fe\u00e9r segi\u00f0 \u00feau \u00feeim \u00ed J\u00fada og \u00feeim borgarm\u00f6nnum til Jer\u00fasalem og segi\u00f0 til \u00feeirra: So segir Drottinn \u00cdsraels Gu\u00f0: B\u00f6lva\u00f0ur s\u00e9 s\u00e1 sem ekki hl\u00fd\u00f0ir or\u00f0um \u00feessa s\u00e1ttm\u00e1lans hvern a\u00f0 eg bau\u00f0 y\u00f0ar forfe\u00f0rum \u00e1 \u00feeim degi \u00fe\u00e1 eg \u00fatleidda \u00fe\u00e1 af Egyptalandi, af \u00feeim j\u00e1rnofninum, og sag\u00f0i: <span class=\"athugasemd\" title=\"Gen. xv. xxvi. xxviii.\">[<\/span> &#8222;Hl\u00fd\u00f0i\u00f0 minni raust og gj\u00f6ri\u00f0 so sem eg hefi bo\u00f0i\u00f0 y\u00f0ur, \u00fe\u00e1 skulu \u00fe\u00e9r vera mitt f\u00f3lk og eg vil y\u00f0ar Gu\u00f0 vera so a\u00f0 eg megi halda \u00feann ei\u00f0 sem eg hefi svari\u00f0 y\u00f0ar forfe\u00f0rum a\u00f0 gefa \u00feeim eitt land \u00fear e\u00f0 mj\u00f3lk og hunang inni fl\u00fdtur&#8220; l\u00edka sem a\u00f0 \u00fea\u00f0 stendur enn \u00ed dag. Eg svara\u00f0i og sag\u00f0i: &#8222;Drottinn, j\u00e1, \u00fea\u00f0 ske og so.&#8220; <\/p>\n<p>\tOg Drottinn sag\u00f0i til m\u00edn: Pr\u00e9dika \u00fe\u00fa \u00f6ll \u00feessi or\u00f0 \u00ed st\u00f6\u00f0unum J\u00fada og \u00e1 str\u00e6tunum til Jer\u00fasalem og seg \u00fe\u00fa: Heyri\u00f0 \u00feau or\u00f0in \u00feessa s\u00e1ttm\u00e1lans og gj\u00f6ri\u00f0 \u00fear eftir. \u00dev\u00ed a\u00f0 eg vitna\u00f0i fyrir y\u00f0ar forfe\u00f0rum \u00ed fr\u00e1 \u00feeim degi er eg \u00fatleidda \u00fe\u00e1 af Egyptalandi, allt til \u00feessa dags, og vitna\u00f0i \u00fea\u00f0 sama i\u00f0uglegana og sag\u00f0i: &#8222;Hl\u00fd\u00f0i\u00f0 minni raust&#8220; en \u00feeir hl\u00fdddu ei og \u00feeir hneig\u00f0u ei heldur s\u00edn eyru \u00fear a\u00f0 heldur gekk hver einn eftir s\u00ednu vondu hjartans hugbo\u00f0i. \u00dear fyrir vil eg og einnin l\u00e1ta ganga yfir \u00fe\u00e1 \u00f6ll or\u00f0in \u00feessa s\u00e1ttm\u00e1lans sem eg hefi bo\u00f0i\u00f0 a\u00f0 halda og \u00feeir hafa \u00fe\u00f3 ekki \u00fear eftir gj\u00f6rt.<\/p>\n<p>\tOg Drottinn sag\u00f0i til m\u00edn: Eg veit vel hvernin \u00fea\u00f0 \u00feeir \u00ed J\u00fada og \u00feeir \u00ed Jer\u00fasalem sambinda me\u00f0 s\u00e9r, \u00fea\u00f0 \u00feeir sn\u00faa s\u00e9r burt til \u00feeirra syndanna sinna fyrru forfe\u00f0ra, \u00feeir sem ekki vildu heldur hl\u00fd\u00f0a m\u00ednum or\u00f0um og eftirfylgdu einnin annarlegum go\u00f0um og \u00fej\u00f3nu\u00f0u \u00feeim. L\u00edka svo hefur h\u00fasi\u00f0 \u00cdsrael og \u00fea\u00f0 h\u00fasi\u00f0 J\u00fada alla t\u00edma br\u00f6ti\u00f0 minn s\u00e1ttm\u00e1la \u00feann eg gj\u00f6r\u00f0i vi\u00f0 fe\u00f0ur \u00feeirra. \u00dear fyrir, sj\u00e1 \u00fe\u00fa, segir Drottinn, eg vil l\u00e1ta yfir \u00fe\u00e1 ganga eina \u00f3g\u00e6fu hverja \u00feeir skulu ekki umfl\u00fai\u00f0 geta. Og n\u00e6r e\u00f0 \u00feeir kalla til m\u00edn \u00fe\u00e1 vil eg ekki b\u00e6nheyra \u00fe\u00e1. Af \u00fev\u00ed \u00fe\u00e1 l\u00e1ttu sta\u00f0ina \u00ed J\u00fada og borgarmennina \u00ed Jer\u00fasalem ganga \u00ed burtu og kalla til \u00feeirra go\u00f0anna fyrir hverjum \u00feeir veifu\u00f0u reykelsinu, en \u00feeir munu ekki hj\u00e1lpa \u00feeim \u00ed \u00feeirra \u00e1nau\u00f0.<\/p>\n<p>\t\u00dev\u00ed a\u00f0 \u00fe\u00fa, J\u00fada, hefur so marga gu\u00f0i sem \u00fe\u00fa hefur sta\u00f0ina og so m\u00f6rg str\u00e6ti sem \u00fear eru \u00ed Jer\u00fasalem so m\u00f6rg skammarleg altari hafi \u00fe\u00e9r \u00fear uppreist til a\u00f0 veifa reykelsinu fyrir Baal. <span class=\"athugasemd\" title=\"Jere. ii.\">[<\/span> Af \u00fev\u00ed bi\u00f0 \u00fe\u00fa ekki fyrir \u00feessu f\u00f3lki og gj\u00f6r \u00f6ngva gr\u00e1tbei\u00f0ni e\u00f0ur b\u00e6nasta\u00f0 fyrir \u00feeim \u00fea\u00f0 eg vil ekki heyra \u00fe\u00e1 n\u00e6r e\u00f0 \u00feeir kalla til m\u00edn \u00ed sinni \u00e1nau\u00f0. Hva\u00f0 hafa \u00feeir m\u00ednir <span class=\"athugasemd\" title=\"a \/ Vinir) \/ \u00dea\u00f0 er \u00f6fugm\u00e6li, l\u00edka sem \u00fea\u00f0 fa\u00f0irinn kallar \u00ed rei\u00f0inni sinn son j\u00f3nk\u00e6ra e\u00f0ur d\u00e1\u00f0isvein \u00feann piltskap gj\u00f6rir, so kallar hann \u00fe\u00e1 vini en eru \u00fe\u00f3 \u00ed raun afgu\u00f0ad\u00fdrkendur\">[<\/span> vinir a\u00f0 gj\u00f6ra \u00ed m\u00ednu h\u00fasi? \u00deeir fremja allan str\u00e1kskap og meina a\u00f0 \u00fea\u00f0 hi\u00f0 heilaga kj\u00f6ti\u00f0 skuli taka \u00fea\u00f0 i burt fr\u00e1 \u00feeim og n\u00e6r e\u00f0 \u00feeir gj\u00f6ra illa \u00fe\u00e1 gle\u00f0ja \u00feeir sig \u00fear \u00fat af.<\/p>\n<p>\tDrottinn hann kalla\u00f0i \u00feig eitt gr\u00e6nt, bl\u00f3mga\u00f0, \u00e1vaxtarsamlegt vi\u00f0smj\u00f6rsvi\u00f0artr\u00e9 en n\u00fa hefur hann uppkveikt einn <span class=\"athugasemd\" title=\"b \/ Eld) \/ K\u00f3ngur \u00ed kringum af Bab\u00fdlon\">[<\/span> eld um \u00fea\u00f0 hi\u00f0 sama me\u00f0 miklu manndr\u00e1psher\u00f3pi so a\u00f0 \u00feess greinar skulu fordjarfast. \u00dev\u00ed a\u00f0 Drottinn Seba\u00f3t sem \u00feig gr\u00f3\u00f0ursetti hann hefur h\u00f3ta\u00f0 \u00fe\u00e9r einnri \u00f3g\u00e6fu fyrir illsku sakir h\u00fassins \u00cdsraels og h\u00fassins J\u00fada sem \u00fear fremja, \u00fea\u00f0 \u00feau reita mig til rei\u00f0i me\u00f0ur \u00fev\u00ed reykelsisoffri sem \u00feeir offra fyrir Baal.<\/p>\n<p>\tDrottinn opinbera\u00f0i m\u00e9r \u00feetta so a\u00f0 eg veit \u00fea\u00f0 og undirv\u00edsa\u00f0i m\u00e9r \u00feeirra \u00e1stundan, \u00feessa a\u00f0 \u00feeir vildu lei\u00f0a mig \u00fat \u00e1 bl\u00f3\u00f0v\u00f6llinn sem anna\u00f0 meinlaust lamb. <span class=\"athugasemd\" title=\"Ofs\u00f3kn Jeremie \/ S\u00e1l. vii.\">[<\/span> \u00dev\u00ed a\u00f0 eg vissa \u00fea\u00f0 ekki a\u00f0 \u00feeir h\u00f6f\u00f0u samteki\u00f0 s\u00edn r\u00e1\u00f0 \u00e1 m\u00f3ti m\u00e9r og sagt: &#8222;L\u00e1tum oss fordjarfa \u00fea\u00f0 tr\u00e9\u00f0 me\u00f0 s\u00ednum \u00e1vexti og uppr\u00e6ta hann \u00ed burt \u00far landinu lifandi manna so a\u00f0 hans nafn skuli aldregi meir hugleitt ver\u00f0a.&#8220; En \u00fe\u00fa, Drottinn Seba\u00f3t, \u00fe\u00fa r\u00e9ttv\u00edsi d\u00f3mari, \u00fe\u00fa sem pr\u00f3far n\u00fdrun og hj\u00f6rtun, l\u00e1ttu mig sj\u00e1 \u00fe\u00edna hefnd \u00e1 \u00feeim \u00fev\u00ed a\u00f0 eg hefi \u00fe\u00e9r \u00e1 hendur fali\u00f0 mitt m\u00e1lefni.<\/p>\n<p>\t\u00dear fyrir segir Drottinn so \u00ed m\u00f3ti \u00feeim m\u00f6nnum \u00ed Anat\u00f3t sem leita eftir \u00fe\u00ednu l\u00edfi og segja: &#8222;Sp\u00e1\u00f0u oss ekki neins \u00ed nafni Drottins utan \u00fe\u00fa viljir deyja fyrir vorum h\u00f6ndum&#8220;, \u00fear fyrir segir so Drottinn Seba\u00f3t: Sj\u00e1 \u00fe\u00fa, eg vil heims\u00e6kja \u00fe\u00e1, \u00feeirra styrkvir \u00e6skumenn skulu \u00ed hel slegnir ver\u00f0a me\u00f0 sver\u00f0i, synir \u00feeirra og d\u00e6tur skulu deyja af hungri so a\u00f0 enginn skal eftir vera af \u00feeim. \u00dev\u00ed a\u00f0 eg vil l\u00e1ta \u00f3g\u00e6funa ganga yfir mennina \u00ed Anat\u00f3t \u00e1 v\u00ed \u00e1rinu n\u00e6r e\u00f0 \u00feeirra mun vitja\u00f0 ver\u00f0a.<\/p>\n","protected":false},"excerpt":{"rendered":"<p>XI. \u00deetta er \u00fea\u00f0 or\u00f0 sem ske\u00f0i af Drottni til Jerem\u00eda og sag\u00f0i: [ Heyri\u00f0 or\u00f0in \u00feessa s\u00e1ttm\u00e1lans so a\u00f0 \u00fe\u00e9r segi\u00f0 \u00feau \u00feeim \u00ed J\u00fada og \u00feeim borgarm\u00f6nnum til Jer\u00fasalem og segi\u00f0 til \u00feeirra: So segir Drottinn \u00cdsraels Gu\u00f0: B\u00f6lva\u00f0ur s\u00e9 s\u00e1 sem ekki hl\u00fd\u00f0ir or\u00f0um \u00feessa s\u00e1ttm\u00e1lans hvern a\u00f0 eg bau\u00f0 y\u00f0ar forfe\u00f0rum \u00e1 \u00feeim degi \u00fe\u00e1 eg \u00fatleidda \u00fe\u00e1 af Egyptalandi, af \u00feeim j\u00e1rnofninum, og sag\u00f0i: [ &#8222;Hl\u00fd\u00f0i\u00f0 minni raust og gj\u00f6ri\u00f0 so sem eg hefi bo\u00f0i\u00f0 y\u00f0ur, \u00fe\u00e1 skulu \u00fe\u00e9r vera mitt f\u00f3lk og eg vil y\u00f0ar Gu\u00f0 vera so a\u00f0 eg megi halda \u00feann ei\u00f0 <a href=\"https:\/\/biblian.is\/gudbrandsbiblia\/jeremia-11-kafli\/\"> [&#8230;]<\/a><\/p>\n","protected":false},"author":1,"featured_media":0,"parent":0,"menu_order":0,"comment_status":"open","ping_status":"open","template":"bibliukaflar.php","meta":{"footnotes":""},"class_list":["post-3451","page","type-page","status-publish","hentry"],"_links":{"self":[{"href":"https:\/\/biblian.is\/gudbrandsbiblia\/wp-json\/wp\/v2\/pages\/3451","targetHints":{"allow":["GET"]}}],"collection":[{"href":"https:\/\/biblian.is\/gudbrandsbiblia\/wp-json\/wp\/v2\/pages"}],"about":[{"href":"https:\/\/biblian.is\/gudbrandsbiblia\/wp-json\/wp\/v2\/types\/page"}],"author":[{"embeddable":true,"href":"https:\/\/biblian.is\/gudbrandsbiblia\/wp-json\/wp\/v2\/users\/1"}],"replies":[{"embeddable":true,"href":"https:\/\/biblian.is\/gudbrandsbiblia\/wp-json\/wp\/v2\/comments?post=3451"}],"version-history":[{"count":0,"href":"https:\/\/biblian.is\/gudbrandsbiblia\/wp-json\/wp\/v2\/pages\/3451\/revisions"}],"wp:attachment":[{"href":"https:\/\/biblian.is\/gudbrandsbiblia\/wp-json\/wp\/v2\/media?parent=3451"}],"curies":[{"name":"wp","href":"https:\/\/api.w.org\/{rel}","templated":true}]}}