{"id":3446,"date":"2017-12-18T18:33:40","date_gmt":"2017-12-18T18:33:40","guid":{"rendered":"http:\/\/biblian.is\/gudbrandsbiblia\/jeremia-6-kafli\/"},"modified":"2017-12-18T18:33:40","modified_gmt":"2017-12-18T18:33:40","slug":"jeremia-6-kafli","status":"publish","type":"page","link":"https:\/\/biblian.is\/gudbrandsbiblia\/jeremia-6-kafli\/","title":{"rendered":"Jerem\u00eda 6. kafli"},"content":{"rendered":"<p>VI.<\/p>\n<p>\u00de\u00e9r Benjam\u00ednsb\u00f6rn, samansafni\u00f0 y\u00f0ur af Jer\u00fasalem og bl\u00e1si\u00f0 \u00ed l\u00fa\u00f0rana \u00e1 var\u00f0haldinu \u00ed Tek\u00f3a og setji\u00f0 upp eitt merki \u00e1 \u00fev\u00ed var\u00f0haldinu Bet Kerem. \u00dev\u00ed a\u00f0 \u00fear gengur ein \u00f3g\u00e6fa fram af nor\u00f0rinu og ein mikil eymdarves\u00f6ld. D\u00f3tturin S\u00edon h\u00fan er l\u00edka sem eitt fagurt, lystilegt engi. En \u00fear munu hir\u00f0arar koma yfir hana me\u00f0 s\u00edna hj\u00f6r\u00f0, \u00feeir munu sl\u00e1 s\u00ednum landtj\u00f6ldum upp \u00ed kringum hana og hjar\u00f0irnar f\u00e6\u00f0a hver \u00ed s\u00ednu takmarki og segja: B\u00fai\u00f0 y\u00f0ur til bardaga \u00e1 m\u00f3ti henni. Standi\u00f0 upp, v\u00e9r viljum draga upp \u00feanga\u00f0 \u00e1 me\u00f0an \u00fea\u00f0 er enn n\u00fa h\u00e1r dagur. Av\u00ed, \u00fea\u00f0 tekur mj\u00f6g a\u00f0 kvelda og skugginn gj\u00f6rist mikill! N\u00fa vel, l\u00e1tum oss vera til rei\u00f0u, skyldu v\u00e9r og einnin \u00e1 n\u00e1ttar\u00feeli uppdraga \u00feanga\u00f0 og fordjarfa hennar herbergi?<\/p>\n<p>\t\u00dev\u00ed a\u00f0 so segir Drottinn Seba\u00f3t: <span class=\"athugasemd\" title=\"Syndir J\u00fada\">[<\/span> Afh\u00f6ggvi\u00f0 tr\u00e9n og gj\u00f6ri\u00f0 v\u00edgv\u00e9lar \u00e1 m\u00f3ti Jer\u00fasalem \u00fea\u00f0 h\u00fan er s\u00fa borg sem heims\u00f3tt skal ver\u00f0a \u00fev\u00ed \u00fear inni eru ekki utan rangindin ein. \u00dev\u00ed a\u00f0 l\u00edka sem annar brunnur uppvellir vatninu so uppvellur og einnin hennar illska. Hennar rangindi og yfirgangur kallar yfir henni og \u00feeirra mor\u00f0 og manndr\u00e1p fremja \u00feeir daglega fyrir m\u00e9r. Gj\u00f6r\u00f0u yfirb\u00f3t, \u00fe\u00fa Jer\u00fasalem, \u00e1\u00f0ur en \u00fea\u00f0 mitt hjarta sn\u00fdr s\u00e9r \u00ed burt fr\u00e1 \u00fe\u00e9r og \u00fea\u00f0 eg gj\u00f6ri \u00feig a\u00f0 einu ey\u00f0ilandi \u00fear inni e\u00f0 enginn b\u00fdr. So segir Drottinn Seba\u00f3t: Hva\u00f0 eftir er vor\u00f0i\u00f0 af \u00cdsrael \u00fea\u00f0 skal og l\u00edka seinna meir af lesi\u00f0 ver\u00f0a so sem af \u00f6\u00f0ru v\u00ednvi\u00f0artr\u00e9. En hann sem v\u00ednberin les mun kasta hverjum eftir annan \u00ed k\u00f6rfina.<\/p>\n<p>\tAha, vi\u00f0 hvern skal eg \u00fe\u00f3 tala og \u00fea\u00f0 vitna so a\u00f0 nokkur vildi \u00fea\u00f0 heyra? En \u00feeirra eyru eru ei umskorin, \u00feeir geta ekki heyrt \u00fea\u00f0. Sj\u00e1 \u00fe\u00fa, \u00feeir halda or\u00f0 Drottins fyrir sp\u00e9skap og vilja ekki heyra \u00fea\u00f0. \u00dear fyrir er eg so \u00fer\u00fatinn af \u00f3gnunarheitingum Drottins a\u00f0 eg kann ei af a\u00f0 l\u00e1ta a\u00f0 ausa \u00feeim \u00fat, b\u00e6\u00f0i yfir b\u00f6rnin \u00e1 str\u00e6tunum og yfir \u00fe\u00e1 fullor\u00f0nu \u00ed r\u00e1\u00f0inu, alla til samans. \u00dev\u00ed a\u00f0 b\u00e6\u00f0i menn og konur, b\u00e6\u00f0i gamlir og \u00f6rvasa \u00fe\u00e1 skulu herleiddi ver\u00f0a. \u00deeirra h\u00fas skulu ver\u00f0a \u00f3kunnigum a\u00f0 hlutskipti \u00e1samt me\u00f0ur \u00feeirra akurl\u00f6ndum og h\u00fasfreyjum \u00fev\u00ed a\u00f0 eg vil \u00fatr\u00e9tta m\u00edna h\u00f6nd, segir Drottinn, yfir landsins innbyggjendur.<\/p>\n<p>\t\u00dev\u00ed a\u00f0 \u00feeir eru \u00e1gjarnir, b\u00e6\u00f0i sm\u00e1ir og st\u00f3rir, og b\u00e6\u00f0i prophetarnir og prestarnir \u00fe\u00e1 kenna allir til samans falslega Gu\u00f0s \u00fej\u00f3nustu og hugsvala m\u00ednu f\u00f3lki \u00ed sinni \u00f3g\u00e6fu a\u00f0 \u00feeir skuli ekki skeyta par um \u00fea\u00f0 og segja: <span class=\"athugasemd\" title=\"a \/ Fri\u00f0ur) \/ \u00dea\u00f0 er, engin ney\u00f0 er fyrir h\u00f6ndum, \u00fea\u00f0 gengur allt vel til\">[<\/span> &#8222;Fri\u00f0ur, fri\u00f0ur&#8220; \u0096 og \u00fear er \u00fe\u00f3 ekki fri\u00f0ur. \u00dear fyrir munu \u00feeir til skammar ver\u00f0a a\u00f0 \u00feeir fremja svoddan sv\u00edvir\u00f0ingar, \u00fe\u00f3 vilja \u00feeir samt \u00f3skamma\u00f0ir vera og vilja ekki skammast s\u00edn. \u00dear fyrir hlj\u00f3ta \u00feeir a\u00f0 falla \u00ed eina hr\u00fagu og n\u00e6r e\u00f0 eg ver\u00f0 \u00feeirra vitjandi \u00fe\u00e1 skulu \u00feeir falla, segir Drottinn.<\/p>\n<p>\tSo segir Drottinn: St\u00edgi\u00f0 upp \u00e1 veguna og skyggnist um og spyrji\u00f0 eftir \u00feeim hinum forna veginum, hver a\u00f0 s\u00e9 s\u00e1 hinn g\u00f3\u00f0i vegurinn, og gangi\u00f0 \u00e1 \u00feeim hinum sama, \u00fe\u00e1 munu \u00fe\u00e9r hv\u00edld finna y\u00f0rum s\u00e1lum. En \u00feeir segja: &#8222;V\u00e9r viljum \u00fea\u00f0 ekki gj\u00f6ra.&#8220; Eg hefi sett var\u00f0menn yfir y\u00f0ur, gefi\u00f0 gaum a\u00f0 herl\u00fa\u00f0ursins hlj\u00f3\u00f0i. En \u00feeir segja: &#8222;V\u00e9r viljum \u00fea\u00f0 ekki gj\u00f6ra.&#8220; \u00dear fyrir \u00fe\u00e1 heyri, \u00fe\u00e9r hinir hei\u00f0nu, og g\u00e6ti\u00f0 a\u00f0 \u00fev\u00ed me\u00f0 y\u00f0ru li\u00f0i, \u00fe\u00fa j\u00f6r\u00f0, hl\u00fdtt og til. Sj\u00e1 \u00fe\u00fa, eg vil innflytja yfir \u00feetta f\u00f3lk eina \u00f3g\u00e6fu sem er \u00feeirra for\u00fe\u00e9nu\u00f0 laun af \u00fev\u00ed a\u00f0 \u00feeir gefa \u00f6ngvan gaum a\u00f0 m\u00ednum or\u00f0um og \u00ed burt kasta m\u00ednu l\u00f6gm\u00e1li.<\/p>\n<p>\tHva\u00f0 skeyti eg um reykelsi\u00f0 sem kemur \u00fat af \u00fev\u00ed r\u00edki Arabia e\u00f0ur um \u00feann g\u00f3\u00f0a vi\u00f0arb\u00f6rkinn sem kemur \u00far fjarl\u00e6gum l\u00f6ndum? <span class=\"athugasemd\" title=\"Esa. vy. \/ Jere. i.\">[<\/span> Y\u00f0var brennioffur er m\u00e9r ekki \u00feakkn\u00e6milegt og y\u00f0rar f\u00f3rnir \u00fe\u00f3knast m\u00e9r ekki. \u00dear fyrir segir Drottinn so: Sj\u00e1 \u00fe\u00fa, eg vil setja eina hneykslan \u00e1 me\u00f0al f\u00f3lks \u00feessa \u00e1 hverja \u00fea\u00f0 \u00feeir skulu sig reka, b\u00e6\u00f0i fa\u00f0irinn og b\u00f6rnin, og hver n\u00e1granninn me\u00f0 \u00f6\u00f0rum skal tort\u00fdnast. So segir Drottinn: Sj\u00e1 \u00fe\u00fa, \u00fear skal koma eitt f\u00f3lk af nor\u00f0rinu og eitt gilt f\u00f3lk mum upphefja sig hart n\u00e6rri voru landi sem hafa boga og skj\u00f6ldu, \u00feeir eru grimmlegir og miskunnarlausir. \u00deeir koma \u00fej\u00f3tandi sem annar st\u00f3rsj\u00f3r og r\u00ed\u00f0a \u00e1 hestum herkl\u00e6ddir sem str\u00ed\u00f0smenn \u00e1 m\u00f3ti \u00fe\u00e9r, \u00fe\u00fa d\u00f3tturin S\u00edon. N\u00e6r e\u00f0 v\u00e9r heyrum af \u00feeim \u00fe\u00e1 munu vorir hnefar ni\u00f0ur s\u00edga, v\u00e9r munum hafa angist og s\u00f3tt sem s\u00fa e\u00f0 f\u00e6\u00f0a skal. Enginn gangi \u00fe\u00e1 \u00fat \u00e1 akurl\u00f6ndin, enginn gangi \u00fe\u00e1 \u00fat \u00e1 v\u00f6lluna, \u00fev\u00ed a\u00f0 alla vegana er \u00fe\u00e1 h\u00e1skasamlegt fyrir \u00f3vinanna sver\u00f0i. <span class=\"athugasemd\" title=\"Matth. xyii.\">[<\/span> <\/p>\n<p>\t\u00de\u00fa d\u00f3tturin m\u00edns f\u00f3lks, kl\u00e6\u00f0 \u00feig \u00ed sekk og legg \u00feig \u00ed \u00f6sku, harma\u00f0u l\u00edka sem fyrir einum einkasyni og syrg so sem s\u00e1 e\u00f0 n\u00e6sta mj\u00f6g er sorgbitin. \u00dev\u00ed a\u00f0 fordjarfarinn kemur mj\u00f6g skyndlegana yfir oss.<\/p>\n<p>\tEg hefi sett \u00feig til eins ni\u00f0ursmeltara \u00e1 me\u00f0al m\u00edns f\u00f3lks sem er so hart a\u00f0 \u00fe\u00fa skalt reyna og pr\u00f3fa \u00feeirra breytni. Allir saman \u00fe\u00e1 eru \u00feeir fr\u00e1horfnir og ganga sviksamlegana, allir eru \u00feeir fordjarfa\u00f0ur kopar og j\u00e1rn. Smi\u00f0jubelgurinn er uppbrenndur, bl\u00fdi\u00f0 \u00ed burt hverfur so \u00fea\u00f0 kemur til einskis ni\u00f0ur a\u00f0 smelta \u00fev\u00ed a\u00f0 \u00fea\u00f0 hi\u00f0 vonda er ekki fr\u00e1 skili\u00f0. \u00dear fyrir kallast \u00feeir og einnin eitt forskoti\u00f0 silfur \u00fev\u00ed a\u00f0 Drottinn hefur \u00fatsk\u00fafa\u00f0 \u00fev\u00ed.<\/p>\n","protected":false},"excerpt":{"rendered":"<p>VI. \u00de\u00e9r Benjam\u00ednsb\u00f6rn, samansafni\u00f0 y\u00f0ur af Jer\u00fasalem og bl\u00e1si\u00f0 \u00ed l\u00fa\u00f0rana \u00e1 var\u00f0haldinu \u00ed Tek\u00f3a og setji\u00f0 upp eitt merki \u00e1 \u00fev\u00ed var\u00f0haldinu Bet Kerem. \u00dev\u00ed a\u00f0 \u00fear gengur ein \u00f3g\u00e6fa fram af nor\u00f0rinu og ein mikil eymdarves\u00f6ld. D\u00f3tturin S\u00edon h\u00fan er l\u00edka sem eitt fagurt, lystilegt engi. En \u00fear munu hir\u00f0arar koma yfir hana me\u00f0 s\u00edna hj\u00f6r\u00f0, \u00feeir munu sl\u00e1 s\u00ednum landtj\u00f6ldum upp \u00ed kringum hana og hjar\u00f0irnar f\u00e6\u00f0a hver \u00ed s\u00ednu takmarki og segja: B\u00fai\u00f0 y\u00f0ur til bardaga \u00e1 m\u00f3ti henni. Standi\u00f0 upp, v\u00e9r viljum draga upp \u00feanga\u00f0 \u00e1 me\u00f0an \u00fea\u00f0 er enn n\u00fa h\u00e1r dagur. Av\u00ed, \u00fea\u00f0 <a href=\"https:\/\/biblian.is\/gudbrandsbiblia\/jeremia-6-kafli\/\"> [&#8230;]<\/a><\/p>\n","protected":false},"author":1,"featured_media":0,"parent":0,"menu_order":0,"comment_status":"open","ping_status":"open","template":"bibliukaflar.php","meta":{"footnotes":""},"class_list":["post-3446","page","type-page","status-publish","hentry"],"_links":{"self":[{"href":"https:\/\/biblian.is\/gudbrandsbiblia\/wp-json\/wp\/v2\/pages\/3446","targetHints":{"allow":["GET"]}}],"collection":[{"href":"https:\/\/biblian.is\/gudbrandsbiblia\/wp-json\/wp\/v2\/pages"}],"about":[{"href":"https:\/\/biblian.is\/gudbrandsbiblia\/wp-json\/wp\/v2\/types\/page"}],"author":[{"embeddable":true,"href":"https:\/\/biblian.is\/gudbrandsbiblia\/wp-json\/wp\/v2\/users\/1"}],"replies":[{"embeddable":true,"href":"https:\/\/biblian.is\/gudbrandsbiblia\/wp-json\/wp\/v2\/comments?post=3446"}],"version-history":[{"count":0,"href":"https:\/\/biblian.is\/gudbrandsbiblia\/wp-json\/wp\/v2\/pages\/3446\/revisions"}],"wp:attachment":[{"href":"https:\/\/biblian.is\/gudbrandsbiblia\/wp-json\/wp\/v2\/media?parent=3446"}],"curies":[{"name":"wp","href":"https:\/\/api.w.org\/{rel}","templated":true}]}}