{"id":3445,"date":"2017-12-18T18:33:40","date_gmt":"2017-12-18T18:33:40","guid":{"rendered":"http:\/\/biblian.is\/gudbrandsbiblia\/jeremia-5-kafli\/"},"modified":"2017-12-18T18:33:40","modified_gmt":"2017-12-18T18:33:40","slug":"jeremia-5-kafli","status":"publish","type":"page","link":"https:\/\/biblian.is\/gudbrandsbiblia\/jeremia-5-kafli\/","title":{"rendered":"Jerem\u00eda 5. kafli"},"content":{"rendered":"<p>V.<\/p>\n<p>Gangi\u00f0 um g\u00f6turnar til Jer\u00fasalem, sj\u00e1i\u00f0 til og gefi\u00f0 gaum a\u00f0 og leiti\u00f0 \u00e1 hennar str\u00e6tum hvort a\u00f0 \u00fe\u00e9r finni\u00f0 nokkurn \u00feann sem r\u00e9ttv\u00edsina gj\u00f6rir og spyrji eftir tr\u00fanni, so vil eg vera  henni miskunnsamur. <span class=\"athugasemd\" title=\"Hvar fyrir J\u00fada s\u00e9 foreydd og f\u00e6r\u00f0 til Bab\u00fdlon\">[<\/span> Og \u00fe\u00e1 e\u00f0 \u00feeir segja \u00fe\u00f3 enn vi\u00f0 \u00feann lifanda Gu\u00f0 \u00fe\u00e1 sverja \u00feeir \u00fe\u00f3 falsklegana.<\/p>\n<p>\tDrottinn, \u00fe\u00edn augu \u00e1l\u00edta tr\u00fana, \u00fe\u00fa sl\u00e6r \u00fe\u00e1 en \u00feeir kenna ekki til \u00feess. \u00de\u00fa \u00fevingar \u00fe\u00e1 en \u00feeir forbetra sig ekki, \u00feeir hafa har\u00f0ara andlit en hellusteinn og vilja ekki sn\u00faa s\u00e9r.<\/p>\n<p>\tEn eg \u00feenkta: N\u00fa vel, s\u00e1 aumi flokkur er skynlaus, vitandi ekki neitt af Drottins vegi og af s\u00edns Gu\u00f0s r\u00e9ttindum. Eg vil ganga til fyrirmannanna og tala vi\u00f0 \u00fe\u00e1, \u00feeir hinir s\u00f6mu munu vita af vegi Drottins og s\u00edns Gu\u00f0s r\u00e9ttindum. En allir saman h\u00f6f\u00f0u \u00feeir \u00fea\u00f0 oki\u00f0 \u00ed sundurbroti\u00f0 og \u00feau togin \u00ed sundursliti\u00f0.<\/p>\n<p>\t\u00dear fyrir mun og einnin \u00fea\u00f0 <span class=\"athugasemd\" title=\"a \/ Le\u00f3n) \/ \u00dea\u00f0 er, k\u00f3ngurinn af Bab\u00fdlon \/ Ezech. xxy.\">[<\/span> le\u00f3ni\u00f0 sem af sk\u00f3ginum kemur \u00ed sundursl\u00edta \u00fe\u00e1 og s\u00e1 \u00falfurinn \u00far ey\u00f0im\u00f6rkinni mun fordjarfa \u00fe\u00e1 og s\u00e1 pardus mun umsitja \u00feeirra borgir. Hann mun og \u00ed sundurr\u00edfa \u00fe\u00e1 alla sem \u00fear \u00fat ganga \u00fea\u00f0 \u00feeirra syndir eru of margar og \u00feeir eru forhar\u00f0na\u00f0ir \u00ed sinni \u00f3hl\u00fd\u00f0ni. Hvernin skal eg \u00fe\u00e9r \u00fe\u00e1 miskunnsamur vera me\u00f0 \u00fev\u00ed a\u00f0 \u00fe\u00edn b\u00f6rn yfirgefa mig og sverja vi\u00f0 \u00feann sem enginn gu\u00f0 er? Og n\u00fa \u00fe\u00e1 eg hefi metta\u00f0 \u00feig dr\u00fdgja \u00feeir h\u00f3ranir og hlaupa \u00ed sk\u00e6knah\u00fas, hver sem einn \u00fe\u00e1 hn\u00fdsir eftir eignarkonu s\u00edns n\u00e1unga so sem ofaldir st\u00f3\u00f0hestar. Og eg skylda ekki fyrir sl\u00edkra hluta sakir vitja \u00feeirra, segir Drottinn, og m\u00edn s\u00e1la skyldi ekki hefna s\u00edn \u00e1 svoddan f\u00f3lki sem \u00feetta er?<\/p>\n<p>\tStormi\u00f0 til \u00feeirra m\u00farveggja og fleygi\u00f0 \u00feeim um koll og leggi\u00f0 \u00fe\u00e1 ei me\u00f0 \u00f6llu \u00ed ey\u00f0i. \u00cd burt flytji\u00f0 \u00feeirra <span class=\"athugasemd\" title=\"a \/ V\u00ednkvistu) \/ \u00dea\u00f0 er, f\u00f3lki\u00f0\">[<\/span> v\u00ednvi\u00f0arkvistu \u00fev\u00ed a\u00f0 \u00feeir eru ekki Drottins heldur \u00fe\u00e1 forsm\u00e1 \u00feeir mig, b\u00e6\u00f0i h\u00fasi\u00f0 \u00cdsrael og \u00fea\u00f0 h\u00fasi\u00f0 J\u00fada, segir Drottinn. \u00deeir afneita Drottni og segja: Ekki er hann \u00fea\u00f0 og ekki mun \u00fea\u00f0 vegna oss so illa. Sver\u00f0 og hungur \u00fea mun ekki yfir oss koma. J\u00e1 \u00feeir prophetarnir eru skjallarar og hafa ekki Gu\u00f0s or\u00f0 og komi \u00fea\u00f0 sama yfir \u00fe\u00e1 sj\u00e1lfa. \u00dear fyrir segir Drottinn Gu\u00f0 Seba\u00f3t: Me\u00f0 \u00fev\u00ed \u00fe\u00e9r tali\u00f0 svoddan or\u00f0, sj\u00e1 \u00fe\u00fa, \u00fe\u00e1 vil eg gj\u00f6ra m\u00edn or\u00f0 \u00ed \u00fe\u00ednum munni a\u00f0 eldi og f\u00f3lk \u00feetta a\u00f0 vi\u00f0artrj\u00e1m og hann skal forey\u00f0a \u00feeim.<\/p>\n<p>\tSj\u00e1 \u00fe\u00fa, eg vil f\u00e6ra yfir y\u00f0ur af h\u00fasi \u00cdsrael eitt f\u00f3lk \u00far fjarl\u00e6gum st\u00f6\u00f0um, segir Drottinn, eitt megtugt f\u00f3lk sem \u00fea\u00f0 fyrsta mannf\u00f3lk hefur veri\u00f0, \u00fea\u00f0 f\u00f3lk hvers tungum\u00e1l a\u00f0 \u00fe\u00fa skilur ekki og hva\u00f0 \u00feeir tala \u00fe\u00e1 muntu \u00fea\u00f0 eigi undirstanda. \u00deeirra p\u00edlnakoffur eru opnar grafir, allir eru \u00feeir berserkir, \u00feeir munu fort\u00e6ra \u00feinni haustvinnu og \u00fe\u00ednu brau\u00f0i, \u00feeir munu upp\u00e9ta \u00fe\u00edna syni og d\u00e6tur, sau\u00f0i \u00fe\u00edna og naut munu \u00feeir uppsvelgja og \u00feeir munu forey\u00f0a \u00fe\u00ednum v\u00ednvi\u00f0i og f\u00edkjutrj\u00e1m. \u00deeir munu me\u00f0 sver\u00f0i fordjarfa \u00fe\u00ednar \u00f6ruggar borgir sem \u00fe\u00fa hefur \u00feitt traust upp \u00e1. Og eigi vil eg \u00f6ldungis \u00ed ey\u00f0ileggja \u00fe\u00e1 \u00e1 \u00feeim sama t\u00edma, segir Drotitnn. Og ef a\u00f0 \u00feeir vildu \u00fe\u00e1 segja: Hvar fyrir gj\u00f6rir Drottinn Gu\u00f0 vor oss allt \u00feetta? \u00fe\u00e1 skaltu svara \u00feeim: L\u00edka sem a\u00f0 \u00fe\u00e9r yfirg\u00e1fu\u00f0 mig og \u00fej\u00f3nu\u00f0u annarlegum gu\u00f0um \u00ed y\u00f0ar eigin landi, so skulu \u00fe\u00e9r og \u00fej\u00f3na annarlegum gu\u00f0um \u00ed einu \u00fev\u00ed landi sem ekki er y\u00f0ar.<\/p>\n<p>\t\u00deetta skulu \u00fe\u00e9r kunngj\u00f6ra \u00ed h\u00fasi Jakobs og pr\u00e9dika \u00ed J\u00fada og segja: <span class=\"athugasemd\" title=\"Esa. vi.\">[<\/span> Hl\u00fd\u00f0i\u00f0 til, \u00fe\u00e9r f\u00e1v\u00edst f\u00f3lk sem hafi\u00f0 \u00f6ngvan skilning, \u00fe\u00e9r sem hafi\u00f0 augun og sj\u00e1i\u00f0 ekki, hafi\u00f0 eyrun og heyri\u00f0 ekki! Vilji \u00fe\u00e9r ekki \u00f3ttast mig, segir Drottinn, og skelfast ekki fyrir m\u00e9r, eg sem setta sandinn \u00e1 sj\u00f3varstr\u00f6ndinni innan \u00feeirra takmarka hann hl\u00fdtur alla t\u00edma a\u00f0 vera og m\u00e1 \u00fear ekki yfirganga? Og \u00fe\u00f3tt hann gn\u00fdi fast \u00fe\u00e1 orkar hann einskis og \u00fe\u00f3 a\u00f0 \u00feess bylgjur \u00fe\u00e6r falli og r\u00edsi h\u00e1tt \u00fe\u00e1 mega \u00fe\u00e6r \u00fe\u00f3 ekki \u00fear yfir ganga. <span class=\"athugasemd\" title=\"Job xxxviy.\">[<\/span> En \u00feetta f\u00f3lk hefir eitt fr\u00e1horfi\u00f0, \u00f3hl\u00fd\u00f0ugt hjarta, \u00feeir bl\u00edfa fr\u00e1leitir og ganga \u00e6t\u00ed\u00f0 fjarl\u00e6gari. Og \u00feeir segja ekki einu sinni \u00ed s\u00ednu hjarta: L\u00e1tum oss \u00fe\u00f3 \u00f3ttast Drottin Gu\u00f0 vorn sem oss gefur morgund\u00f6ggina og kveldregni\u00f0 \u00ed r\u00e9ttan t\u00edma og var\u00f0veitir vora haustyrkju \u00e1rlega \u00e1rs tr\u00falegana.<\/p>\n<p>\tEn y\u00f0ar illskuverk \u00feau forhindra \u00fea\u00f0 og y\u00f0rar syndir \u00fe\u00e6r sn\u00faa \u00fev\u00edl\u00edkum g\u00f3\u00f0a fr\u00e1 y\u00f0ur. \u00dev\u00ed a\u00f0 \u00fear finnast \u00f3gu\u00f0hr\u00e6ddir \u00e1 me\u00f0al m\u00edns f\u00f3lks, \u00feeir sem liggja til l\u00e6gis og setja sn\u00f6rur fyrir f\u00f3lki\u00f0 a\u00f0 vei\u00f0a \u00fea\u00f0 l\u00edka sem \u00fea\u00f0 fuglarinn gj\u00f6rir me\u00f0ur s\u00ednum vei\u00f0ibrellum og \u00feeirra h\u00fas eru full me\u00f0 kyndugskap, l\u00edka sem a\u00f0 eitt fuglab\u00far er fullt me\u00f0 t\u00e1lfugla. \u00dear \u00fat af ver\u00f0a \u00feeir r\u00edkir og megtugir, feitir og frj\u00e1lslegir. \u00deeir fara me\u00f0 illskup\u00f6r og vonda hnykki, \u00feeir halda engin r\u00e9ttindi, \u00feeir framkv\u00e6ma ekki m\u00e1lefni\u00f0 hins f\u00f6\u00f0urlausa og \u00fea\u00f0 lukkast \u00feeim \u00fe\u00f3 og \u00feeir hj\u00e1lpa ekki hinum f\u00e1t\u00e6ka til r\u00e9ttra m\u00e1la. Skylda eg ekki vitja sl\u00edks, segir Drottinn, og skyldi m\u00edn s\u00e1la ekki hefna s\u00edn \u00e1 svoddan f\u00f3lki sem \u00feetta er? \u00dea\u00f0 stendur hr\u00e6\u00f0ilega og h\u00f6rmulega til \u00ed landinu. Prophetarnir kenna lygar, prestarnir \u00feeir yfirdrottna \u00ed s\u00ednu emb\u00e6tti og mitt f\u00f3lk vill gjarnan hafa \u00fea\u00f0 svo. Hvernin mun a\u00f0 s\u00ed\u00f0ustunni \u00fea\u00f0 vilja y\u00f0ur vegna yfir sl\u00edku?<\/p>\n","protected":false},"excerpt":{"rendered":"<p>V. Gangi\u00f0 um g\u00f6turnar til Jer\u00fasalem, sj\u00e1i\u00f0 til og gefi\u00f0 gaum a\u00f0 og leiti\u00f0 \u00e1 hennar str\u00e6tum hvort a\u00f0 \u00fe\u00e9r finni\u00f0 nokkurn \u00feann sem r\u00e9ttv\u00edsina gj\u00f6rir og spyrji eftir tr\u00fanni, so vil eg vera henni miskunnsamur. [ Og \u00fe\u00e1 e\u00f0 \u00feeir segja \u00fe\u00f3 enn vi\u00f0 \u00feann lifanda Gu\u00f0 \u00fe\u00e1 sverja \u00feeir \u00fe\u00f3 falsklegana. Drottinn, \u00fe\u00edn augu \u00e1l\u00edta tr\u00fana, \u00fe\u00fa sl\u00e6r \u00fe\u00e1 en \u00feeir kenna ekki til \u00feess. \u00de\u00fa \u00fevingar \u00fe\u00e1 en \u00feeir forbetra sig ekki, \u00feeir hafa har\u00f0ara andlit en hellusteinn og vilja ekki sn\u00faa s\u00e9r. En eg \u00feenkta: N\u00fa vel, s\u00e1 aumi flokkur er skynlaus, vitandi ekki neitt af <a href=\"https:\/\/biblian.is\/gudbrandsbiblia\/jeremia-5-kafli\/\"> [&#8230;]<\/a><\/p>\n","protected":false},"author":1,"featured_media":0,"parent":0,"menu_order":0,"comment_status":"open","ping_status":"open","template":"bibliukaflar.php","meta":{"footnotes":""},"class_list":["post-3445","page","type-page","status-publish","hentry"],"_links":{"self":[{"href":"https:\/\/biblian.is\/gudbrandsbiblia\/wp-json\/wp\/v2\/pages\/3445","targetHints":{"allow":["GET"]}}],"collection":[{"href":"https:\/\/biblian.is\/gudbrandsbiblia\/wp-json\/wp\/v2\/pages"}],"about":[{"href":"https:\/\/biblian.is\/gudbrandsbiblia\/wp-json\/wp\/v2\/types\/page"}],"author":[{"embeddable":true,"href":"https:\/\/biblian.is\/gudbrandsbiblia\/wp-json\/wp\/v2\/users\/1"}],"replies":[{"embeddable":true,"href":"https:\/\/biblian.is\/gudbrandsbiblia\/wp-json\/wp\/v2\/comments?post=3445"}],"version-history":[{"count":0,"href":"https:\/\/biblian.is\/gudbrandsbiblia\/wp-json\/wp\/v2\/pages\/3445\/revisions"}],"wp:attachment":[{"href":"https:\/\/biblian.is\/gudbrandsbiblia\/wp-json\/wp\/v2\/media?parent=3445"}],"curies":[{"name":"wp","href":"https:\/\/api.w.org\/{rel}","templated":true}]}}