{"id":3444,"date":"2017-12-18T18:33:40","date_gmt":"2017-12-18T18:33:40","guid":{"rendered":"http:\/\/biblian.is\/gudbrandsbiblia\/jeremia-4-kafli\/"},"modified":"2017-12-18T18:33:40","modified_gmt":"2017-12-18T18:33:40","slug":"jeremia-4-kafli","status":"publish","type":"page","link":"https:\/\/biblian.is\/gudbrandsbiblia\/jeremia-4-kafli\/","title":{"rendered":"Jerem\u00eda 4. kafli"},"content":{"rendered":"<p>IIII.<\/p>\n<p>Viltu sn\u00faa \u00fe\u00e9r, \u00cdsrael, segir Drottinn, \u00fe\u00e1 sn\u00fa \u00fe\u00e9r til m\u00edn. Og ef \u00fe\u00fa vilt \u00ed burt taka \u00fe\u00edna sv\u00edvir\u00f0ing fr\u00e1 m\u00ednu augliti \u00fe\u00e1 skaltu ekki \u00fatdrifinn ver\u00f0a. \u00de\u00e1 muntu og sverja hr\u00e6snislaust, r\u00e9ttv\u00edslega og heilaglega: &#8222;So sannarlega sem \u00fea\u00f0 Drottinn lifir&#8220; og hinir hei\u00f0nu munu \u00ed honum blessa\u00f0ir ver\u00f0a og hr\u00f3sa s\u00e9r af honum. \u00dev\u00ed a\u00f0 so segir Drottinn til \u00feeirra \u00ed J\u00fada og Jer\u00fasalem: Pl\u00e6gi\u00f0 a\u00f0 n\u00fdju og s\u00e1i\u00f0 ekki \u00e1 me\u00f0al klungur\u00feyrnanna. Umskeri\u00f0 y\u00f0ur fyrir Drottni og \u00ed burt taki\u00f0 \u00fe\u00e1 yfirh\u00fa\u00f0ina y\u00f0vars hjarta, \u00fe\u00e9r menn \u00ed J\u00fada og \u00fe\u00e9r borgarl\u00fd\u00f0ur \u00ed Jer\u00fasalem, upp \u00e1 \u00fea\u00f0 a\u00f0 m\u00edn rei\u00f0i skuli ekki \u00fat fara sem eldur og brenna so a\u00f0 enginn kunni \u00fat a\u00f0 sl\u00f6kkva fyrir y\u00f0varar illsku sakir.<\/p>\n<p>\tJ\u00e1 kunngj\u00f6ri\u00f0 \u00fea\u00f0 \u00ed J\u00fada og kalli\u00f0 h\u00e1tt \u00ed Jer\u00fasalem og segi\u00f0: &#8222;Bl\u00e1si\u00f0 \u00ed herl\u00fa\u00f0rana \u00fat \u00ed landinu!&#8220; og kalli\u00f0 me\u00f0 h\u00e1rri raust og segi\u00f0: &#8222;Samansafni\u00f0 y\u00f0ur og l\u00e1tum oss draga inn \u00ed \u00fe\u00e6r sterku borgirnar.&#8220; Setji\u00f0 upp merki\u00f0 \u00ed S\u00edon, safni\u00f0 y\u00f0ur til samans og dvelji\u00f0 ei vi\u00f0 \u00fev\u00ed a\u00f0 eg flyt eina \u00f3g\u00e6fu og st\u00f3ra eymd hinga\u00f0 \u00ed fr\u00e1 nor\u00f0rinu. \u00dea\u00f0 le\u00f3ni\u00f0 kemur hinga\u00f0, farandi \u00far s\u00ednu rj\u00f3\u00f0ri, og s\u00e1 fordjarfarinn hei\u00f0ingjanna er \u00fat dreginn af s\u00ednu takmarki a\u00f0 hann forey\u00f0i \u00feitt land og uppbrenni \u00fe\u00edna sta\u00f0i svo a\u00f0 enginn b\u00fai \u00fear inni. <span class=\"athugasemd\" title=\"Nabagodonosor\">[<\/span> \u00dear fyrir \u00edkl\u00e6\u00f0ist sekkjum, syrgi\u00f0 og s\u00fdti\u00f0 \u00fev\u00ed a\u00f0 s\u00fa grimmdarrei\u00f0in Drottins vill ekki stillast yfir oss.<\/p>\n<p>\t\u00c1 \u00feeim t\u00edma skulu hj\u00f6rtun k\u00f3nganna og h\u00f6f\u00f0ingjanna blau\u00f0 ver\u00f0a, segir Drottinn. Prestunum skal ofbj\u00f3\u00f0a og prophetunum \u00f3gna. En eg sag\u00f0a: <span class=\"athugasemd\" title=\"Sp\u00e1d\u00f3mur af forey\u00f0slu J\u00fada\">[<\/span> Drottinn Drottinn, mj\u00f6g hefur \u00fe\u00fa l\u00e1ti\u00f0 \u00feessu f\u00f3lki og Jer\u00fasalem \u00fea\u00f0 breg\u00f0ast \u00fe\u00e1 \u00feeir s\u00f6g\u00f0u: \u00dear mun hj\u00e1 y\u00f0ur fri\u00f0ur vera, og sver\u00f0i\u00f0 er \u00fe\u00f3 komi\u00f0 allt til s\u00e1larinnar. \u00c1 \u00feeim sama t\u00edma mun segjast til f\u00f3lks \u00feessa og Jer\u00fasalem: \u00dear kemur einn \u00feurr <span class=\"athugasemd\" title=\"a \/ Vindur) \/ K\u00f3ngurinn af Bab\u00fdlon\">[<\/span> vindur hinga\u00f0 yfir um fj\u00f6llin so sem \u00e1 ey\u00f0im\u00f6rkinni, \u00e1 \u00feann veginn sem liggur til d\u00f3tturinnar m\u00edns f\u00f3lks, ekki til a\u00f0 vinsa e\u00f0ur a\u00f0 hreinsa me\u00f0. J\u00e1 \u00fear skal koma einn vindur sem skal ver\u00f0a \u00feeim of sterkur, \u00fe\u00e1 vil eg og ganga \u00ed d\u00f3m vi\u00f0 \u00fe\u00e1. Sj\u00e1 \u00fe\u00fa, hann kemur farandi hinga\u00f0 sem sk\u00fdjaklasi og hans vagnar so sem anna\u00f0 stormvi\u00f0ri. Hans hestar eru flj\u00f3tari en ernur. Vei oss, v\u00e9r munum \u00ed ey\u00f0i lag\u00f0ir ver\u00f0a.<\/p>\n<p>\tSvo \u00fevo \u00fe\u00fa n\u00fa, Jer\u00fasalem, \u00feitt hjarta af illskunni so a\u00f0 \u00fe\u00e9r ver\u00f0i hj\u00e1lpa\u00f0. Hversu lengi skulu \u00feeir sl\u00e6mu l\u00e6rd\u00f3mar hj\u00e1 \u00fe\u00e9r vera? \u00dev\u00ed a\u00f0 \u00fear kemur eitt her\u00f3p \u00ed fr\u00e1 Dan og ill t\u00ed\u00f0indi hinga\u00f0 \u00ed fr\u00e1 fjallinu Efra\u00edm, hvernin hei\u00f0ingjarnir hr\u00f3sa s\u00e9r. Og \u00fea\u00f0 er v\u00ed\u00f0fr\u00e6gt vor\u00f0i\u00f0 allt til Jer\u00fasalem a\u00f0 \u00fear komi var\u00f0menn \u00far fjarl\u00e6gum l\u00f6ndum og munu \u00e6pa her\u00f3pi \u00ed m\u00f3ti \u00feeim st\u00f6\u00f0unum J\u00fada. \u00deeir munu umsitja \u00fe\u00e1 allt um kring so sem a\u00f0rir var\u00f0menn um grundirnar \u00fev\u00ed a\u00f0 \u00feeir hafa mig til rei\u00f0i reittan, segir Drottinn. \u00dea\u00f0 hefur \u00fe\u00fa til ver\u00f0launa fyrir \u00fe\u00edna breytni og \u00fe\u00edn verk. \u00de\u00e1 mun \u00feitt hjarta og finna hversu mikil a\u00f0 er \u00fe\u00edn illska.<\/p>\n<p>\tHvernin er m\u00e9r so hjarta\u00f0 s\u00e1rt! Mitt hjarta \u00fea\u00f0 fl\u00f6krar so \u00ed m\u00ednu brj\u00f3sti og hefur \u00f6ngva hv\u00edldarr\u00f3. \u00dev\u00ed a\u00f0 m\u00edn s\u00e1la heyrir herl\u00fa\u00f0ursins hlj\u00f3\u00f0 og bardagans slag og hvert dau\u00f0legt her\u00f3p eftir anna\u00f0. \u00dev\u00ed a\u00f0 allt landi\u00f0 ver\u00f0ur \u00ed ey\u00f0i lagt, m\u00ednar herb\u00fa\u00f0ir og landtj\u00f6ld ver\u00f0a skyndilegana ni\u00f0urrifin. Hversu lengi \u00e1 eg \u00fe\u00f3 a\u00f0 sj\u00e1 \u00feau merkin og heyra herl\u00fa\u00f0ursins hlj\u00f3\u00f0? En mitt f\u00f3lk er gali\u00f0 og tr\u00fair m\u00e9r ekki, heimskir eru \u00feeir og skeyta \u00fev\u00ed ei. N\u00f3gu hyggnir eru \u00feeir til illt a\u00f0 gj\u00f6ra en vel a\u00f0 gj\u00f6ra \u00fea vilja \u00feeir ekki l\u00e6ra.<\/p>\n<p>\tEg leit \u00e1 landi\u00f0, sj\u00e1 \u00fe\u00fa, \u00fea\u00f0 var t\u00f3mt og \u00ed ey\u00f0i, og \u00ed himninum, og hann var myrkur. Eg leit til fjallanna og sj\u00e1 \u00fe\u00fa, a\u00f0 \u00feau hristust og allir h\u00e1ir h\u00e1lsar \u00feeir skulfu og sj\u00e1 \u00fe\u00fa, eg s\u00e1 a\u00f0 \u00fear var enginn ma\u00f0ur og allir fuglar undir himninum voru \u00ed burt flognir. Og sj\u00e1 \u00fe\u00fa, eg s\u00e1 \u00fea\u00f0 akurl\u00f6ndin voru \u00ed ey\u00f0i og allir sta\u00f0irnir \u00e1 \u00feeim voru ni\u00f0urbrotnir fyrir Drottni og fyrir hans grimmdarrei\u00f0i.<\/p>\n<p>\t\u00dev\u00ed a\u00f0 so segir Drottinn \u00fea\u00f0 allt landi\u00f0 skal foreytt ver\u00f0a og \u00fe\u00f3 vil eg ekki \u00f6ldungis \u00ed ey\u00f0ileggja \u00fea\u00f0. \u00dear fyrir skal landi\u00f0 ver\u00f0a h\u00f6rmulegt og himinninn \u00fear fyrir ofan sorgarlegur af \u00fev\u00ed a\u00f0 eg hefi tala\u00f0 \u00fea\u00f0. Eg hefi \u00e1lykta\u00f0 \u00fea\u00f0 og eg skal ei angra mig um \u00fea\u00f0, eg vil og eigi heldur l\u00e1ta af \u00fev\u00ed. Allir sta\u00f0irnir skulu fl\u00fdja fyrir \u00fev\u00ed riddara og skotmanna her\u00f3pinu og \u00ed burt hlaupa \u00e1 \u00feykkvar sk\u00f3garmerkur og inn skr\u00ed\u00f0a \u00ed \u00fe\u00e1 bjarghellana, allir sta\u00f0irnir skulu \u00ed ey\u00f0ileggjast so a\u00f0 enginn skal \u00fear inni b\u00faa.<\/p>\n<p>\t\u00de\u00fa hin ni\u00f0urbrotna, hva\u00f0 viltu \u00fe\u00e1 til gj\u00f6ra? En \u00fe\u00f3 a\u00f0 \u00fe\u00fa skr\u00fdddir \u00feig me\u00f0 purpurakl\u00e6\u00f0um og me\u00f0 gulllegum gersemum og pr\u00fdddir \u00feitt andlit, \u00fe\u00e1 skr\u00fdddir \u00fe\u00fa \u00feig \u00fe\u00f3 til forgefins. \u00dev\u00ed a\u00f0 \u00feeir sem n\u00fa l\u00e1tast l\u00fata \u00fe\u00e9r \u00feeir munu helst fyrirl\u00edta \u00feig og \u00feeir munu helst stunda eftir \u00fe\u00ednu l\u00edfi. \u00dev\u00ed a\u00f0 eg heyr\u00f0a eitt hlj\u00f3\u00f0 l\u00edka sem \u00feeirrar e\u00f0 f\u00e6\u00f0a skal, eina kveinan so sem \u00feeirrar sem a\u00f0 er \u00ed sinni fyrstu f\u00e6\u00f0ingarhr\u00ed\u00f0: \u00deau h\u00e1hlj\u00f3\u00f0in d\u00f3tturinnar S\u00edon sem a\u00f0 gr\u00e6tur og \u00fatr\u00e9ttir hendurnar: A, vei m\u00e9r, eg hl\u00fdt n\u00fa me\u00f0 \u00f6llu ni\u00f0ur \u00ed grunn a\u00f0 forganga fyrir manndr\u00e1pinu!<\/p>\n","protected":false},"excerpt":{"rendered":"<p>IIII. Viltu sn\u00faa \u00fe\u00e9r, \u00cdsrael, segir Drottinn, \u00fe\u00e1 sn\u00fa \u00fe\u00e9r til m\u00edn. Og ef \u00fe\u00fa vilt \u00ed burt taka \u00fe\u00edna sv\u00edvir\u00f0ing fr\u00e1 m\u00ednu augliti \u00fe\u00e1 skaltu ekki \u00fatdrifinn ver\u00f0a. \u00de\u00e1 muntu og sverja hr\u00e6snislaust, r\u00e9ttv\u00edslega og heilaglega: &#8222;So sannarlega sem \u00fea\u00f0 Drottinn lifir&#8220; og hinir hei\u00f0nu munu \u00ed honum blessa\u00f0ir ver\u00f0a og hr\u00f3sa s\u00e9r af honum. \u00dev\u00ed a\u00f0 so segir Drottinn til \u00feeirra \u00ed J\u00fada og Jer\u00fasalem: Pl\u00e6gi\u00f0 a\u00f0 n\u00fdju og s\u00e1i\u00f0 ekki \u00e1 me\u00f0al klungur\u00feyrnanna. Umskeri\u00f0 y\u00f0ur fyrir Drottni og \u00ed burt taki\u00f0 \u00fe\u00e1 yfirh\u00fa\u00f0ina y\u00f0vars hjarta, \u00fe\u00e9r menn \u00ed J\u00fada og \u00fe\u00e9r borgarl\u00fd\u00f0ur \u00ed Jer\u00fasalem, upp \u00e1 \u00fea\u00f0 <a href=\"https:\/\/biblian.is\/gudbrandsbiblia\/jeremia-4-kafli\/\"> [&#8230;]<\/a><\/p>\n","protected":false},"author":1,"featured_media":0,"parent":0,"menu_order":0,"comment_status":"open","ping_status":"open","template":"bibliukaflar.php","meta":{"footnotes":""},"class_list":["post-3444","page","type-page","status-publish","hentry"],"_links":{"self":[{"href":"https:\/\/biblian.is\/gudbrandsbiblia\/wp-json\/wp\/v2\/pages\/3444","targetHints":{"allow":["GET"]}}],"collection":[{"href":"https:\/\/biblian.is\/gudbrandsbiblia\/wp-json\/wp\/v2\/pages"}],"about":[{"href":"https:\/\/biblian.is\/gudbrandsbiblia\/wp-json\/wp\/v2\/types\/page"}],"author":[{"embeddable":true,"href":"https:\/\/biblian.is\/gudbrandsbiblia\/wp-json\/wp\/v2\/users\/1"}],"replies":[{"embeddable":true,"href":"https:\/\/biblian.is\/gudbrandsbiblia\/wp-json\/wp\/v2\/comments?post=3444"}],"version-history":[{"count":0,"href":"https:\/\/biblian.is\/gudbrandsbiblia\/wp-json\/wp\/v2\/pages\/3444\/revisions"}],"wp:attachment":[{"href":"https:\/\/biblian.is\/gudbrandsbiblia\/wp-json\/wp\/v2\/media?parent=3444"}],"curies":[{"name":"wp","href":"https:\/\/api.w.org\/{rel}","templated":true}]}}