{"id":3438,"date":"2017-12-18T18:33:40","date_gmt":"2017-12-18T18:33:40","guid":{"rendered":"http:\/\/biblian.is\/gudbrandsbiblia\/jesaja-64-kafli\/"},"modified":"2017-12-18T18:33:40","modified_gmt":"2017-12-18T18:33:40","slug":"jesaja-64-kafli","status":"publish","type":"page","link":"https:\/\/biblian.is\/gudbrandsbiblia\/jesaja-64-kafli\/","title":{"rendered":"Jesaja 64. kafli"},"content":{"rendered":"<p>LXIIII.<\/p>\n<p>Eg mun minnast miskunnsemdar Drottins og so \u00feeirrar lofsagnarinnar Drottins \u00fat \u00ed \u00f6llu \u00fev\u00ed e\u00f0 hann hefur gj\u00f6rt vi\u00f0 oss og so \u00feess hins mikla g\u00f3\u00f0a vi\u00f0 \u00fea\u00f0 h\u00fasi\u00f0 \u00cdsraels sem hann hefur \u00feeim veitt fyrir s\u00edna miskunnsemi og mikla g\u00f3\u00f0girni. <span class=\"athugasemd\" title=\"Ein \u00feakkargj\u00f6r\u00f0\">[<\/span><\/p>\n<p>\t\u00dev\u00ed a\u00f0 hann sag\u00f0i: \u00deeir eru mitt f\u00f3lk, \u00feau b\u00f6rn sem ekki eru f\u00f6lsk, \u00fear fyrir var hann og \u00feeirra hj\u00e1lpari.<\/p>\n<p>\tHver hann angra\u00f0i \u00fe\u00e1, \u00fe\u00e1 stygg\u00f0i hann einnin, og s\u00e1 engillinn sem fyrir hans augs\u00fdn er hj\u00e1lpa\u00f0i \u00feeim.<\/p>\n<p>\tHann frelsa\u00f0i \u00fe\u00e1 \u00fear fyrir \u00fea\u00f0 hann elska\u00f0i \u00fe\u00e1 og v\u00e6g\u00f0i \u00feeim.<\/p>\n<p>\tHann t\u00f3k \u00fe\u00e1 upp og bar \u00fe\u00e1 alla t\u00edma \u00feegar \u00ed fr\u00e1 fyrsta upphafi.<\/p>\n<p>\tEn \u00feeir stygg\u00f0u og til rei\u00f0i reittu hans heilaga anda. \u00dear fyrir var\u00f0 hann \u00feeirra \u00f3vin og str\u00edddi \u00e1 m\u00f3ti \u00feeim. <\/p>\n<p>\tOg hann minntist aftur \u00e1 \u00fe\u00e1 umli\u00f0nu \u00e6vina, \u00e1 Moysen sem var \u00e1 me\u00f0al hans l\u00fd\u00f0s.<\/p>\n<p>\tHvar er n\u00fa hann sem \u00ed burt leiddi \u00fe\u00e1 \u00far hafinu me\u00f0ur hir\u00f0irnum sinnar hjar\u00f0ar?<\/p>\n<p>\tHvar er hann sem gaf sinn heilagan anda me\u00f0al \u00feeirra, hver e\u00f0 Moysen vi\u00f0ur h\u00e6gri h\u00f6nd leiddi fyrir sinn d\u00fdr\u00f0arsamlegan armlegg,<\/p>\n<p>\thver e\u00f0 \u00ed sundurskildi v\u00f6tnin fyrir \u00feeim upp \u00e1 \u00fea\u00f0 a\u00f0 hann gj\u00f6r\u00f0i s\u00e9r eitt eil\u00edft nafn,<\/p>\n<p>\thann sem \u00fe\u00e1 leiddi \u00ed gegnum dj\u00fapin og l\u00edka sem \u00fe\u00e1 hesta e\u00f0 ei detta \u00ed gegnum ey\u00f0im\u00f6rkina, so sem \u00feann f\u00e9na\u00f0 e\u00f0 ofan gengur \u00e1 sl\u00e9ttlendi\u00f0, hvern e\u00f0 andi Drottins framdr\u00edfur?<\/p>\n<p>\tL\u00edka so einnin hefur \u00fe\u00fa \u00feitt f\u00f3lk \u00fatleitt upp \u00e1 \u00fea\u00f0 a\u00f0 \u00fe\u00fa gj\u00f6r\u00f0ir \u00fe\u00e9r eitt d\u00fdr\u00f0arsamlegt nafn.<\/p>\n<p>\tSj\u00e1\u00f0u n\u00fa af himni ofan og l\u00edttu hinga\u00f0 af \u00fe\u00ednu heil\u00f6gu d\u00fdr\u00f0arsamlegu tignars\u00e6ti.<\/p>\n<p>\tHvar er n\u00fa \u00fe\u00edn vandl\u00e6ting, \u00fe\u00edn veldismagt? \u00de\u00edn mikla hjartgr\u00f3in miskunnsemi heldur sig fast vi\u00f0 mig.<\/p>\n<p>\t\u00de\u00fa ert a\u00f0 v\u00edsu vor fa\u00f0ir \u00fev\u00ed Abraham hann veit ei af oss og \u00cdsrael hann \u00feekkir oss ei.<\/p>\n<p>\tEn \u00fe\u00fa, Drottinn, ert vor fa\u00f0ir og vor frelsari, \u00feegar fyrir langri \u00e6vi er \u00fea\u00f0 \u00feitt nafn.<\/p>\n<p>\tHvar fyrir l\u00e6tur \u00fe\u00fa oss, Drottinn, villt fara af \u00fe\u00ednum vegum og forhar\u00f0na vort hjarta so a\u00f0 v\u00e9r \u00f3ttunst \u00feig eigi?<\/p>\n<p>\tSn\u00fa \u00fe\u00fa aftur vegna \u00feinna \u00fej\u00f3nustumanna og fyrir sakir slektisins \u00feinnar arfleif\u00f0ar.<\/p>\n<p>\t\u00deeir eignast \u00feitt heilaga f\u00f3lk n\u00e6rsta me\u00f0 \u00f6llu, \u00fe\u00ednir m\u00f3tst\u00f6\u00f0umenn ni\u00f0urtro\u00f0a \u00feinn helgid\u00f3m.<\/p>\n<p>\tV\u00e9r erum l\u00edka so sem \u00e1\u00f0ur til forna \u00fe\u00e1 e\u00f0 \u00fe\u00fa drottna\u00f0ir ekki yfir oss og \u00fe\u00e1 e\u00f0 v\u00e9r vorum ekki nefndir eftir \u00fe\u00ednu nafni.<\/p>\n<p>\tEg vilda a\u00f0 \u00fe\u00fa \u00ed sundurslitir himnana og f\u00e6rir hinga\u00f0 ofan so \u00fea\u00f0 fj\u00f6llin \u00fatrynni fyrir \u00feinni augs\u00fdn l\u00edka sem anna\u00f0 heitt vatn \u00fea\u00f0 er upps\u00fd\u00f0ur af megnum eldi<\/p>\n<p>\tso a\u00f0 \u00feitt nafn kunnigt ver\u00f0i me\u00f0al \u00feinna \u00f3vina og \u00fea\u00f0 hinir hei\u00f0nu hlj\u00f3ti fyrir \u00feinni augs\u00fdn a\u00f0 skelfast<\/p>\n<p>\tfyrir \u00feau st\u00f3rmerkin sem \u00fe\u00fa gj\u00f6r\u00f0ir hverra ei var v\u00e6nt \u00fe\u00e1 e\u00f0 \u00fe\u00fa f\u00f3rt ofan hinga\u00f0 og fj\u00f6llin \u00ed sundurrunnu.<\/p>\n<p>\tHva\u00f0 \u00ed fr\u00e1 veraldarinnar upphafi haf\u00f0i ei heyrt n\u00e9 me\u00f0 eyrum heyrt veri\u00f0, so hefur \u00fea\u00f0 og einnin ekki neitt auga s\u00e9\u00f0 utan \u00feitt, Gu\u00f0, hva\u00f0 \u00fe\u00e1 mun ske sem upp \u00e1 hann vona.<\/p>\n<p>\t\u00de\u00fa m\u00e6tti \u00feeim gla\u00f0v\u00e6ru og hinum sem r\u00e9ttl\u00e6ti\u00f0 i\u00f0ku\u00f0u og \u00e1 \u00fe\u00ednum vegum minntunst \u00fe\u00edn.<\/p>\n<p>\tSj\u00e1 \u00fe\u00fa, \u00fe\u00fa reiddist \u00fe\u00e1 v\u00e9r syndgu\u00f0umst og blifum \u00fear lengi inni. En oss var\u00f0 \u00fe\u00f3 hj\u00e1lpa\u00f0.<\/p>\n<p>\tEn n\u00fa eru v\u00e9r allir til samans svo sem hinir \u00f3hreinu og allt vort r\u00e9ttl\u00e6ti er sem annar \u00f3\u00feekktarleppur.<\/p>\n<p>\tV\u00e9r erum allir uppvisna\u00f0ir sem laufbla\u00f0 og vorar syndir feykja oss \u00ed burt sem annar vindur.<\/p>\n<p>\tEnginn \u00e1kallar \u00feitt nafn e\u00f0ur tekur sig upp \u00fea\u00f0 hann haldi \u00fe\u00e9r.<\/p>\n<p>\t\u00dev\u00ed a\u00f0 \u00fe\u00fa hylur \u00feitt andlit fyrir oss og l\u00e6tur oss \u00ed vorum syndum uppgefast.<\/p>\n<p>\tEn n\u00fa, Drottinn, \u00fe\u00fa ert vor fa\u00f0ir, v\u00e9r erum leiri\u00f0, \u00fe\u00fa ert vor leirpottasmi\u00f0ur og v\u00e9r allir erum verki\u00f0 \u00feinna handa.<\/p>\n<p>\tDrottinn, rei\u00f0stu ekki of mj\u00f6g og minnstu ekki eil\u00edflegana \u00e1 vorar syndir. \u00c1l\u00edttu \u00fea\u00f0 heldur a\u00f0 v\u00e9r allir saman erum \u00feitt f\u00f3lk.<\/p>\n<p>\tSta\u00f0irnir \u00fe\u00edns helgid\u00f3ms eru a\u00f0 \u00f6rb\u00fdli vor\u00f0nir, S\u00edon er foreydd, Jer\u00fasalem liggur \u00ed ey\u00f0i.<\/p>\n<p>\t\u00dea\u00f0 h\u00fasi\u00f0 vors heilagleiks og vorrar vegsemdar, \u00fear inni e\u00f0 fe\u00f0ur vorir lofu\u00f0u \u00feig, er me\u00f0 eldi uppbrennt og allt hva\u00f0 v\u00e9r h\u00f6f\u00f0um lystilegt \u00fea\u00f0 er til skammar gj\u00f6rt.<\/p>\n<p>\tDrottinn, viltu so har\u00f0r\u00e1\u00f0ur vera \u00ed sl\u00edku og \u00feegja um \u00feetta og ni\u00f0ursl\u00e1 oss svo geysilegana?<\/p>\n","protected":false},"excerpt":{"rendered":"<p>LXIIII. Eg mun minnast miskunnsemdar Drottins og so \u00feeirrar lofsagnarinnar Drottins \u00fat \u00ed \u00f6llu \u00fev\u00ed e\u00f0 hann hefur gj\u00f6rt vi\u00f0 oss og so \u00feess hins mikla g\u00f3\u00f0a vi\u00f0 \u00fea\u00f0 h\u00fasi\u00f0 \u00cdsraels sem hann hefur \u00feeim veitt fyrir s\u00edna miskunnsemi og mikla g\u00f3\u00f0girni. [ \u00dev\u00ed a\u00f0 hann sag\u00f0i: \u00deeir eru mitt f\u00f3lk, \u00feau b\u00f6rn sem ekki eru f\u00f6lsk, \u00fear fyrir var hann og \u00feeirra hj\u00e1lpari. Hver hann angra\u00f0i \u00fe\u00e1, \u00fe\u00e1 stygg\u00f0i hann einnin, og s\u00e1 engillinn sem fyrir hans augs\u00fdn er hj\u00e1lpa\u00f0i \u00feeim. Hann frelsa\u00f0i \u00fe\u00e1 \u00fear fyrir \u00fea\u00f0 hann elska\u00f0i \u00fe\u00e1 og v\u00e6g\u00f0i \u00feeim. Hann t\u00f3k \u00fe\u00e1 upp og bar <a href=\"https:\/\/biblian.is\/gudbrandsbiblia\/jesaja-64-kafli\/\"> [&#8230;]<\/a><\/p>\n","protected":false},"author":1,"featured_media":0,"parent":0,"menu_order":0,"comment_status":"open","ping_status":"open","template":"bibliukaflar.php","meta":{"footnotes":""},"class_list":["post-3438","page","type-page","status-publish","hentry"],"_links":{"self":[{"href":"https:\/\/biblian.is\/gudbrandsbiblia\/wp-json\/wp\/v2\/pages\/3438","targetHints":{"allow":["GET"]}}],"collection":[{"href":"https:\/\/biblian.is\/gudbrandsbiblia\/wp-json\/wp\/v2\/pages"}],"about":[{"href":"https:\/\/biblian.is\/gudbrandsbiblia\/wp-json\/wp\/v2\/types\/page"}],"author":[{"embeddable":true,"href":"https:\/\/biblian.is\/gudbrandsbiblia\/wp-json\/wp\/v2\/users\/1"}],"replies":[{"embeddable":true,"href":"https:\/\/biblian.is\/gudbrandsbiblia\/wp-json\/wp\/v2\/comments?post=3438"}],"version-history":[{"count":0,"href":"https:\/\/biblian.is\/gudbrandsbiblia\/wp-json\/wp\/v2\/pages\/3438\/revisions"}],"wp:attachment":[{"href":"https:\/\/biblian.is\/gudbrandsbiblia\/wp-json\/wp\/v2\/media?parent=3438"}],"curies":[{"name":"wp","href":"https:\/\/api.w.org\/{rel}","templated":true}]}}