{"id":3437,"date":"2017-12-18T18:33:40","date_gmt":"2017-12-18T18:33:40","guid":{"rendered":"http:\/\/biblian.is\/gudbrandsbiblia\/jesaja-63-kafli\/"},"modified":"2017-12-18T18:33:40","modified_gmt":"2017-12-18T18:33:40","slug":"jesaja-63-kafli","status":"publish","type":"page","link":"https:\/\/biblian.is\/gudbrandsbiblia\/jesaja-63-kafli\/","title":{"rendered":"Jesaja 63. kafli"},"content":{"rendered":"<p>LXIII.<\/p>\n<p>Hver er s\u00e1 sem kemur af Ed\u00f3m me\u00f0 litu\u00f0um kl\u00e6\u00f0um af Basra sem so pr\u00fd\u00f0ilegur er \u00ed s\u00ednum kl\u00e6\u00f0na\u00f0i og h\u00e9r frambrunar \u00ed s\u00ednum veldiskrafti? Eg em hann s\u00e1 sem r\u00e9ttl\u00e6ti\u00f0 kennir og einn meistari er til a\u00f0 hj\u00e1lpa. Hvar fyrir er \u00fe\u00e1 \u00feinn gangveri so rau\u00f0ur a\u00f0 lit og \u00feitt kl\u00e6\u00f0i so sem \u00feess e\u00f0 v\u00ednberin \u00ed sundursprengir? Eg f\u00f3ttre\u00f0 v\u00edn\u00fer\u00faguna einn saman og \u00fear er enginn af f\u00f3lkinu me\u00f0ur m\u00e9r. Eg hefi fergt \u00fe\u00e1 \u00ed rei\u00f0i minni og ni\u00f0urtro\u00f0i\u00f0 \u00ed minni heiftarbr\u00e6\u00f0i. \u00dear fyrir hefur \u00feeirra megn dreifst \u00e1 m\u00edn kl\u00e6\u00f0i og eg hefi velkt allan minn gangvera. \u00dev\u00ed a\u00f0 eg hefi \u00e1sett m\u00e9r einn hefndardag, \u00fea\u00f0 \u00e1ri\u00f0 til a\u00f0 endurleysa m\u00edna er komi\u00f0.<\/p>\n<p>\t\u00dev\u00ed a\u00f0 eg skyggndist \u00ed kringum mig og \u00fear var enginn hj\u00e1lpari og eg var \u00ed skelfingu og enginn studdi mig. Heldur var\u00f0 m\u00edn h\u00e6gri h\u00f6nd a\u00f0 hj\u00e1lpa m\u00e9r og m\u00edn rei\u00f0i a\u00f0 sty\u00f0ja mig. \u00dear fyrir hefi eg f\u00f3lki\u00f0 ni\u00f0urtro\u00f0i\u00f0 \u00ed minni rei\u00f0i og hefi \u00fe\u00e1 drukkna gj\u00f6rt \u00ed minni br\u00e6\u00f0i og \u00feeirra megn til jar\u00f0ar ni\u00f0urkeyrt.<\/p>\n","protected":false},"excerpt":{"rendered":"<p>LXIII. Hver er s\u00e1 sem kemur af Ed\u00f3m me\u00f0 litu\u00f0um kl\u00e6\u00f0um af Basra sem so pr\u00fd\u00f0ilegur er \u00ed s\u00ednum kl\u00e6\u00f0na\u00f0i og h\u00e9r frambrunar \u00ed s\u00ednum veldiskrafti? Eg em hann s\u00e1 sem r\u00e9ttl\u00e6ti\u00f0 kennir og einn meistari er til a\u00f0 hj\u00e1lpa. Hvar fyrir er \u00fe\u00e1 \u00feinn gangveri so rau\u00f0ur a\u00f0 lit og \u00feitt kl\u00e6\u00f0i so sem \u00feess e\u00f0 v\u00ednberin \u00ed sundursprengir? Eg f\u00f3ttre\u00f0 v\u00edn\u00fer\u00faguna einn saman og \u00fear er enginn af f\u00f3lkinu me\u00f0ur m\u00e9r. Eg hefi fergt \u00fe\u00e1 \u00ed rei\u00f0i minni og ni\u00f0urtro\u00f0i\u00f0 \u00ed minni heiftarbr\u00e6\u00f0i. \u00dear fyrir hefur \u00feeirra megn dreifst \u00e1 m\u00edn kl\u00e6\u00f0i og eg hefi velkt allan minn <a href=\"https:\/\/biblian.is\/gudbrandsbiblia\/jesaja-63-kafli\/\"> [&#8230;]<\/a><\/p>\n","protected":false},"author":1,"featured_media":0,"parent":0,"menu_order":0,"comment_status":"open","ping_status":"open","template":"bibliukaflar.php","meta":{"footnotes":""},"class_list":["post-3437","page","type-page","status-publish","hentry"],"_links":{"self":[{"href":"https:\/\/biblian.is\/gudbrandsbiblia\/wp-json\/wp\/v2\/pages\/3437","targetHints":{"allow":["GET"]}}],"collection":[{"href":"https:\/\/biblian.is\/gudbrandsbiblia\/wp-json\/wp\/v2\/pages"}],"about":[{"href":"https:\/\/biblian.is\/gudbrandsbiblia\/wp-json\/wp\/v2\/types\/page"}],"author":[{"embeddable":true,"href":"https:\/\/biblian.is\/gudbrandsbiblia\/wp-json\/wp\/v2\/users\/1"}],"replies":[{"embeddable":true,"href":"https:\/\/biblian.is\/gudbrandsbiblia\/wp-json\/wp\/v2\/comments?post=3437"}],"version-history":[{"count":0,"href":"https:\/\/biblian.is\/gudbrandsbiblia\/wp-json\/wp\/v2\/pages\/3437\/revisions"}],"wp:attachment":[{"href":"https:\/\/biblian.is\/gudbrandsbiblia\/wp-json\/wp\/v2\/media?parent=3437"}],"curies":[{"name":"wp","href":"https:\/\/api.w.org\/{rel}","templated":true}]}}