{"id":3436,"date":"2017-12-18T18:33:40","date_gmt":"2017-12-18T18:33:40","guid":{"rendered":"http:\/\/biblian.is\/gudbrandsbiblia\/jesaja-62-kafli\/"},"modified":"2017-12-18T18:33:40","modified_gmt":"2017-12-18T18:33:40","slug":"jesaja-62-kafli","status":"publish","type":"page","link":"https:\/\/biblian.is\/gudbrandsbiblia\/jesaja-62-kafli\/","title":{"rendered":"Jesaja 62. kafli"},"content":{"rendered":"<p>LXI.<\/p>\n<p>Vegna S\u00edon mun eg eigi \u00feegja og vegna Jer\u00fasalem mun eg eigi hv\u00edlast \u00feanga\u00f0 til a\u00f0 hennar r\u00e9ttl\u00e6ti uppgengur sem annar geisli og hennar hj\u00e1lpr\u00e6\u00f0i uppkveikist sem annar lj\u00f3slogi so a\u00f0 hinir hei\u00f0nu sj\u00e1i \u00feitt r\u00e9ttl\u00e6ti og allir k\u00f3ngarnir \u00fe\u00edna d\u00fdr\u00f0arvegsemd. <span class=\"athugasemd\" title=\"Huggun og fyrirheit\">[<\/span> Og \u00fe\u00fa skalt me\u00f0 n\u00fdju nafni nefnd ver\u00f0a hvert e\u00f0 munnur Drottins mun \u00feig nefna. Og \u00fe\u00fa munt vera eitt d\u00fdr\u00f0ardj\u00e1sn \u00ed hendi Drottins og ein k\u00f3ngleg k\u00f3r\u00f3na \u00ed hendi Gu\u00f0s \u00fe\u00edns.<\/p>\n<p>\t\u00de\u00fa skalt ekki lengur kallast hin fyrirlitna n\u00e9 \u00feitt land forey\u00f0sla kallast heldur skalt \u00fe\u00fa kallast M\u00edn \u00e1st til hennar og \u00feitt land Minn k\u00e6ri elskugi \u00fev\u00ed a\u00f0 Drottinn hefur \u00e1st \u00e1 \u00fe\u00e9r og \u00feitt land hefur einn elskulegan unnusta. \u00dev\u00ed a\u00f0 l\u00edka sem s\u00e1 e\u00f0 elskar hann hefur s\u00edna unnustu k\u00e6ra svo munu \u00fe\u00edn b\u00f6rn \u00feig k\u00e6ra hafa og so sem \u00fea\u00f0 br\u00fa\u00f0guminn gle\u00f0ur sig yfir sinni br\u00fa\u00f0i so mun \u00feinn Gu\u00f0 gle\u00f0ja sig yfir \u00fe\u00e9r.<\/p>\n<p>\t\u00d3 Jer\u00fasalem, eg mun v\u00f6kumenn tilskipa upp \u00e1 \u00fe\u00edna m\u00farveggi, \u00feeir e\u00f0 alla daga og allar n\u00e6tur skulu aldregi hlj\u00f3\u00f0ir vera og \u00feeir e\u00f0 \u00e6 skulu minnast Drottins so \u00fea\u00f0 \u00ed hj\u00e1 y\u00f0ur s\u00e9 engin \u00fe\u00f6gn og \u00fe\u00e9r \u00feegi\u00f0 ekki um hann \u00feanga\u00f0 til a\u00f0 Jer\u00fasalem ver\u00f0ur b\u00fain og sett til lofs \u00e1 j\u00f6r\u00f0u.<\/p>\n<p>\tDrottinn hann hefur svari\u00f0 vi\u00f0 s\u00edna h\u00e6gri h\u00f6nd og vi\u00f0 armlegginn s\u00edns magtarveldis: Eg mun ei lengur gefa \u00feitt korn \u00fe\u00ednum \u00f3vinum a\u00f0 \u00e9ta n\u00e9 l\u00e1ta framandi menn drekka \u00feitt \u00fea\u00f0 s\u00e6ta v\u00edni\u00f0 sem \u00fe\u00fa hefur erfi\u00f0i fyir haft heldur \u00feeir sem \u00fev\u00ed safna skulu einnin \u00feess neyta og lofa so Drottin og \u00feeir e\u00f0 \u00fea\u00f0 innbera skulu drekka \u00fea\u00f0 \u00ed fordyrum m\u00edns helgid\u00f3ms.<\/p>\n<p>\tGangi\u00f0 \u00fat, gangi\u00f0 \u00fat \u00ed gegnum portin, tilrei\u00f0i\u00f0 f\u00f3lkinu veginn. <span class=\"athugasemd\" title=\"Saka. ix. \/ Esa. xl.\">[<\/span> Sl\u00e9tti\u00f0 veguna, sl\u00e9tti\u00f0 veguna, lesi\u00f0 \u00ed burt steinana, setji\u00f0 upp merki\u00f0 fyrir f\u00f3lkinu. Sj\u00e1i\u00f0, Drottinn hann l\u00e6tur heyra sig allt til enda veraldarinnar. Segi\u00f0 d\u00f3tturinni S\u00edon: Sj\u00e1 \u00fe\u00fa, \u00feitt hj\u00e1lpr\u00e6\u00f0i kemur, sj\u00e1 \u00fe\u00fa, hverju hann launar \u00fea\u00f0 er hj\u00e1 honum og hverjum hann bitalar \u00fea\u00f0 er fyrir h\u00f6ndinni. \u00deeir munu kallast \u00fea\u00f0 heilaga f\u00f3lk, \u00feeir hinir endurleystu Drottins og \u00fe\u00fa munt kallast Hin <span class=\"athugasemd\" title=\"a \/ Heims\u00f3tta) \/ \u00dea\u00f0 er, h\u00fan hverrar vitja\u00f0 er \/ Matthei xxi.\">[<\/span> heims\u00f3tta borg og ekki hin fyrirlitna.<\/p>\n","protected":false},"excerpt":{"rendered":"<p>LXI. Vegna S\u00edon mun eg eigi \u00feegja og vegna Jer\u00fasalem mun eg eigi hv\u00edlast \u00feanga\u00f0 til a\u00f0 hennar r\u00e9ttl\u00e6ti uppgengur sem annar geisli og hennar hj\u00e1lpr\u00e6\u00f0i uppkveikist sem annar lj\u00f3slogi so a\u00f0 hinir hei\u00f0nu sj\u00e1i \u00feitt r\u00e9ttl\u00e6ti og allir k\u00f3ngarnir \u00fe\u00edna d\u00fdr\u00f0arvegsemd. [ Og \u00fe\u00fa skalt me\u00f0 n\u00fdju nafni nefnd ver\u00f0a hvert e\u00f0 munnur Drottins mun \u00feig nefna. Og \u00fe\u00fa munt vera eitt d\u00fdr\u00f0ardj\u00e1sn \u00ed hendi Drottins og ein k\u00f3ngleg k\u00f3r\u00f3na \u00ed hendi Gu\u00f0s \u00fe\u00edns. \u00de\u00fa skalt ekki lengur kallast hin fyrirlitna n\u00e9 \u00feitt land forey\u00f0sla kallast heldur skalt \u00fe\u00fa kallast M\u00edn \u00e1st til hennar og \u00feitt land Minn k\u00e6ri <a href=\"https:\/\/biblian.is\/gudbrandsbiblia\/jesaja-62-kafli\/\"> [&#8230;]<\/a><\/p>\n","protected":false},"author":1,"featured_media":0,"parent":0,"menu_order":0,"comment_status":"open","ping_status":"open","template":"bibliukaflar.php","meta":{"footnotes":""},"class_list":["post-3436","page","type-page","status-publish","hentry"],"_links":{"self":[{"href":"https:\/\/biblian.is\/gudbrandsbiblia\/wp-json\/wp\/v2\/pages\/3436","targetHints":{"allow":["GET"]}}],"collection":[{"href":"https:\/\/biblian.is\/gudbrandsbiblia\/wp-json\/wp\/v2\/pages"}],"about":[{"href":"https:\/\/biblian.is\/gudbrandsbiblia\/wp-json\/wp\/v2\/types\/page"}],"author":[{"embeddable":true,"href":"https:\/\/biblian.is\/gudbrandsbiblia\/wp-json\/wp\/v2\/users\/1"}],"replies":[{"embeddable":true,"href":"https:\/\/biblian.is\/gudbrandsbiblia\/wp-json\/wp\/v2\/comments?post=3436"}],"version-history":[{"count":0,"href":"https:\/\/biblian.is\/gudbrandsbiblia\/wp-json\/wp\/v2\/pages\/3436\/revisions"}],"wp:attachment":[{"href":"https:\/\/biblian.is\/gudbrandsbiblia\/wp-json\/wp\/v2\/media?parent=3436"}],"curies":[{"name":"wp","href":"https:\/\/api.w.org\/{rel}","templated":true}]}}