{"id":3435,"date":"2017-12-18T18:33:40","date_gmt":"2017-12-18T18:33:40","guid":{"rendered":"http:\/\/biblian.is\/gudbrandsbiblia\/jesaja-61-kafli\/"},"modified":"2017-12-18T18:33:40","modified_gmt":"2017-12-18T18:33:40","slug":"jesaja-61-kafli","status":"publish","type":"page","link":"https:\/\/biblian.is\/gudbrandsbiblia\/jesaja-61-kafli\/","title":{"rendered":"Jesaja 61. kafli"},"content":{"rendered":"<p>LXI.<\/p>\n<p>Andi Drottins er yfir m\u00e9r, \u00fear fyrir hefur Drottinn smurt mig. <span class=\"athugasemd\" title=\"Emb\u00e6tti herrans Christi\">[<\/span> Hann hefur sent mig til a\u00f0 pr\u00e9dika vol\u00f6\u00f0um og a\u00f0 gr\u00e6\u00f0a sundra\u00f0a \u00ed hj\u00f6rtumog til a\u00f0 pr\u00e9dika \u00feeim herteknu frelsi og \u00fea\u00f0 \u00feakkn\u00e6milegt \u00e1r Drottins og einn hefndardag vors Gu\u00f0s til huggunar \u00f6llum harm\u00ferungnum, til a\u00f0 afreka \u00feeim sorgbitnu \u00ed S\u00edon a\u00f0 \u00feeim gefist fegur\u00f0arpr\u00fd\u00f0in fyrir \u00f6skuna og fagna\u00f0arvi\u00f0smj\u00f6r fyrir hrygg\u00f0ina og h\u00e1t\u00ed\u00f0arb\u00faningur fyrir sorgaranda so a\u00f0 \u00feeir kalla\u00f0ir ver\u00f0i tr\u00e9 r\u00e9ttl\u00e6tisins, r\u00f3tsetningin Drottins til d\u00fdrkunar. <span class=\"athugasemd\" title=\"Luc. yii.\">[<\/span> \u00deeir munu \u00fe\u00e6r g\u00f6mlu foreyddu borgir uppbyggja og \u00fatr\u00e9tta \u00fea\u00f0 aftur hva\u00f0 fyrr meir var ni\u00f0urbroti\u00f0. \u00deeir munu uppn\u00fdja aftur \u00fe\u00e6r foreyddu borgirnar sem um aldur og \u00e6vi hafa \u00ed ey\u00f0i legi\u00f0.<\/p>\n<p>\tFramandi menn munu standa og y\u00f0rar hjar\u00f0ar g\u00e6ta og hinir \u00fatlensku munu y\u00f0rir akurkarlar og v\u00edngar\u00f0smenn vera. En \u00fe\u00e9r skulu\u00f0 Drottins kennimenn heita og \u00feeir munu kalla y\u00f0ur \u00fej\u00f3na Gu\u00f0s vors. Og \u00fe\u00e9r munu\u00f0 eta au\u00f0\u00e6fin hei\u00f0inna \u00fej\u00f3\u00f0a og hr\u00f3sa y\u00f0ur yfir \u00feeirra vegsemd. Fyrir y\u00f0ra forsm\u00e1n skal tvefalt koma og fyrir y\u00f0ra vanvir\u00f0u skulu \u00feeir gla\u00f0v\u00e6rir vera \u00e1 \u00feeirra akurl\u00f6ndum. \u00dev\u00ed a\u00f0 \u00feeir skulu tvisvar sinnum eignast so miki\u00f0 \u00ed \u00feeirra landi, \u00feeir skulu eil\u00edflegan f\u00f6gnu\u00f0 hafa. \u00dev\u00ed a\u00f0 eg em Drottinn s\u00e1 e\u00f0 r\u00e9ttd\u00e6mi\u00f0 elskar og a\u00f0 hatri hefur \u00fea\u00f0 r\u00e1nfengi\u00f0 f\u00e9 \u00ed brennioffur. Og eg mun \u00fea\u00f0 gj\u00f6ra a\u00f0 \u00feeirra erfi\u00f0i skal vissilegt vera og einn eil\u00edfan s\u00e1ttm\u00e1la vil eg gj\u00f6ra vi\u00f0 \u00fe\u00e1. Og \u00feeirra s\u00e6\u00f0i skal au\u00f0kennt me\u00f0al hei\u00f0inna \u00fej\u00f3\u00f0a og \u00feeirra eftirkomendur me\u00f0al f\u00f3lksins so a\u00f0 allir \u00feeir sem \u00fe\u00e1 munu sj\u00e1 munu \u00feekkja \u00fe\u00e1 a\u00f0 \u00feeir s\u00e9 \u00fea\u00f0 blessa\u00f0a s\u00e6\u00f0i\u00f0 af Drottni.<\/p>\n<p>\tEg gle\u00f0 mig \u00ed Drottni og m\u00edn s\u00e1la er gla\u00f0v\u00e6ri \u00ed Gu\u00f0i m\u00ednum <span class=\"athugasemd\" title=\"\u00deakkargj\u00f6r\u00f0 fyrir me\u00f0tekna velgj\u00f6rninga Christi\">[<\/span> <\/p>\n<p>\t\u00fev\u00ed a\u00f0 hann hefur \u00edkl\u00e6tt mig me\u00f0 kl\u00e6\u00f0um hj\u00e1lpr\u00e6\u00f0isins og me\u00f0ur m\u00f6ttlinum r\u00e9ttl\u00e6tisins kl\u00e6ddi hann mig<\/p>\n<p>\tl\u00edka sem br\u00fa\u00f0guma skr\u00fdddan kennimannlegum tignarb\u00faningi og so sem a\u00f0ra br\u00fa\u00f0i \u00fe\u00e1 e\u00f0 gl\u00f3ar \u00ed s\u00ednu skarti.<\/p>\n<p>\t\u00dev\u00ed a\u00f0 l\u00edka sem \u00e1v\u00f6xturinn vex \u00far j\u00f6r\u00f0unni og s\u00e6\u00f0i\u00f0 upprennur \u00ed grasgar\u00f0inum<\/p>\n<p>\tl\u00edka so mun r\u00e9ttl\u00e6ti\u00f0 og lofs\u00f6gnin uppganga fyrir \u00f6llum \u00fej\u00f3\u00f0um af Drottni Drottni.<\/p>\n","protected":false},"excerpt":{"rendered":"<p>LXI. Andi Drottins er yfir m\u00e9r, \u00fear fyrir hefur Drottinn smurt mig. [ Hann hefur sent mig til a\u00f0 pr\u00e9dika vol\u00f6\u00f0um og a\u00f0 gr\u00e6\u00f0a sundra\u00f0a \u00ed hj\u00f6rtumog til a\u00f0 pr\u00e9dika \u00feeim herteknu frelsi og \u00fea\u00f0 \u00feakkn\u00e6milegt \u00e1r Drottins og einn hefndardag vors Gu\u00f0s til huggunar \u00f6llum harm\u00ferungnum, til a\u00f0 afreka \u00feeim sorgbitnu \u00ed S\u00edon a\u00f0 \u00feeim gefist fegur\u00f0arpr\u00fd\u00f0in fyrir \u00f6skuna og fagna\u00f0arvi\u00f0smj\u00f6r fyrir hrygg\u00f0ina og h\u00e1t\u00ed\u00f0arb\u00faningur fyrir sorgaranda so a\u00f0 \u00feeir kalla\u00f0ir ver\u00f0i tr\u00e9 r\u00e9ttl\u00e6tisins, r\u00f3tsetningin Drottins til d\u00fdrkunar. [ \u00deeir munu \u00fe\u00e6r g\u00f6mlu foreyddu borgir uppbyggja og \u00fatr\u00e9tta \u00fea\u00f0 aftur hva\u00f0 fyrr meir var ni\u00f0urbroti\u00f0. \u00deeir munu uppn\u00fdja aftur <a href=\"https:\/\/biblian.is\/gudbrandsbiblia\/jesaja-61-kafli\/\"> [&#8230;]<\/a><\/p>\n","protected":false},"author":1,"featured_media":0,"parent":0,"menu_order":0,"comment_status":"open","ping_status":"open","template":"bibliukaflar.php","meta":{"footnotes":""},"class_list":["post-3435","page","type-page","status-publish","hentry"],"_links":{"self":[{"href":"https:\/\/biblian.is\/gudbrandsbiblia\/wp-json\/wp\/v2\/pages\/3435","targetHints":{"allow":["GET"]}}],"collection":[{"href":"https:\/\/biblian.is\/gudbrandsbiblia\/wp-json\/wp\/v2\/pages"}],"about":[{"href":"https:\/\/biblian.is\/gudbrandsbiblia\/wp-json\/wp\/v2\/types\/page"}],"author":[{"embeddable":true,"href":"https:\/\/biblian.is\/gudbrandsbiblia\/wp-json\/wp\/v2\/users\/1"}],"replies":[{"embeddable":true,"href":"https:\/\/biblian.is\/gudbrandsbiblia\/wp-json\/wp\/v2\/comments?post=3435"}],"version-history":[{"count":0,"href":"https:\/\/biblian.is\/gudbrandsbiblia\/wp-json\/wp\/v2\/pages\/3435\/revisions"}],"wp:attachment":[{"href":"https:\/\/biblian.is\/gudbrandsbiblia\/wp-json\/wp\/v2\/media?parent=3435"}],"curies":[{"name":"wp","href":"https:\/\/api.w.org\/{rel}","templated":true}]}}