{"id":3433,"date":"2017-12-18T18:33:36","date_gmt":"2017-12-18T18:33:36","guid":{"rendered":"http:\/\/biblian.is\/gudbrandsbiblia\/jesaja-59-kafli\/"},"modified":"2017-12-18T18:33:36","modified_gmt":"2017-12-18T18:33:36","slug":"jesaja-59-kafli","status":"publish","type":"page","link":"https:\/\/biblian.is\/gudbrandsbiblia\/jesaja-59-kafli\/","title":{"rendered":"Jesaja 59. kafli"},"content":{"rendered":"<p>LIX.<\/p>\n<p>Sj\u00e1 \u00fe\u00fa, h\u00f6nd Drottins er ei so stutt vor\u00f0in \u00fea\u00f0 hann kunni ei a\u00f0 hj\u00e1lpa og hans eyru eru ei so \u00feykk vor\u00f0in a\u00f0 hann heyri ei heldur y\u00f0rar illgj\u00f6r\u00f0ir a\u00f0skilja y\u00f0ur og y\u00f0varn Gu\u00f0 hvora fr\u00e1 \u00f6\u00f0rum og y\u00f0rar syndir byrgja hans andlit fyrir y\u00f0ur so a\u00f0 \u00fe\u00e9r ver\u00f0i\u00f0 ei b\u00e6nheyr\u00f0ir. <span class=\"athugasemd\" title=\"Hvar fyrir Gu\u00f0 straffi menn, einkum fyrir syndirnar\">[<\/span> \u00dev\u00ed a\u00f0 y\u00f0rar hendur eru me\u00f0 bl\u00f3\u00f0i saurga\u00f0ar og y\u00f0rir fingur me\u00f0 illgj\u00f6r\u00f0um, y\u00f0rar varir \u00fe\u00e6r tala lygar og y\u00f0ar tunga diktar \u00fea\u00f0 upp hva\u00f0 \u00f3r\u00e9tt er. \u00dear er s\u00e1 enginn sem af r\u00e9ttl\u00e6tinu pr\u00e9diki n\u00e9 tr\u00falega <span class=\"athugasemd\" title=\"a \/ D\u00e6mi) \/ \u00dea\u00f0 er, kenni \/ Supra. i. \/ S\u00e1l. vy. \/ Proverb. i. \/ R\u00f3m. iy.\">[<\/span> d\u00e6mi. \u00deeir treysta upp \u00e1 h\u00e9g\u00f3ma og tala \u00fea\u00f0 hva\u00f0 ei dugir. Me\u00f0 \u00f3g\u00e6funa eru \u00feeir \u00feunga\u00f0ir og fa\u00f0a arm\u00e6\u00f0i\u00f0.<\/p>\n<p>\t\u00deeir \u00fatklekja basiliskuseggjum og vefa k\u00f3ngul\u00f3arvefu. Hver hann etur af \u00feeirra eggjum s\u00e1 hl\u00fdtur a\u00f0 deyja en ver\u00f0i \u00feau \u00ed sundurtro\u00f0in \u00fe\u00e1 skr\u00ed\u00f0ur \u00fear einn eiturormur \u00fat. \u00deeirra k\u00f3ngul\u00f3avefur dugir ei til kl\u00e6\u00f0a og \u00fea\u00f0 sem \u00feeir hafa ofi\u00f0 dugir ei til skj\u00f3ls. \u00dev\u00ed a\u00f0 \u00feeirra verk eru erfi\u00f0ismunir og \u00ed \u00feeirra h\u00f6ndum er rangindi. \u00deeirra f\u00e6tur skunda til hins vonda og eru flj\u00f3tir til a\u00f0 \u00fathella saklausu bl\u00f3\u00f0i. \u00deeirra hugsanir eru erfi\u00f0ismunir, \u00feeirra vegur er allur fordj\u00f6rfung og ska\u00f0i. \u00deeir \u00feekkja ei veginn fri\u00f0arins og \u00fear er ekkert r\u00e9ttd\u00e6mi \u00ed \u00feeirra framg\u00f6ngu. \u00deeir eru fr\u00e1sn\u00fanir \u00e1 s\u00ednum vegum, hver e\u00f0 \u00fear upp \u00e1 gengur s\u00e1 hefir aldrei fri\u00f0. <span class=\"athugasemd\" title=\"Deutro. xxix.\">[<\/span> <\/p>\n<p>\t\u00dear fyrir er \u00fea\u00f0 r\u00e9ttd\u00e6mi\u00f0 langt fr\u00e1 oss og r\u00e9ttl\u00e6ti\u00f0 \u00fea\u00f0 \u00f6\u00f0lumst v\u00e9r ekki. V\u00e9r v\u00e6ntum lj\u00f3ssins, sj\u00e1 \u00fe\u00fa, \u00fe\u00e1 ver\u00f0ur myrkur, og \u00feeirrar birtunnar, sj\u00e1 \u00fe\u00fa, \u00fe\u00e1 g\u00f6ngum v\u00e9r \u00ed myrkrinu. V\u00e9r f\u00e1lmum eftir veggjum sem hinir sj\u00f3nlausu og \u00fereifum so sem \u00feeir e\u00f0 engin augu hafa. V\u00e6r steytum oss um mi\u00f0degi\u00f0 so sem \u00ed r\u00f6kkrinu, v\u00e9r erum \u00ed myrkrinu so sem hinir dau\u00f0u. V\u00e9r rymjum sem bj\u00f6rnd\u00fdr og krytjum sem d\u00fafur. \u00dev\u00ed a\u00f0 v\u00e9r v\u00e6ntum r\u00e9ttd\u00e6misins, \u00fe\u00e1 er \u00fea\u00f0 \u00fear ekki og eftir hj\u00e1lpr\u00e6\u00f0inu, \u00fe\u00e1 er \u00fea\u00f0 langt \u00ed burt fr\u00e1 oss.<\/p>\n<p>\t\u00dev\u00ed a\u00f0 vorar misgj\u00f6r\u00f0ir eru helst til miklar fyrir \u00fe\u00e9r og vorar syndir \u00fe\u00e6r andsvara \u00ed m\u00f3ti oss. \u00dev\u00ed a\u00f0 vorar misgj\u00f6r\u00f0ir eru hj\u00e1 oss og v\u00e9r finnum vorar syndir me\u00f0 illskuverkum og lj\u00fagum \u00e1 m\u00f3ti Drottni og me\u00f0 burtsn\u00faningu \u00ed fr\u00e1 vorum Gu\u00f0i me\u00f0 ofst\u00e6kisor\u00f0um og \u00f3hl\u00fd\u00f0ni, \u00e1stundum og uppkveikjum lygileg or\u00f0 \u00far hjartanu. \u00dear fyrir er einnin \u00fea\u00f0 r\u00e9ttd\u00e6mi til baka gengi\u00f0 og r\u00e9ttl\u00e6ti\u00f0 langt afvega fari\u00f0 \u00fev\u00ed sannleikurinn fellur ni\u00f0ur \u00e1 str\u00e6tunum og r\u00e9ttindin kunna ekki hinga\u00f0 a\u00f0 ganga. Og sannleikurinn er \u00ed burt og hann hver e\u00f0 sn\u00fdst fr\u00e1 illu s\u00e1 hl\u00fdtur a\u00f0 vera hvers manns herfang.<\/p>\n<p>\t\u00dea\u00f0 sama s\u00e9r Drottinn og \u00fea\u00f0 l\u00edkar honum illa a\u00f0 \u00fear er ekki neitt r\u00e9ttd\u00e6mi. <span class=\"athugasemd\" title=\"Huggunartraust \/ Ephe. vi. \/ i. Tess. v.\">[<\/span> Og hann s\u00e9r a\u00f0 \u00fear er enginn og hann fur\u00f0ar \u00fea\u00f0 a\u00f0 enginn gengur fram fyrir \u00fe\u00e1. \u00dear fyrir hj\u00e1lpar hann \u00feeim sj\u00e1lfur me\u00f0 s\u00ednum armlegg og hans r\u00e9ttl\u00e6ti \u00fea\u00f0 styrkir hann. \u00dev\u00ed a\u00f0 hann \u00edkl\u00e6\u00f0ist r\u00e9ttl\u00e6tinu sem hringabrynju og setur hj\u00e1lpr\u00e6\u00f0ishj\u00e1lminn \u00e1 sitt h\u00f6fu\u00f0 og b\u00fdr sig \u00fat til hefndar og kl\u00e6\u00f0ir sig me\u00f0 vandl\u00e6tinu sem me\u00f0 \u00f6\u00f0rum kyrtli, so sem til a\u00f0 endurgjalda s\u00ednum m\u00f3tst\u00f6\u00f0um\u00f6nnum og a\u00f0 b\u00edtala s\u00ednum \u00f3vinum me\u00f0ur grimmdarhefnd, j\u00e1 \u00feeim eyj\u00f6num vill hann bitala so a\u00f0 \u00feeir \u00f3ttist nafni\u00f0 Drottins \u00ed fr\u00e1 ni\u00f0urg\u00f6ngu og hans d\u00fdr\u00f0arvegsemd \u00ed fr\u00e1 uppg\u00f6ngu s\u00f3larinnar, n\u00e6r e\u00f0 hann mun koma so sem einn st\u00edfldur straumur \u00feann vindur Drottins framdr\u00edfur.<\/p>\n<p>\t\u00dev\u00ed a\u00f0 \u00feeim til S\u00edon mun endurlausnarinn koma og \u00feeim sem s\u00e9r \u00ed burt sn\u00faa fr\u00e1 syndunum \u00ed Jakob, segir Drottinn, og eg gj\u00f6ri svoddan s\u00e1ttm\u00e1la vi\u00f0ur \u00fe\u00e1, segir Drottinn. Minn andi sem hj\u00e1 \u00fe\u00e9r er og m\u00edn or\u00f0 sem eg hefi lagt \u00fe\u00e9r \u00ed munn skulu ekki \u00ed burt v\u00edkja af \u00fe\u00ednum munni n\u00e9 af munni \u00fe\u00edns s\u00e6\u00f0is og barnabarna, segir Drottinn, h\u00e9\u00f0an \u00ed fr\u00e1 og a\u00f0 eil\u00edfu. <span class=\"athugasemd\" title=\"R\u00f3m. xi. \/ Fyrirheit \u00fea\u00f0 kristileg kirkja skal vi\u00f0haldast\">[<\/span><\/p>\n","protected":false},"excerpt":{"rendered":"<p>LIX. Sj\u00e1 \u00fe\u00fa, h\u00f6nd Drottins er ei so stutt vor\u00f0in \u00fea\u00f0 hann kunni ei a\u00f0 hj\u00e1lpa og hans eyru eru ei so \u00feykk vor\u00f0in a\u00f0 hann heyri ei heldur y\u00f0rar illgj\u00f6r\u00f0ir a\u00f0skilja y\u00f0ur og y\u00f0varn Gu\u00f0 hvora fr\u00e1 \u00f6\u00f0rum og y\u00f0rar syndir byrgja hans andlit fyrir y\u00f0ur so a\u00f0 \u00fe\u00e9r ver\u00f0i\u00f0 ei b\u00e6nheyr\u00f0ir. [ \u00dev\u00ed a\u00f0 y\u00f0rar hendur eru me\u00f0 bl\u00f3\u00f0i saurga\u00f0ar og y\u00f0rir fingur me\u00f0 illgj\u00f6r\u00f0um, y\u00f0rar varir \u00fe\u00e6r tala lygar og y\u00f0ar tunga diktar \u00fea\u00f0 upp hva\u00f0 \u00f3r\u00e9tt er. \u00dear er s\u00e1 enginn sem af r\u00e9ttl\u00e6tinu pr\u00e9diki n\u00e9 tr\u00falega [ d\u00e6mi. \u00deeir treysta upp \u00e1 h\u00e9g\u00f3ma og tala <a href=\"https:\/\/biblian.is\/gudbrandsbiblia\/jesaja-59-kafli\/\"> [&#8230;]<\/a><\/p>\n","protected":false},"author":1,"featured_media":0,"parent":0,"menu_order":0,"comment_status":"open","ping_status":"open","template":"bibliukaflar.php","meta":{"footnotes":""},"class_list":["post-3433","page","type-page","status-publish","hentry"],"_links":{"self":[{"href":"https:\/\/biblian.is\/gudbrandsbiblia\/wp-json\/wp\/v2\/pages\/3433","targetHints":{"allow":["GET"]}}],"collection":[{"href":"https:\/\/biblian.is\/gudbrandsbiblia\/wp-json\/wp\/v2\/pages"}],"about":[{"href":"https:\/\/biblian.is\/gudbrandsbiblia\/wp-json\/wp\/v2\/types\/page"}],"author":[{"embeddable":true,"href":"https:\/\/biblian.is\/gudbrandsbiblia\/wp-json\/wp\/v2\/users\/1"}],"replies":[{"embeddable":true,"href":"https:\/\/biblian.is\/gudbrandsbiblia\/wp-json\/wp\/v2\/comments?post=3433"}],"version-history":[{"count":0,"href":"https:\/\/biblian.is\/gudbrandsbiblia\/wp-json\/wp\/v2\/pages\/3433\/revisions"}],"wp:attachment":[{"href":"https:\/\/biblian.is\/gudbrandsbiblia\/wp-json\/wp\/v2\/media?parent=3433"}],"curies":[{"name":"wp","href":"https:\/\/api.w.org\/{rel}","templated":true}]}}