{"id":3431,"date":"2017-12-18T18:33:36","date_gmt":"2017-12-18T18:33:36","guid":{"rendered":"http:\/\/biblian.is\/gudbrandsbiblia\/jesaja-58-kafli\/"},"modified":"2017-12-18T18:33:36","modified_gmt":"2017-12-18T18:33:36","slug":"jesaja-58-kafli","status":"publish","type":"page","link":"https:\/\/biblian.is\/gudbrandsbiblia\/jesaja-58-kafli\/","title":{"rendered":"Jesaja 58. kafli"},"content":{"rendered":"<p>LVIII.<\/p>\n<p>Kalla \u00fe\u00fa \u00ed \u00e1kef\u00f0, v\u00e6g eigi, upphef \u00fe\u00edna raust sem herl\u00fa\u00f0ur og kunngj\u00f6r m\u00ednu f\u00f3lki \u00feeirra misgj\u00f6r\u00f0ir og \u00fev\u00ed h\u00fasinu Jakobs s\u00ednar syndir. \u00deeir leita m\u00edn daglega og vilja vita m\u00edna vegu sem f\u00f3lk e\u00f0 r\u00e9ttv\u00edsina gj\u00f6rir og d\u00f3minn s\u00edns Gu\u00f0s hefur ekki yfirgefi\u00f0. <span class=\"athugasemd\" title=\"Matth. vi.\">[<\/span> \u00deeir krefja mig til d\u00f3ms og vilja \u00fereyta l\u00f6g vi\u00f0 \u00feeirra Gu\u00f0. Hvar fyrir \u00fe\u00e1 f\u00f6stum v\u00e9r og \u00fe\u00fa \u00e1l\u00edtur \u00fea\u00f0 ekki? Hvar fyrir \u00fej\u00e1um v\u00e9r so vort l\u00edf og \u00fe\u00fa vilt eigi vita \u00fea\u00f0? <\/p>\n<p>\tSj\u00e1i\u00f0, n\u00e6r \u00fe\u00e9r fasti\u00f0 \u00fe\u00e1 gj\u00f6ri \u00fe\u00e9r y\u00f0varn vilja og \u00fevingi\u00f0 alla y\u00f0ra skuldamenn. <span class=\"athugasemd\" title=\"Hr\u00e6snarafastan\">[<\/span> Sj\u00e1i\u00f0, \u00fe\u00e9r fasti\u00f0 a\u00f0 \u00fe\u00e9r deili\u00f0 og \u00fer\u00e6ti\u00f0 og ryskist me\u00f0 hnefunum \u00f3gu\u00f0legana. Fasti\u00f0 ei so sem \u00fe\u00e9r fasti\u00f0 n\u00fa so a\u00f0 af y\u00f0ur heyrt ver\u00f0i eitt kall \u00ed upph\u00e6\u00f0irnar. Og skyldi \u00fea\u00f0 vera s\u00fa fasta hverja eg skyldi \u00fatvelja \u00fea\u00f0 ma\u00f0urinn \u00fevingi allan dag sitt l\u00edf e\u00f0ur hengi ni\u00f0ur h\u00f6fu\u00f0i\u00f0 sem h\u00e1lmstr\u00e1 e\u00f0ur liggi \u00ed sekk og \u00f6sku? Vilji \u00fe\u00e9r kalla \u00fea\u00f0 f\u00f6stu og \u00feann \u00feakkn\u00e6milegan dag Drottins?<\/p>\n<p>\tEn \u00fea\u00f0 er s\u00fa fasta sem eg \u00fatvel: <span class=\"athugasemd\" title=\"Ein s\u00f6nn og r\u00e9tt fasta \/ Jak. vy. \/ Esak. xviii. \/ Matth. xx.\">[<\/span> L\u00e1ttu \u00fe\u00e1 li\u00f0uga sem \u00fe\u00fa hefur me\u00f0 rangindum \u00ed b\u00f6nd sett, l\u00e1t lausa sem \u00fe\u00fa of \u00feyngir, gef \u00fe\u00e1 frj\u00e1lsa sem \u00fe\u00fa \u00ferengir, sl\u00edt \u00ed burt allan ofur\u00feunga. Brj\u00f3t \u00fe\u00fa hungru\u00f0um \u00feitt brau\u00f0 og innlei\u00f0 \u00fe\u00e1 sem vola\u00f0ir eru \u00ed \u00feitt h\u00fas. S\u00e9r \u00fe\u00fa nokkurn nakinn \u00fe\u00e1 kl\u00e6\u00f0 \u00fe\u00fa hann og \u00f3vir\u00f0 ekki \u00feitt eigi\u00f0 hold. \u00de\u00e1 mun \u00feitt lj\u00f3s h\u00e9r frambrj\u00f3tast sem morgunro\u00f0i og \u00fe\u00edn forberan mun snarleg aukast og \u00feitt r\u00e9ttl\u00e6ti mun ganga fram fyrri \u00fe\u00e9r og d\u00fdr\u00f0in Drotins mun taka \u00feig til s\u00edn. \u00de\u00e1 muntu kalla og Drottinn mun \u00fe\u00e9r \u00fe\u00e1 andsvar gefa. \u00de\u00e1 e\u00f0 \u00fe\u00fa kallar \u00fe\u00e1 mun hann segja: Sj\u00e1 \u00fe\u00fa, h\u00e9r em eg. <\/p>\n<p>\tEf a\u00f0 \u00fe\u00fa \u00feyngir \u00f6ngvan hj\u00e1 \u00fe\u00e9r og <span class=\"athugasemd\" title=\"a V\u00edsar\">[<\/span> peikar ei fingri a\u00f0 neinum og talar eigi neitt vondslegt og l\u00e6tur hinn hungra\u00f0a finna \u00feitt hjarta og mettar svo \u00fe\u00e1 hinu f\u00e1r\u00e1\u00f0u s\u00e1lu \u00fe\u00e1 mun \u00feitt lj\u00f3s \u00ed myrkrunum upprenna og \u00fe\u00edn myrkur munu vera sem mi\u00f0degisbirta. Og Drottinn mun \u00fe\u00e9r \u00e6t\u00ed\u00f0 veg v\u00edsa og \u00fe\u00edna s\u00e1lu se\u00f0ja \u00ed \u00feurrkinum og \u00fe\u00edn bein styrkja. Og \u00fe\u00fa munt vera sem annar v\u00f6kva\u00f0ur jurtragar\u00f0ur og sem annar uppsprettubrunnur \u00feann aldrei \u00fer\u00fdtur vatn. Og fyrir \u00feig skal uppbyggt ver\u00f0a hva\u00f0 lengi hefur \u00ed ey\u00f0i veri\u00f0 og \u00fe\u00fa munt \u00feann grundv\u00f6ll leggja sem standa mun um aldur og \u00e6vi og \u00fe\u00fa skalt kallast uppbyggjari ni\u00f0urfallinna borga og s\u00e1 e\u00f0 vegina forbetrar so a\u00f0 \u00fear megi b\u00faa.<\/p>\n<p>\tEf a\u00f0 \u00fe\u00fa burtsn\u00fdr \u00fe\u00ednum f\u00e6ti fr\u00e1 \u00fevottdeginum soa a\u00f0 \u00fe\u00fa gj\u00f6rir ekki hva\u00f0 \u00fe\u00fa vilt sj\u00e1lfur \u00e1 m\u00ednum heil\u00f6gum degi \u00fe\u00e1 mun \u00fea\u00f0 lystilegur \u00fevottdagur kallast, Drottni til helgunar og d\u00fdrkunar. <span class=\"athugasemd\" title=\"\u00devottdagshelgunin \/ H\u00e9r segir og framsetur hann r\u00e9tt og s\u00f6nn \u00fevottdagsverk sem er a\u00f0 heyra Gu\u00f0s or\u00f0 og huglei\u00f0a hans verk\">[<\/span> \u00dev\u00ed a\u00f0 \u00fe\u00e1 muntu veglegan halda \u00feann sama n\u00e6r e\u00f0 \u00fe\u00fa gj\u00f6rir ekki \u00fe\u00edna vegu og a\u00f0 \u00fea\u00f0 ver\u00f0i ekki \u00fear inni fundi\u00f0 hva\u00f0 \u00fe\u00e9r sj\u00e1lfum vel l\u00edkar e\u00f0a \u00fea\u00f0 hva\u00f0 \u00fe\u00fa talar. \u00de\u00e1 muntu una\u00f0semd hafa \u00e1 Drottni og eg mun hafa \u00feig upp yfir h\u00e6\u00f0ir jar\u00f0arinnar og mun f\u00e6\u00f0a \u00feig me\u00f0ur arfleif\u00f0 \u00fe\u00edns f\u00f6\u00f0urs Jakobs. \u00dev\u00ed a\u00f0 munnur Drottins hann segir \u00fea\u00f0.<\/p>\n","protected":false},"excerpt":{"rendered":"<p>LVIII. Kalla \u00fe\u00fa \u00ed \u00e1kef\u00f0, v\u00e6g eigi, upphef \u00fe\u00edna raust sem herl\u00fa\u00f0ur og kunngj\u00f6r m\u00ednu f\u00f3lki \u00feeirra misgj\u00f6r\u00f0ir og \u00fev\u00ed h\u00fasinu Jakobs s\u00ednar syndir. \u00deeir leita m\u00edn daglega og vilja vita m\u00edna vegu sem f\u00f3lk e\u00f0 r\u00e9ttv\u00edsina gj\u00f6rir og d\u00f3minn s\u00edns Gu\u00f0s hefur ekki yfirgefi\u00f0. [ \u00deeir krefja mig til d\u00f3ms og vilja \u00fereyta l\u00f6g vi\u00f0 \u00feeirra Gu\u00f0. Hvar fyrir \u00fe\u00e1 f\u00f6stum v\u00e9r og \u00fe\u00fa \u00e1l\u00edtur \u00fea\u00f0 ekki? Hvar fyrir \u00fej\u00e1um v\u00e9r so vort l\u00edf og \u00fe\u00fa vilt eigi vita \u00fea\u00f0? Sj\u00e1i\u00f0, n\u00e6r \u00fe\u00e9r fasti\u00f0 \u00fe\u00e1 gj\u00f6ri \u00fe\u00e9r y\u00f0varn vilja og \u00fevingi\u00f0 alla y\u00f0ra skuldamenn. [ Sj\u00e1i\u00f0, \u00fe\u00e9r fasti\u00f0 a\u00f0 <a href=\"https:\/\/biblian.is\/gudbrandsbiblia\/jesaja-58-kafli\/\"> [&#8230;]<\/a><\/p>\n","protected":false},"author":1,"featured_media":0,"parent":0,"menu_order":0,"comment_status":"open","ping_status":"open","template":"bibliukaflar.php","meta":{"footnotes":""},"class_list":["post-3431","page","type-page","status-publish","hentry"],"_links":{"self":[{"href":"https:\/\/biblian.is\/gudbrandsbiblia\/wp-json\/wp\/v2\/pages\/3431","targetHints":{"allow":["GET"]}}],"collection":[{"href":"https:\/\/biblian.is\/gudbrandsbiblia\/wp-json\/wp\/v2\/pages"}],"about":[{"href":"https:\/\/biblian.is\/gudbrandsbiblia\/wp-json\/wp\/v2\/types\/page"}],"author":[{"embeddable":true,"href":"https:\/\/biblian.is\/gudbrandsbiblia\/wp-json\/wp\/v2\/users\/1"}],"replies":[{"embeddable":true,"href":"https:\/\/biblian.is\/gudbrandsbiblia\/wp-json\/wp\/v2\/comments?post=3431"}],"version-history":[{"count":0,"href":"https:\/\/biblian.is\/gudbrandsbiblia\/wp-json\/wp\/v2\/pages\/3431\/revisions"}],"wp:attachment":[{"href":"https:\/\/biblian.is\/gudbrandsbiblia\/wp-json\/wp\/v2\/media?parent=3431"}],"curies":[{"name":"wp","href":"https:\/\/api.w.org\/{rel}","templated":true}]}}