{"id":3428,"date":"2017-12-18T18:33:36","date_gmt":"2017-12-18T18:33:36","guid":{"rendered":"http:\/\/biblian.is\/gudbrandsbiblia\/jesaja-55-kafli\/"},"modified":"2017-12-18T18:33:36","modified_gmt":"2017-12-18T18:33:36","slug":"jesaja-55-kafli","status":"publish","type":"page","link":"https:\/\/biblian.is\/gudbrandsbiblia\/jesaja-55-kafli\/","title":{"rendered":"Jesaja 55. kafli"},"content":{"rendered":"<p>LV.<\/p>\n<p>N\u00fa vel, allir \u00fe\u00e9r sem \u00feyrstir eru\u00f0, komi\u00f0 hinga\u00f0 til vatsins, og \u00fe\u00e9r sem \u00f6ngva peninga hafi\u00f0, komi\u00f0 hinga\u00f0, kaupi\u00f0 og eti\u00f0, komi\u00f0 hinga\u00f0 og kaupi\u00f0 \u00e1n peninga, fyrir ekki neitt, b\u00e6\u00f0i v\u00edn og mj\u00f3lk. <span class=\"athugasemd\" title=\"\u00c1minning til a\u00f0 heyra Gu\u00f0s or\u00f0 \/ J\u00f3h. vy.\">[<\/span> Hvar fyrir telji \u00fe\u00e9r peninga \u00fat \u00fear ekki neitt brau\u00f0 er og kosti\u00f0 \u00fear y\u00f0ru erfi\u00f0i til hvar \u00fe\u00e9r kunni\u00f0 ekki saddir a\u00f0 ver\u00f0a? Heyri \u00fe\u00e9r m\u00e9r heldur og eti\u00f0 \u00fea\u00f0 g\u00f3\u00f0a, \u00fe\u00e1 mun y\u00f0ar s\u00e1la \u00ed s\u00e6lg\u00e6ti feit ver\u00f0a. Hneigi\u00f0 y\u00f0ar eyru hinga\u00f0 og komi\u00f0 h\u00e9r til m\u00edn. Heyri\u00f0, \u00fe\u00e1 mun y\u00f0var s\u00e1la lifa \u00fev\u00ed a\u00f0 eg mun vi\u00f0 y\u00f0ur eil\u00edflegan s\u00e1ttm\u00e1la gj\u00f6ra, einkum sem er \u00fe\u00e1 vissulega n\u00e1\u00f0ina <span class=\"athugasemd\" title=\"a \/ Dav\u00ed\u00f0s) \/ S\u00fa sem Davi\u00f0 var fyrirheitin\">[<\/span> Dav\u00ed\u00f0s. <span class=\"athugasemd\" title=\"ii. Reg. vy. \/ Act. xiy.\">[<\/span> Sj\u00e1 \u00fe\u00fa, eg hefi sett hann l\u00fd\u00f0num til vitnismanns, til h\u00f6f\u00f0ingja og yfirbo\u00f0ara f\u00f3lkino. \u00de\u00fa mant hina hei\u00f0nu kalla hverja e\u00f0 \u00fe\u00fa \u00feekkir ei og \u00feeir hinir hei\u00f0nu sem ekki \u00feekkja \u00feig munu hlaupa til \u00fe\u00edn vegna Drottins Gu\u00f0s \u00fe\u00edns og \u00feess Hins heilaga \u00ed \u00cdsrael sem \u00feig vegsamar.<\/p>\n<p>\tLeiti\u00f0 Drottins \u00e1 me\u00f0an hann m\u00e1 finnast, kalli\u00f0 \u00e1 hann \u00e1 me\u00f0an hann er n\u00e1l\u00e6gur. S\u00e1 hinn \u00f3gu\u00f0legi l\u00e1ti af s\u00ednum vegi og illvirkinn af sinni hugsan og sn\u00fai s\u00e9r til Drottins, \u00fe\u00e1 mun hann miskunna honum, og til Gu\u00f0s vors, \u00fev\u00ed a\u00f0 \u00ed hj\u00e1 honum er mikil fyrirgefning. <span class=\"athugasemd\" title=\"S\u00e1l. cxxx.\">[<\/span> \u00dev\u00ed m\u00ednar hugsanir eru ei sem y\u00f0rar hugsanir og y\u00f0rir vegir eru ei m\u00ednir vegir, segir Drottinn. Heldur so miklu meir sem \u00fea\u00f0 himinninn er h\u00e6rri en j\u00f6r\u00f0in so eru einnin m\u00ednir vegir h\u00e6rri en y\u00f0rir vegir og m\u00ednar hugsanir en y\u00f0rar hugsanir.<\/p>\n<p>\t\u00dev\u00ed a\u00f0 l\u00edka sem regni\u00f0 og snj\u00f3rinn \u00fea\u00f0 kemur af himni ofan og fer ei \u00feanga\u00f0 aftur heldur v\u00f6kvar \u00fea\u00f0 j\u00f6r\u00f0ina og hana frj\u00f3vsama gj\u00f6rir og l\u00e6tur vaxa so a\u00f0 h\u00fan gefur s\u00e6\u00f0i\u00f0 til a\u00f0 s\u00e1 og brau\u00f0i\u00f0 til a\u00f0 eta, so skal \u00fea\u00f0 or\u00f0i\u00f0 sem \u00fat af m\u00ednum munni framgengur einnin vera: <span class=\"athugasemd\" title=\"\u00c1v\u00f6xtur gu\u00f0legs or\u00f0s\">[<\/span> \u00dea\u00f0 skal ekki t\u00f3mt aftur til m\u00edn koma heldur gj\u00f6ra \u00fea\u00f0 hva\u00f0 m\u00e9r vel \u00fe\u00f3knast og \u00fea\u00f0 skal vel gagnast \u00feeim til hverra eg sendi \u00fea\u00f0. \u00dev\u00ed a\u00f0 \u00fe\u00e9r skulu\u00f0 \u00ed gle\u00f0inni \u00ed burt fara og \u00ed fri\u00f0inu \u00fat leiddir ver\u00f0a. Fj\u00f6llin og h\u00e1lsarnir skulu fyrir y\u00f0ur gla\u00f0v\u00e6rir vera me\u00f0ur lofs\u00f6ng og \u00f6ll tr\u00e9n \u00e1 m\u00f6rkunum me\u00f0 l\u00f3faklappi. Greni\u00f0 skal vaxa \u00ed sta\u00f0inn \u00feistlanna og myrrutr\u00e9\u00f0 \u00ed sta\u00f0inn \u00feyrnanna. Og Drottni skal \u00fea\u00f0 eitt nafn og eitt eil\u00edft teikn vera \u00fea\u00f0 ekki mun \u00ed burt teki\u00f0 ver\u00f0a.<\/p>\n","protected":false},"excerpt":{"rendered":"<p>LV. N\u00fa vel, allir \u00fe\u00e9r sem \u00feyrstir eru\u00f0, komi\u00f0 hinga\u00f0 til vatsins, og \u00fe\u00e9r sem \u00f6ngva peninga hafi\u00f0, komi\u00f0 hinga\u00f0, kaupi\u00f0 og eti\u00f0, komi\u00f0 hinga\u00f0 og kaupi\u00f0 \u00e1n peninga, fyrir ekki neitt, b\u00e6\u00f0i v\u00edn og mj\u00f3lk. [ Hvar fyrir telji \u00fe\u00e9r peninga \u00fat \u00fear ekki neitt brau\u00f0 er og kosti\u00f0 \u00fear y\u00f0ru erfi\u00f0i til hvar \u00fe\u00e9r kunni\u00f0 ekki saddir a\u00f0 ver\u00f0a? Heyri \u00fe\u00e9r m\u00e9r heldur og eti\u00f0 \u00fea\u00f0 g\u00f3\u00f0a, \u00fe\u00e1 mun y\u00f0ar s\u00e1la \u00ed s\u00e6lg\u00e6ti feit ver\u00f0a. Hneigi\u00f0 y\u00f0ar eyru hinga\u00f0 og komi\u00f0 h\u00e9r til m\u00edn. Heyri\u00f0, \u00fe\u00e1 mun y\u00f0var s\u00e1la lifa \u00fev\u00ed a\u00f0 eg mun vi\u00f0 y\u00f0ur eil\u00edflegan s\u00e1ttm\u00e1la <a href=\"https:\/\/biblian.is\/gudbrandsbiblia\/jesaja-55-kafli\/\"> [&#8230;]<\/a><\/p>\n","protected":false},"author":1,"featured_media":0,"parent":0,"menu_order":0,"comment_status":"open","ping_status":"open","template":"bibliukaflar.php","meta":{"footnotes":""},"class_list":["post-3428","page","type-page","status-publish","hentry"],"_links":{"self":[{"href":"https:\/\/biblian.is\/gudbrandsbiblia\/wp-json\/wp\/v2\/pages\/3428","targetHints":{"allow":["GET"]}}],"collection":[{"href":"https:\/\/biblian.is\/gudbrandsbiblia\/wp-json\/wp\/v2\/pages"}],"about":[{"href":"https:\/\/biblian.is\/gudbrandsbiblia\/wp-json\/wp\/v2\/types\/page"}],"author":[{"embeddable":true,"href":"https:\/\/biblian.is\/gudbrandsbiblia\/wp-json\/wp\/v2\/users\/1"}],"replies":[{"embeddable":true,"href":"https:\/\/biblian.is\/gudbrandsbiblia\/wp-json\/wp\/v2\/comments?post=3428"}],"version-history":[{"count":0,"href":"https:\/\/biblian.is\/gudbrandsbiblia\/wp-json\/wp\/v2\/pages\/3428\/revisions"}],"wp:attachment":[{"href":"https:\/\/biblian.is\/gudbrandsbiblia\/wp-json\/wp\/v2\/media?parent=3428"}],"curies":[{"name":"wp","href":"https:\/\/api.w.org\/{rel}","templated":true}]}}