{"id":3426,"date":"2017-12-18T18:33:36","date_gmt":"2017-12-18T18:33:36","guid":{"rendered":"http:\/\/biblian.is\/gudbrandsbiblia\/jesaja-53-kafli\/"},"modified":"2017-12-18T18:33:36","modified_gmt":"2017-12-18T18:33:36","slug":"jesaja-53-kafli","status":"publish","type":"page","link":"https:\/\/biblian.is\/gudbrandsbiblia\/jesaja-53-kafli\/","title":{"rendered":"Jesaja 53. kafli"},"content":{"rendered":"<p>LIII.<\/p>\n<p>Sj\u00e1 \u00fe\u00fa, minn \u00fej\u00f3n mun forsj\u00e1llega breyta og hann mun forhefjast og mj\u00f6g h\u00e1tt upphafinn vera so \u00fea\u00f0 margir munu hneykslast \u00e1 honum af \u00fev\u00ed a\u00f0 hans \u00e1sj\u00f3na er vi\u00f0urstyggilegri heldur en annarra manna og hans yfirlitur heldur en mannanna sona. <span class=\"athugasemd\" title=\"Sp\u00e1d\u00f3mur af p\u00ednu og upprisu Christi og hans gj\u00f6rv\u00f6llu r\u00edki \/ Esa. lxv. \/ R\u00f3m. xv. \/ J\u00f3h. xiy. \/ R\u00f3m. x.\">[<\/span> En hann mun me\u00f0 \u00feessu <span class=\"athugasemd\" title=\"a \/ Afleysa \/ \u00dea\u00f0 er, yfirdreifa yfirst\u00f6kkva\">[<\/span> afleysa margar \u00fej\u00f3\u00f0ir so \u00fea\u00f0 einnin k\u00f3ngarnir muni s\u00ednum munni saman halda fyrir honum. \u00dev\u00ed a\u00f0 \u00fea\u00f0 sem ekkert er \u00fear af kunngj\u00f6rt \u00feeir s\u00f6mu munu sj\u00e1 \u00fea\u00f0 me\u00f0 fagna\u00f0i og hinir sem \u00fear hafa ekki neitt \u00fat af heyrt \u00feeir munu merkja \u00fea\u00f0.<\/p>\n<p>\tEn hver tr\u00fair vorri pr\u00e9dikan og hverjum ver\u00f0ur armleggur Drottins opinbera\u00f0ur? \u00dev\u00ed a\u00f0 hann sprettur upp fyrir honum l\u00edka sem v\u00ed\u00f0irunnur og so sem \u00f6nnur r\u00f3t \u00far \u00feurru landi. Hann hefir \u00f6ngvan yfirlit n\u00e9 fegur\u00f0. V\u00e9r s\u00e1um hann og \u00fear var ekkert \u00e1lit so a\u00f0 v\u00e9r hef\u00f0um m\u00e1tt girnast hans, hann var s\u00e1 hinn allra fyrirlitnasti og hinn forsm\u00e1narlegasti, fullur af sorg og krankleik, so var hann forsm\u00e1\u00f0ur a\u00f0 menn byrg\u00f0u s\u00edna \u00e1sj\u00f3nu fyrir honum, \u00fear fyrir \u00f6ktu\u00f0um v\u00e9r hann einskis.<\/p>\n<p>\tSannarlega \u00fe\u00e1 bar hann var krankd\u00e6mi og vorum hrygg\u00f0um hl\u00f3\u00f0 hann upp \u00e1 sig. <span class=\"athugasemd\" title=\"Matth. viy.\">[<\/span> En v\u00e9r h\u00e9ldum hann fyrir \u00feann sem pl\u00e1ga\u00f0ur var og af Gu\u00f0i v\u00e6ri sleginn og p\u00edndur. En fyrir vorra misgj\u00f6r\u00f0a sakir er hann s\u00e6r\u00f0ur og fyrir vorra synda sakir er hann lemstra\u00f0ur. Hegningin h\u00fan liggur \u00e1 honum upp \u00e1 \u00fea\u00f0 v\u00e9r hef\u00f0um fri\u00f0inn og fyrir hans benjar erum v\u00e9r heilbrig\u00f0ir vor\u00f0nir. <span class=\"athugasemd\" title=\"i. Petri y.\">[<\/span> V\u00e9r f\u00f3rum allir villt sem sau\u00f0ir, hver einn \u00fe\u00e1 r\u00e1sa\u00f0i s\u00edna g\u00f6tu en Drottinn lag\u00f0i allar vorar syndir upp \u00e1 hann.<\/p>\n<p>\t\u00de\u00e1 hann var\u00f0 straffa\u00f0ur og p\u00edndur upplauk hann ei s\u00ednum munni l\u00edka sem lamb \u00fea\u00f0 til dr\u00e1ps er leitt og so sem s\u00e1 sau\u00f0ur e\u00f0 \u00feegir fyrir \u00feeim e\u00f0 r\u00fdir hann og uppl\u00fdkur ei s\u00ednum munni. <span class=\"athugasemd\" title=\"Matt. xxvy. \/ J\u00f3h. i. \/ Act. viy.\">[<\/span> <\/p>\n<p>\tEn \u00far \u00feeirri angist og \u00feeim d\u00f3mi er hann \u00ed burt numinn, hver mun lengd hans l\u00edfdaga mega \u00fat segja? \u00devi a\u00f0 hann er af j\u00f6r\u00f0u lifandi manna \u00ed burt slitinn \u00fe\u00e1 e\u00f0 hann fyrir misgj\u00f6r\u00f0a sakir m\u00edns f\u00f3lks pl\u00e1ga\u00f0ur var og er greftra\u00f0ur l\u00edka sem s\u00e1 hinn \u00f3gu\u00f0legi og dey\u00f0i eins l\u00edka og hinn forr\u00edki, \u00fe\u00f3 a\u00f0 hann hef\u00f0i \u00f6ngum \u00f3r\u00e9tt gj\u00f6rt og \u00fea\u00f0 engin svik v\u00e6ri fundin \u00ed hans munni. En Drottinn vildi so kremja hann ni\u00f0ur me\u00f0 krankd\u00e6mi.<\/p>\n<p>\tFyrst hann hefur n\u00fa sitt l\u00edf til syndoffurs \u00fatgefi\u00f0 \u00fe\u00e1 mun hann s\u00e6\u00f0i hafa og allt lengi lifa og Drottins <span class=\"athugasemd\" title=\"b \/ \u00c1form) \/ \u00c1setningur, \u00fea\u00f0 Gu\u00f0 haf\u00f0i \u00ed sinni, sem var mannkynsins endurlausn \/ Matth. xv. \/ Luc. xxy.\">[<\/span> \u00e1form mun fyrir hans h\u00f6nd framganga. \u00dear fyrir a\u00f0 hans s\u00e1la hefir erfi\u00f0i dr\u00fdgt mun hann f\u00f6gnu\u00f0 sj\u00e1 og n\u00e6g\u00f0 hafa. Og fyrir s\u00edna vi\u00f0urkenning mun hann, minn \u00fej\u00f3n s\u00e1 hinn r\u00e9ttl\u00e1ti, marga r\u00e9ttl\u00e1ta gj\u00f6ra \u00fea\u00f0 hann ber \u00feeirra syndir. \u00dear fyrir mun eg honum mikinn fj\u00f6lda manna til b\u00fdtis gefa og honum skulu hinir \u00f6flugu a\u00f0 herfangi skiptast, \u00fear fyrir a\u00f0 hann hefur sitt l\u00edf \u00ed dau\u00f0ann \u00fat gefi\u00f0 og er \u00e1 me\u00f0al spillvirkjanna reikna\u00f0ur og hann hefur margra syndir bori\u00f0 og hefur fyrir yfirtro\u00f0slum\u00f6nnunum be\u00f0i\u00f0.<\/p>\n","protected":false},"excerpt":{"rendered":"<p>LIII. Sj\u00e1 \u00fe\u00fa, minn \u00fej\u00f3n mun forsj\u00e1llega breyta og hann mun forhefjast og mj\u00f6g h\u00e1tt upphafinn vera so \u00fea\u00f0 margir munu hneykslast \u00e1 honum af \u00fev\u00ed a\u00f0 hans \u00e1sj\u00f3na er vi\u00f0urstyggilegri heldur en annarra manna og hans yfirlitur heldur en mannanna sona. [ En hann mun me\u00f0 \u00feessu [ afleysa margar \u00fej\u00f3\u00f0ir so \u00fea\u00f0 einnin k\u00f3ngarnir muni s\u00ednum munni saman halda fyrir honum. \u00dev\u00ed a\u00f0 \u00fea\u00f0 sem ekkert er \u00fear af kunngj\u00f6rt \u00feeir s\u00f6mu munu sj\u00e1 \u00fea\u00f0 me\u00f0 fagna\u00f0i og hinir sem \u00fear hafa ekki neitt \u00fat af heyrt \u00feeir munu merkja \u00fea\u00f0. En hver tr\u00fair vorri pr\u00e9dikan og hverjum <a href=\"https:\/\/biblian.is\/gudbrandsbiblia\/jesaja-53-kafli\/\"> [&#8230;]<\/a><\/p>\n","protected":false},"author":1,"featured_media":0,"parent":0,"menu_order":0,"comment_status":"open","ping_status":"open","template":"bibliukaflar.php","meta":{"footnotes":""},"class_list":["post-3426","page","type-page","status-publish","hentry"],"_links":{"self":[{"href":"https:\/\/biblian.is\/gudbrandsbiblia\/wp-json\/wp\/v2\/pages\/3426","targetHints":{"allow":["GET"]}}],"collection":[{"href":"https:\/\/biblian.is\/gudbrandsbiblia\/wp-json\/wp\/v2\/pages"}],"about":[{"href":"https:\/\/biblian.is\/gudbrandsbiblia\/wp-json\/wp\/v2\/types\/page"}],"author":[{"embeddable":true,"href":"https:\/\/biblian.is\/gudbrandsbiblia\/wp-json\/wp\/v2\/users\/1"}],"replies":[{"embeddable":true,"href":"https:\/\/biblian.is\/gudbrandsbiblia\/wp-json\/wp\/v2\/comments?post=3426"}],"version-history":[{"count":0,"href":"https:\/\/biblian.is\/gudbrandsbiblia\/wp-json\/wp\/v2\/pages\/3426\/revisions"}],"wp:attachment":[{"href":"https:\/\/biblian.is\/gudbrandsbiblia\/wp-json\/wp\/v2\/media?parent=3426"}],"curies":[{"name":"wp","href":"https:\/\/api.w.org\/{rel}","templated":true}]}}