{"id":3425,"date":"2017-12-18T18:33:36","date_gmt":"2017-12-18T18:33:36","guid":{"rendered":"http:\/\/biblian.is\/gudbrandsbiblia\/jesaja-52-kafli\/"},"modified":"2017-12-18T18:33:36","modified_gmt":"2017-12-18T18:33:36","slug":"jesaja-52-kafli","status":"publish","type":"page","link":"https:\/\/biblian.is\/gudbrandsbiblia\/jesaja-52-kafli\/","title":{"rendered":"Jesaja 52. kafli"},"content":{"rendered":"<p>LII.<\/p>\n<p>Statt upp, statt upp, S\u00edon, \u00edkl\u00e6\u00f0 \u00feig \u00fe\u00ednum styrkleika, \u00edkl\u00e6\u00f0 \u00feig \u00fe\u00ednum d\u00fdr\u00f0arskr\u00fa\u00f0a, \u00fe\u00fa hin heilaga borg Jer\u00fasalem \u00fev\u00ed a\u00f0 \u00fear mun h\u00e9\u00f0an \u00ed fr\u00e1 enginn \u00f3umskorinn e\u00f0ur \u00f3hreinn r\u00edkja \u00ed \u00fe\u00e9r. <span class=\"athugasemd\" title=\"Fyrirheit eil\u00edfrar endurlausnar\">[<\/span> Haf \u00feig \u00ed burt \u00far moldarduftinu, statt upp, \u00fe\u00fa hin hertekna Jer\u00fasalem, leystu \u00feig burt \u00far \u00fe\u00ednum h\u00e1lsb\u00f6ndum, \u00fe\u00fa hin hertekna d\u00f3tturin S\u00edon. \u00dev\u00ed a\u00f0 svo segir Drottinn: \u00de\u00e9r eru\u00f0 fyrir ekki neitt \u00ed burt seldir, \u00fe\u00e9r skulu\u00f0 og einnin \u00e1n peninga endurleystir ver\u00f0a.<\/p>\n<p>\t\u00dev\u00ed a\u00f0 so segir Drottinn Drottinn: Mitt f\u00f3lk f\u00f3r \u00ed fyrstu ofan \u00ed Egyptaland so a\u00f0 \u00fea\u00f0 v\u00e6ri \u00fear framandi gestur og Ass\u00far gj\u00f6r\u00f0i \u00fev\u00ed ofr\u00edki fyrir utan s\u00f6k. En hvernin ver\u00f0ur n\u00fa h\u00e9r vi\u00f0 mig gj\u00f6rt? <span class=\"athugasemd\" title=\"Gen. xlvi. \/ iiy. Reg. xviy.\">[<\/span> segir Drottinn. Mitt f\u00f3lk er burt vent fyrir ekkert, \u00feeirra yfirdrottnarar gj\u00f6ra ekki utan kveinan, segir Drottinn, og mitt nafn ver\u00f0ur daglegana \u00e6 meir og meir lasta\u00f0. \u00dear fyrir skal mitt f\u00f3lk me\u00f0kenna mitt nafn, \u00e1 \u00feeim sama t\u00edma \u00fea\u00f0 sj\u00e1 \u00fe\u00fa, sj\u00e1lfur vil eg tala. <span class=\"athugasemd\" title=\"Ezech. xxxvi. \/ R\u00f3m. y.\">[<\/span> <\/p>\n<p>\t\u00d3 hversu lj\u00faflegir eru \u00e1 fj\u00f6llunum f\u00e6turnir \u00feeirra sendibo\u00f0anna sem fri\u00f0inn kunngj\u00f6ra, gott pr\u00e9dika og hj\u00e1lpr\u00e6\u00f0i\u00f0 bo\u00f0a! <span class=\"athugasemd\" title=\"Naum. i. \/ R\u00f3m. x.\">[<\/span> \u00deeir sem til S\u00edon segja: &#8222;\u00deinn Gu\u00f0 er k\u00f3ngur.&#8220; \u00de\u00ednir v\u00f6kumenn kalla h\u00e1tt me\u00f0 s\u00ednum hlj\u00f3\u00f0um og gle\u00f0jast til samans \u00fev\u00ed a\u00f0 \u00feeir munu \u00fea\u00f0 me\u00f0 augum sj\u00e1 \u00fe\u00e1 e\u00f0 Drottinn umvendir S\u00edon. Fagni\u00f0 og gle\u00f0jist allir til samans, \u00fe\u00e9r sem b\u00fai\u00f0 \u00ed \u00feeirri foreyddu Jer\u00fasalem \u00fev\u00ed a\u00f0 Drottinn hefir hugga\u00f0 sitt f\u00f3lk og endurleyst Jer\u00fasalem. Drottinn hefir augs\u00fdnt sinn heilagan armlegg fyrir augs\u00fdn allra hei\u00f0inna \u00fej\u00f3\u00f0a og \u00fea\u00f0 \u00f6ll endim\u00f6rk veraldarinnar skulu sj\u00e1 \u00fea\u00f0 hj\u00e1lpr\u00e6\u00f0i\u00f0 vors Gu\u00f0s.<\/p>\n<p>\tV\u00edki\u00f0 fr\u00e1, v\u00edki\u00f0 fr\u00e1, fari\u00f0 \u00ed burt \u00fea\u00f0an og \u00e1hr\u00e6ri\u00f0 ekki neitt saurugt, gangi\u00f0 \u00fat af henni, hreinsi\u00f0 y\u00f0ur, \u00fe\u00e9r sem beri\u00f0 kerin Drottins, \u00fev\u00ed \u00fe\u00e9r skulu\u00f0 ekki me\u00f0 <span class=\"athugasemd\" title=\"a \/ Fl\u00fdti \/ So sem \u00feeir me\u00f0 fl\u00fdti \u00fatf\u00f3ru af Egyptalandi\">[<\/span> fl\u00fdti \u00fat fara n\u00e9 me\u00f0 fl\u00f3tta \u00e1 burt ganga \u00fev\u00ed a\u00f0 Drottinn mun ganga frammi fyrir y\u00f0ur og Gu\u00f0 \u00cdsraels mun samansafna y\u00f0ur.<\/p>\n","protected":false},"excerpt":{"rendered":"<p>LII. Statt upp, statt upp, S\u00edon, \u00edkl\u00e6\u00f0 \u00feig \u00fe\u00ednum styrkleika, \u00edkl\u00e6\u00f0 \u00feig \u00fe\u00ednum d\u00fdr\u00f0arskr\u00fa\u00f0a, \u00fe\u00fa hin heilaga borg Jer\u00fasalem \u00fev\u00ed a\u00f0 \u00fear mun h\u00e9\u00f0an \u00ed fr\u00e1 enginn \u00f3umskorinn e\u00f0ur \u00f3hreinn r\u00edkja \u00ed \u00fe\u00e9r. [ Haf \u00feig \u00ed burt \u00far moldarduftinu, statt upp, \u00fe\u00fa hin hertekna Jer\u00fasalem, leystu \u00feig burt \u00far \u00fe\u00ednum h\u00e1lsb\u00f6ndum, \u00fe\u00fa hin hertekna d\u00f3tturin S\u00edon. \u00dev\u00ed a\u00f0 svo segir Drottinn: \u00de\u00e9r eru\u00f0 fyrir ekki neitt \u00ed burt seldir, \u00fe\u00e9r skulu\u00f0 og einnin \u00e1n peninga endurleystir ver\u00f0a. \u00dev\u00ed a\u00f0 so segir Drottinn Drottinn: Mitt f\u00f3lk f\u00f3r \u00ed fyrstu ofan \u00ed Egyptaland so a\u00f0 \u00fea\u00f0 v\u00e6ri \u00fear framandi gestur og <a href=\"https:\/\/biblian.is\/gudbrandsbiblia\/jesaja-52-kafli\/\"> [&#8230;]<\/a><\/p>\n","protected":false},"author":1,"featured_media":0,"parent":0,"menu_order":0,"comment_status":"open","ping_status":"open","template":"bibliukaflar.php","meta":{"footnotes":""},"class_list":["post-3425","page","type-page","status-publish","hentry"],"_links":{"self":[{"href":"https:\/\/biblian.is\/gudbrandsbiblia\/wp-json\/wp\/v2\/pages\/3425","targetHints":{"allow":["GET"]}}],"collection":[{"href":"https:\/\/biblian.is\/gudbrandsbiblia\/wp-json\/wp\/v2\/pages"}],"about":[{"href":"https:\/\/biblian.is\/gudbrandsbiblia\/wp-json\/wp\/v2\/types\/page"}],"author":[{"embeddable":true,"href":"https:\/\/biblian.is\/gudbrandsbiblia\/wp-json\/wp\/v2\/users\/1"}],"replies":[{"embeddable":true,"href":"https:\/\/biblian.is\/gudbrandsbiblia\/wp-json\/wp\/v2\/comments?post=3425"}],"version-history":[{"count":0,"href":"https:\/\/biblian.is\/gudbrandsbiblia\/wp-json\/wp\/v2\/pages\/3425\/revisions"}],"wp:attachment":[{"href":"https:\/\/biblian.is\/gudbrandsbiblia\/wp-json\/wp\/v2\/media?parent=3425"}],"curies":[{"name":"wp","href":"https:\/\/api.w.org\/{rel}","templated":true}]}}