{"id":3419,"date":"2017-12-18T18:33:36","date_gmt":"2017-12-18T18:33:36","guid":{"rendered":"http:\/\/biblian.is\/gudbrandsbiblia\/jesaja-46-kafli\/"},"modified":"2017-12-18T18:33:36","modified_gmt":"2017-12-18T18:33:36","slug":"jesaja-46-kafli","status":"publish","type":"page","link":"https:\/\/biblian.is\/gudbrandsbiblia\/jesaja-46-kafli\/","title":{"rendered":"Jesaja 46. kafli"},"content":{"rendered":"<p>XLVI.<\/p>\n<p>Heyri\u00f0 m\u00e9r, \u00fe\u00e9r af h\u00fasi Jakobs og allir hinir eftirbl\u00edfnu af h\u00fasi \u00cdsraels, \u00fe\u00e9r hverja eg ber \u00ed m\u00ednu l\u00edfi og me\u00f0 hverja eg geng. <span class=\"athugasemd\" title=\"Huggun og fyrirheit\">[<\/span> J\u00e1 eg mun bera y\u00f0ur allt til ellidaga og \u00feanga\u00f0 til a\u00f0 \u00fe\u00e9r gr\u00e1ir af h\u00e6rum ver\u00f0i\u00f0. Eg vil gj\u00f6ra \u00fea\u00f0, eg vil upphefja og bera og frelsa.<\/p>\n<p>\tEftir hverjum myndi\u00f0 \u00fe\u00e9r og hverjum saml\u00edki \u00fe\u00e9r mig \u00fe\u00e1? <span class=\"athugasemd\" title=\"Supra xl. \/ Bar. vi.\">[<\/span> Vi\u00f0ur hvern m\u00e6li \u00fe\u00e9r mig \u00feeim a\u00f0 eg skuli l\u00edkur vera? \u00deeir hrista gulli\u00f0 \u00far pungunum og vega \u00fear \u00fat silfri\u00f0 me\u00f0 voginni og gjalda laun gullsmi\u00f0num \u00fea\u00f0 hann gj\u00f6rir einn gu\u00f0 \u00fear \u00fat af, fyrir hverjum a\u00f0 \u00feeir hn\u00e9krj\u00fapa og tilbi\u00f0ja. \u00deeir taka hann upp \u00e1 her\u00f0arnar og bera hann og setja hann \u00e1 sinn stall. \u00dear stendur hann og kemst ekki \u00ed burt \u00far s\u00ednum sta\u00f0. Kallar nokkur til hans \u00fe\u00e1 andsvarar hann ekki og hj\u00e1lpar honum ei \u00ed burt \u00far sinni \u00e1nau\u00f0.<\/p>\n<p>\tMinnist \u00fe\u00f3 \u00e1 \u00feetta og veri\u00f0 sta\u00f0fastir. \u00de\u00e9r misgj\u00f6r\u00f0amenn, hverfi\u00f0 aftur \u00ed sj\u00e1lfs y\u00f0ar hjarta. Hugsi\u00f0 um \u00fea\u00f0 hva\u00f0 for\u00f0um var hinnar fyrri \u00e6vinnar \u00fev\u00ed a\u00f0 eg em Gu\u00f0 en enginn annar, s\u00e1 Gu\u00f0 \u00feess l\u00edki a\u00f0 hvergi er, eg s\u00e1 sem \u00e1\u00f0ur til forna kunngj\u00f6ri \u00fea\u00f0 hva\u00f0 h\u00e9r eftir \u00e1 koma skal, \u00e1\u00f0ur fyrri en \u00fea\u00f0 sker \u00fe\u00e1 segi eg \u00fea\u00f0 fyrir. Minn \u00e1setningur stendur st\u00f6\u00f0ugur og eg gj\u00f6ri allt hva\u00f0 m\u00e9r vel \u00fe\u00f3knast. Eg kalla einn <span class=\"athugasemd\" title=\"a \/ Fugl) K\u00f3ng Cyrus kallar hann fugl \u00fev\u00ed hann kemur flj\u00f3tt sem flj\u00fagandi v\u00e6ri\">[<\/span> fugl \u00far austrino og einn mann sem m\u00edna vild man gj\u00f6ra \u00far fjarl\u00e6gu landi. Hva\u00f0 eg segi, \u00fea\u00f0 framkv\u00e6mi eg einnin, hva\u00f0 eg hugsa \u00fea\u00f0 gj\u00f6ri eg einnin.<\/p>\n","protected":false},"excerpt":{"rendered":"<p>XLVI. Heyri\u00f0 m\u00e9r, \u00fe\u00e9r af h\u00fasi Jakobs og allir hinir eftirbl\u00edfnu af h\u00fasi \u00cdsraels, \u00fe\u00e9r hverja eg ber \u00ed m\u00ednu l\u00edfi og me\u00f0 hverja eg geng. [ J\u00e1 eg mun bera y\u00f0ur allt til ellidaga og \u00feanga\u00f0 til a\u00f0 \u00fe\u00e9r gr\u00e1ir af h\u00e6rum ver\u00f0i\u00f0. Eg vil gj\u00f6ra \u00fea\u00f0, eg vil upphefja og bera og frelsa. Eftir hverjum myndi\u00f0 \u00fe\u00e9r og hverjum saml\u00edki \u00fe\u00e9r mig \u00fe\u00e1? [ Vi\u00f0ur hvern m\u00e6li \u00fe\u00e9r mig \u00feeim a\u00f0 eg skuli l\u00edkur vera? \u00deeir hrista gulli\u00f0 \u00far pungunum og vega \u00fear \u00fat silfri\u00f0 me\u00f0 voginni og gjalda laun gullsmi\u00f0num \u00fea\u00f0 hann gj\u00f6rir einn gu\u00f0 \u00fear \u00fat <a href=\"https:\/\/biblian.is\/gudbrandsbiblia\/jesaja-46-kafli\/\"> [&#8230;]<\/a><\/p>\n","protected":false},"author":1,"featured_media":0,"parent":0,"menu_order":0,"comment_status":"open","ping_status":"open","template":"bibliukaflar.php","meta":{"footnotes":""},"class_list":["post-3419","page","type-page","status-publish","hentry"],"_links":{"self":[{"href":"https:\/\/biblian.is\/gudbrandsbiblia\/wp-json\/wp\/v2\/pages\/3419","targetHints":{"allow":["GET"]}}],"collection":[{"href":"https:\/\/biblian.is\/gudbrandsbiblia\/wp-json\/wp\/v2\/pages"}],"about":[{"href":"https:\/\/biblian.is\/gudbrandsbiblia\/wp-json\/wp\/v2\/types\/page"}],"author":[{"embeddable":true,"href":"https:\/\/biblian.is\/gudbrandsbiblia\/wp-json\/wp\/v2\/users\/1"}],"replies":[{"embeddable":true,"href":"https:\/\/biblian.is\/gudbrandsbiblia\/wp-json\/wp\/v2\/comments?post=3419"}],"version-history":[{"count":0,"href":"https:\/\/biblian.is\/gudbrandsbiblia\/wp-json\/wp\/v2\/pages\/3419\/revisions"}],"wp:attachment":[{"href":"https:\/\/biblian.is\/gudbrandsbiblia\/wp-json\/wp\/v2\/media?parent=3419"}],"curies":[{"name":"wp","href":"https:\/\/api.w.org\/{rel}","templated":true}]}}