{"id":3416,"date":"2017-12-18T18:33:36","date_gmt":"2017-12-18T18:33:36","guid":{"rendered":"http:\/\/biblian.is\/gudbrandsbiblia\/jesaja-43-kafli\/"},"modified":"2017-12-18T18:33:36","modified_gmt":"2017-12-18T18:33:36","slug":"jesaja-43-kafli","status":"publish","type":"page","link":"https:\/\/biblian.is\/gudbrandsbiblia\/jesaja-43-kafli\/","title":{"rendered":"Jesaja 43. kafli"},"content":{"rendered":"<p>XLIII.<\/p>\n<p>Og n\u00fa segir Drottinn, s\u00e1 e\u00f0 \u00feig hefur skapa\u00f0 Jakob, og \u00feig hefur gj\u00f6rt \u00cdsrael: <span class=\"athugasemd\" title=\"Huggan hinna r\u00e9tttr\u00fau\u00f0u\">[<\/span> \u00d3ttast \u00fe\u00fa ekki \u00fea\u00f0 eg hefi frelsa\u00f0 \u00feig, eg hefi kalla\u00f0 \u00feig me\u00f0 \u00fe\u00ednu nafni, \u00fe\u00fa ert minn. \u00dev\u00ed n\u00e6r e\u00f0 \u00fe\u00fa fer yfir um v\u00f6tnin mun eg hj\u00e1 \u00fe\u00e9r vera svo a\u00f0 vatsfl\u00f3\u00f0in skulu ekki drekkja \u00fe\u00e9r. Og ef \u00fe\u00fa gengur \u00ed eldinn skaltu ekki brenna og s\u00e1 eldsloginn skal ekki granda \u00fe\u00e9r. \u00dev\u00ed a\u00f0 eg em Drottinn Gu\u00f0 \u00feinn, s\u00e1 Hinn heilagi \u00ed \u00cdsrael, \u00feinn hj\u00e1lpari. Eg hefi Egyptaland, Bl\u00e1land og Seba gefi\u00f0 \u00ed \u00feinn sta\u00f0 til forl\u00edkunar. Af \u00fev\u00ed \u00fe\u00fa ert so mikils ver\u00f0ur fyrir m\u00ednu augliti, so hl\u00fdtur \u00fe\u00fa einnin vegsamlegur a\u00f0 vera og eg elska \u00feig. \u00dear fyrir gef eg menn \u00ed \u00feinn sta\u00f0 og \u00fej\u00f3\u00f0irnar fyrir \u00fe\u00edna <span class=\"athugasemd\" title=\"b \/ S\u00e1lu \/ \u00dea\u00f0 er, eg l\u00e6t k\u00f3nginn Ass\u00far ey\u00f0a \u00f6\u00f0rum \u00fej\u00f3\u00f0um so \u00fe\u00fa bl\u00edfir vi\u00f0\">[<\/span> s\u00e1lu.<\/p>\n<p>\t\u00dear fyrir \u00fe\u00e1 \u00f3ttast \u00fe\u00fa ekki \u00fev\u00ed a\u00f0 eg em hj\u00e1 \u00fe\u00e9r. Eg vil af austri \u00feitt s\u00e6\u00f0i h\u00e9r fram lei\u00f0a og \u00far vestri til samans safna og eg mun m\u00f3ti nor\u00f0rinu segja: Gef h\u00e9r fram, og \u00ed m\u00f3t su\u00f0rinu: Hamla \u00fe\u00fa ekki. L\u00e1t h\u00e9r fram koma m\u00edna sonu af fjarl\u00e6g\u00f0inni og m\u00ednar d\u00e6tur \u00ed fr\u00e1 veraldarinnar enda, alla \u00fe\u00e1 sem m\u00ednu nafni nefndir eru, hverja eg hefi skapa\u00f0 til minnar d\u00fdr\u00f0ar og \u00fe\u00e1 tilreitt og gj\u00f6rt.<\/p>\n<p>\tL\u00e1ttu h\u00e9r fram koma \u00fea\u00f0 blinda f\u00f3lki\u00f0 hvert e\u00f0 \u00fe\u00f3 hefur augun og \u00fe\u00e1 hinu daufu sem \u00fe\u00f3 hafa eyrun, l\u00e1ti\u00f0 allar hei\u00f0nar \u00fej\u00f3\u00f0ir flykkjast \u00ed einn h\u00f3p og \u00fea\u00f0 f\u00f3lki\u00f0 samansafnist. Hver er \u00fear \u00e1 me\u00f0al \u00feeirra sem svodan kunni a\u00f0 kunngj\u00f6ra og l\u00e1ti oss \u00fea\u00f0 heyra fyrirfram hva\u00f0 ske skal? L\u00e1ti\u00f0 \u00fe\u00e1 s\u00edna votta fram lei\u00f0a og sanna \u00fea\u00f0, \u00fe\u00e1 munu \u00feeir heyra \u00fea\u00f0 og segja: \u00dea\u00f0 sama er sannleikurinn.<\/p>\n<p>\tEn \u00fe\u00e9r eru\u00f0 m\u00ednir vottar, segir Drottinn, og minn \u00fej\u00f3n \u00feann eg hefi \u00fatvali\u00f0 so a\u00f0 \u00fe\u00e9r viti\u00f0 \u00fea\u00f0 og tr\u00fai\u00f0 m\u00e9r og skilji\u00f0 \u00fea\u00f0 a\u00f0 eg sj\u00e1lfur s\u00e9 \u00fea\u00f0. <span class=\"athugasemd\" title=\"R\u00e9tttr\u00faa\u00f0ir\">[<\/span> Fyrir m\u00e9r er enginn Gu\u00f0 vor\u00f0inn, so mun og einnin eftir mig enginn vera. Eg em, eg em Drottinn og \u00fear er enginn hj\u00e1lpari utan eg alleina. Eg hefi kunngj\u00f6rt \u00fea\u00f0, eg hefi einnin hj\u00e1lpa\u00f0 og eg hefi l\u00e1ti\u00f0 segja y\u00f0ur \u00fea\u00f0 og \u00fear er enginn framandi gu\u00f0 \u00e1 me\u00f0al y\u00f0var. \u00de\u00e9r eru\u00f0 m\u00ednir vottar, segir Drottinn, so em eg Gu\u00f0. Eg var og einnin \u00e1\u00f0ur en \u00fea\u00f0 nokkur dagur var til og s\u00e1 er enginn sem \u00fat af minni hendi kunni a\u00f0 frelsa. Eg verka \u00fea\u00f0, hver vill hamla m\u00e9r?<\/p>\n<p>\tSvo segir Drottinn y\u00f0var frelsari, s\u00e1 Hinn heilagi \u00ed \u00cdsrael: Y\u00f0var vegna \u00fe\u00e1 hefi seg sent \u00ed Bab\u00fdlon og hefi allar <span class=\"athugasemd\" title=\"b \/ J\u00e1rnstengur) \/ H\u00f6f\u00f0ingjanna og hina voldugu \u00ed Bab\u00fdlon, hverju Cyrus forey\u00f0ir\">[<\/span> j\u00e1rnstengur ni\u00f0urslegi\u00f0 og \u00fe\u00e1 kveinandi Chaldeos \u00fat \u00ed skipin jaga\u00f0. Eg em s\u00e1 Drottinn, y\u00f0var Hinn heilagi, eg sem \u00cdsrael hefi skapa\u00f0, y\u00f0var k\u00f3ngur. So segir Drottinn, s\u00e1 e\u00f0 \u00ed sj\u00f3num veginn og \u00ed str\u00f6ngum v\u00f6tnum brautina gj\u00f6rir, hann s\u00e1 e\u00f0 h\u00e9r \u00fatlei\u00f0ir vagna og v\u00edghesta, herli\u00f0 og manna magt svo a\u00f0 \u00feeir liggi \u00ed einum h\u00f3p og standi ei upp, so a\u00f0 \u00feeir \u00fatslokkni l\u00edka sem annar kveikur \u00fatslokknar: <\/p>\n<p>\tHugsi\u00f0 ekki \u00e1 hi\u00f0 gamla og akti\u00f0 ekki \u00fea\u00f0 sem fyrr meir var. \u00dev\u00ed sj\u00e1i\u00f0, eg mun gj\u00f6ra nokku\u00f0 n\u00fdtt. N\u00fa skal \u00fea\u00f0 upp koma so a\u00f0 \u00fe\u00e9r muni\u00f0 \u00fea\u00f0 reyna a\u00f0 eg gj\u00f6ri vegu \u00ed ey\u00f0im\u00f6rkinni og vatstrauma \u00ed \u00f3bygg\u00f0inni so a\u00f0 mig pr\u00edsi villid\u00fdrin \u00e1 m\u00f6rkunum, drekarnir og str\u00fassfuglarnir. \u00dev\u00ed a\u00f0 eg mun vatni\u00f0 \u00ed ey\u00f0im\u00f6rkinni og vatsstraumana \u00ed \u00f3bygg\u00f0unum gefa a\u00f0 drekka m\u00ednu f\u00f3lki og m\u00ednum \u00fatv\u00f6ldum.<\/p>\n<p>\t\u00deetta f\u00f3lk hefi eg tilreitt m\u00e9r, \u00fea\u00f0 skal mitt lof fram telja. Eigi so a\u00f0 \u00fe\u00fa hafir kalla\u00f0 mig, Jakob, e\u00f0a \u00fea\u00f0 \u00fe\u00fa hafir vegna m\u00edn erfi\u00f0a\u00f0, \u00cdsrael. M\u00e9r hefur \u00fe\u00fa a\u00f0 s\u00f6nnu ekki f\u00e6rt \u00fe\u00e1 sau\u00f0ina \u00fe\u00edns brennioffurs n\u00e9 mig hei\u00f0ra\u00f0 me\u00f0 \u00fe\u00ednum f\u00f3rnf\u00e6ringum, m\u00e9r hefur ekki ge\u00f0\u00feekkni veri\u00f0 \u00e1 \u00feinni \u00fej\u00f3nustu \u00ed mataroffrinu, eg hefi og einnin \u00f6ngva lysting \u00e1 \u00fe\u00ednu erfi\u00f0i \u00fat \u00ed reykelsisveifuninni. M\u00e9r hefur \u00fe\u00fa fyrir \u00f6ngva peninga kalmes keypt. Mig hefur \u00fe\u00fa ekki fyllt me\u00f0 feiti \u00fe\u00edns offurs. J\u00e1, \u00fe\u00fa hefur gj\u00f6rt m\u00e9r erfi\u00f0ismuni \u00ed \u00fe\u00ednum syndum og hefur gj\u00f6rt m\u00e9r arm\u00e6\u00f0i \u00ed \u00fe\u00ednum misgj\u00f6r\u00f0um. Eg em hann, eg em hann sem afm\u00e1i \u00fe\u00ednar illgj\u00f6r\u00f0ir minna vegna og huglei\u00f0i ekki \u00fe\u00ednar syndir. <span class=\"athugasemd\" title=\"Christus afm\u00e1ir syndirnar\">[<\/span> <\/p>\n<p>\tMinntu mig \u00e1, l\u00e1ttu oss ganga \u00ed d\u00f3m til samans. Seg \u00fe\u00fa h\u00e9r fram hvernin \u00fe\u00fa vilt r\u00e9ttl\u00e1tur vera. \u00de\u00ednir fe\u00f0ur hafa syndgast og \u00fe\u00ednir l\u00e6rimeistarar hafa misgj\u00f6rt \u00e1 m\u00f3ti m\u00e9r. \u00dear fyrir \u00fe\u00e1 hefi eg saurga\u00f0 \u00fe\u00e1 h\u00f6f\u00f0ingja helgid\u00f3msins og hefi Jakob a\u00f0 b\u00f6lvan gj\u00f6rt og \u00cdsrael a\u00f0 h\u00e1\u00f0ungu.<\/p>\n","protected":false},"excerpt":{"rendered":"<p>XLIII. Og n\u00fa segir Drottinn, s\u00e1 e\u00f0 \u00feig hefur skapa\u00f0 Jakob, og \u00feig hefur gj\u00f6rt \u00cdsrael: [ \u00d3ttast \u00fe\u00fa ekki \u00fea\u00f0 eg hefi frelsa\u00f0 \u00feig, eg hefi kalla\u00f0 \u00feig me\u00f0 \u00fe\u00ednu nafni, \u00fe\u00fa ert minn. \u00dev\u00ed n\u00e6r e\u00f0 \u00fe\u00fa fer yfir um v\u00f6tnin mun eg hj\u00e1 \u00fe\u00e9r vera svo a\u00f0 vatsfl\u00f3\u00f0in skulu ekki drekkja \u00fe\u00e9r. Og ef \u00fe\u00fa gengur \u00ed eldinn skaltu ekki brenna og s\u00e1 eldsloginn skal ekki granda \u00fe\u00e9r. \u00dev\u00ed a\u00f0 eg em Drottinn Gu\u00f0 \u00feinn, s\u00e1 Hinn heilagi \u00ed \u00cdsrael, \u00feinn hj\u00e1lpari. Eg hefi Egyptaland, Bl\u00e1land og Seba gefi\u00f0 \u00ed \u00feinn sta\u00f0 til forl\u00edkunar. Af \u00fev\u00ed \u00fe\u00fa <a href=\"https:\/\/biblian.is\/gudbrandsbiblia\/jesaja-43-kafli\/\"> [&#8230;]<\/a><\/p>\n","protected":false},"author":1,"featured_media":0,"parent":0,"menu_order":0,"comment_status":"open","ping_status":"open","template":"bibliukaflar.php","meta":{"footnotes":""},"class_list":["post-3416","page","type-page","status-publish","hentry"],"_links":{"self":[{"href":"https:\/\/biblian.is\/gudbrandsbiblia\/wp-json\/wp\/v2\/pages\/3416","targetHints":{"allow":["GET"]}}],"collection":[{"href":"https:\/\/biblian.is\/gudbrandsbiblia\/wp-json\/wp\/v2\/pages"}],"about":[{"href":"https:\/\/biblian.is\/gudbrandsbiblia\/wp-json\/wp\/v2\/types\/page"}],"author":[{"embeddable":true,"href":"https:\/\/biblian.is\/gudbrandsbiblia\/wp-json\/wp\/v2\/users\/1"}],"replies":[{"embeddable":true,"href":"https:\/\/biblian.is\/gudbrandsbiblia\/wp-json\/wp\/v2\/comments?post=3416"}],"version-history":[{"count":0,"href":"https:\/\/biblian.is\/gudbrandsbiblia\/wp-json\/wp\/v2\/pages\/3416\/revisions"}],"wp:attachment":[{"href":"https:\/\/biblian.is\/gudbrandsbiblia\/wp-json\/wp\/v2\/media?parent=3416"}],"curies":[{"name":"wp","href":"https:\/\/api.w.org\/{rel}","templated":true}]}}