{"id":3412,"date":"2017-12-18T18:33:33","date_gmt":"2017-12-18T18:33:33","guid":{"rendered":"http:\/\/biblian.is\/gudbrandsbiblia\/jesaja-39-kafli\/"},"modified":"2017-12-18T18:33:33","modified_gmt":"2017-12-18T18:33:33","slug":"jesaja-39-kafli","status":"publish","type":"page","link":"https:\/\/biblian.is\/gudbrandsbiblia\/jesaja-39-kafli\/","title":{"rendered":"Jesaja 39. kafli"},"content":{"rendered":"<p>XXXIX.<\/p>\n<p>\u00c1 \u00feeim t\u00edma sendi Mer\u00f3dak Baladan k\u00f3ngurinn til Bab\u00fdlon br\u00e9f og skenkingar til Ezechia \u00fev\u00ed a\u00f0 hann haf\u00f0i heyrt \u00fea\u00f0 hann haf\u00f0i sj\u00fakur veri\u00f0 og v\u00e6ri n\u00fa styrkur vor\u00f0inn aftur. <span class=\"athugasemd\" title=\"Baladan k\u00f3ngur \u00ed Bab\u00fdlon \/ iiy. Regum. xx.\">[<\/span> \u00dev\u00ed var\u00f0 Ezechia gla\u00f0ur og s\u00fdndi \u00feeim sitt f\u00e9hirsluh\u00fas, silfur og gull og ilmandi jurtrir, d\u00fdr\u00f0leg smyrsl og \u00f6ll h\u00fasin sinna vopna og allan f\u00e9sj\u00f3\u00f0 sem hann haf\u00f0i. \u00dear var ekki \u00fea\u00f0 neitt a\u00f0 Ezechia s\u00fdndi \u00feeim ekki \u00ed s\u00ednu h\u00fasi og \u00fea\u00f0 \u00ed hans valdi var.<\/p>\n<p>\t\u00de\u00e1 kom prophetinn Esaias til k\u00f3ngsins Ezechia og sag\u00f0i til hans: <span class=\"athugasemd\" title=\"Misgj\u00f6r\u00f0 Ezechie og hans straff\">[<\/span> &#8222;Hva\u00f0 segja \u00feessir menn til og hva\u00f0an komu \u00feeir til \u00fe\u00edn?&#8220; Ezechia sag\u00f0i: &#8222;\u00deeir komu \u00far fjarl\u00e6gum st\u00f6\u00f0um hinga\u00f0 til m\u00edn, sem er \u00ed fr\u00e1 Bab\u00fdlon.&#8220; En hann sag\u00f0i: &#8222;Hva\u00f0 hafa \u00feeir s\u00e9\u00f0 \u00ed \u00fe\u00ednu h\u00fasi?&#8220; Ezechia svara\u00f0i: &#8222;Allt hva\u00f0 \u00ed m\u00ednu h\u00fasi er \u00fea\u00f0 hafa \u00feeir s\u00e9\u00f0 og \u00fear er ei \u00fea\u00f0 neitt a\u00f0 eg hafi ei s\u00fdnt \u00feeim af m\u00ednum f\u00e9sj\u00f3\u00f0um.&#8220;<\/p>\n<p>\tOg Esaias sag\u00f0i til Ezechia: &#8222;Heyr \u00fe\u00fa or\u00f0in Drottins Seba\u00f3t: Sj\u00e1 \u00fe\u00fa, s\u00e1 t\u00edmi kemur a\u00f0 allt \u00fea\u00f0 hva\u00f0 \u00ed \u00fe\u00ednu h\u00fasi er og hva\u00f0 \u00fe\u00ednir fe\u00f0ur hafa til samans dregi\u00f0 allt til \u00feessa dags, \u00fea\u00f0 mun \u00ed burt flutt ver\u00f0a \u00ed Bab\u00fdlon so a\u00f0 \u00fear mun ekki neitt eftir bl\u00edfa, segir Drottinn. \u00dear a\u00f0 auk munu \u00feeir taka \u00fe\u00edna sonu sem \u00fat af \u00fe\u00e9r munu koma og \u00fe\u00fa munt uppf\u00e6\u00f0a og \u00feeir munu hlj\u00f3ta a\u00f0 vera herbergissveinar \u00ed gar\u00f0i k\u00f3ngsins af Bab\u00fdlon.&#8220; Og Ezechia sag\u00f0i til Esaia: &#8222;\u00dea\u00f0 or\u00f0 Drottins er gott sem \u00fe\u00fa segir&#8220; og sag\u00f0i: &#8222;S\u00e9 a\u00f0eins fri\u00f0ur og trygg\u00f0 um m\u00edna l\u00edfdaga.&#8220;<\/p>\n","protected":false},"excerpt":{"rendered":"<p>XXXIX. \u00c1 \u00feeim t\u00edma sendi Mer\u00f3dak Baladan k\u00f3ngurinn til Bab\u00fdlon br\u00e9f og skenkingar til Ezechia \u00fev\u00ed a\u00f0 hann haf\u00f0i heyrt \u00fea\u00f0 hann haf\u00f0i sj\u00fakur veri\u00f0 og v\u00e6ri n\u00fa styrkur vor\u00f0inn aftur. [ \u00dev\u00ed var\u00f0 Ezechia gla\u00f0ur og s\u00fdndi \u00feeim sitt f\u00e9hirsluh\u00fas, silfur og gull og ilmandi jurtrir, d\u00fdr\u00f0leg smyrsl og \u00f6ll h\u00fasin sinna vopna og allan f\u00e9sj\u00f3\u00f0 sem hann haf\u00f0i. \u00dear var ekki \u00fea\u00f0 neitt a\u00f0 Ezechia s\u00fdndi \u00feeim ekki \u00ed s\u00ednu h\u00fasi og \u00fea\u00f0 \u00ed hans valdi var. \u00de\u00e1 kom prophetinn Esaias til k\u00f3ngsins Ezechia og sag\u00f0i til hans: [ &#8222;Hva\u00f0 segja \u00feessir menn til og hva\u00f0an komu \u00feeir <a href=\"https:\/\/biblian.is\/gudbrandsbiblia\/jesaja-39-kafli\/\"> [&#8230;]<\/a><\/p>\n","protected":false},"author":1,"featured_media":0,"parent":0,"menu_order":0,"comment_status":"open","ping_status":"open","template":"bibliukaflar.php","meta":{"footnotes":""},"class_list":["post-3412","page","type-page","status-publish","hentry"],"_links":{"self":[{"href":"https:\/\/biblian.is\/gudbrandsbiblia\/wp-json\/wp\/v2\/pages\/3412","targetHints":{"allow":["GET"]}}],"collection":[{"href":"https:\/\/biblian.is\/gudbrandsbiblia\/wp-json\/wp\/v2\/pages"}],"about":[{"href":"https:\/\/biblian.is\/gudbrandsbiblia\/wp-json\/wp\/v2\/types\/page"}],"author":[{"embeddable":true,"href":"https:\/\/biblian.is\/gudbrandsbiblia\/wp-json\/wp\/v2\/users\/1"}],"replies":[{"embeddable":true,"href":"https:\/\/biblian.is\/gudbrandsbiblia\/wp-json\/wp\/v2\/comments?post=3412"}],"version-history":[{"count":0,"href":"https:\/\/biblian.is\/gudbrandsbiblia\/wp-json\/wp\/v2\/pages\/3412\/revisions"}],"wp:attachment":[{"href":"https:\/\/biblian.is\/gudbrandsbiblia\/wp-json\/wp\/v2\/media?parent=3412"}],"curies":[{"name":"wp","href":"https:\/\/api.w.org\/{rel}","templated":true}]}}